{"id":523,"date":"2022-05-26T09:50:42","date_gmt":"2022-05-26T12:50:42","guid":{"rendered":"https:\/\/eventos.ufrrj.br\/workshopfitotecnia\/?page_id=523"},"modified":"2022-05-26T10:04:25","modified_gmt":"2022-05-26T13:04:25","slug":"anaisworkshop2022","status":"publish","type":"page","link":"https:\/\/eventos.ufrrj.br\/workshopfitotecnia\/anaisworkshop2022\/","title":{"rendered":"IV workshop"},"content":{"rendered":"<p><a href=\"https:\/\/www.even3.com.br\/anais\/fitotecnia2022\/\"><strong>Anais do IV Workshop do PPG-Fitotecnia<\/strong><\/a><\/p>\n<p>4\u00ba Edi\u00e7\u00e3o<\/p>\n<p>Ano: 2022<\/p>\n<p>ISSN: 2763-5767<\/p>\n<p>Dispon\u00edvel em: <a href=\"https:\/\/www.even3.com.br\/anais\/fitotecnia2022\/\">https:\/\/www.even3.com.br\/anais\/fitotecnia2022\/\u00a0<\/a><\/p>\n<p>&nbsp;<\/p>\n<p><strong><a href=\"https:\/\/eventos.ufrrj.br\/workshopfitotecnia\/files\/2022\/05\/livro-de-resumos-IV-Workshop-do-PPGFitotecnia.pdf\">Livro de Resumos do IV Workshop do PPG-Fitotecnia da UFRRJ: Desafios e Oportunidades da Produ\u00e7\u00e3o Agr\u00edcola no Cen\u00e1rio Atual<\/a><\/strong><\/p>\n<p>ISBN: 978-65-5941-724-7<\/p>\n<p>DOI: <a href=\"https:\/\/eventos.ufrrj.br\/workshopfitotecnia\/files\/2022\/05\/livro-de-resumos-IV-Workshop-do-PPGFitotecnia.pdf\">10.29327\/562299<\/a><\/p>\n<p>Ano: 2022<\/p>\n<p><a href=\"https:\/\/eventos.ufrrj.br\/workshopfitotecnia\/files\/2022\/05\/livro-de-resumos-IV-Workshop-do-PPGFitotecnia.pdf\">DOWNLOAD<\/a><\/p>\n<p><a href=\"https:\/\/eventos.ufrrj.br\/workshopfitotecnia\/files\/2022\/05\/livro-de-resumos-IV-Workshop-do-PPGFitotecnia.pdf\"><img loading=\"lazy\" decoding=\"async\" class=\"alignnone size-medium wp-image-517\" src=\"http:\/\/eventos.ufrrj.br\/workshopfitotecnia\/files\/2022\/05\/capa-livro-de-resumos-224x300.jpg\" alt=\"\" width=\"224\" height=\"300\" srcset=\"https:\/\/eventos.ufrrj.br\/workshopfitotecnia\/files\/2022\/05\/capa-livro-de-resumos-224x300.jpg 224w, https:\/\/eventos.ufrrj.br\/workshopfitotecnia\/files\/2022\/05\/capa-livro-de-resumos.jpg 428w\" sizes=\"auto, (max-width: 224px) 100vw, 224px\" \/><\/a><\/p>\n<p>&nbsp;<\/p>\n<p style=\"font-weight: 400\"><b><strong>Apresenta\u00e7\u00e3o<\/strong><\/b><\/p>\n<p>A quarta edi\u00e7\u00e3o do Workshop do PPG-Fitotecnia (Programa de P\u00f3s-Gradua\u00e7\u00e3o em Fitotecnia) da Universidade Federal Rural do Rio de Janeiro (UFRRJ), realizada na modalidade on-line nos dias 3 e 5 de maio de 2022, \u00e9 fruto de esfor\u00e7os conjuntos de discentes e docentes do PPG-Fitotecnia\/UFRRJ. O evento foi planejado visando atender \u00e0 comunidade acad\u00eamica, como: estudantes de p\u00f3s-gradua\u00e7\u00e3o e de gradua\u00e7\u00e3o, t\u00e9cnicos e professores da UFRRJ, t\u00e9cnicos e pesquisadores da EMBRAPA Agrobiologia, do Centro Estadual de Pesquisa em Agricultura Org\u00e2nica (PESAGRO-RIO) e aos profissionais vinculados a \u00e1rea de Agronomia de<br \/>\ntodo o Brasil.<br \/>\nO IV Workshop do PPG-Fitotecnia da UFRRJ teve como principais objetivos: a) promover o debate sobre a produ\u00e7\u00e3o agr\u00edcola, inova\u00e7\u00e3o, empreendedorismo e demais temas relevantes para a pesquisa desenvolvida na p\u00f3s-gradua\u00e7\u00e3o; b) treinar os discentes para o aprimoramento de suas atividades de pesquisa e de divulga\u00e7\u00e3o cient\u00edfica; c)<br \/>\ndivulgar resultados das pesquisas produzidas e; d) integrar a comunidade acad\u00eamica. A cada edi\u00e7\u00e3o, s\u00e3o escolhidos diferentes temas centrais que s\u00e3o abordados por meio de palestras e minicursos ministrados por profissionais<br \/>\nrenomados. Durante o evento, tamb\u00e9m s\u00e3o apresentados os projetos e trabalhos cient\u00edficos desenvolvidos pela comunidade acad\u00eamica vinculada ao PPG-Fitotecnia da UFRRJ.<br \/>\nAs atividades desta IV edi\u00e7\u00e3o do Workshop do PPG-Fitotecnia envolveram mais de 450 participantes inscritos de todo o Brasil. Foram apresentados 36 projetos e trabalhos cient\u00edficos vinculados \u00e0s diferentes \u00e1reas de concentra\u00e7\u00e3o do PPG-Fitotecnia da UFRRJ (Produ\u00e7\u00e3o Vegetal, Agroecologia e Fisiologia da Produ\u00e7\u00e3o). Com a publica\u00e7\u00e3o dos anais do evento \u00e9 esperada a amplia\u00e7\u00e3o do conhecimento cient\u00edfico na \u00e1rea de Fitotecnia em fun\u00e7\u00e3o da difus\u00e3o destas experi\u00eancias. Pretende-se, dessa forma, n\u00e3o apenas registrar como tamb\u00e9m divulgar as atividades de pesquisa desenvolvidas no PPG-Fitotecnia tanto para a comunidade cient\u00edfica como para a sociedade.<\/p>\n<p>Os organizadores<\/p>\n","protected":false},"excerpt":{"rendered":"<p>Anais do IV Workshop do PPG-Fitotecnia 4\u00ba Edi\u00e7\u00e3o Ano: 2022 ISSN: 2763-5767 Dispon\u00edvel em: https:\/\/www.even3.com.br\/anais\/fitotecnia2022\/\u00a0 &nbsp; Livro de Resumos do <a class=\"read-more\" href=\"https:\/\/eventos.ufrrj.br\/workshopfitotecnia\/anaisworkshop2022\/ \">&#8230; <i class=\"fa fa-long-arrow-right\"><\/i><\/a><\/p>\n","protected":false},"author":47,"featured_media":0,"parent":0,"menu_order":0,"comment_status":"closed","ping_status":"closed","template":"","meta":{"footnotes":""},"class_list":["post-523","page","type-page","status-publish","hentry"],"_links":{"self":[{"href":"https:\/\/eventos.ufrrj.br\/workshopfitotecnia\/wp-json\/wp\/v2\/pages\/523","targetHints":{"allow":["GET"]}}],"collection":[{"href":"https:\/\/eventos.ufrrj.br\/workshopfitotecnia\/wp-json\/wp\/v2\/pages"}],"about":[{"href":"https:\/\/eventos.ufrrj.br\/workshopfitotecnia\/wp-json\/wp\/v2\/types\/page"}],"author":[{"embeddable":true,"href":"https:\/\/eventos.ufrrj.br\/workshopfitotecnia\/wp-json\/wp\/v2\/users\/47"}],"replies":[{"embeddable":true,"href":"https:\/\/eventos.ufrrj.br\/workshopfitotecnia\/wp-json\/wp\/v2\/comments?post=523"}],"version-history":[{"count":4,"href":"https:\/\/eventos.ufrrj.br\/workshopfitotecnia\/wp-json\/wp\/v2\/pages\/523\/revisions"}],"predecessor-version":[{"id":530,"href":"https:\/\/eventos.ufrrj.br\/workshopfitotecnia\/wp-json\/wp\/v2\/pages\/523\/revisions\/530"}],"wp:attachment":[{"href":"https:\/\/eventos.ufrrj.br\/workshopfitotecnia\/wp-json\/wp\/v2\/media?parent=523"}],"curies":[{"name":"wp","href":"https:\/\/api.w.org\/{rel}","templated":true}]}}