{"id":460,"date":"2021-03-12T09:25:03","date_gmt":"2021-03-12T12:25:03","guid":{"rendered":"http:\/\/eventos.ufrrj.br\/workshopfitotecnia\/?page_id=460"},"modified":"2021-03-12T09:25:03","modified_gmt":"2021-03-12T12:25:03","slug":"anaisworkshop2020","status":"publish","type":"page","link":"https:\/\/eventos.ufrrj.br\/workshopfitotecnia\/anaisworkshop2020\/","title":{"rendered":"Anais do III Workshop"},"content":{"rendered":"<p><strong>Anais do III Workshop do PPG-Fitotecnia<\/strong><\/p>\n<p>3\u00ba Edi\u00e7\u00e3o<\/p>\n<p>Ano: 2020<\/p>\n<p>ISBN: \u00a0ISBN: 978-65-5941-143-6<\/p>\n<p>Dispon\u00edvel em:\u00a0<a href=\"https:\/\/www.even3.com.br\/anais\/anaisworkshoppg\/\" target=\"_blank\" rel=\"noopener\">https:\/\/www.even3.com.br\/anais\/anaisworkshoppg\/<\/a><\/p>\n<p style=\"font-weight: 400\"><b><strong>Apresenta\u00e7\u00e3o<\/strong><\/b><\/p>\n<p>O III\u00a0Workshop do PPG-Fitotecnia foi realizado\u00a0<em>on-line<\/em>\u00a0nos dias 11, 12 e 13 de novembro de 2020. O evento foi idealizado e organizado por discentes e docentes do Programa de P\u00f3s-Gradua\u00e7\u00e3o em Fitotecnia (PPG-Fitotecnia) da Universidade Federal Rural do Rio de Janeiro (UFRRJ).<\/p>\n<p>Os objetivos desta terceira edi\u00e7\u00e3o do Workshop do PPG-Fitotecnia foram: a) promover o debate sobre a agricultura e demais temas relevantes para as atividades de pesquisa em desenvolvimento no Programa; b) apresentar e treinar os discentes quanto ao uso de ferramentas \u00fateis para o aprimoramento de suas atividades acad\u00eamicas e de pesquisa; c) divulgar resultados das pesquisas produzidas e integrar a comunidade acad\u00eamico-cient\u00edfica vinculada ao programa.<\/p>\n<p>O III\u00a0Workshop do PPG-Fitotecnia teve como tema central \u201cInova\u00e7\u00f5es Tecnol\u00f3gicas para a Produ\u00e7\u00e3o Agr\u00edcola Sustent\u00e1vel e Desafios no Planeta em Crise\u201d.\u00a0 Dentre as atividades da programa\u00e7\u00e3o, destacam-se a realiza\u00e7\u00e3o de duas palestras e de dois minicursos ministrados por pesquisadores renomados, al\u00e9m de apresenta\u00e7\u00f5es de 27 trabalhos cient\u00edficos nas modalidades Oral e\u00a0<em>Cards<\/em>\u00a0de divulga\u00e7\u00e3o cient\u00edfica para as redes sociais. Estes trabalhos est\u00e3o distribu\u00eddos nas tr\u00eas \u00e1reas de concentra\u00e7\u00e3o do PPG-Fitotecnia: Agroecologia, Fisiologia da Produ\u00e7\u00e3o e Produ\u00e7\u00e3o Vegetal.<\/p>\n<p>A publica\u00e7\u00e3o dos \u201c<b><strong>Anais do III Workshop do PPG-Fitotecnia<\/strong><\/b>\u201d \u00e9 uma forma de difundir e socializar projetos e resultados de pesquisas desenvolvidos pelos integrantes e parceiros do PPG-Fitotecnia.<\/p>\n<p>Agradecemos a todos que puderam prestigiar e colaborar para a realiza\u00e7\u00e3o desse grande encontro.<\/p>\n<p>&nbsp;<\/p>\n<p>Comiss\u00e3o Organizadora do III Workshop do PPG-Fitotecnia<\/p>\n","protected":false},"excerpt":{"rendered":"<p>Anais do III Workshop do PPG-Fitotecnia 3\u00ba Edi\u00e7\u00e3o Ano: 2020 ISBN: \u00a0ISBN: 978-65-5941-143-6 Dispon\u00edvel em:\u00a0https:\/\/www.even3.com.br\/anais\/anaisworkshoppg\/ Apresenta\u00e7\u00e3o O III\u00a0Workshop do PPG-Fitotecnia <a class=\"read-more\" href=\"https:\/\/eventos.ufrrj.br\/workshopfitotecnia\/anaisworkshop2020\/ \">&#8230; <i class=\"fa fa-long-arrow-right\"><\/i><\/a><\/p>\n","protected":false},"author":47,"featured_media":0,"parent":0,"menu_order":0,"comment_status":"closed","ping_status":"closed","template":"","meta":{"footnotes":""},"class_list":["post-460","page","type-page","status-publish","hentry"],"_links":{"self":[{"href":"https:\/\/eventos.ufrrj.br\/workshopfitotecnia\/wp-json\/wp\/v2\/pages\/460","targetHints":{"allow":["GET"]}}],"collection":[{"href":"https:\/\/eventos.ufrrj.br\/workshopfitotecnia\/wp-json\/wp\/v2\/pages"}],"about":[{"href":"https:\/\/eventos.ufrrj.br\/workshopfitotecnia\/wp-json\/wp\/v2\/types\/page"}],"author":[{"embeddable":true,"href":"https:\/\/eventos.ufrrj.br\/workshopfitotecnia\/wp-json\/wp\/v2\/users\/47"}],"replies":[{"embeddable":true,"href":"https:\/\/eventos.ufrrj.br\/workshopfitotecnia\/wp-json\/wp\/v2\/comments?post=460"}],"version-history":[{"count":1,"href":"https:\/\/eventos.ufrrj.br\/workshopfitotecnia\/wp-json\/wp\/v2\/pages\/460\/revisions"}],"predecessor-version":[{"id":461,"href":"https:\/\/eventos.ufrrj.br\/workshopfitotecnia\/wp-json\/wp\/v2\/pages\/460\/revisions\/461"}],"wp:attachment":[{"href":"https:\/\/eventos.ufrrj.br\/workshopfitotecnia\/wp-json\/wp\/v2\/media?parent=460"}],"curies":[{"name":"wp","href":"https:\/\/api.w.org\/{rel}","templated":true}]}}