{"id":44,"date":"2019-06-12T15:22:48","date_gmt":"2019-06-12T18:22:48","guid":{"rendered":"http:\/\/eventos.ufrrj.br\/workshopfitotecnia\/?page_id=44"},"modified":"2020-08-25T22:31:16","modified_gmt":"2020-08-26T01:31:16","slug":"anaisworkshop2017","status":"publish","type":"page","link":"https:\/\/eventos.ufrrj.br\/workshopfitotecnia\/anaisworkshop2017\/","title":{"rendered":"Anais"},"content":{"rendered":"<p style=\"text-align: left\"><strong>Anais do I Workshop do PPG-Fitotecnia<\/strong><\/p>\n<p>1\u00ba Edi\u00e7\u00e3o<\/p>\n<p>Ano: 2017<\/p>\n<p style=\"text-align: left\">ISBN: 978-85-5722-211-3<\/p>\n<p style=\"text-align: left\">Dispon\u00edvel em:\u00a0<a href=\"https:\/\/www.even3.com.br\/anais\/ppgfitotecnia\/\">https:\/\/www.even3.com.br\/anais\/ppgfitotecnia\/<\/a><\/p>\n<p>O I Workshop do PPG-Fitotecnia (Programa de P\u00f3s-Gradua\u00e7\u00e3o em Fitotecnia) foi realizado nos dias 15 e 16 de maio de 2017 nas depend\u00eancias do Instituto de Agronomia da Universidade Federal Rural do Rio de Janeiro (UFRRJ), em Serop\u00e9dica &#8211; RJ. O tema escolhido para a primeira edi\u00e7\u00e3o do evento foi \u201cPPGF: Hist\u00f3rico, relev\u00e2ncia e contexto atual\u201d e teve como p\u00fablico, discentes e professores vinculados ao PPG-Fitotecnia e a outros cursos de gradua\u00e7\u00e3o e p\u00f3s-gradua\u00e7\u00e3o da UFRRJ.<\/p>\n<p>O objetivo do evento foi oferecer a oportunidade de interagir, conhecer e discutir a p\u00f3s-gradua\u00e7\u00e3o dentro do seu contexto atual. Dentre as atividades foram realizadas 3 palestras, 1 mesa-redonda, 1 minicurso e apresenta\u00e7\u00f5es de trabalhos nas modalidades oral e p\u00f4ster. Na ocasi\u00e3o, foram apresentados 46 trabalhos de diferentes linhas de pesquisa e pertencentes \u00e0s tr\u00eas \u00e1reas de concentra\u00e7\u00e3o do PPG-Fitotecnia: Agroecologia, Fisiologia da Produ\u00e7\u00e3o e Produ\u00e7\u00e3o Vegetal.<\/p>\n<p>A partir de agora, com a publica\u00e7\u00e3o dos \u201cAnais do I Workshop do PPG-Fitotecnia\u201d, ser\u00e1 poss\u00edvel a difus\u00e3o de todas estas experi\u00eancias como forma de fortalecimento das atividades de pesquisa, ensino e extens\u00e3o desenvolvidas pelos integrantes e parceiros do programa.<\/p>\n<p>Agradecemos a todos que puderam prestigiar e colaborar para a realiza\u00e7\u00e3o desse grande evento.<\/p>\n<p style=\"text-align: right\">Comiss\u00e3o Organizadora<\/p>\n<p>&nbsp;<\/p>\n<p>&nbsp;<\/p>\n<p>&nbsp;<\/p>\n<p>&nbsp;<\/p>\n","protected":false},"excerpt":{"rendered":"<p>Anais do I Workshop do PPG-Fitotecnia 1\u00ba Edi\u00e7\u00e3o Ano: 2017 ISBN: 978-85-5722-211-3 Dispon\u00edvel em:\u00a0https:\/\/www.even3.com.br\/anais\/ppgfitotecnia\/ O I Workshop do PPG-Fitotecnia (Programa <a class=\"read-more\" href=\"https:\/\/eventos.ufrrj.br\/workshopfitotecnia\/anaisworkshop2017\/ \">&#8230; <i class=\"fa fa-long-arrow-right\"><\/i><\/a><\/p>\n","protected":false},"author":25,"featured_media":0,"parent":0,"menu_order":0,"comment_status":"closed","ping_status":"closed","template":"","meta":{"footnotes":""},"class_list":["post-44","page","type-page","status-publish","hentry"],"_links":{"self":[{"href":"https:\/\/eventos.ufrrj.br\/workshopfitotecnia\/wp-json\/wp\/v2\/pages\/44","targetHints":{"allow":["GET"]}}],"collection":[{"href":"https:\/\/eventos.ufrrj.br\/workshopfitotecnia\/wp-json\/wp\/v2\/pages"}],"about":[{"href":"https:\/\/eventos.ufrrj.br\/workshopfitotecnia\/wp-json\/wp\/v2\/types\/page"}],"author":[{"embeddable":true,"href":"https:\/\/eventos.ufrrj.br\/workshopfitotecnia\/wp-json\/wp\/v2\/users\/25"}],"replies":[{"embeddable":true,"href":"https:\/\/eventos.ufrrj.br\/workshopfitotecnia\/wp-json\/wp\/v2\/comments?post=44"}],"version-history":[{"count":7,"href":"https:\/\/eventos.ufrrj.br\/workshopfitotecnia\/wp-json\/wp\/v2\/pages\/44\/revisions"}],"predecessor-version":[{"id":376,"href":"https:\/\/eventos.ufrrj.br\/workshopfitotecnia\/wp-json\/wp\/v2\/pages\/44\/revisions\/376"}],"wp:attachment":[{"href":"https:\/\/eventos.ufrrj.br\/workshopfitotecnia\/wp-json\/wp\/v2\/media?parent=44"}],"curies":[{"name":"wp","href":"https:\/\/api.w.org\/{rel}","templated":true}]}}