{"id":40,"date":"2019-06-12T15:22:22","date_gmt":"2019-06-12T18:22:22","guid":{"rendered":"http:\/\/eventos.ufrrj.br\/workshopfitotecnia\/?page_id=40"},"modified":"2022-04-17T21:22:53","modified_gmt":"2022-04-18T00:22:53","slug":"normas-para-submissao","status":"publish","type":"page","link":"https:\/\/eventos.ufrrj.br\/workshopfitotecnia\/normas-para-submissao\/","title":{"rendered":"Normas para submiss\u00e3o"},"content":{"rendered":"<p><a href=\"http:\/\/eventos.ufrrj.br\/workshopfitotecnia\/files\/2022\/04\/Chamada-Resumos_IV-Workshop-do-PPG-Fitotecnia-2022.pdf\">Chamada Completa de Resumos Simples_IV Workshop do PPG Fitotecnia 2022<\/a><\/p>\n<p><a href=\"https:\/\/docs.google.com\/document\/d\/1Juuw8_7J5FeOsl6WoxFFXmpTlOsXdR25\/edit?usp=sharing&amp;ouid=114878420891540684428&amp;rtpof=true&amp;sd=true\" target=\"_blank\" rel=\"noopener\">Modelo de Resumo_IV Workshop do PPG-Fitotecnia 2022<\/a><\/p>\n<ul>\n<li style=\"list-style-type: none\">\n<ol>\n<li><strong>SUBMISS\u00c3O DE RESUMOS<\/strong><\/li>\n<\/ol>\n<p><strong>\u00a0<\/strong><\/p>\n<ul>\n<li><strong>Nesta edi\u00e7\u00e3o do evento, poder\u00e3o submeter resumos apenas estudantes de mestrado e de doutorado matriculados ou egressos do PPG-Fitotecnia\/UFRRJ, alunos de inicia\u00e7\u00e3o cient\u00edfica cujos trabalhos\/projetos estejam vinculados ao PPG-Fitotecnia\/UFRRJ, ou professores orientadores vinculados ao programa.<\/strong><\/li>\n<li>Os trabalhos submetidos dever\u00e3o respeitar as normas, categorias de submiss\u00e3o, \u00e1reas de concentra\u00e7\u00e3o e prazos vigentes na presente Chamada.<\/li>\n<li>Os trabalhos dever\u00e3o ser devidamente revisados pelos autores e orientadores, com aten\u00e7\u00e3o \u00e0 qualidade t\u00e9cnica, linguagem cient\u00edfica e atendimento \u00e0 formata\u00e7\u00e3o.<\/li>\n<li>A submiss\u00e3o de trabalhos para o IV Workshop do PPG-Fitotecnia dever\u00e1 ser feita em duas etapas, sendo estas:<\/li>\n<\/ul>\n<p><strong>1\u00ba etapa<\/strong>: Preenchimento de formul\u00e1rio para cadastro do resumo:<\/p>\n<p>Dispon\u00edvel em<em>:<\/em> <a href=\"https:\/\/docs.google.com\/forms\/d\/e\/1FAIpQLSchjat6_1t0iS3MmZOfnk9H67UKj7a810BzLC4HI16H08E6GA\/viewform?usp=sf_link\">https:\/\/docs.google.com\/forms\/d\/e\/1FAIpQLSchjat6_1t0iS3MmZOfnk9H67UKj7a810BzLC4HI16H08E6GA\/viewform?usp=sf_link<\/a><\/p>\n<p><strong>2\u00ba etapa<\/strong>: Envio do arquivo do resumo e anu\u00eancia do(a) professor(a)-orientador(a) (Anexo A) para o <em>e-mail<\/em> do evento:<\/p>\n<p>E-mail<em>: <\/em>\u00a0<a href=\"mailto:workshopfito2020@gmail.com\">workshopfito2022@gmail.com<\/a><\/p>\n<ul>\n<li>Ser\u00e3o aceitos apenas arquivos em formato Word (.doc; .docx). Os arquivos dever\u00e3o ser nomeados da seguinte forma: <strong>\u00c1rea de concentra\u00e7\u00e3o_Nome completo do primeiro autor<\/strong>. Exemplo: Produ\u00e7\u00e3o Vegetal_Jo\u00e3o dos Santos. Considera-se, para isso, as seguintes \u00e1reas de concentra\u00e7\u00e3o: Agroecologia, Fisiologia da Produ\u00e7\u00e3o ou Produ\u00e7\u00e3o Vegetal.<\/li>\n<li>Ser\u00e3o aceitos resumos de trabalhos vinculados diretamente ao PPG-Fitotecnia\/UFRRJ e que atendam a uma das seguintes categorias:<\/li>\n<\/ul>\n<ol>\n<li><strong>Categoria 1<\/strong><strong>:<\/strong> Resumo simples contendo os resultados obtidos no trabalho de tese\/disserta\u00e7\u00e3o em desenvolvimento no PPG-Fitotecnia.<\/li>\n<li><strong>Categoria 2:<\/strong> Resumo simples contendo as informa\u00e7\u00f5es relativas ao projeto de tese\/disserta\u00e7\u00e3o (sem apresenta\u00e7\u00e3o de resultados) apresentado ao PPG-Fitotecnia.<\/li>\n<li><strong>Categoria 3:<\/strong> Resumo simples contendo os resultados obtidos no trabalho de tese\/disserta\u00e7\u00e3o conclu\u00edda no PPG-Fitotecnia (alunos egressos).<\/li>\n<li><strong>Categoria 4:<\/strong> Resumo simples contendo trabalhos desenvolvidos por alunos de inicia\u00e7\u00e3o cient\u00edfica e cujos projetos de pesquisa estejam vinculados as atividades do PPG-Fitotecnia (alunos de inicia\u00e7\u00e3o cient\u00edfica).<\/li>\n<li><strong>Categoria 5:<\/strong> Resumo simples contendo informa\u00e7\u00f5es ou uma s\u00edntese de projetos e resultados de pesquisa desenvolvidas pelo docente ou grupos de pesquisa, vinculados ao PPG-Fitotecnia, em um determinado tema. Este caso n\u00e3o se aplica a resultado de experimentos ou uma disserta\u00e7\u00e3o ou tese, mas a avan\u00e7os obtidos em uma sequ\u00eancia de trabalhos, disserta\u00e7\u00f5es ou teses conduzidos e orientados pela equipe ao longo dos anos em um mesmo tema. Este dever\u00e1 ter o orientador como primeiro autor e os discentes e egressos como coautores.<\/li>\n<\/ol>\n<ul>\n<li>Os trabalhos ser\u00e3o avaliados por uma Comiss\u00e3o Cient\u00edfica <span class=\"fontstyle0\">designada pela coordena\u00e7\u00e3o do evento.<\/span><\/li>\n<li>Os resumos que estiverem em desacordo com as normas do evento e n\u00e3o apresentarem qualidade t\u00e9cnica compat\u00edvel ser\u00e3o devolvidos aos autores para as devidas adequa\u00e7\u00f5es.<\/li>\n<li>Os trabalhos aceitos para publica\u00e7\u00e3o pela Comiss\u00e3o Cient\u00edfica ser\u00e3o publicados nos \u201c<strong>Anais<\/strong><strong> do IV Workshop do PPG-Fitotecnia<\/strong>\u201d com registro ISSN.<\/li>\n<li>A Comiss\u00e3o Cient\u00edfica agraciar\u00e1 com men\u00e7\u00e3o honrosa os trabalhos apresentados no evento que obtiverem destaque quanto ao m\u00e9rito cient\u00edfico e relev\u00e2ncia.<\/li>\n<\/ul>\n<p>&nbsp;<\/p>\n<ol start=\"2\">\n<li><strong>NORMAS PARA ELABORA\u00c7\u00c3O DOS RESUMOS<\/strong><\/li>\n<\/ol>\n<p><strong>\u00a0<\/strong><\/p>\n<ul>\n<li>Os respectivos primeiros autores dever\u00e3o, obrigatoriamente, estar inscritos no evento.<\/li>\n<li>Os resumos devem ser acompanhados de arquivo contendo a anu\u00eancia do(a) professor(a)-orientador(a) quanto ao conte\u00fado e submiss\u00e3o do trabalho (Anexo A).<\/li>\n<li>Os resumos dever\u00e3o ser produzidos utilizando o <em>template<\/em> (modelo) disponibilizado e seguindo rigorosamente as normas de formata\u00e7\u00e3o e autoria.<\/li>\n<\/ul>\n<p>Dispon\u00edvel em: <a href=\"https:\/\/docs.google.com\/document\/d\/1Juuw8_7J5FeOsl6WoxFFXmpTlOsXdR25\/edit?usp=sharing&amp;ouid=114878420891540684428&amp;rtpof=true&amp;sd=true\" target=\"_blank\" rel=\"noopener\">Modelo de Resumo_IV Workshop do PPG-Fitotecnia 2022<\/a><\/p>\n<ul>\n<li>Os trabalhos em desacordo com estes itens ser\u00e3o reenviados aos autores para adequa\u00e7\u00e3o.<\/li>\n<li>Ser\u00e1 permitido at\u00e9 seis (6) autores por resumo. Nas Categorias 1, 2 3 e 4, o orientador deve constar como o \u00faltimo autor. Na Categoria 5, o orientador deve constar como primeiro autor.<\/li>\n<li>Os trabalhos dever\u00e3o ser submetidos conforme instru\u00e7\u00f5es apresentadas no item <strong>\u201c1. Submiss\u00e3o de trabalhos\u201d.<\/strong><\/li>\n<li><\/li>\n<li><\/li>\n<li><strong>CRONOGRAMA<\/strong><br \/>\n<table width=\"652\">\n<tbody>\n<tr>\n<td width=\"472\"><strong>Atividades<\/strong><\/td>\n<td width=\"179\"><strong>Datas e prazos<\/strong><\/td>\n<\/tr>\n<tr>\n<td width=\"472\">Lan\u00e7amento da Chamada para submiss\u00e3o de resumos<\/td>\n<td width=\"179\">01\/04\/2022<\/td>\n<\/tr>\n<tr>\n<td width=\"472\">Submiss\u00e3o de resumos (preenchimento <em>on-line<\/em> do formul\u00e1rio de cadastro e envio do resumo por <em>e-mail<\/em>)<\/td>\n<td width=\"179\">01\/04 a <del>14\/04\/2022 <\/del><span style=\"color: #ff0000\">17\/04\/2022<\/span><\/td>\n<\/tr>\n<tr>\n<td width=\"472\">Avalia\u00e7\u00e3o dos resumos pela Comiss\u00e3o Cient\u00edfica e devolu\u00e7\u00e3o aos autores para adequa\u00e7\u00f5es (se necess\u00e1rio).<\/td>\n<td width=\"179\"><del>14\/04<\/del> 17\/04 a 20\/04\/2022<\/td>\n<\/tr>\n<tr>\n<td width=\"472\">Envio dos aceites, modalidades de apresenta\u00e7\u00e3o e <em>templates<\/em><\/td>\n<td width=\"179\">25\/04\/2022<\/td>\n<\/tr>\n<tr>\n<td width=\"472\">Prazo m\u00e1ximo para recebimento das apresenta\u00e7\u00f5es orais e <em>Cards<\/em><\/td>\n<td width=\"179\">29\/04\/2022<\/td>\n<\/tr>\n<tr>\n<td width=\"472\">Confer\u00eancia do conte\u00fado dos <em>Cards <\/em><\/td>\n<td width=\"179\">29\/04 a 02\/05\/2022<\/td>\n<\/tr>\n<tr>\n<td width=\"472\">Publica\u00e7\u00e3o dos <em>Cards <\/em>na Instagram do PPG-Fitotecnia<\/td>\n<td width=\"179\">03 e 05\/05\/2022<\/td>\n<\/tr>\n<tr>\n<td width=\"472\">Sess\u00e3o de apresenta\u00e7\u00f5es orais<\/td>\n<td width=\"179\">03 e 05\/05\/2022<\/td>\n<\/tr>\n<\/tbody>\n<\/table>\n<p><strong>\u00a0<\/strong><\/li>\n<\/ul>\n<\/li>\n<\/ul>\n","protected":false},"excerpt":{"rendered":"<p>Chamada Completa de Resumos Simples_IV Workshop do PPG Fitotecnia 2022 Modelo de Resumo_IV Workshop do PPG-Fitotecnia 2022 SUBMISS\u00c3O DE RESUMOS <a class=\"read-more\" href=\"https:\/\/eventos.ufrrj.br\/workshopfitotecnia\/normas-para-submissao\/ \">&#8230; <i class=\"fa fa-long-arrow-right\"><\/i><\/a><\/p>\n","protected":false},"author":25,"featured_media":0,"parent":0,"menu_order":0,"comment_status":"closed","ping_status":"closed","template":"","meta":{"footnotes":""},"class_list":["post-40","page","type-page","status-publish","hentry"],"_links":{"self":[{"href":"https:\/\/eventos.ufrrj.br\/workshopfitotecnia\/wp-json\/wp\/v2\/pages\/40","targetHints":{"allow":["GET"]}}],"collection":[{"href":"https:\/\/eventos.ufrrj.br\/workshopfitotecnia\/wp-json\/wp\/v2\/pages"}],"about":[{"href":"https:\/\/eventos.ufrrj.br\/workshopfitotecnia\/wp-json\/wp\/v2\/types\/page"}],"author":[{"embeddable":true,"href":"https:\/\/eventos.ufrrj.br\/workshopfitotecnia\/wp-json\/wp\/v2\/users\/25"}],"replies":[{"embeddable":true,"href":"https:\/\/eventos.ufrrj.br\/workshopfitotecnia\/wp-json\/wp\/v2\/comments?post=40"}],"version-history":[{"count":29,"href":"https:\/\/eventos.ufrrj.br\/workshopfitotecnia\/wp-json\/wp\/v2\/pages\/40\/revisions"}],"predecessor-version":[{"id":506,"href":"https:\/\/eventos.ufrrj.br\/workshopfitotecnia\/wp-json\/wp\/v2\/pages\/40\/revisions\/506"}],"wp:attachment":[{"href":"https:\/\/eventos.ufrrj.br\/workshopfitotecnia\/wp-json\/wp\/v2\/media?parent=40"}],"curies":[{"name":"wp","href":"https:\/\/api.w.org\/{rel}","templated":true}]}}