{"id":23,"date":"2019-06-12T15:12:23","date_gmt":"2019-06-12T18:12:23","guid":{"rendered":"http:\/\/eventos.ufrrj.br\/workshopfitotecnia\/?page_id=23"},"modified":"2022-05-02T18:20:33","modified_gmt":"2022-05-02T21:20:33","slug":"programacao","status":"publish","type":"page","link":"https:\/\/eventos.ufrrj.br\/workshopfitotecnia\/programacao\/","title":{"rendered":"Programa\u00e7\u00e3o"},"content":{"rendered":"<table width=\"842\">\n<tbody>\n<tr>\n<td colspan=\"5\" rowspan=\"2\" width=\"840\">\n<p style=\"text-align: center\"><strong>PROGRAMA\u00c7\u00c3O &#8211; IV WORKSHOP DO PPG-FITOTECNIA (03 e 05 de maio de 2022)<\/strong><\/p>\n<\/td>\n<td style=\"text-align: center\" width=\"2\"><\/td>\n<td style=\"text-align: center\" width=\"0\"><\/td>\n<\/tr>\n<tr>\n<td width=\"2\"><\/td>\n<td width=\"0\"><\/td>\n<\/tr>\n<tr>\n<td width=\"53\">\n<p style=\"text-align: center\"><strong>DATA<\/strong><\/p>\n<\/td>\n<td style=\"text-align: center\" width=\"109\"><strong>HOR\u00c1RIO<\/strong><\/td>\n<td style=\"text-align: center\" width=\"292\"><strong>ATIVIDADES<sup>1<\/sup><\/strong><\/td>\n<td style=\"text-align: center\" width=\"204\"><strong>PALESTRANTE<\/strong><\/td>\n<td width=\"182\">\n<p style=\"text-align: center\"><strong>INSTITUI\u00c7\u00c3O<\/strong><\/p>\n<\/td>\n<td width=\"2\"><\/td>\n<td width=\"0\"><\/td>\n<\/tr>\n<tr>\n<td rowspan=\"8\" width=\"53\">3-mai<\/td>\n<td width=\"109\">08:00 &#8211; 08:30<\/td>\n<td colspan=\"3\" width=\"678\">Abertura do evento<\/td>\n<td width=\"2\"><\/td>\n<td width=\"0\"><\/td>\n<\/tr>\n<tr>\n<td width=\"109\">08:30 &#8211; 09:30<\/td>\n<td width=\"292\">Palestra: Inova\u00e7\u00e3o e startups<br \/>\nna agricultura<\/td>\n<td width=\"204\">Alexandre<br \/>\nMonteiro Chequim<\/td>\n<td width=\"182\">DigiFarmz Smart<br \/>\nAgriculture<\/td>\n<td width=\"2\"><\/td>\n<td width=\"0\"><\/td>\n<\/tr>\n<tr>\n<td width=\"109\">09:30 &#8211; 10:00<\/td>\n<td colspan=\"3\" width=\"678\">Debate<\/td>\n<td width=\"2\"><\/td>\n<td width=\"0\"><\/td>\n<\/tr>\n<tr>\n<td width=\"109\">10:00 &#8211; 12:00<\/td>\n<td width=\"292\">Minicurso: Divulga\u00e7\u00e3o Cient\u00edfica<\/td>\n<td width=\"204\">L\u00e9a Regina de<br \/>\nMedeiros<\/td>\n<td width=\"182\">UFV<\/td>\n<td width=\"2\"><\/td>\n<td width=\"0\"><\/td>\n<\/tr>\n<tr>\n<td width=\"109\">12:00 &#8211; 13:00<\/td>\n<td colspan=\"3\" width=\"678\">Pausa para Almo\u00e7o<\/td>\n<td width=\"2\"><\/td>\n<td width=\"0\"><\/td>\n<\/tr>\n<tr>\n<td width=\"109\">13:00 &#8211; 14:00<\/td>\n<td colspan=\"3\" width=\"678\">Apresenta\u00e7\u00f5es de trabalhos (<em>Cards<\/em> de divulga\u00e7\u00e3o digital)<\/td>\n<td width=\"2\"><\/td>\n<td width=\"0\"><\/td>\n<\/tr>\n<tr>\n<td width=\"109\">14:00 &#8211; 15:00<\/td>\n<td colspan=\"3\" width=\"678\">Apresenta\u00e7\u00f5es de trabalhos (Oral)<\/td>\n<td width=\"2\"><\/td>\n<td width=\"0\"><\/td>\n<\/tr>\n<tr>\n<td width=\"109\">16:00 &#8211; 18:00<\/td>\n<td width=\"292\">Minicurso: An\u00e1lise de fluoresc\u00eancia transiente da clorofila a em plantas<\/td>\n<td width=\"204\">J\u00fanior Borella<\/td>\n<td width=\"182\">FURG<\/td>\n<td width=\"2\"><\/td>\n<td width=\"0\"><\/td>\n<\/tr>\n<tr>\n<td rowspan=\"5\" width=\"53\">5-mai<\/td>\n<td width=\"109\">08:00 &#8211; 09:00<\/td>\n<td width=\"292\">Palestra: Empreendedorismo e incubadora de empresas na \u00e1rea de agronomia<\/td>\n<td width=\"204\">Romulo Cardoso<br \/>\nValad\u00e3o<\/td>\n<td width=\"182\">INEAGRO\/UFRRJ<\/td>\n<td width=\"2\"><\/td>\n<td width=\"0\"><\/td>\n<\/tr>\n<tr>\n<td width=\"109\">09:00 &#8211; 10:00<\/td>\n<td width=\"292\">Palestra: Cen\u00e1rio atual do agroneg\u00f3cio brasileiro: Amea\u00e7as e Oportunidades<\/td>\n<td width=\"204\">Salatiel Turra<\/td>\n<td width=\"182\">Sistema OCEPAR<\/p>\n<p>(Organiza\u00e7\u00e3o das Cooperativas do Paran\u00e1)<\/td>\n<td width=\"2\"><\/td>\n<td width=\"0\"><\/td>\n<\/tr>\n<tr>\n<td width=\"109\">10:00 &#8211; 10:45<\/td>\n<td colspan=\"3\" width=\"678\">Debate<\/td>\n<td width=\"2\"><\/td>\n<td width=\"0\"><\/td>\n<\/tr>\n<tr>\n<td style=\"text-align: center\" width=\"109\">10:45 &#8211; 11:45<\/td>\n<td colspan=\"3\" width=\"678\">\n<p style=\"text-align: center\">Apresenta\u00e7\u00f5es de trabalhos (Oral)<\/p>\n<\/td>\n<td width=\"2\"><\/td>\n<td width=\"0\"><\/td>\n<\/tr>\n<tr>\n<td width=\"109\">11:45 &#8211; 12:00<\/td>\n<td colspan=\"3\" width=\"678\">Encerramento do evento<\/td>\n<td width=\"2\"><\/td>\n<td width=\"0\"><\/td>\n<\/tr>\n<tr>\n<td colspan=\"5\" width=\"840\"><sup>1 <\/sup>Os t\u00edtulos das palestras poder\u00e3o sofrer pequenos ajustes.<\/td>\n<td width=\"2\"><\/td>\n<td width=\"0\"><\/td>\n<\/tr>\n<\/tbody>\n<\/table>\n","protected":false},"excerpt":{"rendered":"<p>PROGRAMA\u00c7\u00c3O &#8211; IV WORKSHOP DO PPG-FITOTECNIA (03 e 05 de maio de 2022) DATA HOR\u00c1RIO ATIVIDADES1 PALESTRANTE INSTITUI\u00c7\u00c3O 3-mai 08:00 <a class=\"read-more\" href=\"https:\/\/eventos.ufrrj.br\/workshopfitotecnia\/programacao\/ \">&#8230; <i class=\"fa fa-long-arrow-right\"><\/i><\/a><\/p>\n","protected":false},"author":25,"featured_media":0,"parent":0,"menu_order":0,"comment_status":"closed","ping_status":"closed","template":"","meta":{"footnotes":""},"class_list":["post-23","page","type-page","status-publish","hentry"],"_links":{"self":[{"href":"https:\/\/eventos.ufrrj.br\/workshopfitotecnia\/wp-json\/wp\/v2\/pages\/23","targetHints":{"allow":["GET"]}}],"collection":[{"href":"https:\/\/eventos.ufrrj.br\/workshopfitotecnia\/wp-json\/wp\/v2\/pages"}],"about":[{"href":"https:\/\/eventos.ufrrj.br\/workshopfitotecnia\/wp-json\/wp\/v2\/types\/page"}],"author":[{"embeddable":true,"href":"https:\/\/eventos.ufrrj.br\/workshopfitotecnia\/wp-json\/wp\/v2\/users\/25"}],"replies":[{"embeddable":true,"href":"https:\/\/eventos.ufrrj.br\/workshopfitotecnia\/wp-json\/wp\/v2\/comments?post=23"}],"version-history":[{"count":18,"href":"https:\/\/eventos.ufrrj.br\/workshopfitotecnia\/wp-json\/wp\/v2\/pages\/23\/revisions"}],"predecessor-version":[{"id":510,"href":"https:\/\/eventos.ufrrj.br\/workshopfitotecnia\/wp-json\/wp\/v2\/pages\/23\/revisions\/510"}],"wp:attachment":[{"href":"https:\/\/eventos.ufrrj.br\/workshopfitotecnia\/wp-json\/wp\/v2\/media?parent=23"}],"curies":[{"name":"wp","href":"https:\/\/api.w.org\/{rel}","templated":true}]}}