{"id":209,"date":"2019-11-18T13:54:45","date_gmt":"2019-11-18T16:54:45","guid":{"rendered":"http:\/\/eventos.ufrrj.br\/workshopfitotecnia\/?page_id=209"},"modified":"2019-12-12T18:37:02","modified_gmt":"2019-12-12T21:37:02","slug":"normas-para-publicacao","status":"publish","type":"page","link":"https:\/\/eventos.ufrrj.br\/workshopfitotecnia\/normas-para-publicacao\/","title":{"rendered":"Normas para publica\u00e7\u00e3o"},"content":{"rendered":"<p style=\"text-align: center\"><strong>Anais do II Workshop do PPG-Fitotecnia (Ano: 2019)<\/strong><\/p>\n<p style=\"text-align: center\">ISBN: 978-85-5722-350-9<\/p>\n<p>&nbsp;<\/p>\n<p style=\"text-align: center\"><strong>NORMAS PARA PUBLICA\u00c7\u00c3O<\/strong><\/p>\n<p>&nbsp;<\/p>\n<p><a href=\"http:\/\/eventos.ufrrj.br\/workshopfitotecnia\/files\/2019\/10\/Chamada-para-submiss\u00e3o-de-resumos-II-Workshop-do-PPG-Fitotecnia-2019.pdf\">Chamada para submiss\u00e3o de resumos II Workshop do PPG Fitotecnia 2019<\/a><\/p>\n<p><a href=\"http:\/\/eventos.ufrrj.br\/workshopfitotecnia\/files\/2019\/10\/Modelo-resumo-II-Workshop-PPG-Fitotecnia-2019-FINAL.docx\">Modelo resumo II Workshop PPG Fitotecnia 2019 FINAL<\/a><\/p>\n<p>&nbsp;<\/p>\n<ol>\n<li><strong>SOBRE A PARTICIPA\u00c7\u00c3O NO EVENTO<\/strong><\/li>\n<\/ol>\n<ul>\n<li><strong>Importante: Conforme resolu\u00e7\u00e3o do Colegiado Executivo do PPG-Fitotecnia, reunido em 08 de outubro de 2019, foi estabelecido que:<\/strong><\/li>\n<\/ul>\n<ol>\n<li>A participa\u00e7\u00e3o de todos os discentes do PPG-Fitotecnia\u00a0<strong>\u00e9 obrigat\u00f3ria<\/strong>.<\/li>\n<li>Alunos do PPG-Fitotecnia com matr\u00edcula em 2018, ou anterior, dever\u00e3o apresentar os resultados obtidos em seus trabalhos de tese ou disserta\u00e7\u00e3o, mesmo que ainda parciais.<\/li>\n<li>Alunos do PPG-Fitotecnia com matr\u00edcula no primeiro semestre de 2019, caso ainda n\u00e3o tenham resultados, podem apresentar os projetos de disserta\u00e7\u00e3o ou tese.<\/li>\n<li>Alunos do PPG-Fitotecnia com matr\u00edcula no segundo semestre de 2019 n\u00e3o precisam submeter resumos, mas devem se inscrever e participar das atividades do evento.<\/li>\n<li>O aluno matriculado no PPG-Fitotecnia que n\u00e3o puder comparecer ao evento dever\u00e1 justificar a sua aus\u00eancia para o Colegiado do PPG-Fitotecnia, via\u00a0<em>e-mail<\/em>\u00a0(<a href=\"mailto:cpgfitotecnia@gmail.com\">cpgfitotecnia@gmail.com<\/a>). Esta justificativa deve ser substanciada, conter a anu\u00eancia do(a) orientador(a) e apresentada em um prazo de at\u00e9 sete (7) dias \u00fateis ap\u00f3s o termino do evento. Nenhum discente, por\u00e9m, est\u00e1 isento da obrigatoriedade de submiss\u00e3o de resumo de seu projeto ou trabalho, exceto os previstos no item d.<\/li>\n<li>\u00c9 de igual import\u00e2ncia que todos professores orientadores credenciados no PPG-Fitotecnia participem ativamente do evento.<\/li>\n<\/ol>\n<p><strong>2. SUBMISS\u00c3O DE TRABALHOS<\/strong><\/p>\n<ul>\n<li><strong>\u00a0<\/strong>Os trabalhos submetidos dever\u00e3o respeitar as normas e prazos vigentes na presente Chamada.<\/li>\n<li>Nesta edi\u00e7\u00e3o do evento, poder\u00e3o submeter resumos apenas discentes de mestrado e de doutorado matriculados no PPG-Fitotecnia.<\/li>\n<li>Os trabalhos dever\u00e3o ser devidamente revisados pelos autores e orientadores, com aten\u00e7\u00e3o \u00e0 qualidade t\u00e9cnica, linguagem cient\u00edfica e atendimento \u00e0 formata\u00e7\u00e3o.<\/li>\n<li>A submiss\u00e3o de trabalhos para o II Workshop do PPG-Fitotecnia dever\u00e1 ser feita em duas etapas, sendo estas:<\/li>\n<\/ul>\n<p><strong>1\u00ba etapa<\/strong>: Preenchimento de formul\u00e1rio para cadastro do resumo.<\/p>\n<p>Dispon\u00edvel em<em>:\u00a0<\/em><a href=\"https:\/\/forms.gle\/BVEzRw2HwaBrxphq6\">https:\/\/forms.gle\/BVEzRw2HwaBrxphq6<\/a><\/p>\n<p><strong>2\u00ba etapa<\/strong>: Envio do arquivo do resumo e anu\u00eancia do(a) orientador(a) (Anexo A). para o\u00a0<em>e-mail<\/em>\u00a0do evento<\/p>\n<p>E-mail<em>:\u00a0<\/em>\u00a0<a href=\"mailto:workshopfito2019@gmail.com\">workshopfito2019@gmail.com<\/a><\/p>\n<ul>\n<li>Ser\u00e3o aceitos apenas arquivos em formato Word (.doc; .docx). Os arquivos dever\u00e3o ser nomeados da seguinte forma: \u00c1rea de concentra\u00e7\u00e3o_Nome completo do discente. Exemplo: Produ\u00e7\u00e3o Vegetal_Jo\u00e3o dos Santos.<\/li>\n<li>Ser\u00e3o aceitos resumos de trabalhos vinculados diretamente ao PPG-Fitotecnia e que atendam \u00e0s duas seguintes categorias:<\/li>\n<\/ul>\n<ol>\n<li><strong>Categoria 1<\/strong><strong>:<\/strong>\u00a0Resumo simples contendo os resultados obtidos no trabalho de tese\/disserta\u00e7\u00e3o em desenvolvimento no PPG-Fitotecnia.<\/li>\n<li><strong>Categoria 2:<\/strong>\u00a0Resumo simples contendo as informa\u00e7\u00f5es relativas ao projeto de tese\/disserta\u00e7\u00e3o (sem apresenta\u00e7\u00e3o de resultados) apresentado ao PPG-Fitotecnia.<\/li>\n<\/ol>\n<ul>\n<li>Os trabalhos ser\u00e3o avaliados por uma Comiss\u00e3o Cient\u00edfica nomeada pelo Colegiado Executivo do PPG-Fitotecnia.<\/li>\n<li>Os resumos que estiverem em desacordo com as normas do evento e n\u00e3o apresentarem qualidade t\u00e9cnica compat\u00edvel ser\u00e3o devolvidos aos autores para as devidas adequa\u00e7\u00f5es.<\/li>\n<li>Os trabalhos aceitos para publica\u00e7\u00e3o pela Comiss\u00e3o Cient\u00edfica, e que forem devidamente apresentados no evento, ser\u00e3o publicados nos \u201c<strong>Anais do II Workshop do PPG-Fitotecnia<\/strong>\u201d com registro ISSN.<\/li>\n<li>A Comiss\u00e3o Cient\u00edfica agraciar\u00e1 com men\u00e7\u00e3o honrosa os trabalhos apresentados no evento que obtiverem destaque quanto ao m\u00e9rito cient\u00edfico e relev\u00e2ncia.<\/li>\n<\/ul>\n<p><strong>3. NORMAS PARA ELABORA\u00c7\u00c3O DOS RESUMOS<\/strong><\/p>\n<p><strong>\u00a0<\/strong>Os respectivos primeiros autores dever\u00e3o, obrigatoriamente, estar inscritos no evento.<\/p>\n<ul>\n<li>Os resumos devem ser acompanhados de arquivo contendo a anu\u00eancia do orientador quanto ao conte\u00fado e submiss\u00e3o do trabalho (Anexo A).<\/li>\n<li>Os resumos dever\u00e3o ser produzidos utilizando o\u00a0<em>template<\/em>\u00a0(modelo) disponibilizado e seguindo rigorosamente as normas de formata\u00e7\u00e3o e autoria.<\/li>\n<li>Os trabalhos em desacordo com estes itens ser\u00e3o reenviados aos autores para adequa\u00e7\u00e3o.<\/li>\n<li>Ser\u00e1 permitido at\u00e9 seis (6) autores por resumo, devendo o discente ser, obrigatoriamente o primeiro autor e o apresentador. O orientador deve constar como \u00faltimo autor.<\/li>\n<li>Os trabalhos dever\u00e3o ser submetidos conforme instru\u00e7\u00f5es apresentadas no item\u00a0<strong>\u201c5. Submiss\u00e3o de trabalhos\u201d.<\/strong><\/li>\n<li><\/li>\n<\/ul>\n<p><strong>ANEXO A \u2013 Modelo de carta de anu\u00eancia do(a) orientador(a)<\/strong><\/p>\n<p><strong>ANU\u00caNCIA DO(A) ORIENTADOR(A)<\/strong><\/p>\n<p><strong>\u00a0<\/strong>Eu,\u00a0<strong>[xxxx nome do(a) orientador(a)]<\/strong>\u00a0declaro ter lido e conferido o texto do trabalho intitulado\u00a0<strong>[xxxx t\u00edtulo do resumo]<\/strong>, e estar ciente da sua submiss\u00e3o pelo(a) discente\u00a0<strong>[xxxx nome do(a) discente],<\/strong>\u00a0ao II Workshop do PPG-Fitotecnia.<\/p>\n<p>Serop\u00e9dica,\u00a0<strong>XX<\/strong>\u00a0de outubro de 2019<\/p>\n<p>&nbsp;<\/p>\n<p>_____________________________<\/p>\n<p>Nome do(a) orientador(a) e assinatura<\/p>\n<p>&nbsp;<\/p>\n<p><strong>CRONOGRAMA<\/strong><\/p>\n<table width=\"589\">\n<tbody>\n<tr>\n<td width=\"401\"><strong>Atividades<\/strong><\/td>\n<td width=\"188\"><strong>Datas e prazos<\/strong><\/td>\n<\/tr>\n<tr>\n<td width=\"401\">Lan\u00e7amento da Chamada para submiss\u00e3o de resumos<\/td>\n<td width=\"188\">14\/10\/2019<\/td>\n<\/tr>\n<tr>\n<td width=\"401\">Submiss\u00e3o de resumos (preenchimento do formul\u00e1rio de cadastramento e envio do arquivo por\u00a0<em>e-mail<\/em>)<\/td>\n<td width=\"188\">14 a\u00a0<strong>30\/10\/2019<\/strong><\/td>\n<\/tr>\n<tr>\n<td width=\"401\">Avalia\u00e7\u00e3o dos resumos pela Comiss\u00e3o Cient\u00edfica e devolu\u00e7\u00e3o aos autores para adequa\u00e7\u00f5es (se necess\u00e1rio).<\/td>\n<td width=\"188\">31\/10 a 07\/11\/2019<\/td>\n<\/tr>\n<tr>\n<td width=\"401\">Prazo m\u00e1ximo para retorno dos resumos corrigidos (se necess\u00e1rio) \u00e0 Comiss\u00e3o Cient\u00edfica<\/td>\n<td width=\"188\">11\/11\/2019<\/td>\n<\/tr>\n<tr>\n<td width=\"401\">Envio dos aceites e modalidades de apresenta\u00e7\u00e3o<\/td>\n<td width=\"188\">13\/11\/2019<\/td>\n<\/tr>\n<tr>\n<td width=\"401\">Divulga\u00e7\u00e3o da programa\u00e7\u00e3o completa de apresenta\u00e7\u00f5es<\/td>\n<td width=\"188\">14\/11\/2019<\/td>\n<\/tr>\n<tr>\n<td width=\"401\">Prazo m\u00e1ximo para recebimento das apresenta\u00e7\u00f5es orais<\/td>\n<td width=\"188\">21\/11\/2019<\/td>\n<\/tr>\n<tr>\n<td width=\"401\">Sess\u00e3o para apresenta\u00e7\u00e3o de p\u00f4steres<\/td>\n<td width=\"188\">25\/11\/2019<\/td>\n<\/tr>\n<tr>\n<td width=\"401\">Sess\u00e3o de apresenta\u00e7\u00f5es orais<\/td>\n<td width=\"188\">25\/11\/2019<\/td>\n<\/tr>\n<\/tbody>\n<\/table>\n","protected":false},"excerpt":{"rendered":"<p>Anais do II Workshop do PPG-Fitotecnia (Ano: 2019) ISBN: 978-85-5722-350-9 &nbsp; NORMAS PARA PUBLICA\u00c7\u00c3O &nbsp; Chamada para submiss\u00e3o de resumos <a class=\"read-more\" href=\"https:\/\/eventos.ufrrj.br\/workshopfitotecnia\/normas-para-publicacao\/ \">&#8230; <i class=\"fa fa-long-arrow-right\"><\/i><\/a><\/p>\n","protected":false},"author":47,"featured_media":0,"parent":0,"menu_order":0,"comment_status":"closed","ping_status":"closed","template":"","meta":{"footnotes":""},"class_list":["post-209","page","type-page","status-publish","hentry"],"_links":{"self":[{"href":"https:\/\/eventos.ufrrj.br\/workshopfitotecnia\/wp-json\/wp\/v2\/pages\/209","targetHints":{"allow":["GET"]}}],"collection":[{"href":"https:\/\/eventos.ufrrj.br\/workshopfitotecnia\/wp-json\/wp\/v2\/pages"}],"about":[{"href":"https:\/\/eventos.ufrrj.br\/workshopfitotecnia\/wp-json\/wp\/v2\/types\/page"}],"author":[{"embeddable":true,"href":"https:\/\/eventos.ufrrj.br\/workshopfitotecnia\/wp-json\/wp\/v2\/users\/47"}],"replies":[{"embeddable":true,"href":"https:\/\/eventos.ufrrj.br\/workshopfitotecnia\/wp-json\/wp\/v2\/comments?post=209"}],"version-history":[{"count":5,"href":"https:\/\/eventos.ufrrj.br\/workshopfitotecnia\/wp-json\/wp\/v2\/pages\/209\/revisions"}],"predecessor-version":[{"id":283,"href":"https:\/\/eventos.ufrrj.br\/workshopfitotecnia\/wp-json\/wp\/v2\/pages\/209\/revisions\/283"}],"wp:attachment":[{"href":"https:\/\/eventos.ufrrj.br\/workshopfitotecnia\/wp-json\/wp\/v2\/media?parent=209"}],"curies":[{"name":"wp","href":"https:\/\/api.w.org\/{rel}","templated":true}]}}