{"id":19,"date":"2019-06-12T15:12:02","date_gmt":"2019-06-12T18:12:02","guid":{"rendered":"http:\/\/eventos.ufrrj.br\/workshopfitotecnia\/?page_id=19"},"modified":"2019-10-25T09:09:39","modified_gmt":"2019-10-25T12:09:39","slug":"noticias","status":"publish","type":"page","link":"https:\/\/eventos.ufrrj.br\/workshopfitotecnia\/noticias\/","title":{"rendered":"Not\u00edcias"},"content":{"rendered":"<p>As inscri\u00e7\u00f5es para participa\u00e7\u00e3o no II Workshop do PPG-Fitotecnia e minicursos est\u00e3o abertas.<\/p>\n<p>Instru\u00e7\u00f5es dispon\u00edveis em\u00a0<a href=\"http:\/\/eventos.ufrrj.br\/workshopfitotecnia\/inscricoes\/\">http:\/\/eventos.ufrrj.br\/workshopfitotecnia\/inscricoes\/<\/a><\/p>\n","protected":false},"excerpt":{"rendered":"<p>As inscri\u00e7\u00f5es para participa\u00e7\u00e3o no II Workshop do PPG-Fitotecnia e minicursos est\u00e3o abertas. Instru\u00e7\u00f5es dispon\u00edveis em\u00a0http:\/\/eventos.ufrrj.br\/workshopfitotecnia\/inscricoes\/<\/p>\n","protected":false},"author":25,"featured_media":0,"parent":0,"menu_order":0,"comment_status":"closed","ping_status":"closed","template":"","meta":{"footnotes":""},"class_list":["post-19","page","type-page","status-publish","hentry"],"_links":{"self":[{"href":"https:\/\/eventos.ufrrj.br\/workshopfitotecnia\/wp-json\/wp\/v2\/pages\/19","targetHints":{"allow":["GET"]}}],"collection":[{"href":"https:\/\/eventos.ufrrj.br\/workshopfitotecnia\/wp-json\/wp\/v2\/pages"}],"about":[{"href":"https:\/\/eventos.ufrrj.br\/workshopfitotecnia\/wp-json\/wp\/v2\/types\/page"}],"author":[{"embeddable":true,"href":"https:\/\/eventos.ufrrj.br\/workshopfitotecnia\/wp-json\/wp\/v2\/users\/25"}],"replies":[{"embeddable":true,"href":"https:\/\/eventos.ufrrj.br\/workshopfitotecnia\/wp-json\/wp\/v2\/comments?post=19"}],"version-history":[{"count":2,"href":"https:\/\/eventos.ufrrj.br\/workshopfitotecnia\/wp-json\/wp\/v2\/pages\/19\/revisions"}],"predecessor-version":[{"id":136,"href":"https:\/\/eventos.ufrrj.br\/workshopfitotecnia\/wp-json\/wp\/v2\/pages\/19\/revisions\/136"}],"wp:attachment":[{"href":"https:\/\/eventos.ufrrj.br\/workshopfitotecnia\/wp-json\/wp\/v2\/media?parent=19"}],"curies":[{"name":"wp","href":"https:\/\/api.w.org\/{rel}","templated":true}]}}