{"id":189,"date":"2019-11-18T10:57:41","date_gmt":"2019-11-18T13:57:41","guid":{"rendered":"http:\/\/eventos.ufrrj.br\/workshopfitotecnia\/?page_id=189"},"modified":"2019-12-12T20:46:59","modified_gmt":"2019-12-12T23:46:59","slug":"anaisiiworkshop","status":"publish","type":"page","link":"https:\/\/eventos.ufrrj.br\/workshopfitotecnia\/anaisiiworkshop\/","title":{"rendered":"RESUMOS"},"content":{"rendered":"<h2 style=\"text-align: center\"><span style=\"color: #008000\"><strong>ANAIS DO II WORKSHOP DO PPG-FITOTECNIA<\/strong><\/span><\/h2>\n<p style=\"text-align: center\"><strong> (Ano: 2019)<\/strong><\/p>\n<p style=\"text-align: center\"><strong>ISBN: 978-85-5722-350-9<\/strong><\/p>\n<p>&nbsp;<\/p>\n<p style=\"text-align: center\"><span style=\"color: #008000\"><strong>AGROECOLOGIA<\/strong><\/span><\/p>\n<p><strong>DENSIDADE FLOR\u00cdSTICA E A SUA CONTRIBUI\u00c7\u00c3O PARA O AUMENTO DE PREDADORES\u00a0<\/strong> Adamastor Pereira Barros; Alessandra de Carvalho Silva; Marcelo Perrone Ricalde &amp; Antonio Carlos de Souza Abboud<\/p>\n<p><a href=\"http:\/\/eventos.ufrrj.br\/workshopfitotecnia\/files\/2019\/12\/Agroecologia_Adamastor-Pereira-Barros.pdf\">Agroecologia_Adamastor Pereira Barros<\/a><\/p>\n<p>&nbsp;<\/p>\n<p><strong>PRODU\u00c7\u00c3O DE BIOMASSA DE LEUCENA PARA CONFEC\u00c7\u00c3O DE COMPOSTO FERMENTADO<\/strong> Jhonatan Marins Goulart; Let\u00edcia da Silva Rafael de Oliveira; Jos\u00e9 Antonio Azevedo Espindola; Ednaldo da Silva Ara\u00fajo &amp; Jos\u00e9 Guilherme Marinho Guerra<\/p>\n<p><a href=\"http:\/\/eventos.ufrrj.br\/workshopfitotecnia\/files\/2019\/12\/Agroecologia_Jhonatan-Marins-Goulart.pdf\">Agroecologia_Jhonatan Marins Goulart<\/a><\/p>\n<p>&nbsp;<\/p>\n<p><strong>DESEMPENHO AGRON\u00d4MICO DA ALFACE CRESPA A PARTIR DE MUDAS PRODUZIDAS COM GONGOCOMPOSTO CULTIVADA SOB DIFERENTES DOSES DE FARELO DE MAMONA\u00a0<\/strong> Luiz Fernando de Sousa Antunes; Maria Elizabeth Fernandes Correia; Norma Gouv\u00eaa Rumjanek<\/p>\n<p><a href=\"http:\/\/eventos.ufrrj.br\/workshopfitotecnia\/files\/2019\/12\/Agroecologia_Luiz-Fernando-de-Sousa-Antunes.pdf\">Agroecologia_Luiz Fernando de Sousa Antunes<\/a><\/p>\n<p>&nbsp;<\/p>\n<p><strong>DESENVOLVIMENTO DE SUBSTRATOS ORG\u00c2NICOS PARA A PRODU\u00c7\u00c3O DE MUDAS DE HORTALI\u00c7AS A PARTIR DA COMPOSTAGEM EM AMBIENTE AER\u00d3BICO E FERMENTATIVO<\/strong> Milene da Silva Soares; Marco Antonio de Almeida Leal; &amp; Jos\u00e9 Guilherme Marinho Guerra<\/p>\n<p><a href=\"http:\/\/eventos.ufrrj.br\/workshopfitotecnia\/files\/2019\/12\/Agroecologia_Milene-da-Silva-Soares.pdf\">Agroecologia_Milene da Silva Soares<\/a><\/p>\n<p>&nbsp;<\/p>\n<p><strong>AC\u00daMULO DE P EM DUAS ESP\u00c9CIES DE TIT\u00d4NIA SOB DIFERENTES FONTES DE FOSFATO<\/strong> Rafael Silva Sobral; Antonio Carlos de Souza Abboud<\/p>\n<p><a href=\"http:\/\/eventos.ufrrj.br\/workshopfitotecnia\/files\/2019\/12\/Agroecologia_Rafael-Silva-Sobral.pdf\">Agroecologia_Rafael Silva Sobral<\/a><\/p>\n<p>&nbsp;<\/p>\n<p><strong>USO DE MICRORGANISMOS EFICIENTES PARA DESNITRIFICA\u00c7\u00c3O COMPLETA COMO ESTRAT\u00c9GIA DE MITIGA\u00c7\u00c3O DAS EMISS\u00d5ES DE \u00d3XIDO NITROSO EM SOLOS AGR\u00cdCOLAS<\/strong> Ricardo Ces\u00e1rio dos Santos; Wadson Menezes Santos; Karla Emanuelle Campos Araujo; Marcio dos Reis Martins; Bruno Jos\u00e9 Rodrigues Alves &amp; Segundo Sacramento Urquiaga Caballero<\/p>\n<p><a href=\"http:\/\/eventos.ufrrj.br\/workshopfitotecnia\/files\/2019\/12\/Agroecologia_Ricardo-Cesario-dos-Santos.pdf\">Agroecologia_Ricardo Cesario dos Santos<\/a><\/p>\n<p>&nbsp;<\/p>\n<p><strong>POLENS INGERIDOS POR JOANINHAS AFID\u00d3FAGAS (COLEOPTERA: COCCINELLIDAE) COLETADAS EM SISTEMA DE CULTIVO AGROECOL\u00d3GICO<\/strong> Thiago Sampaio de Souza; Thayn\u00e1 Rosa Batista Martins; Cl\u00e1udia Barbieri Ferreira Mendon\u00e7a; V\u00e2nia Gon\u00e7alves Louren\u00e7o Esteves; Elen de Lima Aguiar-Menezes &amp; Jos\u00e9 Guilherme Marinho Guerra<\/p>\n<p><a href=\"http:\/\/eventos.ufrrj.br\/workshopfitotecnia\/files\/2019\/12\/Agroecologia_Thiago-Sampaio-de-Souza.pdf\">Agroecologia_Thiago Sampaio de Souza<\/a><\/p>\n<p>&nbsp;<\/p>\n<p><strong>POTENCIAL DE POACEAE E\/OU FABACEAE COMO PROVEDORAS DE P\u00d3LEN PARA CRISOP\u00cdDEOS, AN\u00c1LISE ECON\u00d4MICA DE UM POLICULTIVO ORG\u00c2NICO DE HORTALI\u00c7AS MARGEADO POR ESSAS PLANTAS E SEU EFEITO NA POPULA\u00c7\u00c3O DESSES PREDADORES<\/strong> Vinicius Jos\u00e9 Fernandes; Elen de Lima Aguiar-Menezes; Cl\u00e1udia Barbieri Ferreira Mendon\u00e7a; V\u00e2nia Gon\u00e7alves Louren\u00e7o Esteves; Jos\u00e9 Guilherme Marinho Guerra<\/p>\n<p><a href=\"http:\/\/eventos.ufrrj.br\/workshopfitotecnia\/files\/2019\/12\/Agroecologia_Vinicius-Jose-Fernandes.pdf\">Agroecologia_Vinicius Jose Fernandes<\/a><\/p>\n<p>&nbsp;<\/p>\n<p>&nbsp;<\/p>\n<p style=\"text-align: center\"><span style=\"color: #008000\"><strong>FISIOLOGIA DA PRODU\u00c7\u00c3O<\/strong><\/span><\/p>\n<p>&nbsp;<\/p>\n<p><strong>HERBICIDAS P\u00d3S-EMERGENTE NO CONTROLE DE\u00a0<em>Conyza sumatrensis<\/em><\/strong> Amanda dos Santos Souza; J\u00e9ssica Ferreira Louren\u00e7o Leal; Camila Ferreira de Pinho &amp; Leonardo Oliveira Medici<\/p>\n<p><a href=\"http:\/\/eventos.ufrrj.br\/workshopfitotecnia\/files\/2019\/12\/Fisiologia-da-Produ\u00e7\u00e3o_Amanda-dos-Santos-Souza.pdf\">Fisiologia da Produ\u00e7\u00e3o_Amanda dos Santos Souza<\/a><\/p>\n<p>&nbsp;<\/p>\n<p><strong>EFEITO DA \u00c9POCA DE APLICA\u00c7\u00c3O DE NITROG\u00caNIO EM COBERTURA NA RELA\u00c7\u00c3O ENTRE PRODUTIVIDADE E TEOR DE PROTE\u00cdNAS EM GR\u00c3OS DE DOIS GEN\u00d3TIPOS DE FEIJ\u00c3O CAUPI CONTRASTANTES QUANTO AO CONTE\u00daDO PROTEICO DOS GR\u00c3OS\u00a0<\/strong> D\u00e9bora Maria Santos Alves; Gepatrik Rodrigues Lima; David Cabral Macedo; Wedis Martins Ferreira<sup>\u00a0<\/sup>&amp; Carlos Pimentel<\/p>\n<p><a href=\"http:\/\/eventos.ufrrj.br\/workshopfitotecnia\/files\/2019\/12\/Fisiologia-da-Produ\u00e7\u00e3o_D\u00e9bora-Alves.pdf\">Fisiologia da Produ\u00e7\u00e3o_D\u00e9bora Alves<\/a><\/p>\n<p>&nbsp;<\/p>\n<p><strong>CARACTERIZA\u00c7\u00c3O DE TRANSPORTADORES POTENCIALMENTE ENVOLVIDOS NO EFLUXO DE NITRATO DO VAC\u00daOLO EM ARROZ<\/strong> Erika da Costa Fernandes; Maria Eduarda Pimentel de Melo; Leandro Azevedo Santos\u00a0&amp; Manlio Silvestre Fernandes<\/p>\n<p><a href=\"http:\/\/eventos.ufrrj.br\/workshopfitotecnia\/files\/2019\/12\/Fisiologia-da-Produ\u00e7\u00e3o_Erika-da-Costa-Fernandes.pdf\">Fisiologia da Produ\u00e7\u00e3o_Erika da Costa Fernandes<\/a><\/p>\n<p>&nbsp;<\/p>\n<p><strong>RESPOSTAS FISIOL\u00d3GICAS E PRODUTIVIDADE DA CULTIVAR BRS GUARIBA DE FEIJ\u00c3O-CAUPI SUBMETIDA A HERBICIDAS P\u00d3S-EMERGENTES<\/strong> Gepatrik Rodrigues Lima; David Cabral Macedo; Wedis Martins Ferreira; D\u00e9bora Maria Santos Alves; Aroldo Ferreira Lopes Machado &amp; Carlos Pimentel<\/p>\n<p><a href=\"http:\/\/eventos.ufrrj.br\/workshopfitotecnia\/files\/2019\/12\/Fisiologia-da-Producao_Gepatrik-Rodrigues-Lima.pdf\">Fisiologia da Producao_Gepatrik Rodrigues Lima<\/a><\/p>\n<p>&nbsp;<\/p>\n<p><strong>CARACTERIZA\u00c7\u00c3O G\u00caNICA DA BACTERIA DIAZOTR\u00d3FICA\u00a0<em>Burkholderia tropica<\/em>\u00a0EM PRESEN\u00c7A DO L\u00cdQUIDO INTERCELULAR DA CANA-DE-A\u00c7\u00daCAR<\/strong> Juan Sebastian Vera Chamba; Marcia Soares Vidal; &amp; Jos\u00e9 Ivo Baldani<\/p>\n<p><a href=\"http:\/\/eventos.ufrrj.br\/workshopfitotecnia\/files\/2019\/12\/Fisiologia-da-produ\u00e7\u00e3o_Juan-Sebastian-Vera-Chamba.pdf\">Fisiologia da produ\u00e7\u00e3o_Juan Sebastian Vera Chamba<\/a><\/p>\n<p>&nbsp;<\/p>\n<p><strong>EFEITOS DA APLICA\u00c7\u00c3O DO ETILENO EX\u00d3GENO EM TOMATES EM CACHOS PROVENIENTE DO SISTEMA DE PRODU\u00c7\u00c3O SUSTENT\u00c1VEL<\/strong> Michele Paula da Silva; Antonio Gomes Soares; Henriqueta Talita Guimar\u00e3es Barboza; &amp; Regina Celi Cavestr\u00e9 Coneglian<\/p>\n<p><a href=\"http:\/\/eventos.ufrrj.br\/workshopfitotecnia\/files\/2019\/12\/Fisiologia-da-Produ\u00e7\u00e3o_Michele-Paula-da-Silva.pdf\">Fisiologia da Produ\u00e7\u00e3o_Michele Paula da Silva<\/a><\/p>\n<p>&nbsp;<\/p>\n<p><strong>EFEITO DO ALUM\u00cdNIO NA GERMINA\u00c7\u00c3O DE SEMENTES DE LEGUMINOSAS FLORESTAIS<\/strong> Thamara Peixoto Mendon\u00e7a; Sergio Miana de Faria;\u00a0<sup>\u00a0<\/sup>&amp;\u00a0<sup>\u00a0<\/sup>Jorge Jacob Neto<\/p>\n<p><a href=\"http:\/\/eventos.ufrrj.br\/workshopfitotecnia\/files\/2019\/12\/Fisiologia-da-Produ\u00e7\u00e3o_Thamara-Peixoto-Mendon\u00e7a.pdf\">Fisiologia da Produ\u00e7\u00e3o_Thamara Peixoto Mendon\u00e7a<\/a><\/p>\n<h2><\/h2>\n<p>&nbsp;<\/p>\n<p style=\"text-align: center\"><span style=\"color: #008000\"><strong>PRODU\u00c7\u00c3O VEGETAL<\/strong><\/span><\/p>\n<p>&nbsp;<\/p>\n<p><strong>ESTUDO DA EFICI\u00caNCIA AGRON\u00d4MICA DE FERTILIZANTE DESENVOLVIDO COM BIOMASSA DE LEGUMINOSA FIXADORA DE N<sub>2<\/sub>\u00a0NO CULTIVO DE HORTALI\u00c7AS<\/strong> Ana L\u00edgia Panain de Souza Rezende; Ednaldo da Silva Ara\u00fajo; &amp; Jos\u00e9 Guilherme Marinho Guerra<\/p>\n<p><a href=\"http:\/\/eventos.ufrrj.br\/workshopfitotecnia\/files\/2019\/12\/Produ\u00e7\u00e3o-Vegetal_Ana-L\u00edgia-Panain-de-Souza-Rezende.pdf\">Produ\u00e7\u00e3o Vegetal_Ana L\u00edgia Panain de Souza Rezende<\/a><\/p>\n<p>&nbsp;<\/p>\n<p><strong>INFLU\u00caNCIA DE DIFERENTES L\u00c2MINAS DE IRRIGA\u00c7\u00c3O NA CULTURA DO MARACUJAZEIRO<\/strong> Andr\u00e9 Felipe de Sousa Vaz; Lorena Elisa Fraga Rodrigues, Marcos Vinicius Abreu dos Santos, Raul Castro Carriello Rosa; Luiz Aur\u00e9lio Peres Martelleto \u00a0 <strong>\u00a0<\/strong><\/p>\n<p><a href=\"http:\/\/eventos.ufrrj.br\/workshopfitotecnia\/files\/2019\/12\/Producao-Vegetal_Andre-Felipe-de-Sousa-Vaz.pdf\">Producao Vegetal_Andre Felipe de Sousa Vaz<\/a><\/p>\n<p>&nbsp;<\/p>\n<p><strong>LEVANTAMENTO DA FERRUGEM BRANCA DO CRIS\u00c2NTEMO EM PROPRIEDADE COMERCIAL NA REGI\u00c3O SERRANA DO RIO DE JANEIRO<\/strong> Bruna Santos Silva; Mateus Mouta de Faria; Tiago Pinho Souza &amp; Jo\u00e3o Sebasti\u00e3o de Paula Araujo<\/p>\n<p><a href=\"http:\/\/eventos.ufrrj.br\/workshopfitotecnia\/files\/2019\/12\/Produ\u00e7\u00e3o-Vegetal_Bruna-Santos-Silva.pdf\">Produ\u00e7\u00e3o Vegetal_Bruna Santos Silva<\/a><\/p>\n<p>&nbsp;<\/p>\n<p><strong>ATRIBUTOS DE SOLO RELACIONADOS A OCORR\u00caNCIA DA H\u00c9RNIA DAS CRUC\u00cdFERAS EM COUVE-COMUM EM CULTIVOS DE MONTANHA<\/strong> Carlos Ant\u00f4nio dos Santos; Nelson Moura Brasil do Amaral Sobrinho; Mariana Ferreira Rabelo Fernandes; Laura Carine C\u00e2ndido Diniz Cruz; Rita de C\u00e1ssia Silva\u00a0&amp; Margarida Gor\u00e9te Ferreira do Carmo<\/p>\n<p><a href=\"http:\/\/eventos.ufrrj.br\/workshopfitotecnia\/files\/2019\/12\/Producao-Vegetal_Carlos-Antonio-dos-Santos.pdf\">Producao Vegetal_Carlos Antonio dos Santos<\/a><\/p>\n<p>&nbsp;<\/p>\n<p><strong>EFEITO DE ALUM\u00cdNIO NA INFEC\u00c7\u00c3O DE RA\u00cdZES DE COUVE-FLOR POR\u00a0<em>Plasmodiophora brassicae<\/em><\/strong> C\u00edntia Luiza Batalha Xavier, Mayara dos Santos Rocha, Rita de C\u00e1ssia Silva, Laura Carine Candido Diniz Cruz, Caio Soares Diniz\u00a0e Margarida Gorete Ferreira do Carmo<\/p>\n<p><a href=\"http:\/\/eventos.ufrrj.br\/workshopfitotecnia\/files\/2019\/12\/Produ\u00e7\u00e3o-Vegetal_C\u00edntia-Luiza-Batalha-Xavier.pdf\">Produ\u00e7\u00e3o Vegetal_C\u00edntia Luiza Batalha Xavier<\/a><\/p>\n<p>&nbsp;<\/p>\n<p><strong>COMBINA\u00c7\u00d5ES DE COPA\/PORTA-ENXERTO SOB DIFERENTES M\u00c9TODOS DE MINIENXERTIA EM ANON\u00c1CEAS<\/strong> Daniel Garcia de Souza; Ricardo Amaro de Sales &amp; Luiz Aur\u00e9lio\u00a0Peres\u00a0Martelleto<\/p>\n<p><a href=\"http:\/\/eventos.ufrrj.br\/workshopfitotecnia\/files\/2019\/12\/Produ\u00e7\u00e3o-Vegetal_Daniel-Garcia-de-Souza.pdf\">Produ\u00e7\u00e3o Vegetal_Daniel Garcia de Souza<\/a><\/p>\n<p>&nbsp;<\/p>\n<p><strong>SELE\u00c7\u00c3O DE DESCRITORES MORFOAGRON\u00d4MICOS E DIVERSIDADE GEN\u00c9TICA DE PITAIEIRAS<\/strong> F\u00e1bio Ferreira Cruvinel; Gustavo Cardoso de Oliveira Dias; Luiz Aur\u00e9lio Peres Martelleto &amp; Marco Ant\u00f4nio da Silva Vasconcellos<\/p>\n<p><a href=\"http:\/\/eventos.ufrrj.br\/workshopfitotecnia\/files\/2019\/12\/Producao-Vegetal_Fabio-Ferreira-Cruvinel.pdf\">Producao Vegetal_Fabio Ferreira Cruvinel<\/a><\/p>\n<p>&nbsp;<\/p>\n<p><strong>EFEITO DE HERBICIDAS PR\u00c9-EMERGENTES NOS TEORES DE CLOROFILA FOLIAR EM CULTIVARES DE SOJA<\/strong> Fernando Ramos de Souza; Junior Borella, Luana Jessica da Silva Ferreira; Camila Ferreira de Pinho; Aroldo Ferreira Lopes Machado<\/p>\n<p><a href=\"http:\/\/eventos.ufrrj.br\/workshopfitotecnia\/files\/2019\/12\/Produ\u00e7\u00e3o-Vegetal_Fernando-Ramos-de-Souza.pdf\">Produ\u00e7\u00e3o Vegetal_Fernando Ramos de Souza<\/a><\/p>\n<p>&nbsp;<\/p>\n<p><strong>CARACTERIZA\u00c7\u00c3O DE BACT\u00c9RIAS ENDOF\u00cdTICAS DO G\u00caNERO\u00a0<em>Bacillus<\/em>\u00a0COM POTENCIAL PARA CONTROLE BIOL\u00d3GICO DA BROCA GIGANTE DA CANA-DE-A\u00c7\u00daCAR<\/strong> Francine Yuriko Otsuka Rocha; Patr\u00edcia de Medeiros Gitahy &amp; Jos\u00e9 Ivo Baldani<\/p>\n<p><a href=\"http:\/\/eventos.ufrrj.br\/workshopfitotecnia\/files\/2019\/12\/Producao-Vegetal_Francine-Yuriko-Otsuka-Rocha.pdf\">Producao Vegetal_Francine Yuriko Otsuka Rocha<\/a><\/p>\n<p>&nbsp;<\/p>\n<p><strong>MISTURAS DE HERBICIDAS EM TANQUE PARA O CONTROLE DE\u00a0<em>Commelina diffusa<\/em>\u00a0APLICADA EM DIFERENTES VOLUMES DE CALDA<\/strong> Francisco Freire de Oliveira Junior; Ana Claudia Langaro; Junior Borrella; Juliana Lima Diniz; Gledson Soares de Carvalho &amp; Aroldo Ferreira Lopes Machado<\/p>\n<p><a href=\"http:\/\/eventos.ufrrj.br\/workshopfitotecnia\/files\/2019\/12\/Producao-Vegetal_Francisco-Freire-de-Oliveira-Junior.pdf\">Producao Vegetal_Francisco Freire de Oliveira Junior<\/a><\/p>\n<p>&nbsp;<\/p>\n<p><strong>AVALIA\u00c7\u00c3O DO CRESCIMENTO DE PIMENTA-DO-REINO EM CONDI\u00c7\u00d5ES DE CAMPO, SOB DIFERENTES SUPRIMENTOS DE \u00c1GUA<\/strong> Gean Corr\u00eaa Teles; Eleandro Silva da Cruz; Wendell Luccas Sousa; Jo\u00e3o Felicio Gon\u00e7alves Abreu &amp; Daniel Fonseca de Carvalho<\/p>\n<p><a href=\"http:\/\/eventos.ufrrj.br\/workshopfitotecnia\/files\/2019\/12\/Produ\u00e7\u00e3o-Vegetal_Gean-Corr\u00eaa-Teles.pdf\">Produ\u00e7\u00e3o Vegetal_Gean Corr\u00eaa Teles<\/a><\/p>\n<p>&nbsp;<\/p>\n<p><strong>UTILIZA\u00c7\u00c3O DE REGULADOR DE CRESCIMENTO NO MARACUJ\u00c1 AMARELO<\/strong> Gilmar Junior Brum de Melo; Emery William Silva e Souza; Nathan Jos\u00e9 Gama de Souza; Bruno Cesar Ferreira Gon\u00e7alves; Luiz Aur\u00e9lio Peres Martelleto &amp; Marco Ant\u00f4nio da Silva Vasconcellos<\/p>\n<p><a href=\"http:\/\/eventos.ufrrj.br\/workshopfitotecnia\/files\/2019\/12\/Produ\u00e7\u00e3o-Vegetal_Gilmar-Junior-Brum-de-Melo.pdf\">Produ\u00e7\u00e3o Vegetal_Gilmar Junior Brum de Melo<\/a><\/p>\n<p>&nbsp;<\/p>\n<p><strong>FUNCIONALIDADE DE GENES\u00a0<em>nifH<\/em>\u00a0DE\u00a0<em>Bradyrhizobium sacchari<\/em>\u00a0BR10280<sup>T<\/sup>\u00a0PARA FIXA\u00c7\u00c3O BIOL\u00d3GICA DE NITROG\u00caNIO EM VIDA LIVRE<\/strong> Gustavo Feitosa de Matos; Luc Felicianus Marie Rouws; &amp; Jos\u00e9 Ivo Baldani<\/p>\n<p><a href=\"http:\/\/eventos.ufrrj.br\/workshopfitotecnia\/files\/2019\/12\/Produ\u00e7\u00e3o-Vegetal_Gustavo-Feitosa-de-Matos.pdf\">Produ\u00e7\u00e3o Vegetal_Gustavo Feitosa de Matos<\/a><\/p>\n<p>&nbsp;<\/p>\n<p><strong>PRODU\u00c7\u00c3O DE CORMOS DE GLAD\u00cdOLO \u00a0OBTIDOS DE CULTIVO EM AMBIENTE PROTEGIDO E COM IRRIGA\u00c7\u00c3O AUTOMATIZADA<\/strong><strong>\u00a0<\/strong> Jaqueline Jesus Santana dos Santos; Beatriz Rodrigues Monteiro Couto; Rog\u00e9rio Gomes P\u00eago &amp; Daniel Fonseca de Carvalho<\/p>\n<p><a href=\"http:\/\/eventos.ufrrj.br\/workshopfitotecnia\/files\/2019\/12\/Producao-Vegetal_Jaqueline-Jesus-Santana-dos-Santos.pdf\">Producao Vegetal_Jaqueline Jesus Santana dos Santos<\/a><\/p>\n<p>&nbsp;<\/p>\n<p><strong>SELE\u00c7\u00c3O DE INTERA\u00c7\u00d5ES EFICIENTES ENTRE BACT\u00c9RIAS DIAZOTR\u00d3FICAS PROMOTORAS DE CRESCIMENTO VEGETAL E\u00a0<em>BRACHIARIA BRIZANTHA\u00a0<\/em>CV. PAIAGU\u00c1S SUBMETIDAS \u00c0 D\u00c9FICIT H\u00cdDRICO<\/strong> J\u00e9ssica de Paula Ferreira; Marcia Soares Vidal; &amp; Jos\u00e9 Ivo Baldani<\/p>\n<p><a href=\"http:\/\/eventos.ufrrj.br\/workshopfitotecnia\/files\/2019\/12\/Produ\u00e7\u00e3o-Vegetal_J\u00e9ssica-de-Paula-Ferreira.pdf\">Produ\u00e7\u00e3o Vegetal_J\u00e9ssica de Paula Ferreira<\/a><\/p>\n<p>&nbsp;<\/p>\n<p><strong>COMPORTAMENTO FISIOL\u00d3GICO DE\u00a0<em>Conyza sumatrensis<\/em>\u00a0COM RESIST\u00caNCIA M\u00daLTIPLA SOB APLICA\u00c7\u00c3O DO HERBICIDA PARAQUAT<\/strong> <em>\u00a0<\/em>J\u00e9ssica Ferreira Louren\u00e7o Leal; Amanda dos Santos Souza; Junior Borella; Ana Claudia Langaro; Camila Ferreira de Pinho &amp; Aroldo Ferreira Lopes Machado<\/p>\n<p><a href=\"http:\/\/eventos.ufrrj.br\/workshopfitotecnia\/files\/2019\/12\/Produ\u00e7\u00e3o-Vegetal_J\u00e9ssica-Ferreira-Louren\u00e7o-Leal.pdf\">Produ\u00e7\u00e3o Vegetal_J\u00e9ssica Ferreira Louren\u00e7o Leal<\/a><\/p>\n<p>&nbsp;<\/p>\n<p><strong>PRODU\u00c7\u00c3O DE PIMENT\u00c3O ORG\u00c2NICO UTILIZANDO BIOMASSA VEGETAL N\u00c3O-COMPOSTADA COMO SUBSTRATO<\/strong> Marcello Antonio Duarte Gentile; Evandro Francisco Ferreira da Silva Souza; Leonardo Oliveira Medici<sup>\u00a0<\/sup>&amp; Daniel Fonseca Carvalho<\/p>\n<p><a href=\"http:\/\/eventos.ufrrj.br\/workshopfitotecnia\/files\/2019\/12\/Produ\u00e7\u00e3o-Vegetal_Marcello-Antonio-Duarte-Gentile.pdf\">Produ\u00e7\u00e3o Vegetal_Marcello Antonio Duarte Gentile<\/a><\/p>\n<p>&nbsp;<\/p>\n<p><strong>DIVERSIDADE\u00a0<\/strong><strong>GEN\u00c9TICA COM BASE NA EMISS\u00c3O FLORAL EM MEL\u00c3O-DE-S\u00c3O-CAETANO<\/strong><strong>\u00a0<\/strong> Mayara de Mello Marques;\u00a0Tha\u00edsa de Oliveira Silveira; Pedro Corr\u00eaa Damasceno Junior<\/p>\n<p><a href=\"http:\/\/eventos.ufrrj.br\/workshopfitotecnia\/files\/2019\/12\/Produ\u00e7\u00e3o-Vegetal_Mayara-de-Mello-Marques.pdf\">Produ\u00e7\u00e3o Vegetal_Mayara de Mello Marques<\/a><\/p>\n<p>&nbsp;<\/p>\n<p><strong>POTENCIAL PRODUTIVO DE ACESSOS DE MORANGUEIRO NO SUL DE MINAS GERAIS<\/strong> Natali Ribeiro; Pedro Donato Ribeiro; &amp; Margarida Gor\u00e9te Ferreira do Carmo<\/p>\n<p><a href=\"http:\/\/eventos.ufrrj.br\/workshopfitotecnia\/files\/2019\/12\/Produ\u00e7\u00e3o-Vegetal_Natali-Ribeiro.pdf\">Produ\u00e7\u00e3o Vegetal_Natali Ribeiro<\/a><\/p>\n<p>&nbsp;<\/p>\n<p><strong>FATORES DA MATOINTERF\u00caRENCIA DETERMINANTES NO CRESCIMENTO DA CULTURA DO MARACUJAZEIRO<\/strong> Rafael Alves Cardoso; Daniel Garcia de Souza; Aroldo Ferreira Lopes Machado; Luiz Aur\u00e9lio Perez Martelleto<\/p>\n<p><a href=\"http:\/\/eventos.ufrrj.br\/workshopfitotecnia\/files\/2019\/12\/Produc\u0327a\u0303o-vegetal_Rafael-Alves-Cardoso.pdf\">Produc\u0327a\u0303o vegetal_Rafael Alves Cardoso<\/a><\/p>\n<p>&nbsp;<\/p>\n<p><strong>DESEMPENHO DO FEIJOEIRO COMUM SOB COINOCULA\u00c7\u00c3O DE\u00a0<em>Bradyrhizobium japonicum<\/em>\u00a0E\u00a0<em>Azospirillum brasilense<\/em>\u00a0EM CONDI\u00c7\u00d5ES DE CAMPO<\/strong> Rita Hil\u00e1rio de Carvalho; Vin\u00edcio Oliosi Favero; Marcelo Sfeir De Aguiar; Ros\u00e2ngela Straliotto; Ederson da Concei\u00e7\u00e3o Jesus &amp; Adelson Paulo Ara\u00fajo<\/p>\n<p><a href=\"http:\/\/eventos.ufrrj.br\/workshopfitotecnia\/files\/2019\/12\/Produ\u00e7\u00e3o-Vegetal_Rita-Hilario-de-Carvalho.pdf\">Produ\u00e7\u00e3o Vegetal_Rita Hilario de Carvalho<\/a><\/p>\n<p>&nbsp;<\/p>\n<p><strong>PRODU\u00c7\u00c3O E QUALIDADE DE HASTES FLORAIS DE Z\u00cdNIA EM FUN\u00c7\u00c3O DE DIFERENTES N\u00cdVEIS DE IRRIGA\u00c7\u00c3O<\/strong> Ros\u00e1ria da Costa Faria Martins; Rog\u00e9rio Gomes P\u00eago; Daniel Fonseca de Carvalho<\/p>\n<p><a href=\"http:\/\/eventos.ufrrj.br\/workshopfitotecnia\/files\/2019\/12\/Producao-Vegetal_Ros\u00e1ria-da-Costa-Faria-Martins.pdf\">Producao Vegetal_Ros\u00e1ria da Costa Faria Martins<\/a><\/p>\n<p>&nbsp;<\/p>\n<p><strong>SUBSTRATOS ORG\u00c2NICOS PARA A PRODU\u00c7\u00c3O DE MUDAS DE DIFERENTES GEN\u00d3TIPOS DE PIMENTA<\/strong> Talita dos Santos Ferreira; Rog\u00e9rio Gomes P\u00eago; Luiz Fernando de Sousa Antunes; Maria Elizabeth Fernandes Correia; Margarida Gor\u00e9te Ferreira do Carmo<\/p>\n<p><a href=\"http:\/\/eventos.ufrrj.br\/workshopfitotecnia\/files\/2019\/12\/Produ\u00e7\u00e3o-Vegetal_Talita-dos-Santos-Ferreira.pdf\">Produ\u00e7\u00e3o Vegetal_Talita dos Santos Ferreira<\/a><\/p>\n<p>&nbsp;<\/p>\n<p><strong>ESTABILIDADE REPRODUTIVA ACESSADA ATRAV\u00c9S DE AN\u00c1LISES DO CICLO E DO \u00cdNDICE MEI\u00d3TICOS E VIABILIDADE DOS GR\u00c3OS DE P\u00d3LEN EM GEN\u00d3TIPOS DE ERVA-CIDREIRA BRASILEIRA, QUIMI\u00d3TIPO CITRAL<\/strong> Tatiana de Oliveira Pinto\u00a0&amp; Pedro Correa Damasceno Junior<\/p>\n<p><a href=\"http:\/\/eventos.ufrrj.br\/workshopfitotecnia\/files\/2019\/12\/Produ\u00e7\u00e3o-Vegetal_Tatiana-de-Oliveira-Pinto.pdf\">Produ\u00e7\u00e3o Vegetal_Tatiana de Oliveira Pinto<\/a><\/p>\n<p>&nbsp;<\/p>\n<p><strong>OCORR\u00caNCIA DE MURCHA-DE-FUS\u00c1RIO (<em>Fusarium oxysporum<\/em>\u00a0f. sp.\u00a0<em>lycopersici<\/em>) NO TOMATEIRO (<em>Solanum lycopersicum<\/em>\u00a0L.) EM CULTIVO PROTEGIDO, NO MUNIC\u00cdPIO DE PATY DO ALFERES-RJ<\/strong> Thailla Maria Costa Lisboa; D\u00e9bora Cristina Lucas dos Santos; &amp; Margarida Gor\u00e9te Ferreira do Carmo<\/p>\n<p><a href=\"http:\/\/eventos.ufrrj.br\/workshopfitotecnia\/files\/2019\/12\/Produ\u00e7\u00e3o-Vegetal_Thailla-Maria-Costa-Lisboa.pdf\">Produ\u00e7\u00e3o Vegetal_Thailla Maria Costa Lisboa<\/a><\/p>\n<p>&nbsp;<\/p>\n<p><strong>UTILIZA\u00c7\u00c3O DE BIOEMBALAGENS PARA A CONSERVA\u00c7\u00c3O DE TOMATES ESPECIAIS ORG\u00c2NICOS CULTIVADOS POR AGRICULTORES FAMILIARES EM SEROP\u00c9DICA-RJ<\/strong> Thayane Aguiar de Deco; Jhonatan Marins Goulart ; Anelise Dias; &amp; Regina Celi Cavestr\u00e9 Coneglian<\/p>\n<p><a href=\"http:\/\/eventos.ufrrj.br\/workshopfitotecnia\/files\/2019\/12\/Produ\u00e7\u00e3o-Vegetal-_Thayane-Aguiar-de-Deco.pdf\">Produ\u00e7\u00e3o Vegetal _Thayane Aguiar de Deco<\/a><\/p>\n<p>&nbsp;<\/p>\n<p><strong>EFEITO DO D\u00c9FICIT H\u00cdDRICO EM DIFERENTES EST\u00c1GIOS DE DESENVOLVIMENTO DA CENOURA SOB MANEJO ORG\u00c2NICO DE PRODU\u00c7\u00c3O<\/strong> Wendell Luccas Sousa; Gean Corr\u00eaa Teles; Beatriz Rodrigues Monteiro Couto; Jo\u00e3o Felicio Gon\u00e7alves Abreu; Pedro Ivo de La Roque\u00a0&amp; Daniel Fonseca de Carvalho<\/p>\n<p><a href=\"http:\/\/eventos.ufrrj.br\/workshopfitotecnia\/files\/2019\/12\/Produ\u00e7\u00e3o-Vegetal_Wendell-Luccas-Sousa.pdf\">Produ\u00e7\u00e3o Vegetal_Wendell Luccas Sousa<\/a><\/p>\n","protected":false},"excerpt":{"rendered":"<p>ANAIS DO II WORKSHOP DO PPG-FITOTECNIA (Ano: 2019) ISBN: 978-85-5722-350-9 &nbsp; AGROECOLOGIA DENSIDADE FLOR\u00cdSTICA E A SUA CONTRIBUI\u00c7\u00c3O PARA O <a class=\"read-more\" href=\"https:\/\/eventos.ufrrj.br\/workshopfitotecnia\/anaisiiworkshop\/ \">&#8230; <i class=\"fa fa-long-arrow-right\"><\/i><\/a><\/p>\n","protected":false},"author":47,"featured_media":0,"parent":0,"menu_order":0,"comment_status":"closed","ping_status":"closed","template":"","meta":{"footnotes":""},"class_list":["post-189","page","type-page","status-publish","hentry"],"_links":{"self":[{"href":"https:\/\/eventos.ufrrj.br\/workshopfitotecnia\/wp-json\/wp\/v2\/pages\/189","targetHints":{"allow":["GET"]}}],"collection":[{"href":"https:\/\/eventos.ufrrj.br\/workshopfitotecnia\/wp-json\/wp\/v2\/pages"}],"about":[{"href":"https:\/\/eventos.ufrrj.br\/workshopfitotecnia\/wp-json\/wp\/v2\/types\/page"}],"author":[{"embeddable":true,"href":"https:\/\/eventos.ufrrj.br\/workshopfitotecnia\/wp-json\/wp\/v2\/users\/47"}],"replies":[{"embeddable":true,"href":"https:\/\/eventos.ufrrj.br\/workshopfitotecnia\/wp-json\/wp\/v2\/comments?post=189"}],"version-history":[{"count":14,"href":"https:\/\/eventos.ufrrj.br\/workshopfitotecnia\/wp-json\/wp\/v2\/pages\/189\/revisions"}],"predecessor-version":[{"id":338,"href":"https:\/\/eventos.ufrrj.br\/workshopfitotecnia\/wp-json\/wp\/v2\/pages\/189\/revisions\/338"}],"wp:attachment":[{"href":"https:\/\/eventos.ufrrj.br\/workshopfitotecnia\/wp-json\/wp\/v2\/media?parent=189"}],"curies":[{"name":"wp","href":"https:\/\/api.w.org\/{rel}","templated":true}]}}