{"id":186,"date":"2019-11-18T10:57:40","date_gmt":"2019-11-18T13:57:40","guid":{"rendered":"http:\/\/eventos.ufrrj.br\/workshopfitotecnia\/?page_id=186"},"modified":"2019-12-14T15:49:12","modified_gmt":"2019-12-14T18:49:12","slug":"apresentacao-2","status":"publish","type":"page","link":"https:\/\/eventos.ufrrj.br\/workshopfitotecnia\/apresentacao-2\/","title":{"rendered":"Apresenta\u00e7\u00e3o"},"content":{"rendered":"<p style=\"text-align: center\"><strong>Anais do II Workshop do PPG-Fitotecnia (Ano: 2019)<\/strong><\/p>\n<p style=\"text-align: center\">ISBN: 978-85-5722-350-9<\/p>\n<p>&nbsp;<\/p>\n<p style=\"text-align: left\"><strong>APRESENTA\u00c7\u00c3O<\/strong><\/p>\n<p>O II Workshop do PPG-Fitotecnia (Programa de P\u00f3s-Gradua\u00e7\u00e3o em Fitotecnia) foi realizado nos dias 25 e 26 de novembro de 2019 nas depend\u00eancias do Instituto de Agronomia da Universidade Federal Rural do Rio de Janeiro (UFRRJ), em Serop\u00e9dica \u2013 RJ. O tema escolhido para a segunda edi\u00e7\u00e3o do evento foi \u201cA pesquisa na p\u00f3s-gradua\u00e7\u00e3o para o fortalecimento da agricultura\u201d e teve\u00a0\u00a0p\u00fablico-alvo discentes e docentes do PPG-Fitotecnia e de outros cursos de p\u00f3s-gradua\u00e7\u00e3o, discentes de gradua\u00e7\u00e3o, e profissionais vinculados a \u00e1rea de Agronomia.<\/p>\n<p>Os objetivos do evento foram: 1) Promover o debate sobre a import\u00e2ncia da pesquisa desenvolvida na p\u00f3s-gradua\u00e7\u00e3o para o fortalecimento da agricultura no Brasil; 2) Apresentar e treinar os discentes quanto ao uso de ferramentas \u00fateis ao aprimoramento de suas atividades acad\u00eamicas e de pesquisa; 3) Divulgar as atividades de pesquisa desenvolvidas pelos discentes do PPG-Fitotecnia; 4)\u00a0Integrar os diferentes membros da comunidade acad\u00eamica e de pesquisa vinculada \u00e0 UFRRJ.<\/p>\n<p>Dentre as atividades, foram realizadas 2 palestras, 1 mesa-redonda, 4 minicursos e apresenta\u00e7\u00f5es de trabalhos nas modalidades oral e p\u00f4ster. Na ocasi\u00e3o, foram apresentados 42 trabalhos de diferentes linhas de pesquisa e pertencentes \u00e0s tr\u00eas \u00e1reas de concentra\u00e7\u00e3o do PPG-Fitotecnia: Agroecologia, Fisiologia da Produ\u00e7\u00e3o e Produ\u00e7\u00e3o Vegetal.<\/p>\n<p>A partir de agora, com a publica\u00e7\u00e3o dos <strong>\u201cAnais do II Workshop do PPG-Fitotecnia\u201d<\/strong>, ser\u00e1 poss\u00edvel a difus\u00e3o de todas estas experi\u00eancias como forma de fortalecimento das atividades de pesquisa, ensino e extens\u00e3o desenvolvidas pelos integrantes e parceiros do programa.<\/p>\n<p>Agradecemos a todos que puderam prestigiar e colaborar para a realiza\u00e7\u00e3o desse grande evento.<\/p>\n<p>Comiss\u00e3o Organizadora<\/p>\n<p>&nbsp;<\/p>\n<p><img loading=\"lazy\" decoding=\"async\" class=\"alignnone  wp-image-345 aligncenter\" src=\"http:\/\/eventos.ufrrj.br\/workshopfitotecnia\/files\/2019\/12\/FotoPerfil-Copia-233x300.jpg\" alt=\"\" width=\"321\" height=\"412\" srcset=\"https:\/\/eventos.ufrrj.br\/workshopfitotecnia\/files\/2019\/12\/FotoPerfil-Copia-233x300.jpg 233w, https:\/\/eventos.ufrrj.br\/workshopfitotecnia\/files\/2019\/12\/FotoPerfil-Copia-768x989.jpg 768w, https:\/\/eventos.ufrrj.br\/workshopfitotecnia\/files\/2019\/12\/FotoPerfil-Copia-796x1024.jpg 796w, https:\/\/eventos.ufrrj.br\/workshopfitotecnia\/files\/2019\/12\/FotoPerfil-Copia.jpg 1591w\" sizes=\"auto, (max-width: 321px) 100vw, 321px\" \/><\/p>\n","protected":false},"excerpt":{"rendered":"<p>Anais do II Workshop do PPG-Fitotecnia (Ano: 2019) ISBN: 978-85-5722-350-9 &nbsp; APRESENTA\u00c7\u00c3O O II Workshop do PPG-Fitotecnia (Programa de P\u00f3s-Gradua\u00e7\u00e3o <a class=\"read-more\" href=\"https:\/\/eventos.ufrrj.br\/workshopfitotecnia\/apresentacao-2\/ \">&#8230; <i class=\"fa fa-long-arrow-right\"><\/i><\/a><\/p>\n","protected":false},"author":47,"featured_media":0,"parent":0,"menu_order":0,"comment_status":"closed","ping_status":"closed","template":"","meta":{"footnotes":""},"class_list":["post-186","page","type-page","status-publish","hentry"],"_links":{"self":[{"href":"https:\/\/eventos.ufrrj.br\/workshopfitotecnia\/wp-json\/wp\/v2\/pages\/186","targetHints":{"allow":["GET"]}}],"collection":[{"href":"https:\/\/eventos.ufrrj.br\/workshopfitotecnia\/wp-json\/wp\/v2\/pages"}],"about":[{"href":"https:\/\/eventos.ufrrj.br\/workshopfitotecnia\/wp-json\/wp\/v2\/types\/page"}],"author":[{"embeddable":true,"href":"https:\/\/eventos.ufrrj.br\/workshopfitotecnia\/wp-json\/wp\/v2\/users\/47"}],"replies":[{"embeddable":true,"href":"https:\/\/eventos.ufrrj.br\/workshopfitotecnia\/wp-json\/wp\/v2\/comments?post=186"}],"version-history":[{"count":10,"href":"https:\/\/eventos.ufrrj.br\/workshopfitotecnia\/wp-json\/wp\/v2\/pages\/186\/revisions"}],"predecessor-version":[{"id":353,"href":"https:\/\/eventos.ufrrj.br\/workshopfitotecnia\/wp-json\/wp\/v2\/pages\/186\/revisions\/353"}],"wp:attachment":[{"href":"https:\/\/eventos.ufrrj.br\/workshopfitotecnia\/wp-json\/wp\/v2\/media?parent=186"}],"curies":[{"name":"wp","href":"https:\/\/api.w.org\/{rel}","templated":true}]}}