{"id":185,"date":"2019-11-18T10:57:39","date_gmt":"2019-11-18T13:57:39","guid":{"rendered":"http:\/\/eventos.ufrrj.br\/workshopfitotecnia\/?page_id=185"},"modified":"2019-12-14T15:56:35","modified_gmt":"2019-12-14T18:56:35","slug":"contato-2","status":"publish","type":"page","link":"https:\/\/eventos.ufrrj.br\/workshopfitotecnia\/contato-2\/","title":{"rendered":"Contato"},"content":{"rendered":"<p style=\"text-align: center\"><strong>Anais do II Workshop do PPG-Fitotecnia (Ano: 2019)<\/strong><\/p>\n<p style=\"text-align: center\">ISBN: 978-85-5722-350-9<\/p>\n<p>&nbsp;<\/p>\n<p>&nbsp;<\/p>\n<p style=\"text-align: center\"><strong>CONTATO<\/strong><\/p>\n<p>&nbsp;<\/p>\n<p><em>Programa de P\u00f3s-Gradua\u00e7\u00e3o em Fitotecnia da UFRRJ<\/em><\/p>\n<p>Universidade Federal Rural do Rio de Janeiro \u2013 UFRRJ<br \/>\nInstituto de Agronomia \u2013 Departamento de Fitotecnia<br \/>\nPavilh\u00e3o Gilberto Gastim Pessanha<br \/>\nPrograma de P\u00f3s-gradua\u00e7\u00e3o em Fitotecnia<br \/>\nBR 465, Km 07 \u2013 Serop\u00e9dica, RJ<br \/>\nCEP 23.890-000<\/p>\n<p>E-mails do PPG-Fitotecnia:\u00a0cpgfitotecnia@gmail.com;\u00a0cpgf@ufrrj.br;<br \/>\nTel:\u00a0+55 (21) 3787-3755, ramal: 234 e +55 (21)\u00a02682-2349<\/p>\n<p>Site:\u00a0<a href=\"http:\/\/cursos.ufrrj.br\/posgraduacao\/ppgf\/\">http:\/\/cursos.ufrrj.br\/posgraduacao\/ppgf\/<\/a><\/p>\n<p><img loading=\"lazy\" decoding=\"async\" class=\"alignnone size-medium wp-image-69\" src=\"http:\/\/eventos.ufrrj.br\/workshopfitotecnia\/files\/2019\/06\/logo-fitotecnia-300x66.png\" alt=\"\" width=\"300\" height=\"66\" srcset=\"https:\/\/eventos.ufrrj.br\/workshopfitotecnia\/files\/2019\/06\/logo-fitotecnia-300x66.png 300w, https:\/\/eventos.ufrrj.br\/workshopfitotecnia\/files\/2019\/06\/logo-fitotecnia.png 361w\" sizes=\"auto, (max-width: 300px) 100vw, 300px\" \/><\/p>\n","protected":false},"excerpt":{"rendered":"<p>Anais do II Workshop do PPG-Fitotecnia (Ano: 2019) ISBN: 978-85-5722-350-9 &nbsp; &nbsp; CONTATO &nbsp; Programa de P\u00f3s-Gradua\u00e7\u00e3o em Fitotecnia da <a class=\"read-more\" href=\"https:\/\/eventos.ufrrj.br\/workshopfitotecnia\/contato-2\/ \">&#8230; <i class=\"fa fa-long-arrow-right\"><\/i><\/a><\/p>\n","protected":false},"author":47,"featured_media":0,"parent":0,"menu_order":0,"comment_status":"closed","ping_status":"closed","template":"","meta":{"footnotes":""},"class_list":["post-185","page","type-page","status-publish","hentry"],"_links":{"self":[{"href":"https:\/\/eventos.ufrrj.br\/workshopfitotecnia\/wp-json\/wp\/v2\/pages\/185","targetHints":{"allow":["GET"]}}],"collection":[{"href":"https:\/\/eventos.ufrrj.br\/workshopfitotecnia\/wp-json\/wp\/v2\/pages"}],"about":[{"href":"https:\/\/eventos.ufrrj.br\/workshopfitotecnia\/wp-json\/wp\/v2\/types\/page"}],"author":[{"embeddable":true,"href":"https:\/\/eventos.ufrrj.br\/workshopfitotecnia\/wp-json\/wp\/v2\/users\/47"}],"replies":[{"embeddable":true,"href":"https:\/\/eventos.ufrrj.br\/workshopfitotecnia\/wp-json\/wp\/v2\/comments?post=185"}],"version-history":[{"count":6,"href":"https:\/\/eventos.ufrrj.br\/workshopfitotecnia\/wp-json\/wp\/v2\/pages\/185\/revisions"}],"predecessor-version":[{"id":352,"href":"https:\/\/eventos.ufrrj.br\/workshopfitotecnia\/wp-json\/wp\/v2\/pages\/185\/revisions\/352"}],"wp:attachment":[{"href":"https:\/\/eventos.ufrrj.br\/workshopfitotecnia\/wp-json\/wp\/v2\/media?parent=185"}],"curies":[{"name":"wp","href":"https:\/\/api.w.org\/{rel}","templated":true}]}}