{"id":184,"date":"2019-11-18T10:57:39","date_gmt":"2019-11-18T13:57:39","guid":{"rendered":"http:\/\/eventos.ufrrj.br\/workshopfitotecnia\/?page_id=184"},"modified":"2019-12-12T18:36:14","modified_gmt":"2019-12-12T21:36:14","slug":"corpo-editorial","status":"publish","type":"page","link":"https:\/\/eventos.ufrrj.br\/workshopfitotecnia\/corpo-editorial\/","title":{"rendered":"Expediente"},"content":{"rendered":"<p style=\"text-align: center\"><strong>Anais do II Workshop do PPG-Fitotecnia (Ano: 2019)<\/strong><\/p>\n<p style=\"text-align: center\">ISBN: 978-85-5722-350-9<\/p>\n<p>&nbsp;<\/p>\n<p style=\"text-align: center\"><strong>EXPEDIENTE<\/strong><\/p>\n<p>&nbsp;<\/p>\n<p style=\"text-align: center\">Comiss\u00e3o Organizadora e Apoio<\/p>\n<p style=\"text-align: center\"><em><strong>\u00a0<\/strong>Profa. Dra. Margarida Gor\u00e9te Ferreira do Carmo (Coordenadora do PPG-Fitotecnia)<\/em><\/p>\n<p style=\"text-align: center\"><em>Prof. Dr. Rog\u00e9rio Gomes P\u00eago (Coordenador do evento)<\/em><\/p>\n<p style=\"text-align: center\"><em>MSc. Carlos Ant\u00f4nio dos Santos (Representante dos Discentes)<\/em><\/p>\n<p style=\"text-align: center\"><em>C\u00edntia Luiza Batalha Xavier<\/em><\/p>\n<p style=\"text-align: center\"><em>D\u00e9bora Maria Santos Alves<\/em><\/p>\n<p style=\"text-align: center\"><em>Erika da Costa Fernandes<\/em><\/p>\n<p style=\"text-align: center\"><em>Gustavo Feitosa de Matos<\/em><\/p>\n<p style=\"text-align: center\"><em>St\u00e9fanny Aparecida Ribeiro<\/em><\/p>\n<p style=\"text-align: center\"><em>Tatiana de Oliveira Pinto<\/em><\/p>\n<p style=\"text-align: center\"><em>Tatiane Dantas Garcez<\/em><\/p>\n<p style=\"text-align: center\"><em>Thamara Peixoto Mendon\u00e7a<\/em><\/p>\n<p style=\"text-align: center\"><em>Thiago Sampaio de Souza<\/em><\/p>\n<p><em><strong>\u00a0<\/strong><\/em><\/p>\n<p style=\"text-align: center\">Comiss\u00e3o Cient\u00edfica<\/p>\n<p style=\"text-align: center\"><em>Prof. Dr. Rog\u00e9rio Gomes P\u00eago (Coordenador)<\/em><\/p>\n<p style=\"text-align: center\"><em>Prof. Dr. Alexandre Porto Salmi<\/em><\/p>\n<p style=\"text-align: center\"><em>Prof. Dr. Aroldo Ferreira Lopes Machado<\/em><\/p>\n<p style=\"text-align: center\"><em>Prof<sup>a<\/sup>. Dr<sup>a<\/sup> Bruna Rafaela da Silva Menezes<\/em><\/p>\n<p style=\"text-align: center\"><em>Prof<sup>a<\/sup>. Dr<sup>a<\/sup> Elen de Lima Aguiar Menezes<\/em><\/p>\n<p style=\"text-align: center\"><em>Dr. Junior Borella (Bolsista PNPD Capes)<\/em><\/p>\n<p style=\"text-align: center\"><em>Prof. Dr. Luiz Aur\u00e9lio Peres Martelleto<\/em><\/p>\n<div id=\"rso\">\n<div class=\"bkWMgd\">\n<p class=\"bNg8Rb\" style=\"text-align: center\"><em>Prof\u00aa Dr\u00aa Regina Celi Cavestre Coneglian<\/em><\/p>\n<div class=\"srg\">\n<div class=\"g\">\n<div>\n<div class=\"rc\">\n<div class=\"r\"><\/div>\n<\/div>\n<\/div>\n<\/div>\n<\/div>\n<\/div>\n<\/div>\n<p>&nbsp;<\/p>\n<p style=\"text-align: center\">Organiza\u00e7\u00e3o<\/p>\n<p style=\"text-align: center\"><em>Programa de P\u00f3s-Gradua\u00e7\u00e3o em Fitotecnia da UFRRJ<\/em><\/p>\n<p>&nbsp;<\/p>\n<p style=\"text-align: center\">Endere\u00e7o:<\/p>\n<p style=\"text-align: center\"><em>Universidade Federal Rural do Rio de Janeiro \u2013 UFRRJ<\/em><br \/>\n<em>Instituto de Agronomia \u2013 Departamento de Fitotecnia<\/em><br \/>\n<em>Pavilh\u00e3o Gilberto Gastim Pessanha<\/em><br \/>\n<em>Programa de P\u00f3s-gradua\u00e7\u00e3o em Fitotecnia<\/em><br \/>\n<em>BR 465, Km 07 \u2013 Serop\u00e9dica, RJ<\/em><br \/>\n<em>CEP 23.890-000<\/em><\/p>\n<p style=\"text-align: center\"><em>E-mails do PPG-Fitotecnia:\u00a0cpgfitotecnia@gmail.com;\u00a0cpgf@ufrrj.br;<\/em><br \/>\n<em>Tel:\u00a0+55 (21) 3787-3755, ramal: 234 e +55 (21)\u00a02682-2349<\/em><\/p>\n<p style=\"text-align: center\"><em>Site:\u00a0<a href=\"http:\/\/cursos.ufrrj.br\/posgraduacao\/ppgf\/\">http:\/\/cursos.ufrrj.br\/posgraduacao\/ppgf\/<\/a><\/em><\/p>\n<p>&nbsp;<\/p>\n<p><img loading=\"lazy\" decoding=\"async\" class=\"size-medium wp-image-69 aligncenter\" src=\"http:\/\/eventos.ufrrj.br\/workshopfitotecnia\/files\/2019\/06\/logo-fitotecnia-300x66.png\" alt=\"\" width=\"300\" height=\"66\" srcset=\"https:\/\/eventos.ufrrj.br\/workshopfitotecnia\/files\/2019\/06\/logo-fitotecnia-300x66.png 300w, https:\/\/eventos.ufrrj.br\/workshopfitotecnia\/files\/2019\/06\/logo-fitotecnia.png 361w\" sizes=\"auto, (max-width: 300px) 100vw, 300px\" \/><\/p>\n","protected":false},"excerpt":{"rendered":"<p>Anais do II Workshop do PPG-Fitotecnia (Ano: 2019) ISBN: 978-85-5722-350-9 &nbsp; EXPEDIENTE &nbsp; Comiss\u00e3o Organizadora e Apoio \u00a0Profa. Dra. Margarida <a class=\"read-more\" href=\"https:\/\/eventos.ufrrj.br\/workshopfitotecnia\/corpo-editorial\/ \">&#8230; <i class=\"fa fa-long-arrow-right\"><\/i><\/a><\/p>\n","protected":false},"author":47,"featured_media":0,"parent":0,"menu_order":0,"comment_status":"closed","ping_status":"closed","template":"","meta":{"footnotes":""},"class_list":["post-184","page","type-page","status-publish","hentry"],"_links":{"self":[{"href":"https:\/\/eventos.ufrrj.br\/workshopfitotecnia\/wp-json\/wp\/v2\/pages\/184","targetHints":{"allow":["GET"]}}],"collection":[{"href":"https:\/\/eventos.ufrrj.br\/workshopfitotecnia\/wp-json\/wp\/v2\/pages"}],"about":[{"href":"https:\/\/eventos.ufrrj.br\/workshopfitotecnia\/wp-json\/wp\/v2\/types\/page"}],"author":[{"embeddable":true,"href":"https:\/\/eventos.ufrrj.br\/workshopfitotecnia\/wp-json\/wp\/v2\/users\/47"}],"replies":[{"embeddable":true,"href":"https:\/\/eventos.ufrrj.br\/workshopfitotecnia\/wp-json\/wp\/v2\/comments?post=184"}],"version-history":[{"count":10,"href":"https:\/\/eventos.ufrrj.br\/workshopfitotecnia\/wp-json\/wp\/v2\/pages\/184\/revisions"}],"predecessor-version":[{"id":282,"href":"https:\/\/eventos.ufrrj.br\/workshopfitotecnia\/wp-json\/wp\/v2\/pages\/184\/revisions\/282"}],"wp:attachment":[{"href":"https:\/\/eventos.ufrrj.br\/workshopfitotecnia\/wp-json\/wp\/v2\/media?parent=184"}],"curies":[{"name":"wp","href":"https:\/\/api.w.org\/{rel}","templated":true}]}}