{"id":176,"date":"2019-11-18T08:55:21","date_gmt":"2019-11-18T11:55:21","guid":{"rendered":"http:\/\/eventos.ufrrj.br\/workshopfitotecnia\/?page_id=176"},"modified":"2020-08-27T13:43:55","modified_gmt":"2020-08-27T16:43:55","slug":"anaisworkshop2019","status":"publish","type":"page","link":"https:\/\/eventos.ufrrj.br\/workshopfitotecnia\/anaisworkshop2019\/","title":{"rendered":"Anais do II Workshop do PPG-Fitotecnia"},"content":{"rendered":"<p><span style=\"color: #008000\"><img loading=\"lazy\" decoding=\"async\" class=\"wp-image-345 alignleft\" src=\"http:\/\/eventos.ufrrj.br\/workshopfitotecnia\/files\/2019\/12\/FotoPerfil-Copia-233x300.jpg\" alt=\"\" width=\"311\" height=\"400\" srcset=\"https:\/\/eventos.ufrrj.br\/workshopfitotecnia\/files\/2019\/12\/FotoPerfil-Copia-233x300.jpg 233w, https:\/\/eventos.ufrrj.br\/workshopfitotecnia\/files\/2019\/12\/FotoPerfil-Copia-768x989.jpg 768w, https:\/\/eventos.ufrrj.br\/workshopfitotecnia\/files\/2019\/12\/FotoPerfil-Copia-796x1024.jpg 796w, https:\/\/eventos.ufrrj.br\/workshopfitotecnia\/files\/2019\/12\/FotoPerfil-Copia.jpg 1591w\" sizes=\"auto, (max-width: 311px) 100vw, 311px\" \/><\/span><\/p>\n<p>&nbsp;<\/p>\n<h4><span style=\"color: #333333\"><strong><a style=\"color: #333333\" href=\"http:\/\/eventos.ufrrj.br\/workshopfitotecnia\/apresentacao-2\/\" target=\"_blank\" rel=\"noopener\">Apresenta\u00e7\u00e3o<\/a><\/strong><\/span><\/h4>\n<p>&nbsp;<\/p>\n<h4><span style=\"color: #333333\"><strong><a style=\"color: #333333\" href=\"http:\/\/eventos.ufrrj.br\/workshopfitotecnia\/corpo-editorial\/\" target=\"_blank\" rel=\"noopener\">Expediente<\/a><\/strong><\/span><\/h4>\n<p>&nbsp;<\/p>\n<h4><span style=\"color: #333333\"><strong><a style=\"color: #333333\" href=\"http:\/\/eventos.ufrrj.br\/workshopfitotecnia\/normas-para-publicacao\/\" target=\"_blank\" rel=\"noopener\">Normas<\/a><\/strong><\/span><\/h4>\n<p>&nbsp;<\/p>\n<h4><span style=\"color: #333333\"><strong><a style=\"color: #333333\" href=\"http:\/\/eventos.ufrrj.br\/workshopfitotecnia\/ficha-catalografica\/\" target=\"_blank\" rel=\"noopener\">Ficha catalogr\u00e1fica<\/a><\/strong><\/span><\/h4>\n<p>&nbsp;<\/p>\n<h4><span style=\"color: #333333\"><strong><a style=\"color: #333333\" href=\"http:\/\/eventos.ufrrj.br\/workshopfitotecnia\/anaisiiworkshop\/\" target=\"_blank\" rel=\"noopener\">RESUMOS<\/a><\/strong><\/span><\/h4>\n<p>&nbsp;<\/p>\n<h4><span style=\"color: #333333\"><strong><a style=\"color: #333333\" href=\"http:\/\/eventos.ufrrj.br\/workshopfitotecnia\/edicoes-anteriores\/\" target=\"_blank\" rel=\"noopener\">Edi\u00e7\u00f5es anteriores<\/a><\/strong><\/span><\/h4>\n<p>&nbsp;<\/p>\n<h4><span style=\"color: #333333\"><strong><a style=\"color: #333333\" href=\"http:\/\/eventos.ufrrj.br\/workshopfitotecnia\/contato-2\/\" target=\"_blank\" rel=\"noopener\">Contato<\/a><\/strong><\/span><\/h4>\n<h4><\/h4>\n<p>&nbsp;<\/p>\n<p>&nbsp;<\/p>\n","protected":false},"excerpt":{"rendered":"<p>&nbsp; Apresenta\u00e7\u00e3o &nbsp; Expediente &nbsp; Normas &nbsp; Ficha catalogr\u00e1fica &nbsp; RESUMOS &nbsp; Edi\u00e7\u00f5es anteriores &nbsp; Contato &nbsp; &nbsp;<\/p>\n","protected":false},"author":47,"featured_media":0,"parent":0,"menu_order":0,"comment_status":"closed","ping_status":"closed","template":"","meta":{"footnotes":""},"class_list":["post-176","page","type-page","status-publish","hentry"],"_links":{"self":[{"href":"https:\/\/eventos.ufrrj.br\/workshopfitotecnia\/wp-json\/wp\/v2\/pages\/176","targetHints":{"allow":["GET"]}}],"collection":[{"href":"https:\/\/eventos.ufrrj.br\/workshopfitotecnia\/wp-json\/wp\/v2\/pages"}],"about":[{"href":"https:\/\/eventos.ufrrj.br\/workshopfitotecnia\/wp-json\/wp\/v2\/types\/page"}],"author":[{"embeddable":true,"href":"https:\/\/eventos.ufrrj.br\/workshopfitotecnia\/wp-json\/wp\/v2\/users\/47"}],"replies":[{"embeddable":true,"href":"https:\/\/eventos.ufrrj.br\/workshopfitotecnia\/wp-json\/wp\/v2\/comments?post=176"}],"version-history":[{"count":12,"href":"https:\/\/eventos.ufrrj.br\/workshopfitotecnia\/wp-json\/wp\/v2\/pages\/176\/revisions"}],"predecessor-version":[{"id":379,"href":"https:\/\/eventos.ufrrj.br\/workshopfitotecnia\/wp-json\/wp\/v2\/pages\/176\/revisions\/379"}],"wp:attachment":[{"href":"https:\/\/eventos.ufrrj.br\/workshopfitotecnia\/wp-json\/wp\/v2\/media?parent=176"}],"curies":[{"name":"wp","href":"https:\/\/api.w.org\/{rel}","templated":true}]}}