{"id":13,"date":"2019-06-12T15:11:31","date_gmt":"2019-06-12T18:11:31","guid":{"rendered":"http:\/\/eventos.ufrrj.br\/workshopfitotecnia\/?page_id=13"},"modified":"2022-04-29T08:56:49","modified_gmt":"2022-04-29T11:56:49","slug":"inscricoes","status":"publish","type":"page","link":"https:\/\/eventos.ufrrj.br\/workshopfitotecnia\/inscricoes\/","title":{"rendered":"Inscri\u00e7\u00f5es"},"content":{"rendered":"<p>Abaixo constam os links para inscri\u00e7\u00f5es gratuitas nas atividades do IV Workshop do PPG-Fitotecnia (2022)<\/p>\n<p>Inscri\u00e7\u00e3o geral no evento (palestras): <a href=\"https:\/\/www.even3.com.br\/fitotecnia2022\/\">https:\/\/www.even3.com.br\/fitotecnia2022\/<\/a><\/p>\n<p>Inscri\u00e7\u00e3o Minicurso de Divulga\u00e7\u00e3o cient\u00edfica: <a href=\"https:\/\/www.even3.com.br\/divulgacaocientifica\/\">https:\/\/www.even3.com.br\/divulgacaocientifica\/<\/a><\/p>\n<p>Inscri\u00e7\u00e3o Minicurso de An\u00e1lise de fluoresc\u00eancia transiente da clorofila a em plantas: <a href=\"https:\/\/www.even3.com.br\/fluorescencia\/\">https:\/\/www.even3.com.br\/fluorescencia\/<\/a><\/p>\n<p>&nbsp;<\/p>\n<p>&nbsp;<\/p>\n<p>&nbsp;<\/p>\n<p>&nbsp;<\/p>\n","protected":false},"excerpt":{"rendered":"<p>Abaixo constam os links para inscri\u00e7\u00f5es gratuitas nas atividades do IV Workshop do PPG-Fitotecnia (2022) Inscri\u00e7\u00e3o geral no evento (palestras): <a class=\"read-more\" href=\"https:\/\/eventos.ufrrj.br\/workshopfitotecnia\/inscricoes\/ \">&#8230; <i class=\"fa fa-long-arrow-right\"><\/i><\/a><\/p>\n","protected":false},"author":25,"featured_media":0,"parent":0,"menu_order":0,"comment_status":"closed","ping_status":"closed","template":"","meta":{"footnotes":""},"class_list":["post-13","page","type-page","status-publish","hentry"],"_links":{"self":[{"href":"https:\/\/eventos.ufrrj.br\/workshopfitotecnia\/wp-json\/wp\/v2\/pages\/13","targetHints":{"allow":["GET"]}}],"collection":[{"href":"https:\/\/eventos.ufrrj.br\/workshopfitotecnia\/wp-json\/wp\/v2\/pages"}],"about":[{"href":"https:\/\/eventos.ufrrj.br\/workshopfitotecnia\/wp-json\/wp\/v2\/types\/page"}],"author":[{"embeddable":true,"href":"https:\/\/eventos.ufrrj.br\/workshopfitotecnia\/wp-json\/wp\/v2\/users\/25"}],"replies":[{"embeddable":true,"href":"https:\/\/eventos.ufrrj.br\/workshopfitotecnia\/wp-json\/wp\/v2\/comments?post=13"}],"version-history":[{"count":26,"href":"https:\/\/eventos.ufrrj.br\/workshopfitotecnia\/wp-json\/wp\/v2\/pages\/13\/revisions"}],"predecessor-version":[{"id":508,"href":"https:\/\/eventos.ufrrj.br\/workshopfitotecnia\/wp-json\/wp\/v2\/pages\/13\/revisions\/508"}],"wp:attachment":[{"href":"https:\/\/eventos.ufrrj.br\/workshopfitotecnia\/wp-json\/wp\/v2\/media?parent=13"}],"curies":[{"name":"wp","href":"https:\/\/api.w.org\/{rel}","templated":true}]}}