{"id":11,"date":"2019-06-12T15:11:21","date_gmt":"2019-06-12T18:11:21","guid":{"rendered":"http:\/\/eventos.ufrrj.br\/workshopfitotecnia\/?page_id=11"},"modified":"2022-04-01T15:17:35","modified_gmt":"2022-04-01T18:17:35","slug":"contato","status":"publish","type":"page","link":"https:\/\/eventos.ufrrj.br\/workshopfitotecnia\/contato\/","title":{"rendered":"Contato"},"content":{"rendered":"<p>IV Workshop do PPG-Fitotecnia (2022)<\/p>\n<p>E-mail de contato:\u00a0<strong>workshopfito2022@gmail.com<\/strong><\/p>\n<p>Instagram: <a href=\"https:\/\/www.instagram.com\/fitotecniaufrrj\/?hl=pt-br\">@fitotecniaufrrj<\/a><\/p>\n<p>&nbsp;<\/p>\n<p>Conhe\u00e7a o Programa de P\u00f3s-Gradua\u00e7\u00e3o em Fitotecnia da UFRRJ:<\/p>\n<p>Universidade Federal Rural do Rio de Janeiro \u2013 UFRRJ<br \/>\nInstituto de Agronomia \u2013 Departamento de Fitotecnia<br \/>\nPavilh\u00e3o Gilberto Gastim Pessanha<br \/>\nPrograma de P\u00f3s-gradua\u00e7\u00e3o em Fitotecnia<br \/>\nBR 465, Km 07 \u2013 Serop\u00e9dica, RJ<br \/>\nCEP 23.890-000<\/p>\n<p>E-mails do PPG-Fitotecnia:\u00a0cpgfitotecnia@gmail.com;\u00a0cpgf@ufrrj.br;<br \/>\nTel:\u00a0+55 (21) 3787-3755, ramal: 234 e +55 (21)\u00a02682-2349<\/p>\n<p>Site:\u00a0<a href=\"http:\/\/cursos.ufrrj.br\/posgraduacao\/ppgf\/\">http:\/\/cursos.ufrrj.br\/posgraduacao\/ppgf\/<\/a><\/p>\n<p><img loading=\"lazy\" decoding=\"async\" class=\"alignnone size-medium wp-image-69\" src=\"http:\/\/eventos.ufrrj.br\/workshopfitotecnia\/files\/2019\/06\/logo-fitotecnia-300x66.png\" alt=\"\" width=\"300\" height=\"66\" srcset=\"https:\/\/eventos.ufrrj.br\/workshopfitotecnia\/files\/2019\/06\/logo-fitotecnia-300x66.png 300w, https:\/\/eventos.ufrrj.br\/workshopfitotecnia\/files\/2019\/06\/logo-fitotecnia.png 361w\" sizes=\"auto, (max-width: 300px) 100vw, 300px\" \/><\/p>\n<p>&nbsp;<\/p>\n","protected":false},"excerpt":{"rendered":"<p>IV Workshop do PPG-Fitotecnia (2022) E-mail de contato:\u00a0workshopfito2022@gmail.com Instagram: @fitotecniaufrrj &nbsp; Conhe\u00e7a o Programa de P\u00f3s-Gradua\u00e7\u00e3o em Fitotecnia da UFRRJ: <a class=\"read-more\" href=\"https:\/\/eventos.ufrrj.br\/workshopfitotecnia\/contato\/ \">&#8230; <i class=\"fa fa-long-arrow-right\"><\/i><\/a><\/p>\n","protected":false},"author":25,"featured_media":0,"parent":0,"menu_order":0,"comment_status":"closed","ping_status":"closed","template":"","meta":{"footnotes":""},"class_list":["post-11","page","type-page","status-publish","hentry"],"_links":{"self":[{"href":"https:\/\/eventos.ufrrj.br\/workshopfitotecnia\/wp-json\/wp\/v2\/pages\/11","targetHints":{"allow":["GET"]}}],"collection":[{"href":"https:\/\/eventos.ufrrj.br\/workshopfitotecnia\/wp-json\/wp\/v2\/pages"}],"about":[{"href":"https:\/\/eventos.ufrrj.br\/workshopfitotecnia\/wp-json\/wp\/v2\/types\/page"}],"author":[{"embeddable":true,"href":"https:\/\/eventos.ufrrj.br\/workshopfitotecnia\/wp-json\/wp\/v2\/users\/25"}],"replies":[{"embeddable":true,"href":"https:\/\/eventos.ufrrj.br\/workshopfitotecnia\/wp-json\/wp\/v2\/comments?post=11"}],"version-history":[{"count":8,"href":"https:\/\/eventos.ufrrj.br\/workshopfitotecnia\/wp-json\/wp\/v2\/pages\/11\/revisions"}],"predecessor-version":[{"id":481,"href":"https:\/\/eventos.ufrrj.br\/workshopfitotecnia\/wp-json\/wp\/v2\/pages\/11\/revisions\/481"}],"wp:attachment":[{"href":"https:\/\/eventos.ufrrj.br\/workshopfitotecnia\/wp-json\/wp\/v2\/media?parent=11"}],"curies":[{"name":"wp","href":"https:\/\/api.w.org\/{rel}","templated":true}]}}