{"id":20,"date":"2019-10-30T09:42:18","date_gmt":"2019-10-30T12:42:18","guid":{"rendered":"http:\/\/eventos.ufrrj.br\/sipibid-siresp\/?page_id=20"},"modified":"2019-11-06T14:32:19","modified_gmt":"2019-11-06T17:32:19","slug":"inscricao-e-submissao","status":"publish","type":"page","link":"https:\/\/eventos.ufrrj.br\/sipibid-siresp\/inscricao-e-submissao\/","title":{"rendered":"Inscri\u00e7\u00e3o e Submiss\u00e3o"},"content":{"rendered":"<p>&nbsp;<br \/>\nI) Inscri\u00e7\u00e3o e Submiss\u00e3o<br \/>\nA participa\u00e7\u00e3o no V Semin\u00e1rio Institucional do PIBID (SIPIBID) e o I Semin\u00e1rio Institucional do Programa Resid\u00eancia Pedag\u00f3gica da UFRRJ (SIRESP). Experi\u00eancias Inovadoras nas Pr\u00e1ticas Docentes do PIBID e RP da UFRRJ poder\u00e1 ser feita a partir das seguintes modalidades de inscri\u00e7\u00f5es:<\/p>\n<p>Com apresenta\u00e7\u00e3o de trabalho:<br \/>\n&nbsp;   \u2022 Exposi\u00e7\u00e3o oral nas Sess\u00f5es de Experi\u00eancias Exitosas dos N\u00facleos de Subprojetos (2 exposi\u00e7\u00f5es por n\u00facleo de subprojeto definidas pelo coordenador de \u00e1rea e pelo docente orientador);<br \/>\n&nbsp;   \u2022 Exposi\u00e7\u00e3o na Mostra de Materiais Did\u00e1ticos e Pr\u00e1ticas Educativas.<\/p>\n<p>Sem apresenta\u00e7\u00e3o de trabalho:<br \/>\n&nbsp;   \u2022 Ouvinte.<\/p>\n<p>&nbsp;<br \/>\nII) Da inscri\u00e7\u00e3o em Exposi\u00e7\u00e3o oral nas Sess\u00f5es de Experi\u00eancias Exitosas dos N\u00facleos de Subprojetos<br \/>\nAs propostas para as modalidades de inscri\u00e7\u00e3o Exposi\u00e7\u00e3o oral nas Sess\u00f5es de Experi\u00eancias Exitosas dos N\u00facleos de Subprojetos devem estar vinculadas a um dos seguintes eixos tem\u00e1ticos e podem ter at\u00e9 seis co-autores.<\/p>\n<table border=\"1\">\n<tr>\n<td>1 &#8211; FORMA\u00c7\u00c3O DOCENTE E PR\u00c1TICAS PEDAG\u00d3GICAS EXITOSAS<\/td>\n<\/tr>\n<tr>\n<td>2 &#8211; DIVERSIDADE, INCLUS\u00c3O E PR\u00c1TICAS EDUCATIVAS<\/td>\n<\/tr>\n<tr>\n<td>3 &#8211; SABERES, COTIDIANO ESCOLAR E FORMA\u00c7\u00c3O<\/td>\n<\/tr>\n<tr>\n<td>4 &#8211; POL\u00cdTICAS P\u00daBLICAS DE FORMA\u00c7\u00c3O DOCENTE E PR\u00c1TICA CIDAD\u00c3<\/td>\n<\/tr>\n<tr>\n<td>5 &#8211; FORMA\u00c7\u00c3O DOCENTE E PR\u00c1TICAS PEDAG\u00d3GICAS EXITOSAS<\/td>\n<\/tr>\n<tr>\n<td>6 &#8211; PERCEP\u00c7\u00d5ES E APREENS\u00d5ES DO ESPA\u00c7O ESCOLAR: DILEMAS E QUEST\u00d5ES<\/td>\n<\/tr>\n<tr>\n<td>7 &#8211; COMPONENTES CURRICULARES E PR\u00c1TICAS EDUCATIVAS<\/td>\n<\/tr>\n<tr>\n<td>8 &#8211; EDUCA\u00c7\u00c3O, MEIO AMBIENTE E SUSTENTABILIDADE<\/td>\n<\/tr>\n<tr>\n<td>9 &#8211; PROCESSOS AVALIATIVOS, APRENDIZAGEM E FORMA\u00c7\u00c3O DOCENTE<\/td>\n<\/tr>\n<tr>\n<td>10 &#8211; RP E PIBID COMO ESPA\u00c7O DE FORMA\u00c7\u00c3O DOCENTE<\/td>\n<\/tr>\n<tr>\n<td>11 &#8211; EDUCA\u00c7\u00c3O, ARTE E CULTURA NA CONSTITUI\u00c7\u00c3O DA PR\u00c1TICA DOCENTE<\/td>\n<\/tr>\n<tr>\n<td>12 &#8211; BNCC E FORMA\u00c7\u00c3O DOCENTE<\/td>\n<\/tr>\n<\/table>\n<p>&nbsp;<br \/>\n<br \/>\nIII) Da inscri\u00e7\u00e3o em Exposi\u00e7\u00e3o na Mostra de Materiais Did\u00e1ticos e Pr\u00e1ticas Educativas<br \/>\nAs propostas para as modalidades de inscri\u00e7\u00e3o Exposi\u00e7\u00e3o na Mostra de Materiais Did\u00e1ticos e Pr\u00e1ticas Educativas podem ter at\u00e9 seis co-autores.<\/p>\n<p>As inscri\u00e7\u00f5es, com ou sem apresenta\u00e7\u00e3o de trabalho, ser\u00e3o realizadas, estritamente, dentro dos prazos fixados pela Comiss\u00e3o Organizadora.<\/p>\n","protected":false},"excerpt":{"rendered":"<p>&nbsp; I) Inscri\u00e7\u00e3o e Submiss\u00e3o A participa\u00e7\u00e3o no V Semin\u00e1rio Institucional do PIBID (SIPIBID) e o I Semin\u00e1rio Institucional do <a class=\"read-more\" href=\"https:\/\/eventos.ufrrj.br\/sipibid-siresp\/inscricao-e-submissao\/ \" >&#8230; <span class=\"font-italic\">leia mais <i class=\"fas fa-angle-right\"><\/i><\/span><\/a><\/p>\n","protected":false},"author":25,"featured_media":0,"parent":0,"menu_order":0,"comment_status":"closed","ping_status":"closed","template":"","meta":{"footnotes":""},"class_list":["post-20","page","type-page","status-publish","hentry"],"_links":{"self":[{"href":"https:\/\/eventos.ufrrj.br\/sipibid-siresp\/wp-json\/wp\/v2\/pages\/20","targetHints":{"allow":["GET"]}}],"collection":[{"href":"https:\/\/eventos.ufrrj.br\/sipibid-siresp\/wp-json\/wp\/v2\/pages"}],"about":[{"href":"https:\/\/eventos.ufrrj.br\/sipibid-siresp\/wp-json\/wp\/v2\/types\/page"}],"author":[{"embeddable":true,"href":"https:\/\/eventos.ufrrj.br\/sipibid-siresp\/wp-json\/wp\/v2\/users\/25"}],"replies":[{"embeddable":true,"href":"https:\/\/eventos.ufrrj.br\/sipibid-siresp\/wp-json\/wp\/v2\/comments?post=20"}],"version-history":[{"count":5,"href":"https:\/\/eventos.ufrrj.br\/sipibid-siresp\/wp-json\/wp\/v2\/pages\/20\/revisions"}],"predecessor-version":[{"id":90,"href":"https:\/\/eventos.ufrrj.br\/sipibid-siresp\/wp-json\/wp\/v2\/pages\/20\/revisions\/90"}],"wp:attachment":[{"href":"https:\/\/eventos.ufrrj.br\/sipibid-siresp\/wp-json\/wp\/v2\/media?parent=20"}],"curies":[{"name":"wp","href":"https:\/\/api.w.org\/{rel}","templated":true}]}}