{"id":16,"date":"2019-10-30T09:41:49","date_gmt":"2019-10-30T12:41:49","guid":{"rendered":"http:\/\/eventos.ufrrj.br\/sipibid-siresp\/?page_id=16"},"modified":"2019-11-12T13:43:12","modified_gmt":"2019-11-12T16:43:12","slug":"datas-importantes","status":"publish","type":"page","link":"https:\/\/eventos.ufrrj.br\/sipibid-siresp\/datas-importantes\/","title":{"rendered":"Datas Importantes"},"content":{"rendered":"<p>&nbsp;<\/p>\n<table border=\"1\">\n<tr>\n<th colspan=\"3\">PER\u00cdODO DE INSCRI\u00c7\u00c3O E SUBMISS\u00c3O DE TRABALHOS<\/th>\n<\/tr>\n<tr>\n<th><\/th>\n<td><strong>Como Ouvinte sem Apresenta\u00e7\u00e3o de Trabalhos<\/strong><\/td>\n<td>At\u00e9 <del> 13 <\/del> 16 de novembro de 2019<\/td>\n<\/tr>\n<tr>\n<th><\/th>\n<td><strong>Para Submiss\u00e3o como Proponente de Trabalhos em Sess\u00e3o de Experi\u00eancias Exitosas dos N\u00facleos de Subprojetos<\/strong><\/td>\n<td>17 a 31 de outubro 2019<\/td>\n<\/tr>\n<tr>\n<th><\/th>\n<td><strong>Para Submiss\u00e3o como Proponente de Mostra de Materiais Did\u00e1ticos e Pr\u00e1ticas Educativas<\/strong><\/td>\n<td>16 a 31 de outubro\u00a0de 2019<\/td>\n<\/tr>\n<\/table>\n","protected":false},"excerpt":{"rendered":"<p>&nbsp; PER\u00cdODO DE INSCRI\u00c7\u00c3O E SUBMISS\u00c3O DE TRABALHOS Como Ouvinte sem Apresenta\u00e7\u00e3o de Trabalhos At\u00e9 13 16 de novembro de <a class=\"read-more\" href=\"https:\/\/eventos.ufrrj.br\/sipibid-siresp\/datas-importantes\/ \" >&#8230; <span class=\"font-italic\">leia mais <i class=\"fas fa-angle-right\"><\/i><\/span><\/a><\/p>\n","protected":false},"author":25,"featured_media":0,"parent":0,"menu_order":0,"comment_status":"closed","ping_status":"closed","template":"","meta":{"footnotes":""},"class_list":["post-16","page","type-page","status-publish","hentry"],"_links":{"self":[{"href":"https:\/\/eventos.ufrrj.br\/sipibid-siresp\/wp-json\/wp\/v2\/pages\/16","targetHints":{"allow":["GET"]}}],"collection":[{"href":"https:\/\/eventos.ufrrj.br\/sipibid-siresp\/wp-json\/wp\/v2\/pages"}],"about":[{"href":"https:\/\/eventos.ufrrj.br\/sipibid-siresp\/wp-json\/wp\/v2\/types\/page"}],"author":[{"embeddable":true,"href":"https:\/\/eventos.ufrrj.br\/sipibid-siresp\/wp-json\/wp\/v2\/users\/25"}],"replies":[{"embeddable":true,"href":"https:\/\/eventos.ufrrj.br\/sipibid-siresp\/wp-json\/wp\/v2\/comments?post=16"}],"version-history":[{"count":6,"href":"https:\/\/eventos.ufrrj.br\/sipibid-siresp\/wp-json\/wp\/v2\/pages\/16\/revisions"}],"predecessor-version":[{"id":96,"href":"https:\/\/eventos.ufrrj.br\/sipibid-siresp\/wp-json\/wp\/v2\/pages\/16\/revisions\/96"}],"wp:attachment":[{"href":"https:\/\/eventos.ufrrj.br\/sipibid-siresp\/wp-json\/wp\/v2\/media?parent=16"}],"curies":[{"name":"wp","href":"https:\/\/api.w.org\/{rel}","templated":true}]}}