{"id":14,"date":"2019-10-30T09:41:31","date_gmt":"2019-10-30T12:41:31","guid":{"rendered":"http:\/\/eventos.ufrrj.br\/sipibid-siresp\/?page_id=14"},"modified":"2019-11-06T16:13:47","modified_gmt":"2019-11-06T19:13:47","slug":"o-evento","status":"publish","type":"page","link":"https:\/\/eventos.ufrrj.br\/sipibid-siresp\/","title":{"rendered":"O Evento"},"content":{"rendered":"<p>&nbsp;<br \/>\n<div id=\"metaslider-id-5\" style=\"max-width: 1300px;\" class=\"ml-slider-3-107-0 metaslider metaslider-flex metaslider-5 ml-slider has-dots-nav ms-theme-default\" role=\"region\" aria-label=\"New Slideshow\" data-height=\"300\" data-width=\"1300\">\n    <div id=\"metaslider_container_5\">\n        <div id=\"metaslider_5\">\n            <ul class='slides'>\n                <li style=\"display: block; width: 100%;\" class=\"slide-87 ms-image \" aria-roledescription=\"slide\" data-date=\"2019-11-05 11:46:48\" data-filename=\"banner_vsipibid-isiresp.jpg\" data-slide-type=\"image\"><img loading=\"lazy\" decoding=\"async\" src=\"https:\/\/eventos.ufrrj.br\/sipibid-siresp\/files\/2019\/11\/banner_vsipibid-isiresp.jpg\" height=\"300\" width=\"1300\" alt=\"\" class=\"slider-5 slide-87 msDefaultImage\" title=\"banner_vsipibid-isiresp\" \/><\/li>\n            <\/ul>\n        <\/div>\n        \n    <\/div>\n<\/div><\/p>\n<h5 class=\"western\" style=\"text-align: left\" align=\"center\"><strong>V SEMIN\u00c1RIO INSTITUCIONAL DO PIBID DA UFRRJ (SIPIBID) E O I SEMIN\u00c1RIO INSTITUCIONAL DO PROGRAMA RESID\u00caNCIA PEDAG\u00d3GICA DA UFRRJ (SIRESP)<\/strong><\/h5>\n<p style=\"text-align: left\" align=\"center\"><strong>Experi\u00eancias Inovaras nas Pr\u00e1ticas Docentes do PIBID e RP da UFRRJ<\/strong><\/p>\n<p class=\"western\" align=\"justify\"><span style=\"font-family: Arial, sans-serif\"><span style=\"font-size: medium\">O <\/span><\/span><span style=\"font-family: Arial, sans-serif\"><span style=\"font-size: medium\"><i>V Semin\u00e1rio Institucional do PIBID (SIPIBID) e o I Semin\u00e1rio Institucional do Programa Resid\u00eancia Pedag\u00f3gica da UFRRJ (SIRESP). Experi\u00eancias Inovadoras nas Pr\u00e1ticas Docentes do PIBID e RP da UFRRJ <\/i><\/span><\/span><span style=\"font-family: Arial, sans-serif\"><span style=\"font-size: medium\">ser\u00e1 realizado nos dias 18 e 19 de novembro de 2019, na UFRRJ, no Campus de Serop\u00e9dica, no Pavilh\u00e3o Central. O evento se volta para a reflex\u00e3o, difus\u00e3o e socializa\u00e7\u00e3o de pr\u00e1ticas de forma\u00e7\u00e3o docente promovida e desenvolvida pelos Programas Institucionais de Forma\u00e7\u00e3o Docente PIBID e RP da UFRRJ. Configura-se, portanto, <\/span><\/span><span style=\"font-family: Arial, sans-serif\"><span style=\"font-size: medium\">como espa\u00e7o privilegiado para discutir o papel e a import\u00e2ncia da forma\u00e7\u00e3o inicial e continuada no atual cen\u00e1rio pol\u00edtico brasileiro.<\/span><\/span><\/p>\n<p class=\"western\" align=\"justify\"><span style=\"font-family: Arial, sans-serif\"><span style=\"font-size: medium\">As atividades que ser\u00e3o desenvolvidas visam <\/span><\/span><span style=\"font-family: Arial, sans-serif\"><span style=\"font-size: medium\">contribuir para a troca de experi\u00eancias metodol\u00f3gicas, tecnol\u00f3gicas e pr\u00e1ticas did\u00e1ticas, para a valoriza\u00e7\u00e3o do magist\u00e9rio e da carreira docente e, ainda, intenta promover o est\u00edmulo e a percep\u00e7\u00e3o da import\u00e2ncia da articula\u00e7\u00e3o entre teoria e pr\u00e1tica na forma\u00e7\u00e3o dos discentes dos Cursos de Licenciatura da UFRRJ. Al\u00e9m de mesas redondas, confer\u00eancia e sess\u00e3o de experi\u00eancias exitosas dos n\u00facleos dos subprojetos do PIBID e da RP, haver\u00e1 uma mostra de materiais did\u00e1ticos e pr\u00e1ticas educativas. <\/span><\/span><\/p>\n","protected":false},"excerpt":{"rendered":"<p>&nbsp; V SEMIN\u00c1RIO INSTITUCIONAL DO PIBID DA UFRRJ (SIPIBID) E O I SEMIN\u00c1RIO INSTITUCIONAL DO PROGRAMA RESID\u00caNCIA PEDAG\u00d3GICA DA UFRRJ <a class=\"read-more\" href=\"https:\/\/eventos.ufrrj.br\/sipibid-siresp\/ \" >&#8230; <span class=\"font-italic\">leia mais <i class=\"fas fa-angle-right\"><\/i><\/span><\/a><\/p>\n","protected":false},"author":25,"featured_media":0,"parent":0,"menu_order":0,"comment_status":"closed","ping_status":"closed","template":"","meta":{"footnotes":""},"class_list":["post-14","page","type-page","status-publish","hentry"],"_links":{"self":[{"href":"https:\/\/eventos.ufrrj.br\/sipibid-siresp\/wp-json\/wp\/v2\/pages\/14","targetHints":{"allow":["GET"]}}],"collection":[{"href":"https:\/\/eventos.ufrrj.br\/sipibid-siresp\/wp-json\/wp\/v2\/pages"}],"about":[{"href":"https:\/\/eventos.ufrrj.br\/sipibid-siresp\/wp-json\/wp\/v2\/types\/page"}],"author":[{"embeddable":true,"href":"https:\/\/eventos.ufrrj.br\/sipibid-siresp\/wp-json\/wp\/v2\/users\/25"}],"replies":[{"embeddable":true,"href":"https:\/\/eventos.ufrrj.br\/sipibid-siresp\/wp-json\/wp\/v2\/comments?post=14"}],"version-history":[{"count":7,"href":"https:\/\/eventos.ufrrj.br\/sipibid-siresp\/wp-json\/wp\/v2\/pages\/14\/revisions"}],"predecessor-version":[{"id":92,"href":"https:\/\/eventos.ufrrj.br\/sipibid-siresp\/wp-json\/wp\/v2\/pages\/14\/revisions\/92"}],"wp:attachment":[{"href":"https:\/\/eventos.ufrrj.br\/sipibid-siresp\/wp-json\/wp\/v2\/media?parent=14"}],"curies":[{"name":"wp","href":"https:\/\/api.w.org\/{rel}","templated":true}]}}