{"id":662,"date":"2021-01-13T10:51:22","date_gmt":"2021-01-13T13:51:22","guid":{"rendered":"http:\/\/eventos.ufrrj.br\/simposio-abc\/?page_id=662"},"modified":"2022-02-22T20:09:44","modified_gmt":"2022-02-22T23:09:44","slug":"ii-simposio-2","status":"publish","type":"page","link":"https:\/\/eventos.ufrrj.br\/simposio-abc\/ii-simposio-2\/","title":{"rendered":"II Simp\u00f3sio"},"content":{"rendered":"<p>A edi\u00e7\u00e3o n\u00e3o possui registros fotogr\u00e1ficos.<\/p>\n","protected":false},"excerpt":{"rendered":"<p>A edi\u00e7\u00e3o n\u00e3o possui registros fotogr\u00e1ficos.<\/p>\n","protected":false},"author":24,"featured_media":0,"parent":0,"menu_order":0,"comment_status":"closed","ping_status":"closed","template":"","meta":{"footnotes":""},"class_list":["post-662","page","type-page","status-publish","hentry"],"_links":{"self":[{"href":"https:\/\/eventos.ufrrj.br\/simposio-abc\/wp-json\/wp\/v2\/pages\/662","targetHints":{"allow":["GET"]}}],"collection":[{"href":"https:\/\/eventos.ufrrj.br\/simposio-abc\/wp-json\/wp\/v2\/pages"}],"about":[{"href":"https:\/\/eventos.ufrrj.br\/simposio-abc\/wp-json\/wp\/v2\/types\/page"}],"author":[{"embeddable":true,"href":"https:\/\/eventos.ufrrj.br\/simposio-abc\/wp-json\/wp\/v2\/users\/24"}],"replies":[{"embeddable":true,"href":"https:\/\/eventos.ufrrj.br\/simposio-abc\/wp-json\/wp\/v2\/comments?post=662"}],"version-history":[{"count":4,"href":"https:\/\/eventos.ufrrj.br\/simposio-abc\/wp-json\/wp\/v2\/pages\/662\/revisions"}],"predecessor-version":[{"id":844,"href":"https:\/\/eventos.ufrrj.br\/simposio-abc\/wp-json\/wp\/v2\/pages\/662\/revisions\/844"}],"wp:attachment":[{"href":"https:\/\/eventos.ufrrj.br\/simposio-abc\/wp-json\/wp\/v2\/media?parent=662"}],"curies":[{"name":"wp","href":"https:\/\/api.w.org\/{rel}","templated":true}]}}