{"id":641,"date":"2021-01-13T10:47:05","date_gmt":"2021-01-13T13:47:05","guid":{"rendered":"http:\/\/eventos.ufrrj.br\/simposio-abc\/?page_id=641"},"modified":"2022-03-06T12:06:08","modified_gmt":"2022-03-06T15:06:08","slug":"galeria","status":"publish","type":"page","link":"https:\/\/eventos.ufrrj.br\/simposio-abc\/galeria\/","title":{"rendered":"Galeria"},"content":{"rendered":"<p><strong>Gostaria de visitar a galeria de qual edi\u00e7\u00e3o?<\/strong><\/p>\n<p><a href=\"https:\/\/eventos.ufrrj.br\/simposio-abc\/i-simposio-2\/\">ABC I<\/a><\/p>\n<p><a href=\"https:\/\/eventos.ufrrj.br\/simposio-abc\/iv-simposio-2\/\">ABC IV<\/a><\/p>\n<p>OBS: As demais edi\u00e7\u00f5es est\u00e3o sem galeria.<\/p>\n","protected":false},"excerpt":{"rendered":"<p>Gostaria de visitar a galeria de qual edi\u00e7\u00e3o? ABC I ABC IV OBS: As demais edi\u00e7\u00f5es est\u00e3o sem galeria.<\/p>\n","protected":false},"author":24,"featured_media":0,"parent":0,"menu_order":0,"comment_status":"closed","ping_status":"closed","template":"","meta":{"footnotes":""},"class_list":["post-641","page","type-page","status-publish","hentry"],"_links":{"self":[{"href":"https:\/\/eventos.ufrrj.br\/simposio-abc\/wp-json\/wp\/v2\/pages\/641","targetHints":{"allow":["GET"]}}],"collection":[{"href":"https:\/\/eventos.ufrrj.br\/simposio-abc\/wp-json\/wp\/v2\/pages"}],"about":[{"href":"https:\/\/eventos.ufrrj.br\/simposio-abc\/wp-json\/wp\/v2\/types\/page"}],"author":[{"embeddable":true,"href":"https:\/\/eventos.ufrrj.br\/simposio-abc\/wp-json\/wp\/v2\/users\/24"}],"replies":[{"embeddable":true,"href":"https:\/\/eventos.ufrrj.br\/simposio-abc\/wp-json\/wp\/v2\/comments?post=641"}],"version-history":[{"count":4,"href":"https:\/\/eventos.ufrrj.br\/simposio-abc\/wp-json\/wp\/v2\/pages\/641\/revisions"}],"predecessor-version":[{"id":859,"href":"https:\/\/eventos.ufrrj.br\/simposio-abc\/wp-json\/wp\/v2\/pages\/641\/revisions\/859"}],"wp:attachment":[{"href":"https:\/\/eventos.ufrrj.br\/simposio-abc\/wp-json\/wp\/v2\/media?parent=641"}],"curies":[{"name":"wp","href":"https:\/\/api.w.org\/{rel}","templated":true}]}}