{"id":18,"date":"2016-08-10T12:58:58","date_gmt":"2016-08-10T12:58:58","guid":{"rendered":"http:\/\/eventos.ufrrj.br\/simposio-abc\/?page_id=18"},"modified":"2022-11-11T20:25:58","modified_gmt":"2022-11-11T23:25:58","slug":"apresentacao","status":"publish","type":"page","link":"https:\/\/eventos.ufrrj.br\/simposio-abc\/apresentacao\/","title":{"rendered":"Apresenta\u00e7\u00e3o"},"content":{"rendered":"<p style=\"text-align: left\"><span style=\"font-family: 'Arial','sans-serif';color: #646464\">O simp\u00f3sio ABC \u00e9 uma iniciativa da coordena\u00e7\u00e3o do <strong>Programa de P\u00f3s-Gradua\u00e7\u00e3o em Agronomia- Ci\u00eancia do Solo (PPGA-CS)<\/strong>, com apoio da Pr\u00f3-Reitoria de Pesquisa e P\u00f3s-Gradua\u00e7\u00e3o e a Reitoria da UFRRJ, discentes e docentes, com o objetivo de divulgar e conhecer as experi\u00eancias em Ci\u00eancias Agr\u00e1rias na Argentina &#8211; Brasil &#8211; Cuba.<\/span><\/p>\n<p style=\"text-align: justify\"><span style=\"font-family: 'Arial','sans-serif';color: #646464\">O evento \u00e9 realizado nas depend\u00eancias da UFRRJ &#8211; Instituto de Agronomia, campus Serop\u00e9dica, e conta sempre com a participa\u00e7\u00e3o de palestrantes de institui\u00e7\u00f5es de renome do Brasil, da Argentina e de Cuba, apresentando temas de relev\u00e2ncia cient\u00edfica e atuais sobre o tema do simp\u00f3sio.\u00a0<\/span><\/p>\n<p>&nbsp;<\/p>\n<p style=\"text-align: center\"><strong>I Simp\u00f3sio ABC &#8211; 2016 (Argentina- Brasil e Cuba)\u00a0<\/strong><\/p>\n<p style=\"text-align: center\">Experi\u00eancias em Manejo e Conserva\u00e7\u00e3o do Solo<\/p>\n<p>&nbsp;<\/p>\n<p style=\"text-align: center\"><strong>II Simp\u00f3sio ABC &#8211; 2017 (Argentina- Brasil e Cuba)<\/strong><\/p>\n<p style=\"text-align: center\">Indicadores de Qualidade Ambiental em Agrossistemas Argentinos, Brasileiros e Cubanos<\/p>\n<p>&nbsp;<\/p>\n<p style=\"text-align: center\"><strong>III Simp\u00f3sio ABC &#8211; 2018 (Argentina- Brasil e Cuba)<\/strong><\/p>\n<p style=\"text-align: center\">Sustentabilidade em Agrossistemas<\/p>\n<p>&nbsp;<\/p>\n<p style=\"text-align: center\"><strong>IV Simp\u00f3sio ABC &#8211; 2019 (Argentina- Brasil e Cuba)<\/strong><\/p>\n<p style=\"text-align: center\">Sistemas de Produ\u00e7\u00e3o e Sustentabilidade Agr\u00edcola: Experi\u00eancias na Argentina, Brasil e Cuba<\/p>\n<p>&nbsp;<\/p>\n<p style=\"text-align: center\"><strong>V Simp\u00f3sio ABC &#8211; 2020 (Argentina- Brasil e Cuba)<\/strong><\/p>\n<p style=\"text-align: center\">Solos e Sa\u00fade Ambiental<\/p>\n<p style=\"text-align: center\">\n<p style=\"text-align: center\"><strong>VI Simp\u00f3sio ABC &#8211; 2022 (Argentina- Brasil e Cuba)<\/strong><\/p>\n<p style=\"text-align: center\">Agricultura, Mudan\u00e7as clim\u00e1ticas e Seguran\u00e7a alimentar<\/p>\n<p>&nbsp;<\/p>\n<p style=\"text-align: center\">\u00a0Realiza\u00e7\u00e3o<\/p>\n<p style=\"text-align: center\"><a href=\"http:\/\/eventos.ufrrj.br\/simposio-abc\/files\/2018\/10\/PPGA.jpg\"><img loading=\"lazy\" decoding=\"async\" class=\"alignnone wp-image-377\" src=\"http:\/\/eventos.ufrrj.br\/simposio-abc\/files\/2018\/10\/PPGA-300x275.jpg\" alt=\"\" width=\"182\" height=\"167\" \/><\/a><\/p>\n<p>&nbsp;<\/p>\n<p style=\"text-align: center\">Apoio<a href=\"http:\/\/eventos.ufrrj.br\/simposio-abc\/files\/2018\/10\/LogodoNRL.png\"><img loading=\"lazy\" decoding=\"async\" class=\"size-medium wp-image-389 aligncenter\" src=\"http:\/\/eventos.ufrrj.br\/simposio-abc\/files\/2018\/10\/LogodoNRL-300x103.png\" alt=\"\" width=\"300\" height=\"103\" \/><\/a><\/p>\n","protected":false},"excerpt":{"rendered":"<p>O simp\u00f3sio ABC \u00e9 uma iniciativa da coordena\u00e7\u00e3o do Programa de P\u00f3s-Gradua\u00e7\u00e3o em Agronomia- Ci\u00eancia do Solo (PPGA-CS), com apoio <a class=\"read-more\" href=\"https:\/\/eventos.ufrrj.br\/simposio-abc\/apresentacao\/ \">&#8230; <i class=\"fa fa-long-arrow-right\"><\/i><\/a><\/p>\n","protected":false},"author":25,"featured_media":0,"parent":0,"menu_order":0,"comment_status":"open","ping_status":"open","template":"","meta":{"footnotes":""},"class_list":["post-18","page","type-page","status-publish","hentry"],"_links":{"self":[{"href":"https:\/\/eventos.ufrrj.br\/simposio-abc\/wp-json\/wp\/v2\/pages\/18","targetHints":{"allow":["GET"]}}],"collection":[{"href":"https:\/\/eventos.ufrrj.br\/simposio-abc\/wp-json\/wp\/v2\/pages"}],"about":[{"href":"https:\/\/eventos.ufrrj.br\/simposio-abc\/wp-json\/wp\/v2\/types\/page"}],"author":[{"embeddable":true,"href":"https:\/\/eventos.ufrrj.br\/simposio-abc\/wp-json\/wp\/v2\/users\/25"}],"replies":[{"embeddable":true,"href":"https:\/\/eventos.ufrrj.br\/simposio-abc\/wp-json\/wp\/v2\/comments?post=18"}],"version-history":[{"count":23,"href":"https:\/\/eventos.ufrrj.br\/simposio-abc\/wp-json\/wp\/v2\/pages\/18\/revisions"}],"predecessor-version":[{"id":884,"href":"https:\/\/eventos.ufrrj.br\/simposio-abc\/wp-json\/wp\/v2\/pages\/18\/revisions\/884"}],"wp:attachment":[{"href":"https:\/\/eventos.ufrrj.br\/simposio-abc\/wp-json\/wp\/v2\/media?parent=18"}],"curies":[{"name":"wp","href":"https:\/\/api.w.org\/{rel}","templated":true}]}}