{"id":68,"date":"2021-10-18T19:01:06","date_gmt":"2021-10-18T22:01:06","guid":{"rendered":"http:\/\/eventos.ufrrj.br\/siacs\/?page_id=68"},"modified":"2025-10-30T16:23:28","modified_gmt":"2025-10-30T19:23:28","slug":"normas-para-a-apresentacao","status":"publish","type":"page","link":"https:\/\/eventos.ufrrj.br\/siacs\/normas-para-a-apresentacao\/","title":{"rendered":"Normas para a Apresenta\u00e7\u00e3o"},"content":{"rendered":"<p>Tendo o resultado da avalia\u00e7\u00e3o do seu trabalho como &#8220;aprovado&#8221; ou &#8220;aprovado com ressalvas&#8221;, o autor deve obedecer as seguintes normas para a cria\u00e7\u00e3o e formata\u00e7\u00e3o do v\u00eddeo de apresenta\u00e7\u00e3o do trabalho submetido:<\/p>\n<p>1)\u00a0 \u00a0 \u00a0Utilizar o template do SIACS disponibilizado em anexo. Pode alternar entre os fundos ou utilizar apenas um dentre os dispon\u00edveis;<\/p>\n<p>2)\u00a0 \u00a0 \u00a0O autor que apresentar\u00e1 o trabalho deve estar inscrito no evento;<\/p>\n<p>3)\u00a0\u00a0\u00a0\u00a0\u00a0Possuir de <span style=\"color: #ff6600\"><strong>3 a 6 minutos<\/strong><\/span> de dura\u00e7\u00e3o;<\/p>\n<p>4)\u00a0\u00a0\u00a0\u00a0\u00a0Apresentar o T\u00edtulo do trabalho e os Autores, Introdu\u00e7\u00e3o, Materiais e M\u00e9todos, Resultados e Discuss\u00e3o, Conclus\u00e3o;<\/p>\n<p>5)\u00a0 \u00a0 O v\u00eddeo dever\u00e1 estar nomeado da seguinte forma: <span class=\"OYPEnA text-decoration-none text-strikethrough-none\">\u201cNOME DO TRABALHO &#8211; APRESENTA\u00c7\u00c3O III SIACS &#8211; NOME DO APRESENTADOR\u201d;<\/span><\/p>\n<p>6)\u00a0 \u00a0 A apresenta\u00e7\u00e3o dever\u00e1 ser enviada no formato de v\u00eddeo pelo formul\u00e1rio (<span style=\"color: #ff6600\"><a style=\"color: #ff6600\" href=\"https:\/\/docs.google.com\/forms\/d\/e\/1FAIpQLScFm1mQ58L9RBfcfdqWk8_y4uqKvBcYc23BlieXDzIFHIN-Cw\/viewform?usp=preview\">Envio de apresenta\u00e7\u00f5es<\/a><\/span>).<\/p>\n<p>7) O v\u00eddeo s\u00f3 poder\u00e1 ser enviado no formato <strong><span style=\"color: #ff6600\">mp4<\/span>.<\/strong><\/p>\n<p style=\"font-weight: 400\"><strong>Prazo para o envio do v\u00eddeo: <span style=\"color: #ff6600\">14\/11<\/span>.<\/strong><\/p>\n<p style=\"font-weight: 400\">Ademais, verifique seu \u00e1udio e seu v\u00eddeo para que fiquem com boa qualidade, fique atento ao tempo m\u00e1ximo de dura\u00e7\u00e3o e grave em um ambiente calmo, silencioso e de boa ilumina\u00e7\u00e3o.<\/p>\n<p style=\"font-weight: 400\">Qualquer d\u00favida ou dificuldade, entre em contato conosco.<\/p>\n<ul>\n<li><a href=\"https:\/\/docs.google.com\/presentation\/d\/1pVqmTGC6oiVsqwSKsjJaFJFju8vlT49I\/edit?usp=sharing&amp;ouid=114118274107790498343&amp;rtpof=true&amp;sd=true\"><strong>Modelo de apresenta\u00e7\u00e3o- PPT\u00a0<\/strong><\/a><\/li>\n<li><a href=\"https:\/\/docs.google.com\/document\/d\/1fb8vuowjpfSd2C_IQteJjAIuxtd-6r97\/edit?usp=sharing&amp;ouid=114118274107790498343&amp;rtpof=true&amp;sd=true\"><strong>Modelo de Resumo- Word<\/strong><\/a><\/li>\n<\/ul>\n\n\n<p><\/p>\n","protected":false},"excerpt":{"rendered":"<p>Tendo o resultado da avalia\u00e7\u00e3o do seu trabalho como &#8220;aprovado&#8221; ou &#8220;aprovado com ressalvas&#8221;, o autor deve obedecer as seguintes <a class=\"read-more\" href=\"https:\/\/eventos.ufrrj.br\/siacs\/normas-para-a-apresentacao\/ \" >&#8230; <span class=\"font-italic\">leia mais <i class=\"fas fa-angle-right\"><\/i><\/span><\/a><\/p>\n","protected":false},"author":24,"featured_media":0,"parent":0,"menu_order":0,"comment_status":"closed","ping_status":"closed","template":"","meta":{"footnotes":""},"class_list":["post-68","page","type-page","status-publish","hentry"],"_links":{"self":[{"href":"https:\/\/eventos.ufrrj.br\/siacs\/wp-json\/wp\/v2\/pages\/68","targetHints":{"allow":["GET"]}}],"collection":[{"href":"https:\/\/eventos.ufrrj.br\/siacs\/wp-json\/wp\/v2\/pages"}],"about":[{"href":"https:\/\/eventos.ufrrj.br\/siacs\/wp-json\/wp\/v2\/types\/page"}],"author":[{"embeddable":true,"href":"https:\/\/eventos.ufrrj.br\/siacs\/wp-json\/wp\/v2\/users\/24"}],"replies":[{"embeddable":true,"href":"https:\/\/eventos.ufrrj.br\/siacs\/wp-json\/wp\/v2\/comments?post=68"}],"version-history":[{"count":32,"href":"https:\/\/eventos.ufrrj.br\/siacs\/wp-json\/wp\/v2\/pages\/68\/revisions"}],"predecessor-version":[{"id":715,"href":"https:\/\/eventos.ufrrj.br\/siacs\/wp-json\/wp\/v2\/pages\/68\/revisions\/715"}],"wp:attachment":[{"href":"https:\/\/eventos.ufrrj.br\/siacs\/wp-json\/wp\/v2\/media?parent=68"}],"curies":[{"name":"wp","href":"https:\/\/api.w.org\/{rel}","templated":true}]}}