{"id":555,"date":"2025-10-17T08:33:22","date_gmt":"2025-10-17T11:33:22","guid":{"rendered":"https:\/\/eventos.ufrrj.br\/siacs\/?page_id=555"},"modified":"2025-11-14T14:22:15","modified_gmt":"2025-11-14T17:22:15","slug":"comissao-organizadora-iii-siacs","status":"publish","type":"page","link":"https:\/\/eventos.ufrrj.br\/siacs\/comissao-organizadora-iii-siacs\/","title":{"rendered":"Comiss\u00e3o organizadora &#8211; III SIACS"},"content":{"rendered":"\n<div class=\"wp-block-columns is-layout-flex wp-container-core-columns-is-layout-9d6595d7 wp-block-columns-is-layout-flex\">\n<div class=\"wp-block-column is-layout-flow wp-block-column-is-layout-flow\" style=\"flex-basis:33.33%\">\n<div class=\"wp-block-image is-style-default\"><figure class=\"aligncenter size-full is-resized\"><img loading=\"lazy\" decoding=\"async\" src=\"https:\/\/eventos.ufrrj.br\/siacs\/files\/2025\/11\/3c28f68d-354e-4c9e-9ad1-b13acedeecb9_20251114_101350_0000-edited.png\" alt=\"\" class=\"wp-image-766\" width=\"258\" height=\"301\" \/><figcaption><strong>Everaldo Zonta<\/strong><br>Membro da Coordena\u00e7\u00e3o geral<\/figcaption><\/figure><\/div>\n\n\n\n<p><\/p>\n\n\n\n<p><\/p>\n<\/div>\n\n\n\n<div class=\"wp-block-column is-layout-flow wp-block-column-is-layout-flow\" style=\"flex-basis:33.33%\">\n<div class=\"wp-block-image is-style-default\"><figure class=\"aligncenter size-full is-resized\"><img loading=\"lazy\" decoding=\"async\" src=\"https:\/\/eventos.ufrrj.br\/siacs\/files\/2023\/10\/gervasio-removebg-preview.png\" alt=\"\" class=\"wp-image-249\" width=\"197\" height=\"262\" \/><figcaption><strong>Marcos Gerv\u00e1sio<\/strong><br>Membro da Coordena\u00e7\u00e3o geral<\/figcaption><\/figure><\/div>\n\n\n\n<p><\/p>\n<\/div>\n\n\n\n<div class=\"wp-block-column is-layout-flow wp-block-column-is-layout-flow\" style=\"flex-basis:33.33%\">\n<div class=\"wp-block-image is-style-default\"><figure class=\"aligncenter size-full is-resized\"><img loading=\"lazy\" decoding=\"async\" src=\"https:\/\/eventos.ufrrj.br\/siacs\/files\/2023\/11\/irene-removebg-preview.png\" alt=\"\" class=\"wp-image-284\" width=\"260\" height=\"278\" \/><figcaption><strong>Irene Coelho<\/strong><br>Membro do Comit\u00ea Organizador<\/figcaption><\/figure><\/div>\n<\/div>\n<\/div>\n\n\n\n<div class=\"wp-block-columns is-layout-flex wp-container-core-columns-is-layout-9d6595d7 wp-block-columns-is-layout-flex\">\n<div class=\"wp-block-column is-layout-flow wp-block-column-is-layout-flow\" style=\"flex-basis:33.34%\">\n<div class=\"wp-block-image is-style-default\"><figure class=\"aligncenter size-full\"><img loading=\"lazy\" decoding=\"async\" width=\"296\" height=\"308\" src=\"https:\/\/eventos.ufrrj.br\/siacs\/files\/2023\/11\/andres-removebg-preview.png\" alt=\"\" class=\"wp-image-287\" srcset=\"https:\/\/eventos.ufrrj.br\/siacs\/files\/2023\/11\/andres-removebg-preview.png 296w, https:\/\/eventos.ufrrj.br\/siacs\/files\/2023\/11\/andres-removebg-preview-288x300.png 288w\" sizes=\"auto, (max-width: 296px) 100vw, 296px\" \/><figcaption><strong>Andr\u00e9s Garcia<\/strong><br>Membro do Comit\u00ea Organizador<\/figcaption><\/figure><\/div>\n<\/div>\n\n\n\n<div class=\"wp-block-column is-vertically-aligned-center is-layout-flow wp-block-column-is-layout-flow\" style=\"flex-basis:33.34%\">\n<div class=\"wp-block-image is-style-default\"><figure class=\"aligncenter size-full is-resized\"><img loading=\"lazy\" decoding=\"async\" src=\"https:\/\/eventos.ufrrj.br\/siacs\/files\/2025\/10\/Imagem_do_WhatsApp_de_2025-10-17_a_s__10.45.12_c5f87c54-removebg-preview.png\" alt=\"\" class=\"wp-image-633\" width=\"163\" height=\"258\" srcset=\"https:\/\/eventos.ufrrj.br\/siacs\/files\/2025\/10\/Imagem_do_WhatsApp_de_2025-10-17_a_s__10.45.12_c5f87c54-removebg-preview.png 397w, https:\/\/eventos.ufrrj.br\/siacs\/files\/2025\/10\/Imagem_do_WhatsApp_de_2025-10-17_a_s__10.45.12_c5f87c54-removebg-preview-189x300.png 189w\" sizes=\"auto, (max-width: 163px) 100vw, 163px\" \/><figcaption><strong>Renata Coura<\/strong><br>Membro do Comit\u00ea Organizador<\/figcaption><\/figure><\/div>\n\n\n\n<p><\/p>\n\n\n\n<p><\/p>\n<\/div>\n\n\n\n<div class=\"wp-block-column is-layout-flow wp-block-column-is-layout-flow\" style=\"flex-basis:33.33%\">\n<div class=\"wp-block-image is-style-default\"><figure class=\"aligncenter size-full is-resized\"><img loading=\"lazy\" decoding=\"async\" src=\"https:\/\/eventos.ufrrj.br\/siacs\/files\/2023\/11\/juliano-removebg-preview.png\" alt=\"\" class=\"wp-image-286\" width=\"310\" height=\"274\" \/><figcaption>   <strong>Juliano Stafanato<\/strong><br>Membro do Comit\u00ea Organizador<\/figcaption><\/figure><\/div>\n<\/div>\n<\/div>\n\n\n\n<div class=\"wp-block-columns is-layout-flex wp-container-core-columns-is-layout-9d6595d7 wp-block-columns-is-layout-flex\">\n<div class=\"wp-block-column is-layout-flow wp-block-column-is-layout-flow\" style=\"flex-basis:33.34%\">\n<div class=\"wp-block-image is-style-default\"><figure class=\"aligncenter size-full is-resized\"><img loading=\"lazy\" decoding=\"async\" src=\"https:\/\/eventos.ufrrj.br\/siacs\/files\/2025\/10\/001899-200x200-removebg-preview.png\" alt=\"\" class=\"wp-image-648\" width=\"307\" height=\"307\" srcset=\"https:\/\/eventos.ufrrj.br\/siacs\/files\/2025\/10\/001899-200x200-removebg-preview.png 200w, https:\/\/eventos.ufrrj.br\/siacs\/files\/2025\/10\/001899-200x200-removebg-preview-150x150.png 150w, https:\/\/eventos.ufrrj.br\/siacs\/files\/2025\/10\/001899-200x200-removebg-preview-75x75.png 75w, https:\/\/eventos.ufrrj.br\/siacs\/files\/2025\/10\/001899-200x200-removebg-preview-100x100.png 100w\" sizes=\"auto, (max-width: 307px) 100vw, 307px\" \/><figcaption><strong>Eduardo Neto<\/strong><br>Membro do Comit\u00ea Organizador<\/figcaption><\/figure><\/div>\n<\/div>\n\n\n\n<div class=\"wp-block-column is-layout-flow wp-block-column-is-layout-flow\" style=\"flex-basis:33.34%\">\n<div class=\"wp-block-image is-style-default\"><figure class=\"aligncenter size-full is-resized\"><img loading=\"lazy\" decoding=\"async\" src=\"https:\/\/eventos.ufrrj.br\/siacs\/files\/2025\/11\/betania-removebg-preview.png\" alt=\"\" class=\"wp-image-779\" width=\"302\" height=\"306\" srcset=\"https:\/\/eventos.ufrrj.br\/siacs\/files\/2025\/11\/betania-removebg-preview.png 496w, https:\/\/eventos.ufrrj.br\/siacs\/files\/2025\/11\/betania-removebg-preview-296x300.png 296w, https:\/\/eventos.ufrrj.br\/siacs\/files\/2025\/11\/betania-removebg-preview-75x75.png 75w, https:\/\/eventos.ufrrj.br\/siacs\/files\/2025\/11\/betania-removebg-preview-100x100.png 100w\" sizes=\"auto, (max-width: 302px) 100vw, 302px\" \/><figcaption><strong>Betania Vahl de Paula<\/strong><br>Membro da Comiss\u00e3o Cient\u00edfica<\/figcaption><\/figure><\/div>\n<\/div>\n\n\n\n<div class=\"wp-block-column is-layout-flow wp-block-column-is-layout-flow\" style=\"flex-basis:33.33%\">\n<div class=\"wp-block-image is-style-default\"><figure class=\"aligncenter size-full is-resized\"><img loading=\"lazy\" decoding=\"async\" src=\"https:\/\/eventos.ufrrj.br\/siacs\/files\/2025\/10\/WhatsApp_Image_2025-09-04_at_15.07.54__6_-removebg-preview-edited.png\" alt=\"\" class=\"wp-image-565\" width=\"225\" height=\"298\" \/><figcaption><strong><strong>R\u00f4mulo Beltrame<\/strong><br><\/strong>Membro do Comit\u00ea Organizador<\/figcaption><\/figure><\/div>\n<\/div>\n<\/div>\n\n\n\n<div class=\"wp-block-columns is-layout-flex wp-container-core-columns-is-layout-9d6595d7 wp-block-columns-is-layout-flex\">\n<div class=\"wp-block-column is-layout-flow wp-block-column-is-layout-flow\">\n<div class=\"wp-block-image is-style-default\"><figure class=\"aligncenter size-full is-resized\"><img loading=\"lazy\" decoding=\"async\" src=\"https:\/\/eventos.ufrrj.br\/siacs\/files\/2025\/10\/Imagem_do_WhatsApp_de_2025-10-17_a_s__09.45.31_e526d34f-removebg-preview-edited.png\" alt=\"\" class=\"wp-image-597\" width=\"235\" height=\"321\" srcset=\"https:\/\/eventos.ufrrj.br\/siacs\/files\/2025\/10\/Imagem_do_WhatsApp_de_2025-10-17_a_s__09.45.31_e526d34f-removebg-preview-edited.png 285w, https:\/\/eventos.ufrrj.br\/siacs\/files\/2025\/10\/Imagem_do_WhatsApp_de_2025-10-17_a_s__09.45.31_e526d34f-removebg-preview-edited-220x300.png 220w\" sizes=\"auto, (max-width: 235px) 100vw, 235px\" \/><figcaption><strong>Mariana Coimbra<\/strong>  <br>Membro do Comit\u00ea Organizador<\/figcaption><\/figure><\/div>\n\n\n\n<p><\/p>\n<\/div>\n\n\n\n<div class=\"wp-block-column is-layout-flow wp-block-column-is-layout-flow\">\n<div class=\"wp-block-image is-style-default\"><figure class=\"aligncenter size-full is-resized\"><img loading=\"lazy\" decoding=\"async\" src=\"https:\/\/eventos.ufrrj.br\/siacs\/files\/2025\/10\/Imagem_do_WhatsApp_de_2025-10-17_a_s__09.46.05_99ea5cf4-removebg-preview.png\" alt=\"\" class=\"wp-image-596\" width=\"239\" height=\"318\" srcset=\"https:\/\/eventos.ufrrj.br\/siacs\/files\/2025\/10\/Imagem_do_WhatsApp_de_2025-10-17_a_s__09.46.05_99ea5cf4-removebg-preview.png 433w, https:\/\/eventos.ufrrj.br\/siacs\/files\/2025\/10\/Imagem_do_WhatsApp_de_2025-10-17_a_s__09.46.05_99ea5cf4-removebg-preview-225x300.png 225w\" sizes=\"auto, (max-width: 239px) 100vw, 239px\" \/><figcaption><strong>Nat\u00e1lia Machado<\/strong><br>Membro do Comit\u00ea Organizador<\/figcaption><\/figure><\/div>\n<\/div>\n\n\n\n<div class=\"wp-block-column is-layout-flow wp-block-column-is-layout-flow\">\n<div class=\"wp-block-image is-style-default\"><figure class=\"aligncenter size-full is-resized\"><img loading=\"lazy\" decoding=\"async\" src=\"https:\/\/eventos.ufrrj.br\/siacs\/files\/2025\/10\/Imagem_do_WhatsApp_de_2025-10-17_a_s__10.06.54_97d90c48-removebg-preview-1.png\" alt=\"\" class=\"wp-image-622\" width=\"283\" height=\"330\" srcset=\"https:\/\/eventos.ufrrj.br\/siacs\/files\/2025\/10\/Imagem_do_WhatsApp_de_2025-10-17_a_s__10.06.54_97d90c48-removebg-preview-1.png 462w, https:\/\/eventos.ufrrj.br\/siacs\/files\/2025\/10\/Imagem_do_WhatsApp_de_2025-10-17_a_s__10.06.54_97d90c48-removebg-preview-1-257x300.png 257w\" sizes=\"auto, (max-width: 283px) 100vw, 283px\" \/><figcaption><strong>Gustavo Saldanha<\/strong> <br>Membro do Comit\u00ea Organizador<\/figcaption><\/figure><\/div>\n\n\n\n<p><\/p>\n<\/div>\n<\/div>\n\n\n\n<div class=\"wp-block-columns is-layout-flex wp-container-core-columns-is-layout-9d6595d7 wp-block-columns-is-layout-flex\">\n<div class=\"wp-block-column is-layout-flow wp-block-column-is-layout-flow\">\n<div class=\"wp-block-image is-style-default\"><figure class=\"aligncenter size-full\"><img loading=\"lazy\" decoding=\"async\" width=\"500\" height=\"500\" src=\"https:\/\/eventos.ufrrj.br\/siacs\/files\/2025\/10\/Imagem_do_WhatsApp_de_2025-10-17_a_s__10.07.13_7a0072a3-removebg-preview-2.png\" alt=\"\" class=\"wp-image-621\" srcset=\"https:\/\/eventos.ufrrj.br\/siacs\/files\/2025\/10\/Imagem_do_WhatsApp_de_2025-10-17_a_s__10.07.13_7a0072a3-removebg-preview-2.png 500w, https:\/\/eventos.ufrrj.br\/siacs\/files\/2025\/10\/Imagem_do_WhatsApp_de_2025-10-17_a_s__10.07.13_7a0072a3-removebg-preview-2-300x300.png 300w, https:\/\/eventos.ufrrj.br\/siacs\/files\/2025\/10\/Imagem_do_WhatsApp_de_2025-10-17_a_s__10.07.13_7a0072a3-removebg-preview-2-150x150.png 150w, https:\/\/eventos.ufrrj.br\/siacs\/files\/2025\/10\/Imagem_do_WhatsApp_de_2025-10-17_a_s__10.07.13_7a0072a3-removebg-preview-2-75x75.png 75w, https:\/\/eventos.ufrrj.br\/siacs\/files\/2025\/10\/Imagem_do_WhatsApp_de_2025-10-17_a_s__10.07.13_7a0072a3-removebg-preview-2-100x100.png 100w\" sizes=\"auto, (max-width: 500px) 100vw, 500px\" \/><figcaption><strong>Lislane Almeida<\/strong><br>Membro do Comit\u00ea Organizador<\/figcaption><\/figure><\/div>\n\n\n\n<p><\/p>\n\n\n\n<p><\/p>\n<\/div>\n\n\n\n<div class=\"wp-block-column is-layout-flow wp-block-column-is-layout-flow\">\n<div class=\"wp-block-image is-style-default\"><figure class=\"aligncenter size-full\"><img loading=\"lazy\" decoding=\"async\" width=\"214\" height=\"313\" src=\"https:\/\/eventos.ufrrj.br\/siacs\/files\/2025\/10\/maura-removebg-preview.png\" alt=\"\" class=\"wp-image-577\" srcset=\"https:\/\/eventos.ufrrj.br\/siacs\/files\/2025\/10\/maura-removebg-preview.png 214w, https:\/\/eventos.ufrrj.br\/siacs\/files\/2025\/10\/maura-removebg-preview-205x300.png 205w\" sizes=\"auto, (max-width: 214px) 100vw, 214px\" \/><figcaption><strong>Maura Silva<\/strong><br>Membro da comiss\u00e3o de comunica\u00e7\u00e3o e marketing<\/figcaption><\/figure><\/div>\n<\/div>\n\n\n\n<div class=\"wp-block-column is-layout-flow wp-block-column-is-layout-flow\">\n<div class=\"wp-block-image is-style-default\"><figure class=\"aligncenter size-full is-resized\"><img loading=\"lazy\" decoding=\"async\" src=\"https:\/\/eventos.ufrrj.br\/siacs\/files\/2025\/10\/Imagem_do_WhatsApp_de_2025-10-17_a_s__11.19.14_ebe66b57-removebg-preview-edited.png\" alt=\"\" class=\"wp-image-639\" width=\"200\" height=\"300\" srcset=\"https:\/\/eventos.ufrrj.br\/siacs\/files\/2025\/10\/Imagem_do_WhatsApp_de_2025-10-17_a_s__11.19.14_ebe66b57-removebg-preview-edited.png 271w, https:\/\/eventos.ufrrj.br\/siacs\/files\/2025\/10\/Imagem_do_WhatsApp_de_2025-10-17_a_s__11.19.14_ebe66b57-removebg-preview-edited-199x300.png 199w\" sizes=\"auto, (max-width: 200px) 100vw, 200px\" \/><figcaption><strong>Priscila Matos<\/strong><br>Membro do Comit\u00ea Organizador<\/figcaption><\/figure><\/div>\n\n\n\n<p><\/p>\n<\/div>\n<\/div>\n\n\n\n<div class=\"wp-block-columns is-layout-flex wp-container-core-columns-is-layout-9d6595d7 wp-block-columns-is-layout-flex\">\n<div class=\"wp-block-column is-layout-flow wp-block-column-is-layout-flow\">\n<div class=\"wp-block-image is-style-default\"><figure class=\"aligncenter size-full is-resized\"><img loading=\"lazy\" decoding=\"async\" src=\"https:\/\/eventos.ufrrj.br\/siacs\/files\/2025\/10\/WhatsApp_Image_2025-10-17_at_14.39.25-removebg-preview.png\" alt=\"\" class=\"wp-image-644\" width=\"233\" height=\"310\" srcset=\"https:\/\/eventos.ufrrj.br\/siacs\/files\/2025\/10\/WhatsApp_Image_2025-10-17_at_14.39.25-removebg-preview.png 433w, https:\/\/eventos.ufrrj.br\/siacs\/files\/2025\/10\/WhatsApp_Image_2025-10-17_at_14.39.25-removebg-preview-225x300.png 225w\" sizes=\"auto, (max-width: 233px) 100vw, 233px\" \/><figcaption><strong>Cyndi Ferreira<\/strong><br>Membro do Comit\u00ea Organizador<\/figcaption><\/figure><\/div>\n<\/div>\n\n\n\n<div class=\"wp-block-column is-layout-flow wp-block-column-is-layout-flow\">\n<div class=\"wp-block-image is-style-default\"><figure class=\"aligncenter size-full is-resized\"><img loading=\"lazy\" decoding=\"async\" src=\"https:\/\/eventos.ufrrj.br\/siacs\/files\/2025\/10\/WhatsApp_Image_2025-10-18_at_13.48.01-removebg-preview.png\" alt=\"\" class=\"wp-image-643\" width=\"297\" height=\"331\" srcset=\"https:\/\/eventos.ufrrj.br\/siacs\/files\/2025\/10\/WhatsApp_Image_2025-10-18_at_13.48.01-removebg-preview.png 473w, https:\/\/eventos.ufrrj.br\/siacs\/files\/2025\/10\/WhatsApp_Image_2025-10-18_at_13.48.01-removebg-preview-269x300.png 269w\" sizes=\"auto, (max-width: 297px) 100vw, 297px\" \/><figcaption><strong>Camilla Silva<\/strong><br>Membro do Comit\u00ea Organizador<\/figcaption><\/figure><\/div>\n<\/div>\n\n\n\n<div class=\"wp-block-column is-layout-flow wp-block-column-is-layout-flow\">\n<div class=\"wp-block-image\"><figure class=\"aligncenter size-full is-resized\"><img loading=\"lazy\" decoding=\"async\" src=\"https:\/\/eventos.ufrrj.br\/siacs\/files\/2025\/10\/Imagem_do_WhatsApp_de_2025-10-21_a_s__14.20.59_89425ed6-removebg-preview.png\" alt=\"\" class=\"wp-image-661\" width=\"226\" height=\"300\" \/><figcaption><strong>Ana Carolina Coelho<\/strong><br>Membro do Comit\u00ea Organizador<\/figcaption><\/figure><\/div>\n<\/div>\n<\/div>\n\n\n\n<div class=\"wp-block-columns is-layout-flex wp-container-core-columns-is-layout-9d6595d7 wp-block-columns-is-layout-flex\">\n<div class=\"wp-block-column is-layout-flow wp-block-column-is-layout-flow\">\n<div class=\"wp-block-image\"><figure class=\"aligncenter size-full is-resized\"><img decoding=\"async\" src=\"https:\/\/eventos.ufrrj.br\/siacs\/files\/2025\/11\/Imagem_do_WhatsApp_de_2025-10-21_a_s__23.34.53_c04cc67b-removebg-preview-edited.png\" alt=\"\" class=\"wp-image-826\" width=\"227\" srcset=\"https:\/\/eventos.ufrrj.br\/siacs\/files\/2025\/11\/Imagem_do_WhatsApp_de_2025-10-21_a_s__23.34.53_c04cc67b-removebg-preview-edited.png 427w, https:\/\/eventos.ufrrj.br\/siacs\/files\/2025\/11\/Imagem_do_WhatsApp_de_2025-10-21_a_s__23.34.53_c04cc67b-removebg-preview-edited-219x300.png 219w\" sizes=\"(max-width: 427px) 100vw, 427px\" \/><figcaption><strong>Charles Alli<\/strong><br>Membro do Comit\u00ea Organizador<\/figcaption><\/figure><\/div>\n<\/div>\n\n\n\n<div class=\"wp-block-column is-layout-flow wp-block-column-is-layout-flow\">\n<p><\/p>\n\n\n\n<figure class=\"wp-block-image size-full is-resized\"><img loading=\"lazy\" decoding=\"async\" src=\"https:\/\/eventos.ufrrj.br\/siacs\/files\/2025\/10\/Imagem_do_WhatsApp_de_2025-10-17_a_s__09.00.46_9f975515-removebg-preview.png\" alt=\"\" class=\"wp-image-578\" width=\"153\" height=\"270\" \/><figcaption><strong>Luana Soares<\/strong><br>Membro da Comiss\u00e3o de comunica\u00e7\u00e3o e marketing<\/figcaption><\/figure>\n<\/div>\n\n\n\n<div class=\"wp-block-column is-layout-flow wp-block-column-is-layout-flow\">\n<figure class=\"wp-block-image size-full is-resized\"><img loading=\"lazy\" decoding=\"async\" src=\"https:\/\/eventos.ufrrj.br\/siacs\/files\/2025\/11\/WhatsApp_Image_2025-11-14_at_13.16.20-removebg-preview.png\" alt=\"\" class=\"wp-image-796\" width=\"250\" height=\"333\" srcset=\"https:\/\/eventos.ufrrj.br\/siacs\/files\/2025\/11\/WhatsApp_Image_2025-11-14_at_13.16.20-removebg-preview.png 433w, https:\/\/eventos.ufrrj.br\/siacs\/files\/2025\/11\/WhatsApp_Image_2025-11-14_at_13.16.20-removebg-preview-225x300.png 225w\" sizes=\"auto, (max-width: 250px) 100vw, 250px\" \/><figcaption><strong>Luiz Alberto da Silva<\/strong>  <br>Membro do Comit\u00ea Organizador<\/figcaption><\/figure>\n<\/div>\n<\/div>\n\n\n\n<figure class=\"wp-block-image size-full is-resized\"><img loading=\"lazy\" decoding=\"async\" src=\"https:\/\/eventos.ufrrj.br\/siacs\/files\/2025\/11\/WhatsApp_Image_2025-11-14_at_14.12.04-removebg-preview.png\" alt=\"\" class=\"wp-image-815\" width=\"213\" height=\"321\" srcset=\"https:\/\/eventos.ufrrj.br\/siacs\/files\/2025\/11\/WhatsApp_Image_2025-11-14_at_14.12.04-removebg-preview.png 350w, https:\/\/eventos.ufrrj.br\/siacs\/files\/2025\/11\/WhatsApp_Image_2025-11-14_at_14.12.04-removebg-preview-199x300.png 199w\" sizes=\"auto, (max-width: 213px) 100vw, 213px\" \/><figcaption><strong>Erica Lima <\/strong><br>Membro do Comit\u00ea Organizador<\/figcaption><\/figure>\n\n\n\n<p><\/p>\n\n\n\n<p>Rychard Assis<br>Pedro Vieira<\/p>\n\n\n\n<p>Esther Mariana<\/p>\n\n\n\n<figure class=\"wp-block-embed is-type-wp-embed is-provider-simposio-ibero-americano-de-ciencia-do-solo wp-block-embed-simposio-ibero-americano-de-ciencia-do-solo\"><div class=\"wp-block-embed__wrapper\">\n<blockquote class=\"wp-embedded-content\" data-secret=\"ZGXiHQF08p\"><a href=\"https:\/\/eventos.ufrrj.br\/siacs\/palestrantes-iii-siacs\/\">Palestrantes &#8211; III SIACS<\/a><\/blockquote><iframe loading=\"lazy\" class=\"wp-embedded-content\" sandbox=\"allow-scripts\" security=\"restricted\" style=\"position: absolute; visibility: hidden;\" title=\"&#8220;Palestrantes &#8211; III SIACS&#8221; &#8212; Simp\u00f3sio Ibero-Americano de Ci\u00eancia do Solo\" src=\"https:\/\/eventos.ufrrj.br\/siacs\/palestrantes-iii-siacs\/embed\/#?secret=wxknO56ycx#?secret=ZGXiHQF08p\" data-secret=\"ZGXiHQF08p\" width=\"500\" height=\"282\" frameborder=\"0\" marginwidth=\"0\" marginheight=\"0\" scrolling=\"no\"><\/iframe>\n<\/div><\/figure>\n","protected":false},"excerpt":{"rendered":"<p>Rychard AssisPedro Vieira Esther Mariana<\/p>\n","protected":false},"author":24,"featured_media":0,"parent":0,"menu_order":0,"comment_status":"closed","ping_status":"closed","template":"","meta":{"footnotes":""},"class_list":["post-555","page","type-page","status-publish","hentry"],"_links":{"self":[{"href":"https:\/\/eventos.ufrrj.br\/siacs\/wp-json\/wp\/v2\/pages\/555","targetHints":{"allow":["GET"]}}],"collection":[{"href":"https:\/\/eventos.ufrrj.br\/siacs\/wp-json\/wp\/v2\/pages"}],"about":[{"href":"https:\/\/eventos.ufrrj.br\/siacs\/wp-json\/wp\/v2\/types\/page"}],"author":[{"embeddable":true,"href":"https:\/\/eventos.ufrrj.br\/siacs\/wp-json\/wp\/v2\/users\/24"}],"replies":[{"embeddable":true,"href":"https:\/\/eventos.ufrrj.br\/siacs\/wp-json\/wp\/v2\/comments?post=555"}],"version-history":[{"count":87,"href":"https:\/\/eventos.ufrrj.br\/siacs\/wp-json\/wp\/v2\/pages\/555\/revisions"}],"predecessor-version":[{"id":833,"href":"https:\/\/eventos.ufrrj.br\/siacs\/wp-json\/wp\/v2\/pages\/555\/revisions\/833"}],"wp:attachment":[{"href":"https:\/\/eventos.ufrrj.br\/siacs\/wp-json\/wp\/v2\/media?parent=555"}],"curies":[{"name":"wp","href":"https:\/\/api.w.org\/{rel}","templated":true}]}}