{"id":5,"date":"2021-08-10T10:20:49","date_gmt":"2021-08-10T13:20:49","guid":{"rendered":"http:\/\/eventos.ufrrj.br\/siacs\/?page_id=5"},"modified":"2025-10-06T14:18:46","modified_gmt":"2025-10-06T17:18:46","slug":"o-simposio","status":"publish","type":"page","link":"https:\/\/eventos.ufrrj.br\/siacs\/o-simposio\/","title":{"rendered":"O Simp\u00f3sio"},"content":{"rendered":"<p>O Programa de P\u00f3s-gradua\u00e7\u00e3o em Agronomia-Ci\u00eancia do Solo (PPGA-CS) da Universidade Federal Rural do Rio de Janeiro (UFRRJ) possui linhas de pesquisa reconhecidas sobre o manejo de solos fr\u00e1geis para o desenvolvimento de atividades agr\u00edcolas. Estas pesquisas incluem monitoramento das caracter\u00edsticas qu\u00edmicas, f\u00edsicas e biol\u00f3gicas de solos com riscos para a eros\u00e3o e desenvolvimento de alternativas como a fabrica\u00e7\u00e3o de organominerais e bioestimulantes a fim de melhorar a produ\u00e7\u00e3o de alimentos nestas condi\u00e7\u00f5es. Estas pesquisas t\u00eam tido uma ampla colabora\u00e7\u00e3o dos professores e pesquisadores do programa em conjunto com outros professores das Universidades de Cuba, Argentina, Espanha, Portugal e M\u00e9xico durante mais de 20 anos. Nesse contexto \u00e9 que o programa vem desenvolvendo eventos internacionais entre professores\/pesquisadores de pa\u00edses geograficamente mais acess\u00edveis de acordo com as condi\u00e7\u00f5es atuais (Cuba e Argentina), onde j\u00e1 se concluiu com sucesso a quarta edi\u00e7\u00e3o. Estes eventos t\u00eam tido grande aceita\u00e7\u00e3o pela comunidade acad\u00eamico-cient\u00edfica, fazendo-se necess\u00e1rio a inclus\u00e3o dos pa\u00edses parceiros que n\u00e3o tinham podido participar dos eventos internacionais at\u00e9 ent\u00e3o celebrados. Por outro lado, por ser um tema de grande problem\u00e1tica internacional conecta a necessidade de interc\u00e2mbios mais pr\u00f3ximos entre pesquisadores a fim de trocar novas experi\u00eancias a n\u00edvel de produtos e tecnologias. Desta forma, \u00e9 que propomos a organiza\u00e7\u00e3o do I Congresso \u00cdbero Americano das Ci\u00eancias do Solo, com o tema \u201cAgricultura em Solos Fr\u00e1geis da Am\u00e9rica Latina e Europa\u201d. Este evento permitir\u00e1 estabelecer redes internacionais de trabalho para desenvolvimento de a\u00e7\u00f5es com objetivo de t\u00e9cnicas de manejo adequadas em solo fr\u00e1geis, o que permitir\u00e1 aos alunos, professores e especialistas participar do interc\u00e2mbio de conhecimentos entre centros de pesquisa de Universidades da Am\u00e9rica Latina e Europa. A Universidade Federal Rural do Rio de Janeiro (UFRRJ) ser\u00e1 anfitri\u00e3 do evento, possuindo todas as condi\u00e7\u00f5es de infraestrutura e necess\u00e1rias para a realiza\u00e7\u00e3o. Finalmente, acredita-se que o evento ir\u00e1 atrair aten\u00e7\u00e3o da comunidade acad\u00eamico-cient\u00edfica, como estudantes de gradua\u00e7\u00e3o, p\u00f3s-gradua\u00e7\u00e3o, t\u00e9cnicos e professores das institui\u00e7\u00f5es envolvidas, al\u00e9m de participantes de outras institui\u00e7\u00f5es que se interessem pelo tema abordado, pois n\u00e3o temos informa\u00e7\u00f5es de um evento com um tema semelhante que tenha sido desenvolvido nos \u00faltimos anos.<\/p>\n\n\n<ul class=\"wp-block-list\"><li><a href=\"https:\/\/eventos.ufrrj.br\/siacs\/i-siacs-2021\/\" data-type=\"URL\" data-id=\"https:\/\/eventos.ufrrj.br\/siacs\/i-siacs-2021\/\">I SIACS &#8211; 2021<\/a><\/li><li><a href=\"https:\/\/eventos.ufrrj.br\/siacs\/ii-siacs\/\">II SIACS &#8211; 2023<\/a><\/li><li><a href=\"https:\/\/eventos.ufrrj.br\/siacs\/iii-siacs\/\">III SIACS &#8211; 2025<\/a><\/li><\/ul>\n","protected":false},"excerpt":{"rendered":"<p>O Programa de P\u00f3s-gradua\u00e7\u00e3o em Agronomia-Ci\u00eancia do Solo (PPGA-CS) da Universidade Federal Rural do Rio de Janeiro (UFRRJ) possui linhas <a class=\"read-more\" href=\"https:\/\/eventos.ufrrj.br\/siacs\/o-simposio\/ \" >&#8230; <span class=\"font-italic\">leia mais <i class=\"fas fa-angle-right\"><\/i><\/span><\/a><\/p>\n","protected":false},"author":25,"featured_media":0,"parent":0,"menu_order":0,"comment_status":"closed","ping_status":"closed","template":"","meta":{"footnotes":""},"class_list":["post-5","page","type-page","status-publish","hentry"],"_links":{"self":[{"href":"https:\/\/eventos.ufrrj.br\/siacs\/wp-json\/wp\/v2\/pages\/5","targetHints":{"allow":["GET"]}}],"collection":[{"href":"https:\/\/eventos.ufrrj.br\/siacs\/wp-json\/wp\/v2\/pages"}],"about":[{"href":"https:\/\/eventos.ufrrj.br\/siacs\/wp-json\/wp\/v2\/types\/page"}],"author":[{"embeddable":true,"href":"https:\/\/eventos.ufrrj.br\/siacs\/wp-json\/wp\/v2\/users\/25"}],"replies":[{"embeddable":true,"href":"https:\/\/eventos.ufrrj.br\/siacs\/wp-json\/wp\/v2\/comments?post=5"}],"version-history":[{"count":6,"href":"https:\/\/eventos.ufrrj.br\/siacs\/wp-json\/wp\/v2\/pages\/5\/revisions"}],"predecessor-version":[{"id":476,"href":"https:\/\/eventos.ufrrj.br\/siacs\/wp-json\/wp\/v2\/pages\/5\/revisions\/476"}],"wp:attachment":[{"href":"https:\/\/eventos.ufrrj.br\/siacs\/wp-json\/wp\/v2\/media?parent=5"}],"curies":[{"name":"wp","href":"https:\/\/api.w.org\/{rel}","templated":true}]}}