{"id":471,"date":"2025-10-06T14:08:59","date_gmt":"2025-10-06T17:08:59","guid":{"rendered":"https:\/\/eventos.ufrrj.br\/siacs\/?page_id=471"},"modified":"2025-10-22T09:11:21","modified_gmt":"2025-10-22T12:11:21","slug":"iii-siacs","status":"publish","type":"page","link":"https:\/\/eventos.ufrrj.br\/siacs\/iii-siacs\/","title":{"rendered":"III SIACS"},"content":{"rendered":"\n<p>\ud83d\uddd3ANOTA A\u00cd na agenda!<\/p>\n\n\n\n<p>\u2728\ufe0fDe 17 a 19 de novembro de 2025, acontecer\u00e1 a 3\u00b0 Edi\u00e7\u00e3o do SIACS &#8211; Simp\u00f3sio Ibero Americano de Ci\u00eancia do Solo!<\/p>\n\n\n\n<p>\ud83d\udd0dTr\u00eas dias de muito conhecimento e troca de experi\u00eancias. Voc\u00ea n\u00e3o pode ficar de fora!<\/p>\n\n\n\n<p>\u2757\ufe0f\u200bAcompanhe-nos para saber tudo sobre o processo de inscri\u00e7\u00e3o, conhecer os palestrantes confirmados e conferir a programa\u00e7\u00e3o completa!<\/p>\n\n\n\n<p><strong>Instagram:<\/strong><a href=\"https:\/\/www.instagram.com\/ibero.americano\/\">@ibero.americano<\/a><\/p>\n\n\n\n<p><\/p>\n\n\n\n<p><\/p>\n","protected":false},"excerpt":{"rendered":"<p>\ud83d\uddd3ANOTA A\u00cd na agenda! \u2728\ufe0fDe 17 a 19 de novembro de 2025, acontecer\u00e1 a 3\u00b0 Edi\u00e7\u00e3o do SIACS &#8211; Simp\u00f3sio <a class=\"read-more\" href=\"https:\/\/eventos.ufrrj.br\/siacs\/iii-siacs\/ \" >&#8230; <span class=\"font-italic\">leia mais <i class=\"fas fa-angle-right\"><\/i><\/span><\/a><\/p>\n","protected":false},"author":24,"featured_media":0,"parent":0,"menu_order":0,"comment_status":"closed","ping_status":"closed","template":"","meta":{"footnotes":""},"class_list":["post-471","page","type-page","status-publish","hentry"],"_links":{"self":[{"href":"https:\/\/eventos.ufrrj.br\/siacs\/wp-json\/wp\/v2\/pages\/471","targetHints":{"allow":["GET"]}}],"collection":[{"href":"https:\/\/eventos.ufrrj.br\/siacs\/wp-json\/wp\/v2\/pages"}],"about":[{"href":"https:\/\/eventos.ufrrj.br\/siacs\/wp-json\/wp\/v2\/types\/page"}],"author":[{"embeddable":true,"href":"https:\/\/eventos.ufrrj.br\/siacs\/wp-json\/wp\/v2\/users\/24"}],"replies":[{"embeddable":true,"href":"https:\/\/eventos.ufrrj.br\/siacs\/wp-json\/wp\/v2\/comments?post=471"}],"version-history":[{"count":3,"href":"https:\/\/eventos.ufrrj.br\/siacs\/wp-json\/wp\/v2\/pages\/471\/revisions"}],"predecessor-version":[{"id":493,"href":"https:\/\/eventos.ufrrj.br\/siacs\/wp-json\/wp\/v2\/pages\/471\/revisions\/493"}],"wp:attachment":[{"href":"https:\/\/eventos.ufrrj.br\/siacs\/wp-json\/wp\/v2\/media?parent=471"}],"curies":[{"name":"wp","href":"https:\/\/api.w.org\/{rel}","templated":true}]}}