{"id":425,"date":"2024-07-06T23:09:21","date_gmt":"2024-07-07T02:09:21","guid":{"rendered":"https:\/\/eventos.ufrrj.br\/siacs\/?page_id=425"},"modified":"2025-10-14T08:32:16","modified_gmt":"2025-10-14T11:32:16","slug":"inicio","status":"publish","type":"page","link":"https:\/\/eventos.ufrrj.br\/siacs\/","title":{"rendered":""},"content":{"rendered":"\n<div class=\"wp-block-group\"><div class=\"wp-block-group__inner-container is-layout-flow wp-block-group-is-layout-flow\"><ul class=\"wp-block-latest-posts__list is-grid columns-3 has-dates aligncenter wp-block-latest-posts\"><li><a class=\"wp-block-latest-posts__post-title\" href=\"https:\/\/eventos.ufrrj.br\/siacs\/check-seu-e-mail-agora\/\">Check seu e-mail agora!<\/a><time datetime=\"2025-12-10T11:24:56-03:00\" class=\"wp-block-latest-posts__post-date\">10 de dezembro de 2025<\/time><\/li>\n<li><a class=\"wp-block-latest-posts__post-title\" href=\"https:\/\/eventos.ufrrj.br\/siacs\/programacao-iii-siacs-2025\/\">Programa\u00e7\u00e3o III SIACS &#8211; 2025 &#8211; atualizada<\/a><time datetime=\"2025-11-12T10:18:34-03:00\" class=\"wp-block-latest-posts__post-date\">12 de novembro de 2025<\/time><\/li>\n<li><a class=\"wp-block-latest-posts__post-title\" href=\"https:\/\/eventos.ufrrj.br\/siacs\/envio-da-apresentacao-dos-trabalhos-ate-14-11\/\">Envio da apresenta\u00e7\u00e3o dos trabalhos at\u00e9 14\/11<\/a><time datetime=\"2025-11-11T11:24:52-03:00\" class=\"wp-block-latest-posts__post-date\">11 de novembro de 2025<\/time><\/li>\n<\/ul><\/div><\/div>\n\n\n\n<div class=\"alignnormal\"><div id=\"metaslider-id-404\" style=\"width: 100%;\" class=\"ml-slider-3-107-0 metaslider metaslider-flex metaslider-404 ml-slider has-dots-nav ms-theme-default\" role=\"region\" aria-label=\"New Slideshow\" data-height=\"900\" data-width=\"1800\">\n    <div id=\"metaslider_container_404\">\n        <div id=\"metaslider_404\">\n            <ul class='slides'>\n                <li style=\"display: block; width: 100%;\" class=\"slide-407 ms-image \" aria-roledescription=\"slide\" data-date=\"2024-07-06 22:25:31\" data-filename=\"III-SIACS.png\" data-slide-type=\"image\"><a href=\"https:\/\/eventos.ufrrj.br\/simposio-abc\/\" target=\"_self\" aria-label=\"View Slide Details\" class=\"metaslider_image_link\"><img loading=\"lazy\" decoding=\"async\" src=\"https:\/\/eventos.ufrrj.br\/siacs\/files\/2025\/10\/III-SIACS.png\" height=\"900\" width=\"1800\" alt=\"\" class=\"slider-404 slide-407 msDefaultImage\" title=\"III SIACS\" \/><\/a><\/li>\n                <li style=\"display: none; width: 100%;\" class=\"slide-500 ms-image \" aria-roledescription=\"slide\" data-date=\"2025-10-09 12:16:10\" data-filename=\"III-SIACS-1.png\" data-slide-type=\"image\"><img loading=\"lazy\" decoding=\"async\" src=\"https:\/\/eventos.ufrrj.br\/siacs\/files\/2025\/10\/III-SIACS-1.png\" height=\"900\" width=\"1800\" alt=\"\" class=\"slider-404 slide-500 msDefaultImage\" title=\"III SIACS\" \/><\/li>\n            <\/ul>\n        <\/div>\n        \n    <\/div>\n<\/div><\/div>\n","protected":false},"excerpt":{"rendered":"","protected":false},"author":24,"featured_media":0,"parent":0,"menu_order":1,"comment_status":"closed","ping_status":"closed","template":"","meta":{"footnotes":""},"class_list":["post-425","page","type-page","status-publish","hentry"],"_links":{"self":[{"href":"https:\/\/eventos.ufrrj.br\/siacs\/wp-json\/wp\/v2\/pages\/425","targetHints":{"allow":["GET"]}}],"collection":[{"href":"https:\/\/eventos.ufrrj.br\/siacs\/wp-json\/wp\/v2\/pages"}],"about":[{"href":"https:\/\/eventos.ufrrj.br\/siacs\/wp-json\/wp\/v2\/types\/page"}],"author":[{"embeddable":true,"href":"https:\/\/eventos.ufrrj.br\/siacs\/wp-json\/wp\/v2\/users\/24"}],"replies":[{"embeddable":true,"href":"https:\/\/eventos.ufrrj.br\/siacs\/wp-json\/wp\/v2\/comments?post=425"}],"version-history":[{"count":10,"href":"https:\/\/eventos.ufrrj.br\/siacs\/wp-json\/wp\/v2\/pages\/425\/revisions"}],"predecessor-version":[{"id":534,"href":"https:\/\/eventos.ufrrj.br\/siacs\/wp-json\/wp\/v2\/pages\/425\/revisions\/534"}],"wp:attachment":[{"href":"https:\/\/eventos.ufrrj.br\/siacs\/wp-json\/wp\/v2\/media?parent=425"}],"curies":[{"name":"wp","href":"https:\/\/api.w.org\/{rel}","templated":true}]}}