{"id":362,"date":"2024-02-23T09:35:00","date_gmt":"2024-02-23T12:35:00","guid":{"rendered":"https:\/\/eventos.ufrrj.br\/siacs\/?page_id=362"},"modified":"2025-10-09T08:35:55","modified_gmt":"2025-10-09T11:35:55","slug":"ii-siacs","status":"publish","type":"page","link":"https:\/\/eventos.ufrrj.br\/siacs\/ii-siacs\/","title":{"rendered":"II SIACS"},"content":{"rendered":"\n<p>A Segunda Edi\u00e7\u00e3o do Simp\u00f3sio Ibero-Americano de Ci\u00eancias do Solo ocorreu nos dias 12 a 15 de Dezembro de 2023<\/p>\n\n\n\n<p>Confira a programa\u00e7\u00e3o <a href=\"https:\/\/ugc.production.linktr.ee\/eabb2a2b-5c86-4ff3-bc44-8e97e90d8fe6_Programa--o---II-SIACS.pdf\">aqui<\/a>.<\/p>\n\n\n\n<p>Assista \u00e0s palestras do evento:<\/p>\n\n\n\n<p><a href=\"https:\/\/www.youtube.com\/live\/NVGP0VJ1AuM?si=E6sq2VRqgiheRtLv\">Palestra de abertura: Mudan\u00e7as de uso da terra eimpactos sobre os solos nos biomas Amaz\u00f4nia<\/a><br><br><a href=\"https:\/\/www.youtube.com\/live\/agSyoJM0-Lk?si=ePBs1ZWhEEAEWNAd\">Palestra 2: Manejo agroecologico de los suelos laderasen el sector occidental de Cuba<\/a><br><br><a href=\"https:\/\/www.youtube.com\/live\/T_LAN06Hlbs?si=bSyjBANVL9taWmH9\">Palestra 3: Emiss\u00f5es de GEEs nas atividades de Agropecu\u00e1ria no Brasil<\/a><br><br><a href=\"https:\/\/www.youtube.com\/live\/1hpXEdfVNfw?si=xJn2j5UgAyh5BBUI\">Palestra 4: Diversidade de Bact\u00e9rias do Solo na Amaz\u00f4nia: do b\u00e1sico ao aplicado<\/a><br><br><a href=\"https:\/\/www.youtube.com\/live\/s85Vbr_3Yds?si=9nx1DGiNgI5V9T_E\">Palestra 5: Mudan\u00e7as nas propriedades do solo por atividades antr\u00f3picas<\/a><br><br><a href=\"https:\/\/www.youtube.com\/live\/-1XN8Gn9bH8?si=TOtkysTImYUlA_RN\">Palestra 6: Tratamento de residuos mediante compostagem e sua aplicacao a solos agr\u00edcolas nos Andes<\/a><br><br><a href=\"https:\/\/www.youtube.com\/live\/5iaGKAo428Y?si=1nGSLbNKdkfcdQpJ\">Palestra 7: Diagn\u00f3stico y soluciones a la degradaci\u00f3n de tierras en la Regi\u00f3n Pampeana de Argentina.<\/a><br><br><a href=\"https:\/\/www.youtube.com\/live\/E1ND_lA7-TI?si=2ddNbHOxKxItKSe0\">Palestra 8: BRASIL &#8211; A Iniciativa Internacional 4 por 1000. Solos em Prol da Seguran\u00e7a Alimentar<\/a><br><br><a href=\"https:\/\/www.youtube.com\/live\/zVW5e5nfeWQ?si=hh3ZOBKUuXJwRPrY\">Palestra 9: Tecnologias digitais acess\u00edveis e os ODS na agricultura em Portugal<\/a><\/p>\n\n\n\n<p>Assista \u00e0s apresenta\u00e7\u00f5es de trabalhos:<\/p>\n\n\n\n<p><a href=\"https:\/\/youtu.be\/nzDPeIn-1rA?si=RaTWM2oPVzLDke6f\">Dia 1<\/a><\/p>\n\n\n\n<p><a href=\"https:\/\/youtu.be\/g03xNAPClEI?si=96E7F1CU07SngSZf\">Dia 2<\/a><\/p>\n\n\n\n<p><a href=\"https:\/\/youtu.be\/y5p6wv0BZMU?si=GIIrTP8NiP62HeQm\">Dia 3<\/a><\/p>\n\n\n\n<p><a href=\"https:\/\/youtu.be\/LDbgSmdN6D8?si=ryHc8B28t2r9Gdrh\">Dia 4<\/a><\/p>\n\n\n\n<p><a href=\"https:\/\/atenaeditora.com.br\/catalogo\/ebook\/ii-simposio-ibero-americano-de-ciencias-do-solo-como-a-ciencia-do-solo-esta-contribuindo-para-atingir-os-objetivos-do-desenvolvimento-sustentavel-na-america-latina-e-europa\">Anais Publicados<\/a><\/p>\n\n\n\n<p><\/p>\n","protected":false},"excerpt":{"rendered":"<p>A Segunda Edi\u00e7\u00e3o do Simp\u00f3sio Ibero-Americano de Ci\u00eancias do Solo ocorreu nos dias 12 a 15 de Dezembro de 2023 <a class=\"read-more\" href=\"https:\/\/eventos.ufrrj.br\/siacs\/ii-siacs\/ \" >&#8230; <span class=\"font-italic\">leia mais <i class=\"fas fa-angle-right\"><\/i><\/span><\/a><\/p>\n","protected":false},"author":24,"featured_media":0,"parent":0,"menu_order":0,"comment_status":"closed","ping_status":"closed","template":"","meta":{"footnotes":""},"class_list":["post-362","page","type-page","status-publish","hentry"],"_links":{"self":[{"href":"https:\/\/eventos.ufrrj.br\/siacs\/wp-json\/wp\/v2\/pages\/362","targetHints":{"allow":["GET"]}}],"collection":[{"href":"https:\/\/eventos.ufrrj.br\/siacs\/wp-json\/wp\/v2\/pages"}],"about":[{"href":"https:\/\/eventos.ufrrj.br\/siacs\/wp-json\/wp\/v2\/types\/page"}],"author":[{"embeddable":true,"href":"https:\/\/eventos.ufrrj.br\/siacs\/wp-json\/wp\/v2\/users\/24"}],"replies":[{"embeddable":true,"href":"https:\/\/eventos.ufrrj.br\/siacs\/wp-json\/wp\/v2\/comments?post=362"}],"version-history":[{"count":8,"href":"https:\/\/eventos.ufrrj.br\/siacs\/wp-json\/wp\/v2\/pages\/362\/revisions"}],"predecessor-version":[{"id":495,"href":"https:\/\/eventos.ufrrj.br\/siacs\/wp-json\/wp\/v2\/pages\/362\/revisions\/495"}],"wp:attachment":[{"href":"https:\/\/eventos.ufrrj.br\/siacs\/wp-json\/wp\/v2\/media?parent=362"}],"curies":[{"name":"wp","href":"https:\/\/api.w.org\/{rel}","templated":true}]}}