{"id":37,"date":"2023-05-12T10:41:18","date_gmt":"2023-05-12T13:41:18","guid":{"rendered":"https:\/\/eventos.ufrrj.br\/seminariorediao\/?page_id=37"},"modified":"2023-05-12T11:13:25","modified_gmt":"2023-05-12T14:13:25","slug":"contacto","status":"publish","type":"page","link":"https:\/\/eventos.ufrrj.br\/seminariorediao\/contacto\/","title":{"rendered":"Contacto"},"content":{"rendered":"\n<p>Caso voc\u00ea necessite de informa\u00e7\u00f5es adicionais sobre o evento, utilizar o seguinte endere\u00e7o eletr\u00f4nico:<\/p>\n\n\n\n<p><em>Si necesita informaci\u00f3n adicional sobre el evento, utilice la siguiente direcci\u00f3n de correo electr\u00f3nico:<\/em><\/p>\n\n\n\n<p><strong><mark style=\"background-color:#ffffff;color:#058e5c\" class=\"has-inline-color\"> seminariorediao2023@gmail.com<\/mark><\/strong><\/p>\n\n\n\n<p><\/p>\n\n\n\n<p><\/p>\n\n\n\n<p><a href=\"https:\/\/www.instagram.com\/seminariorediao2023\/\" data-type=\"URL\" data-id=\"https:\/\/www.instagram.com\/seminariorediao2023\/\"><img loading=\"lazy\" decoding=\"async\" width=\"225\" height=\"225\" class=\"wp-image-42\" style=\"width: 150px\" src=\"http:\/\/eventos.ufrrj.br\/seminariorediao\/files\/2023\/05\/instagram-logo.jpg\" alt=\"\" srcset=\"https:\/\/eventos.ufrrj.br\/seminariorediao\/files\/2023\/05\/instagram-logo.jpg 225w, https:\/\/eventos.ufrrj.br\/seminariorediao\/files\/2023\/05\/instagram-logo-150x150.jpg 150w, https:\/\/eventos.ufrrj.br\/seminariorediao\/files\/2023\/05\/instagram-logo-75x75.jpg 75w, https:\/\/eventos.ufrrj.br\/seminariorediao\/files\/2023\/05\/instagram-logo-100x100.jpg 100w\" sizes=\"auto, (max-width: 225px) 100vw, 225px\" \/><\/a><\/p>\n\n\n\n<p><a href=\"https:\/\/www.instagram.com\/seminariorediao2023\/\" data-type=\"URL\" data-id=\"https:\/\/www.instagram.com\/seminariorediao2023\/\">@seminariorediao2023<\/a><\/p>\n","protected":false},"excerpt":{"rendered":"<p>Caso voc\u00ea necessite de informa\u00e7\u00f5es adicionais sobre o evento, utilizar o seguinte endere\u00e7o eletr\u00f4nico: Si necesita informaci\u00f3n adicional sobre el <a class=\"read-more\" href=\"https:\/\/eventos.ufrrj.br\/seminariorediao\/contacto\/ \" >&#8230; <span class=\"font-italic\">leia mais <i class=\"fas fa-angle-right\"><\/i><\/span><\/a><\/p>\n","protected":false},"author":47,"featured_media":0,"parent":0,"menu_order":0,"comment_status":"closed","ping_status":"closed","template":"","meta":{"footnotes":""},"class_list":["post-37","page","type-page","status-publish","hentry"],"_links":{"self":[{"href":"https:\/\/eventos.ufrrj.br\/seminariorediao\/wp-json\/wp\/v2\/pages\/37","targetHints":{"allow":["GET"]}}],"collection":[{"href":"https:\/\/eventos.ufrrj.br\/seminariorediao\/wp-json\/wp\/v2\/pages"}],"about":[{"href":"https:\/\/eventos.ufrrj.br\/seminariorediao\/wp-json\/wp\/v2\/types\/page"}],"author":[{"embeddable":true,"href":"https:\/\/eventos.ufrrj.br\/seminariorediao\/wp-json\/wp\/v2\/users\/47"}],"replies":[{"embeddable":true,"href":"https:\/\/eventos.ufrrj.br\/seminariorediao\/wp-json\/wp\/v2\/comments?post=37"}],"version-history":[{"count":5,"href":"https:\/\/eventos.ufrrj.br\/seminariorediao\/wp-json\/wp\/v2\/pages\/37\/revisions"}],"predecessor-version":[{"id":55,"href":"https:\/\/eventos.ufrrj.br\/seminariorediao\/wp-json\/wp\/v2\/pages\/37\/revisions\/55"}],"wp:attachment":[{"href":"https:\/\/eventos.ufrrj.br\/seminariorediao\/wp-json\/wp\/v2\/media?parent=37"}],"curies":[{"name":"wp","href":"https:\/\/api.w.org\/{rel}","templated":true}]}}