{"id":2,"date":"2023-05-08T10:12:32","date_gmt":"2023-05-08T13:12:32","guid":{"rendered":"https:\/\/eventos.ufrrj.br\/seminariorediao\/?page_id=2"},"modified":"2023-09-20T22:31:34","modified_gmt":"2023-09-21T01:31:34","slug":"sobreoevento","status":"publish","type":"page","link":"https:\/\/eventos.ufrrj.br\/seminariorediao\/sobreoevento\/","title":{"rendered":"Sobre o evento"},"content":{"rendered":"\n<p> O I Semin\u00e1rio Ibero-Americano de Pesquisa em Agricultura Org\u00e2nica\/Biol\u00f3gica &#8211; REDIAO 2023 ocorrer\u00e1 nos dias 18 a 22 setembro de 2023 nas depend\u00eancias do Instituto de Agronomia da Universidade Federal Rural do Rio de Janeiro (UFRRJ), em Serop\u00e9dica \u2013 RJ.<\/p>\n\n\n\n<p>O Semin\u00e1rio REDIAO \u00e9 patrocinado pela Funda\u00e7\u00e3o Carlos Chagas Filho de Amparo \u00e0 Pesquisa do Estado do Rio de Janeiro (FAPERJ). O evento \u00e9 organizado em uma a\u00e7\u00e3o conjunta entre o Programa de P\u00f3s-Gradua\u00e7\u00e3o em Agricultura Org\u00e2nica \u2013 PPGAO\/UFRRJ e Programa de P\u00f3s-Gradua\u00e7\u00e3o em Fitotecnia &#8211; PPGF\/UFRRJ, e com o apoio do Programa de P\u00f3s-Gradua\u00e7\u00e3o em Agronomia (Ci\u00eancia do Solo) (PPGA\/CS\/UFRRJ) e Pr\u00f3-Reitoria de Pesquisa e P\u00f3s-Gradua\u00e7\u00e3o (UFRRJ).<\/p>\n\n\n\n<p><\/p>\n\n\n\n<p><strong>OBJETIVOS DO EVENTO:<\/strong> a) Integrar e fortalecer os Grupos de Pesquisa em Agricultura Org\u00e2nica da Ibero-Am\u00e9rica que integram a Rede Ibero-americana de Agricultura Org\u00e2nica &#8211; REDIAO. b) Apresentar trabalhos cient\u00edficos e iniciativas de ensino e extens\u00e3o em agricultura org\u00e2nica das 12 Universidades que comp\u00f5em a REDIAO. c) Colaborar para o fortalecimento das cadeias de produ\u00e7\u00e3o de org\u00e2nicos no Brasil e nos demais pa\u00edses Ibero-Americanos que integram a REDIAO. d) Favorecer o desenvolvimento de parcerias entre os pa\u00edses membros da Rede na tem\u00e1tica agricultura org\u00e2nica.<\/p>\n\n\n\n<p><\/p>\n\n\n\n<p><\/p>\n\n\n\n<p><strong><em>Sobre el evento<\/em><\/strong><\/p>\n\n\n<p><!-- wp:p\u00e1rrafo --><\/p>\n<p><em>El 1er Seminario Iberoamericano de Investigaci\u00f3n en Agricultura Org\u00e1nica\/Biol\u00f3gica &#8211; REDIAO 2023 tendr\u00e1 lugar del 18 al 22 de septiembre de 2023 en el Instituto de Agronom\u00eda de la Universidad Federal Rural de R\u00edo de Janeiro (UFRRJ), en Serop\u00e9dica \u2013 RJ.<\/em><\/p>\n<p><em>El Seminario de REDIAO est\u00e1 auspiciado por la Asociaci\u00f3n Universitaria Iberoamericana de Posgrado (AUIP) y por la &#8220;Funda\u00e7\u00e3o Carlos Chagas Filho de Amparo \u00e0 Pesquisa do Estado do Rio de Janeiro (FAPERJ)&#8221;. El evento es organizado en una acci\u00f3n conjunta entre el Programa de Posgrado en Agricultura Org\u00e1nica &#8211; PPGAO\/UFRRJ y el Programa de Posgrado en Fitotecnia &#8211; PPGF\/UFRRJ, y con el apoyo del Programa de Posgrado en Agronom\u00eda (Ci\u00eancia do Solo) (PPGA\/CS\/ UFRRJ) y Decana de Investigaci\u00f3n y Posgrado (UFRRJ).<\/em><\/p>\n<p><em><!-- \/wp:p\u00e1rrafo --><\/em><\/p>\n<p><em><!-- wp:p\u00e1rrafo --><\/em><\/p>\n<p><em><strong>DESTINADO A: <\/strong>El evento internacional est\u00e1 dirigido a estudiantes universitarios, investigadores, profesores y profesionales vinculados al tema de la agricultura org\u00e1nica de varios pa\u00edses. Se estima una audiencia presencial de 150 personas incluyendo miembros de la Red Iberoamericana de Agricultura Org\u00e1nica (REDIAO) compuesta por investigadores de 10 pa\u00edses de Am\u00e9rica Latina adem\u00e1s de Portugal y Espa\u00f1a y m\u00e1s de 100 participantes de Brasil, en su mayor\u00eda universitarios. estudiantes de Agronom\u00eda.<\/em><\/p>\n<p><em><!-- \/wp:p\u00e1rrafo --><\/em><\/p>\n<p><em><!-- wp:p\u00e1rrafo --><\/em><\/p>\n<p><em><strong>OBJETIVOS DEL EVENTO:<\/strong> a) Integrar y fortalecer los Grupos de Investigaci\u00f3n en Agricultura Org\u00e1nica en Iberoam\u00e9rica que forman parte de la Red Iberoamericana de Agricultura Org\u00e1nica &#8211; REDIAO. b) Presentar trabajos cient\u00edficos e iniciativas de docencia y extensi\u00f3n en agricultura org\u00e1nica de las 12 Universidades que integran la REDIAO. c) Colaborar para fortalecer las cadenas productivas org\u00e1nicas en Brasil y en los dem\u00e1s pa\u00edses iberoamericanos que forman parte de la REDIAO. d) Favorecer el desarrollo de alianzas entre los pa\u00edses miembros de la Red en el campo de la agricultura org\u00e1nica.<\/em><\/p>\n<p><!-- \/wp:p\u00e1rrafo --><\/p>","protected":false},"excerpt":{"rendered":"<p>O I Semin\u00e1rio Ibero-Americano de Pesquisa em Agricultura Org\u00e2nica\/Biol\u00f3gica &#8211; REDIAO 2023 ocorrer\u00e1 nos dias 18 a 22 setembro de <a class=\"read-more\" href=\"https:\/\/eventos.ufrrj.br\/seminariorediao\/sobreoevento\/ \" >&#8230; <span class=\"font-italic\">leia mais <i class=\"fas fa-angle-right\"><\/i><\/span><\/a><\/p>\n","protected":false},"author":25,"featured_media":0,"parent":0,"menu_order":0,"comment_status":"closed","ping_status":"open","template":"","meta":{"footnotes":""},"class_list":["post-2","page","type-page","status-publish","hentry"],"_links":{"self":[{"href":"https:\/\/eventos.ufrrj.br\/seminariorediao\/wp-json\/wp\/v2\/pages\/2","targetHints":{"allow":["GET"]}}],"collection":[{"href":"https:\/\/eventos.ufrrj.br\/seminariorediao\/wp-json\/wp\/v2\/pages"}],"about":[{"href":"https:\/\/eventos.ufrrj.br\/seminariorediao\/wp-json\/wp\/v2\/types\/page"}],"author":[{"embeddable":true,"href":"https:\/\/eventos.ufrrj.br\/seminariorediao\/wp-json\/wp\/v2\/users\/25"}],"replies":[{"embeddable":true,"href":"https:\/\/eventos.ufrrj.br\/seminariorediao\/wp-json\/wp\/v2\/comments?post=2"}],"version-history":[{"count":7,"href":"https:\/\/eventos.ufrrj.br\/seminariorediao\/wp-json\/wp\/v2\/pages\/2\/revisions"}],"predecessor-version":[{"id":148,"href":"https:\/\/eventos.ufrrj.br\/seminariorediao\/wp-json\/wp\/v2\/pages\/2\/revisions\/148"}],"wp:attachment":[{"href":"https:\/\/eventos.ufrrj.br\/seminariorediao\/wp-json\/wp\/v2\/media?parent=2"}],"curies":[{"name":"wp","href":"https:\/\/api.w.org\/{rel}","templated":true}]}}