{"id":18,"date":"2023-05-12T10:29:35","date_gmt":"2023-05-12T13:29:35","guid":{"rendered":"https:\/\/eventos.ufrrj.br\/seminariorediao\/?page_id=18"},"modified":"2023-07-31T14:22:59","modified_gmt":"2023-07-31T17:22:59","slug":"envio-de-resumos-envio-de-resumenes","status":"publish","type":"page","link":"https:\/\/eventos.ufrrj.br\/seminariorediao\/envio-de-resumos-envio-de-resumenes\/","title":{"rendered":"Envio de resumos \/ Presentaci\u00f3n de res\u00famenes"},"content":{"rendered":"\n<p><strong>ENVIO DE RESUMOS<\/strong><\/p>\n\n\n\n<p><mark style=\"background-color:#fcb900\" class=\"has-inline-color has-black-color\"><strong>Prazo m\u00e1ximo para submiss\u00e3o de resumos: <\/strong><s>30\/06\/2023<\/s><\/mark><mark style=\"background-color:#fcb900\" class=\"has-inline-color\"><s> 31\/07\/<\/s><\/mark><s><mark style=\"background-color:#fcb900\" class=\"has-inline-color\">20<\/mark><\/s><mark style=\"background-color:#fcb900\" class=\"has-inline-color\"><s>23<\/s> <\/mark> <strong><mark style=\"background-color:#8ed1fc\" class=\"has-inline-color has-vivid-red-color\">07\/08\/2023<\/mark><\/strong><\/p>\n\n\n\n<p>A submiss\u00e3o de trabalhos para o I Semin\u00e1rio Ibero-Americano de Pesquisa em Agricultura Org\u00e2nica\/Biol\u00f3gica \u2013 REDIAO 2023 dever\u00e1 ser feita em duas etapas, sendo estas:<\/p>\n\n\n\n<p><strong>1\u00ba ETAPA:<\/strong> Preenchimento de formul\u00e1rio para cadastro dos dados do resumo: Dispon\u00edvel em: <a href=\"https:\/\/forms.gle\/6f1VTf8QhaJWy5Df6\">https:\/\/forms.gle\/6f1VTf8QhaJWy5Df6<\/a><\/p>\n\n\n\n<p><strong>2\u00ba ETAPA:<\/strong> Envio do arquivo do resumo em formato Word (.doc; .docx) para o e-mail do evento: E-mail: <strong>seminariorediao2023@gmail.com<\/strong><\/p>\n\n\n\n<p><strong><u>Instru\u00e7\u00f5es gerais de formato do arquivo<\/u><\/strong><\/p>\n\n\n\n<ol class=\"wp-block-list\" type=\"1\"><li>Os resumos dever\u00e3o conter apenas 350 palavras, em at\u00e9 1 (uma) p\u00e1gina, em formato A4, fonte Calibri, tamanho 12, espa\u00e7amento simples (1,0), e com margens de 2,5 cm (esquerda e direita) e 3,0 cm (superior e inferior).<\/li><li>O t\u00edtulo do trabalho deve estar em negrito e em caixa alta.<\/li><li>Os nomes dos autores devem ser escritos por extenso, separados por ponto e v\u00edrgula.<\/li><li>Os autores devem informar o e-mail do autor principal para contato.<\/li><li>O corpo do resumo deve conter no m\u00e1ximo 350 palavras.<\/li><li>Ao final do texto do resumo, adicione de tr\u00eas at\u00e9 cinco palavras-chave, separadas por ponto e v\u00edrgula e em letra min\u00fascula. Estas palavras n\u00e3o devem repetir aquelas j\u00e1 contidas no t\u00edtulo.<\/li><li>Abaixo \u00e9 apresentado um exemplo de arquivo para o resumo<\/li><\/ol>\n\n\n\n<div class=\"wp-block-file\"><a id=\"wp-block-file--media-3500ca8a-4a89-4c32-b772-fe2fcfceb722\" href=\"https:\/\/eventos.ufrrj.br\/seminariorediao\/files\/2023\/05\/Exemplo-Resumo_PT.docx\">Exemplo-Resumo_PT<\/a><a href=\"https:\/\/eventos.ufrrj.br\/seminariorediao\/files\/2023\/05\/Exemplo-Resumo_PT.docx\" class=\"wp-block-file__button\" download aria-describedby=\"wp-block-file--media-3500ca8a-4a89-4c32-b772-fe2fcfceb722\">Baixar<\/a><\/div>\n\n\n\n<p><\/p>\n\n\n\n<p><\/p>\n\n\n\n<p><\/p>\n\n\n\n<p><strong>PRESENTACI\u00d3N DE RES\u00daMENES<\/strong><\/p>\n\n\n\n<p><strong><mark style=\"background-color:#fcb900\" class=\"has-inline-color has-black-color\">Fecha l\u00edmite para la presentaci\u00f3n de res\u00famenes: <mark style=\"background-color:#fcb900\" class=\"has-inline-color has-black-color\"><s><mark style=\"background-color:#fcb900\" class=\"has-inline-color has-black-color\"><s>30\/06\/2023<\/s><\/mark><mark style=\"background-color:#fcb900\" class=\"has-inline-color\"><s> 31\/07\/<\/s><\/mark><s><mark style=\"background-color:#fcb900\" class=\"has-inline-color\">20<\/mark><\/s><mark style=\"background-color:#fcb900\" class=\"has-inline-color\"><s>23<\/s><\/mark><\/s><mark style=\"background-color:#fcb900\" class=\"has-inline-color\"> <\/mark>  <strong><mark style=\"background-color:#8ed1fc\" class=\"has-inline-color has-vivid-red-color\">07\/08\/2023<\/mark><\/strong><\/mark><\/mark><\/strong><\/p>\n\n\n\n<p>La presentaci\u00f3n de trabajos al I Seminario Iberoamericano de Investigaci\u00f3n en Agricultura Org\u00e1nica\/Biol\u00f3gica \u2013 REDIAO 2023 debe realizarse en dos pasos, a saber:<\/p>\n\n\n\n<p><strong>1<sup>er <\/sup>PASO:<\/strong> Llenado del formulario para registrar los datos del resumen: Disponible en: <a href=\"https:\/\/forms.gle\/6f1VTf8QhaJWy5Df6\">https:\/\/forms.gle\/6f1VTf8QhaJWy5Df6<\/a><\/p>\n\n\n\n<p><strong>2\u00b0 PASO:<\/strong> Enviar el archivo del resumen en formato Word (.doc; .docx) al correo electr\u00f3nico del evento: E-mail: <a href=\"mailto:seminariorediao2023@gmail.com\">seminariorediao2023@gmail.com<\/a><\/p>\n\n\n\n<p><strong><u>Instrucciones generales de formato de archivo<\/u><\/strong><\/p>\n\n\n\n<p>1) Los res\u00famenes deben contener  350 palabras como m\u00e1ximo, en hasta 1 (una) p\u00e1gina, en formato A4, fuente Calibri, tama\u00f1o 12, espacio simple (1.0), y con m\u00e1rgenes de 2,5 cm (izquierda y derecha) y 3,0 cm (superior e inferior).<\/p>\n\n\n\n<p>2) El t\u00edtulo del trabajo debe estar en negritas y may\u00fasculas.<\/p>\n\n\n\n<p>3) Autores: Nombre y apellido completos, separados por punto y coma.<\/p>\n\n\n\n<p>4) Los autores deben informar la direcci\u00f3n de correo electr\u00f3nico del autor principal para contacto.<\/p>\n\n\n\n<p>5) El cuerpo del resumen debe contener un m\u00e1ximo de 350 palabras.<\/p>\n\n\n\n<p>6) Al final del texto del resumen, agregue de tres a cinco palabras clave, separadas por punto y coma y en min\u00fasculas. Estas palabras no deben repetir las ya contenidas en el t\u00edtulo.<\/p>\n\n\n\n<p>7) A continuaci\u00f3n se muestra un archivo de ejemplo para el resumen.<\/p>\n\n\n\n<div class=\"wp-block-file\"><a id=\"wp-block-file--media-139e89a3-073f-4731-b091-eaa5377f4f35\" href=\"https:\/\/eventos.ufrrj.br\/seminariorediao\/files\/2023\/05\/Ejemplo-Resumen_ES.docx\">Ejemplo-Resumen_ES<\/a><a href=\"https:\/\/eventos.ufrrj.br\/seminariorediao\/files\/2023\/05\/Ejemplo-Resumen_ES.docx\" class=\"wp-block-file__button\" download aria-describedby=\"wp-block-file--media-139e89a3-073f-4731-b091-eaa5377f4f35\">Baixar<\/a><\/div>\n","protected":false},"excerpt":{"rendered":"<p>ENVIO DE RESUMOS Prazo m\u00e1ximo para submiss\u00e3o de resumos: 30\/06\/2023 31\/07\/2023 07\/08\/2023 A submiss\u00e3o de trabalhos para o I Semin\u00e1rio <a class=\"read-more\" href=\"https:\/\/eventos.ufrrj.br\/seminariorediao\/envio-de-resumos-envio-de-resumenes\/ \" >&#8230; <span class=\"font-italic\">leia mais <i class=\"fas fa-angle-right\"><\/i><\/span><\/a><\/p>\n","protected":false},"author":47,"featured_media":0,"parent":0,"menu_order":0,"comment_status":"closed","ping_status":"closed","template":"","meta":{"footnotes":""},"class_list":["post-18","page","type-page","status-publish","hentry"],"_links":{"self":[{"href":"https:\/\/eventos.ufrrj.br\/seminariorediao\/wp-json\/wp\/v2\/pages\/18","targetHints":{"allow":["GET"]}}],"collection":[{"href":"https:\/\/eventos.ufrrj.br\/seminariorediao\/wp-json\/wp\/v2\/pages"}],"about":[{"href":"https:\/\/eventos.ufrrj.br\/seminariorediao\/wp-json\/wp\/v2\/types\/page"}],"author":[{"embeddable":true,"href":"https:\/\/eventos.ufrrj.br\/seminariorediao\/wp-json\/wp\/v2\/users\/47"}],"replies":[{"embeddable":true,"href":"https:\/\/eventos.ufrrj.br\/seminariorediao\/wp-json\/wp\/v2\/comments?post=18"}],"version-history":[{"count":9,"href":"https:\/\/eventos.ufrrj.br\/seminariorediao\/wp-json\/wp\/v2\/pages\/18\/revisions"}],"predecessor-version":[{"id":116,"href":"https:\/\/eventos.ufrrj.br\/seminariorediao\/wp-json\/wp\/v2\/pages\/18\/revisions\/116"}],"wp:attachment":[{"href":"https:\/\/eventos.ufrrj.br\/seminariorediao\/wp-json\/wp\/v2\/media?parent=18"}],"curies":[{"name":"wp","href":"https:\/\/api.w.org\/{rel}","templated":true}]}}