{"id":17,"date":"2023-05-12T10:29:35","date_gmt":"2023-05-12T13:29:35","guid":{"rendered":"https:\/\/eventos.ufrrj.br\/seminariorediao\/?page_id=17"},"modified":"2023-09-27T14:50:05","modified_gmt":"2023-09-27T17:50:05","slug":"anais","status":"publish","type":"page","link":"https:\/\/eventos.ufrrj.br\/seminariorediao\/anais\/","title":{"rendered":"Anais e E-book"},"content":{"rendered":"\n<p class=\"has-medium-font-size\"><a href=\"https:\/\/www.even3.com.br\/anais\/seminariorediao2023\/\" data-type=\"URL\" data-id=\"https:\/\/www.even3.com.br\/anais\/seminariorediao2023\/\"><strong>Confira os Anais do I Semin\u00e1rio Ibero-Americano de Pesquisa em Agricultura Org\u00e2nica\/Biol\u00f3gica &#8211; REDIAO 2023<\/strong><\/a><\/p>\n\n\n\n<p>ISBN: 978-85-5722-996-9 <\/p>\n\n\n\n<figure class=\"wp-block-image size-full is-resized\"><a href=\"https:\/\/www.even3.com.br\/anais\/seminariorediao2023\/\"><img loading=\"lazy\" decoding=\"async\" src=\"http:\/\/eventos.ufrrj.br\/seminariorediao\/files\/2023\/09\/anais-eletronicos.png\" alt=\"\" class=\"wp-image-160\" width=\"303\" height=\"210\" srcset=\"https:\/\/eventos.ufrrj.br\/seminariorediao\/files\/2023\/09\/anais-eletronicos.png 801w, https:\/\/eventos.ufrrj.br\/seminariorediao\/files\/2023\/09\/anais-eletronicos-300x207.png 300w, https:\/\/eventos.ufrrj.br\/seminariorediao\/files\/2023\/09\/anais-eletronicos-768x531.png 768w\" sizes=\"auto, (max-width: 303px) 100vw, 303px\" \/><\/a><\/figure>\n\n\n\n<p><\/p>\n\n\n\n<p><strong><mark style=\"background-color:#7bdcb5\" class=\"has-inline-color has-black-color\"><a href=\"https:\/\/www.even3.com.br\/anais\/seminariorediao2023\/\" data-type=\"URL\" data-id=\"https:\/\/www.even3.com.br\/anais\/seminariorediao2023\/\">Anais Eletr\u00f4nicos &#8211; REDIAO 2023<\/a><\/mark><\/strong><\/p>\n\n\n\n<div style=\"height:56px\" aria-hidden=\"true\" class=\"wp-block-spacer\"><\/div>\n\n\n\n<h3 class=\"has-medium-font-size wp-block-heading\"><a href=\"http:\/\/eventos.ufrrj.br\/seminariorediao\/files\/2023\/09\/Livro-de-Resumos-REDIAO-2023.pdf\" data-type=\"URL\" data-id=\"http:\/\/eventos.ufrrj.br\/seminariorediao\/files\/2023\/09\/Livro-de-Resumos-REDIAO-2023.pdf\">Livro de Resumos do I Semin\u00e1rio Ibero-Americano de Pesquisa em Agricultura Org\u00e2nica\/Biol\u00f3gica &#8211; REDIAO 2023: Ci\u00eancia para Agricultura e Alimenta\u00e7\u00e3o Inteligentes<\/a><\/h3>\n\n\n\n<p><\/p>\n\n\n\n<figure class=\"wp-block-image size-large is-resized\"><a href=\"http:\/\/eventos.ufrrj.br\/seminariorediao\/files\/2023\/09\/Livro-de-Resumos-REDIAO-2023.pdf\"><img loading=\"lazy\" decoding=\"async\" src=\"http:\/\/eventos.ufrrj.br\/seminariorediao\/files\/2023\/09\/CapaAnaisRediao-724x1024.jpg\" alt=\"\" class=\"wp-image-150\" width=\"139\" height=\"196\" srcset=\"https:\/\/eventos.ufrrj.br\/seminariorediao\/files\/2023\/09\/CapaAnaisRediao-724x1024.jpg 724w, https:\/\/eventos.ufrrj.br\/seminariorediao\/files\/2023\/09\/CapaAnaisRediao-212x300.jpg 212w, https:\/\/eventos.ufrrj.br\/seminariorediao\/files\/2023\/09\/CapaAnaisRediao-768x1086.jpg 768w, https:\/\/eventos.ufrrj.br\/seminariorediao\/files\/2023\/09\/CapaAnaisRediao-1086x1536.jpg 1086w, https:\/\/eventos.ufrrj.br\/seminariorediao\/files\/2023\/09\/CapaAnaisRediao-1448x2048.jpg 1448w, https:\/\/eventos.ufrrj.br\/seminariorediao\/files\/2023\/09\/CapaAnaisRediao-scaled.jpg 1810w\" sizes=\"auto, (max-width: 139px) 100vw, 139px\" \/><\/a><\/figure>\n\n\n\n<p><strong>ISBN:<\/strong> 978-65-5941-979-1<\/p>\n\n\n\n<p><strong>DOI:<\/strong> 10.29327\/5316417<\/p>\n\n\n\n<p><\/p>\n\n\n\n<h4 class=\"has-medium-font-size wp-block-heading\"><strong><mark style=\"background-color:#7bdcb5\" class=\"has-inline-color\"><a href=\"http:\/\/eventos.ufrrj.br\/seminariorediao\/files\/2023\/09\/Livro-de-Resumos-REDIAO-2023.pdf\" data-type=\"URL\" data-id=\"http:\/\/eventos.ufrrj.br\/seminariorediao\/files\/2023\/09\/Livro-de-Resumos-REDIAO-2023.pdf\">Acesse o <em>e-book<\/em><\/a><\/mark><\/strong><\/h4>\n\n\n\n<p><\/p>\n\n\n\n<pre class=\"wp-block-code\"><code><\/code><\/pre>\n","protected":false},"excerpt":{"rendered":"<p>Confira os Anais do I Semin\u00e1rio Ibero-Americano de Pesquisa em Agricultura Org\u00e2nica\/Biol\u00f3gica &#8211; REDIAO 2023 ISBN: 978-85-5722-996-9 Anais Eletr\u00f4nicos &#8211; <a class=\"read-more\" href=\"https:\/\/eventos.ufrrj.br\/seminariorediao\/anais\/ \" >&#8230; <span class=\"font-italic\">leia mais <i class=\"fas fa-angle-right\"><\/i><\/span><\/a><\/p>\n","protected":false},"author":47,"featured_media":0,"parent":0,"menu_order":0,"comment_status":"closed","ping_status":"closed","template":"","meta":{"footnotes":""},"class_list":["post-17","page","type-page","status-publish","hentry"],"_links":{"self":[{"href":"https:\/\/eventos.ufrrj.br\/seminariorediao\/wp-json\/wp\/v2\/pages\/17","targetHints":{"allow":["GET"]}}],"collection":[{"href":"https:\/\/eventos.ufrrj.br\/seminariorediao\/wp-json\/wp\/v2\/pages"}],"about":[{"href":"https:\/\/eventos.ufrrj.br\/seminariorediao\/wp-json\/wp\/v2\/types\/page"}],"author":[{"embeddable":true,"href":"https:\/\/eventos.ufrrj.br\/seminariorediao\/wp-json\/wp\/v2\/users\/47"}],"replies":[{"embeddable":true,"href":"https:\/\/eventos.ufrrj.br\/seminariorediao\/wp-json\/wp\/v2\/comments?post=17"}],"version-history":[{"count":11,"href":"https:\/\/eventos.ufrrj.br\/seminariorediao\/wp-json\/wp\/v2\/pages\/17\/revisions"}],"predecessor-version":[{"id":166,"href":"https:\/\/eventos.ufrrj.br\/seminariorediao\/wp-json\/wp\/v2\/pages\/17\/revisions\/166"}],"wp:attachment":[{"href":"https:\/\/eventos.ufrrj.br\/seminariorediao\/wp-json\/wp\/v2\/media?parent=17"}],"curies":[{"name":"wp","href":"https:\/\/api.w.org\/{rel}","templated":true}]}}