{"id":15,"date":"2023-05-12T10:29:35","date_gmt":"2023-05-12T13:29:35","guid":{"rendered":"https:\/\/eventos.ufrrj.br\/seminariorediao\/?page_id=15"},"modified":"2023-09-18T16:39:51","modified_gmt":"2023-09-18T19:39:51","slug":"programacao-conferencias","status":"publish","type":"page","link":"https:\/\/eventos.ufrrj.br\/seminariorediao\/programacao-conferencias\/","title":{"rendered":"Programa\u00e7\u00e3o \/ Conferencias"},"content":{"rendered":"\n<p>O evento ocorrer\u00e1 de 18 a 22 de setembro de 2023 no <em>Campus <\/em>Serop\u00e9dica da Universidade Federal Rural do Rio de Janeiro (UFRRJ). O evento contar\u00e1 com palestras de pesquisadores membros da REDIAO, composta por membros de 12 universidades de 10 pa\u00edses da Am\u00e9rica Latina, Espanha e Portugal, al\u00e9m de apresenta\u00e7\u00f5es de trabalhos cient\u00edficos e visitas t\u00e9cnicas. <\/p>\n\n\n\n<p><strong>18\/09 a 22\/09\/2023. UFRRJ, Campus Serop\u00e9dica, Instituto de Agronomia<\/strong> <strong>(IA)<\/strong>. <\/p>\n\n\n\n<p>Como chegar? <a href=\"https:\/\/goo.gl\/maps\/naZJb9gGRx4X7Kk67\">https:\/\/goo.gl\/maps\/naZJb9gGRx4X7Kk67<\/a><\/p>\n\n\n\n<p><\/p>\n\n\n\n<p><\/p>\n\n\n\n<div style=\"height:54px\" aria-hidden=\"true\" class=\"wp-block-spacer\"><\/div>\n\n\n\n<ul class=\"wp-block-list\"><li><u><mark style=\"background-color:#7bdcb5\" class=\"has-inline-color\"><strong>SEGUNDA-FEIRA &#8211; 18 DE SETEMBRO<\/strong><\/mark><\/u><\/li><\/ul>\n\n\n\n<p><strong>Local:&nbsp; <\/strong>Anfiteatro do Instituto de Agronomia (IA), 2\u00ba andar.<\/p>\n\n\n\n<p><strong>9:00-10:00 hs: CREDENCIAMENTO<\/strong><\/p>\n\n\n\n<p><strong>10:15-10:45 hs. ABERTURA DO EVENTO<\/strong><\/p>\n\n\n\n<p><strong>11:00-12:00 hs.:&nbsp; Mesa Redonda \u2013 POL\u00cdTICAS P\u00daBLICAS EM AGRICULTURA ORG\u00c2NICA E AGROECOLOGIA NO BRASIL: ENSINO, PESQUISA E EXTENS\u00c3O.&nbsp; Palestrantes: <\/strong><em>Jos\u00e9 Antonio A. Espindola (EMBRAPA Agrobiologia); Anelise Dias (PPGAO\/UFRRJ); Cristina Ribeiro (Associa\u00e7\u00e3o dos Produtores Biol\u00f3gicos do Rio de Janeiro). <\/em><strong>Moderador: <\/strong>Antonio Carlos de S. Abboud<\/p>\n\n\n\n<p><strong>12:00-14:00 hs.:<\/strong> Almo\u00e7o <strong><\/strong><\/p>\n\n\n\n<p><strong>14:00 hs -14:45 hs.:<\/strong> <strong>ENSINO E PESQUISA EM AGRICULTURA ORG\u00c2NICA E AGROECOLOGIA NA UFRRJ.<\/strong>  Dr. Antonio Abboud e Dra. Anelise Dias (UFRRJ) \u2013<\/p>\n\n\n\n<p><strong>14:45-15.30 hs.:<\/strong> <strong>SITUACI\u00d3N DE LA AGRICULTURA ORG\u00c1NICA EN ARGENTINA. INVESTIGACI\u00d3N Y EXPERIENCIA DE HUERTA ORG\u00c1NICA COMUNITARIA EN LA UNS<\/strong>. Dr. Roberto Rodr\u00edguez (Universidad Nacional del Sur, Argentina)<\/p>\n\n\n\n<p><strong>15:30-16:15 hs.:<\/strong> <strong>AGRICULTURA ORG\u00c1NICA EN ECUADOR<\/strong>. Dr. Alfonso Llanderal Quiroz (Universidad Cat\u00f3lica de Guayaquil, Equador).<\/p>\n\n\n\n<p><strong>16:15-16:45 hs:<\/strong> Pausa para Caf\u00e9<\/p>\n\n\n\n<p><strong>16:45-17:30 hs:<\/strong> <strong>HORTICULTURA BIOL\u00d3GICA \u2013 SITUA\u00c7\u00c3O, INVESTIGA\u00c7\u00c3O, DESENVOLVIMENTO E INOVA\u00c7\u00c3O NA EUROPA E EM PORTUGAL.<\/strong> Dra. Isabel de Maria Mour\u00e3o. Escola Superior Agr\u00e1ria, Instituto Polit\u00e9cnico de Viana do Castelo, Ponte de Lima, Portugal; Centro de Investiga\u00e7\u00e3o de Montanha (CIMO), Instituto Polit\u00e9cnico de Bragan\u00e7a, Portugal.<\/p>\n\n\n\n<p><\/p>\n\n\n\n<div style=\"height:54px\" aria-hidden=\"true\" class=\"wp-block-spacer\"><\/div>\n\n\n\n<p><\/p>\n\n\n\n<ul class=\"wp-block-list\"><li><strong><u><mark style=\"background-color:#7bdcb5\" class=\"has-inline-color\">TER\u00c7A-FEIRA &#8211; 19 DE SETEMBRO<\/mark><\/u><\/strong><\/li><\/ul>\n\n\n\n<p><strong>Local:&nbsp; <\/strong>Anfiteatro do Instituto de Agronomia, 2\u00ba andar.<\/p>\n\n\n\n<p><strong>9:00-9:45 hs.:<\/strong> <strong>AGRICULTURA ORG\u00c1NICA EN COLOMBIA.<\/strong> Dr. Carlos Cardoso. Universidad del Tolima. Col\u00f4mbia<strong>.<\/strong><\/p>\n\n\n\n<p><strong>9:45- 10:30 hs.:<\/strong>\u00a0  <strong>LA AGRICULTURA ORG\u00c1NICA EN CUBA. APORTES AL CONOCIMIENTO (transmiss\u00e3o <em>on-line<\/em> ao vivo)<\/strong>. Dr. Magdiel Torres Villar e Dr. Ivan Castro Lizazo. Universidade Agr\u00e1ria de Havana (UNAH).\u00a0<\/p>\n\n\n\n<p><strong>10:30-11:00 hs:<\/strong> Pausa para Caf\u00e9<\/p>\n\n\n\n<p><strong>11:00-11.45 hs:<\/strong> <strong>AGRICULTURA ORG\u00c1NICA EN GUATEMALA.<\/strong> Mgtr. Luis Moises Pe\u00f1ate Munguia. Universidad Rafael Land\u00edvar (URL). Guatemala<\/p>\n\n\n\n<p><strong>11:45-12:30 hs.:<\/strong> <strong>LA AGRICULTURA ECOL\u00d3GICA EN ESPA\u00d1A. APORTACI\u00d3N DEL PROYECTO SPRINT A LA CONSECUCI\u00d3N DE LOS OBJETIVOS DE LA AGENDA 2030: La agricultura ecol\u00f3gica como modelo para la transici\u00f3n sostenible en la protecci\u00f3n de las plantas: Un enfoque de salud.<\/strong> Dra. Josefina Contreras Dr. Juan Fern\u00e1ndez e Dr. Francisco Alc\u00f3n. Universidad Polit\u00e9cnica de Cartagena (UPCT). Espanha.<\/p>\n\n\n\n<p><strong>12:30 hs- 14:30 hs.:<\/strong> Almo\u00e7o<\/p>\n\n\n\n<p><strong>14:30 hs- 17:30 hs.: SESS\u00c3O DE P\u00d4STERES<\/strong><\/p>\n\n\n\n<p><\/p>\n\n\n\n<div style=\"height:54px\" aria-hidden=\"true\" class=\"wp-block-spacer\"><\/div>\n\n\n\n<p><\/p>\n\n\n\n<ul class=\"wp-block-list\"><li><strong><u><mark style=\"background-color:#7bdcb5\" class=\"has-inline-color\">QUARTA-FEIRA &#8211; 20 DE SETEMBRO<\/mark><\/u><\/strong><\/li><\/ul>\n\n\n\n<p><strong>9 a 12 hs.: VISITA T\u00c9CNICA A FAZENDINHA AGROECOL\u00d3GICA<\/strong> (Fazendinha Agroecol\u00f3gica km47 \u2013 (alian\u00e7a interinstitucional entre UFRRJ, CTUR, Embrapa-Agrobiologia e PESAGRO-RIO). <strong>Respons\u00e1vel:<\/strong> Dr. Jos\u00e9 Guilherme Marinho Guerra (EMBRAPA Agrobiologia).  <\/p>\n\n\n\n<p>Como chegar a Fazendinha Agroecol\u00f3gica? <a href=\"https:\/\/goo.gl\/maps\/7tMrsNEpui7VHkGR6\">https:\/\/goo.gl\/maps\/7tMrsNEpui7VHkGR6<\/a><\/p>\n\n\n\n<p><strong>12 a 14 hs.:<\/strong> Almo\u00e7o<\/p>\n\n\n\n<p><strong>Local:&nbsp; <\/strong>Anfiteatro do Instituto de Agronomia, 2\u00ba andar.<\/p>\n\n\n\n<p><strong>14-14:45 hs.:<\/strong> <strong>BREVE HIST\u00d3RICO DO MOVIMENTO ORG\u00c2NICO BRASILEIRO.<\/strong> Dr. Rogerio Dias. Instituto Brasil Org\u00e2nico.<\/p>\n\n\n\n<p><strong>14:45- 15:30 hs.:<\/strong> <strong>LA NUTRIC\u00cdON ORG\u00c1NICA: PRINCIPIO DE SALUD<\/strong> <strong>(transmiss\u00e3o <em>on-line<\/em> ao vivo).<\/strong> Dra. Dolores Raig\u00f3n Gim\u00e9nez. Universitat Polit\u00e8cnica de Val\u00e8ncia.<\/p>\n\n\n\n<p><strong>15:30-16 hs.:<\/strong> Caf\u00e9<\/p>\n\n\n\n<p><\/p>\n\n\n\n<p><\/p>\n\n\n\n<div style=\"height:54px\" aria-hidden=\"true\" class=\"wp-block-spacer\"><\/div>\n\n\n\n<p><\/p>\n\n\n\n<ul class=\"wp-block-list\"><li><strong><u><mark style=\"background-color:#7bdcb5\" class=\"has-inline-color\">QUINTA-FEIRA &#8211; 21 DE SETEMBRO<\/mark><\/u><\/strong><\/li><\/ul>\n\n\n\n<p><strong>Local:&nbsp; PPGEA\/IA.&nbsp;<\/strong><\/p>\n\n\n\n<p><strong>9 a 12 hs.:<\/strong> Reuni\u00e3o de trabalho dos representantes da REDIAO \u2013 Discuss\u00e3o do Projeto e Estatuto da REDIAO<\/p>\n\n\n\n<p><strong>12 &#8211; 14 hs.:<\/strong> Almo\u00e7o.<\/p>\n\n\n\n<p><strong>14 &#8211; 17 hs.: SESS\u00c3O DE NETWORKING <\/strong>com palestrantes, coordenadores de p\u00f3s-gradua\u00e7\u00e3o, estudantes e demais interessados em mobilidade acad\u00eamica e acordos de coopera\u00e7\u00e3o. Participa\u00e7\u00e3o da Coordenadora de Rela\u00e7\u00f5es Internacionais e Interinstitucionais, Prof. Shana de Mattos de Oliveira Coelho.<\/p>\n\n\n\n<p><\/p>\n\n\n\n<div style=\"height:54px\" aria-hidden=\"true\" class=\"wp-block-spacer\"><\/div>\n\n\n\n<p><\/p>\n\n\n\n<ul class=\"wp-block-list\"><li><strong><u><mark style=\"background-color:#7bdcb5\" class=\"has-inline-color\">SEXTA-FEIRA &#8211; 22 DE SETEMBRO<\/mark><\/u><\/strong><\/li><\/ul>\n\n\n\n<p><strong>9 a 12 hs.: Visita t\u00e9cnica ao S\u00edtio Burle Marx <\/strong>(Vagas restritas). <strong>Sa\u00edda de Serop\u00e9dica \u00e0s 7:30 hs.<\/strong><\/p>\n","protected":false},"excerpt":{"rendered":"<p>O evento ocorrer\u00e1 de 18 a 22 de setembro de 2023 no Campus Serop\u00e9dica da Universidade Federal Rural do Rio <a class=\"read-more\" href=\"https:\/\/eventos.ufrrj.br\/seminariorediao\/programacao-conferencias\/ \" >&#8230; <span class=\"font-italic\">leia mais <i class=\"fas fa-angle-right\"><\/i><\/span><\/a><\/p>\n","protected":false},"author":47,"featured_media":0,"parent":0,"menu_order":0,"comment_status":"closed","ping_status":"closed","template":"","meta":{"footnotes":""},"class_list":["post-15","page","type-page","status-publish","hentry"],"_links":{"self":[{"href":"https:\/\/eventos.ufrrj.br\/seminariorediao\/wp-json\/wp\/v2\/pages\/15","targetHints":{"allow":["GET"]}}],"collection":[{"href":"https:\/\/eventos.ufrrj.br\/seminariorediao\/wp-json\/wp\/v2\/pages"}],"about":[{"href":"https:\/\/eventos.ufrrj.br\/seminariorediao\/wp-json\/wp\/v2\/types\/page"}],"author":[{"embeddable":true,"href":"https:\/\/eventos.ufrrj.br\/seminariorediao\/wp-json\/wp\/v2\/users\/47"}],"replies":[{"embeddable":true,"href":"https:\/\/eventos.ufrrj.br\/seminariorediao\/wp-json\/wp\/v2\/comments?post=15"}],"version-history":[{"count":14,"href":"https:\/\/eventos.ufrrj.br\/seminariorediao\/wp-json\/wp\/v2\/pages\/15\/revisions"}],"predecessor-version":[{"id":146,"href":"https:\/\/eventos.ufrrj.br\/seminariorediao\/wp-json\/wp\/v2\/pages\/15\/revisions\/146"}],"wp:attachment":[{"href":"https:\/\/eventos.ufrrj.br\/seminariorediao\/wp-json\/wp\/v2\/media?parent=15"}],"curies":[{"name":"wp","href":"https:\/\/api.w.org\/{rel}","templated":true}]}}