{"id":7,"date":"2013-07-08T17:12:56","date_gmt":"2013-07-08T17:12:56","guid":{"rendered":"http:\/\/eventos.ufrrj.br\/seminariodelinguas\/?page_id=7"},"modified":"2015-08-20T18:09:42","modified_gmt":"2015-08-20T18:09:42","slug":"como-chegar","status":"publish","type":"page","link":"https:\/\/eventos.ufrrj.br\/seminariodelinguas\/como-chegar\/","title":{"rendered":"Como Chegar"},"content":{"rendered":"<p><strong>Veja como chegar ao Campus Serop\u00e9dica:<\/strong><\/p>\n<p>&nbsp;<\/p>\n<p style=\"margin: 0px; padding: 5px 0px; color: #858585; font-family: Geneva, Arial, Helvetica, sans-serif; line-height: normal;\"><a style=\"margin: 0px; padding: 0px; color: #525252; text-decoration: none;\" href=\"http:\/\/r1.ufrrj.br\/wp\/ichs\/wp-content\/uploads\/image\/ICHS%20MAPA.png\" rel=\"shadowbox[post-415];player=img;\"><span style=\"color: #000000;\"><img loading=\"lazy\" decoding=\"async\" class=\"aligncenter\" style=\"margin: 0px; padding: 0px; width: 465px; height: 475px;\" src=\"http:\/\/r1.ufrrj.br\/wp\/ichs\/wp-content\/uploads\/image\/ICHS%20MAPA.png\" alt=\"\" width=\"465\" height=\"475\" \/><\/span><\/a><\/p>\n<p style=\"margin: 0px; padding: 5px 0px; color: #858585; font-family: Geneva, Arial, Helvetica, sans-serif; line-height: normal;\"><strong style=\"text-align: justify; margin: 0px; padding: 0px;\"><span style=\"margin: 0px; padding: 0px;\"><span style=\"margin: 0px; padding: 0px; font-size: 14px;\"><span style=\"margin: 0px; padding: 0px; font-family: 'trebuchet ms', helvetica, sans-serif;\"><span style=\"color: #000000;\">Veja aqui localiza\u00e7\u00e3o no\u00a0<\/span><span style=\"margin: 0px; padding: 0px; font-family: Geneva, Arial, Helvetica, sans-serif; color: #000000;\"><a style=\"color: #525252; margin: 0px; padding: 0px; text-decoration: none;\" href=\"http:\/\/http\/\/maps.google.com.br\/maps?hl=pt-br&amp;rlz=1T4GGLL_pt-BRBR400&amp;q=como%20chegar%20na%20Rural&amp;um=1&amp;ie=UTF-8&amp;sa=N&amp;tab=wl#\">Google Maps<\/a><\/span><\/span><\/span><\/span><\/strong><\/p>\n<p>Para quem vem pela rodovia Presidente Dutra, de carro, o caminho \u00e9 um pouco mais longo, por\u00e9m a estrada \u00e9 excelente e muito bem sinalizada. O tr\u00e2nsito costuma fluir melhor pela Dutra. Pela Avenida Brasil, a dist\u00e2ncia \u00e9 menor, por\u00e9m com maiores chances de congestionamento.<\/p>\n<p>&nbsp;<\/p>\n<h3>Caminhos para quem vem de carro<\/h3>\n<p><strong>1\u00aa Op\u00e7\u00e3o:<\/strong> Pela Avenida Brasil sentido Zona Oeste, ao avistar o Viaduto Oscar Brito\u00a0(vulgo dos Cabritos) virar a direita (Fabrica da BRAHMA). Seguir pela Antiga<\/p>\n<p>Estrada Rio \u2013 S\u00e3o Paulo at\u00e9 o Km 47 (UFRRJ).<\/p>\n<p><strong>2\u00aa Op\u00e7\u00e3o:<\/strong> Pela Rodovia Presidente Dutra sentido Rio \u2013 S\u00e3o Paulo, pegar a sa\u00edda 205 para o Arco Metropolitano e seguir a indica\u00e7\u00e3o das placas no sentido Itagua\u00ed. Ap\u00f3s passar pelo viaduto sobre a BR 465 (ver a placa), pegar o pr\u00f3ximo retorno, dirigir cerca de dois quil\u00f4metros e descer na pr\u00f3xima sa\u00edda, que \u00e9 para Serop\u00e9dica. Ao sair na BR 465, seguir em frente at\u00e9 a UFRRJ (aproximadamente mais 5 Km).<\/p>\n<p><strong>3\u00aa Op\u00e7\u00e3o:<\/strong> Pela Rodovia Presidente Dutra sentido S\u00e3o Paulo \u2013 Rio, ap\u00f3s o BOB\u00b4S (BELVEDERE)\u00a0tomar a primeira sa\u00edda a direita, seguir em frente at\u00e9 a UFRRJ (aproximadamente 5 Km).<\/p>\n<p>&nbsp;<\/p>\n<h3><strong>Para quem vem de \u00f4nibus ou trem<\/strong><\/h3>\n<p><strong>1\u00aa Op\u00e7\u00e3o:<\/strong> Utilizar os \u00f4nibus Central-Serop\u00e9dica ou Castelo-Serop\u00e9dica da Via\u00e7\u00e3o Real Rio;\u00a0o primeiro sai do terminal Am\u00e9rico Fontenele, na Central do Brasil, e o segundo do terminal<br \/>\nMenezes Cortes, no Castelo.<\/p>\n<p><strong>2\u00aa Op\u00e7\u00e3o:<\/strong> Pegar o trem saindo da esta\u00e7\u00e3o D. Pedro II (Central do Brasil).<br \/>\nNeste caso, deve-se desembarcar em Campo Grande e tomar, pr\u00f3ximo a\u00a01a esta\u00e7\u00e3o ferrovi\u00e1ria (Rua Campo Grande), um dos seguintes \u00f4nibus\u00a0da empresa Real Rio: Campo Grande-Belvedere, Campo Grande-Paracambi\u00a0ou Campo Grande-Japeri.<\/p>\n<p><strong>3\u00aa Op\u00e7\u00e3o:<\/strong> Tomar o onibus na Rodovi\u00e1ria Novo Rio com destino a alguns munic\u00edpios\u00a0do sul do estado, atrav\u00e9s da rodovia Presidente Dutra. Por esse trajeto, seguir a\u00a0mesma orienta\u00e7\u00e3o, fornecida a seguir para os que descem no Belvedere Vi\u00fava Gra\u00e7a.<br \/>\nVindo do Sul do Estado ou de S\u00e3o Paulo deve-se desembarcar no Belvedere Vi\u00fava Gra\u00e7a,\u00a0na Rodovia Presidente Dutra e tomar o \u00f4nibus de uma das seguintes linhas: Belvedere-Campo\u00a0Grande, Belvedere-Itagua\u00ed, Paracambi-Campo Grande, Japeri-Campo Grande.<br \/>\nUNIVERSIDADE FEDERAL RURAL DO RIO DE JANEIRO \u2013 Rod. BR 465, km 7, CEP 23890-000 \u2013 Serop\u00e9dica \u2013 RJ<\/p>\n","protected":false},"excerpt":{"rendered":"<p>Veja como chegar ao Campus Serop\u00e9dica: &nbsp; Veja aqui localiza\u00e7\u00e3o no\u00a0Google Maps Para quem vem pela rodovia Presidente Dutra, de carro, o [&hellip;]<\/p>\n","protected":false},"author":1,"featured_media":0,"parent":0,"menu_order":0,"comment_status":"open","ping_status":"open","template":"","meta":{"_acf_changed":false,"footnotes":""},"tags":[],"class_list":["post-7","page","type-page","status-publish","hentry"],"acf":[],"_links":{"self":[{"href":"https:\/\/eventos.ufrrj.br\/seminariodelinguas\/wp-json\/wp\/v2\/pages\/7","targetHints":{"allow":["GET"]}}],"collection":[{"href":"https:\/\/eventos.ufrrj.br\/seminariodelinguas\/wp-json\/wp\/v2\/pages"}],"about":[{"href":"https:\/\/eventos.ufrrj.br\/seminariodelinguas\/wp-json\/wp\/v2\/types\/page"}],"author":[{"embeddable":true,"href":"https:\/\/eventos.ufrrj.br\/seminariodelinguas\/wp-json\/wp\/v2\/users\/1"}],"replies":[{"embeddable":true,"href":"https:\/\/eventos.ufrrj.br\/seminariodelinguas\/wp-json\/wp\/v2\/comments?post=7"}],"version-history":[{"count":26,"href":"https:\/\/eventos.ufrrj.br\/seminariodelinguas\/wp-json\/wp\/v2\/pages\/7\/revisions"}],"predecessor-version":[{"id":148,"href":"https:\/\/eventos.ufrrj.br\/seminariodelinguas\/wp-json\/wp\/v2\/pages\/7\/revisions\/148"}],"wp:attachment":[{"href":"https:\/\/eventos.ufrrj.br\/seminariodelinguas\/wp-json\/wp\/v2\/media?parent=7"}],"wp:term":[{"taxonomy":"post_tag","embeddable":true,"href":"https:\/\/eventos.ufrrj.br\/seminariodelinguas\/wp-json\/wp\/v2\/tags?post=7"}],"curies":[{"name":"wp","href":"https:\/\/api.w.org\/{rel}","templated":true}]}}