{"id":5,"date":"2013-07-08T17:12:28","date_gmt":"2013-07-08T17:12:28","guid":{"rendered":"http:\/\/eventos.ufrrj.br\/seminariodelinguas\/?page_id=5"},"modified":"2015-08-24T12:13:39","modified_gmt":"2015-08-24T12:13:39","slug":"inscricao","status":"publish","type":"page","link":"https:\/\/eventos.ufrrj.br\/seminariodelinguas\/inscricao\/","title":{"rendered":"Inscri\u00e7\u00e3o"},"content":{"rendered":"<p>No per\u00edodo de <strong>17 de agosto a 27 de setembro de 2015<\/strong>, mediante preenchimento de ficha pr\u00f3pria e pagamento da taxa correspondente, conforme discriminado abaixo:<\/p>\n<p>a) aluno de gradua\u00e7\u00e3o (com direito a apresenta\u00e7\u00e3o de p\u00f4ster, se o desejar): R$10,00;<br \/>\nb) aluno de p\u00f3s-gradua\u00e7\u00e3o (com direito a apresenta\u00e7\u00e3o de comunica\u00e7\u00e3o): R$20,00;<br \/>\nc) professor da educa\u00e7\u00e3o b\u00e1sica (com direito a apresenta\u00e7\u00e3o de comunica\u00e7\u00e3o): R$20,00;<br \/>\nd) professor do ensino superior (com direito a apresenta\u00e7\u00e3o de comunica\u00e7\u00e3o): R$30,00.<\/p>\n<p>&nbsp;<\/p>\n<p>O valor da taxa dever\u00e1 ser depositado na seguinte conta:<br \/>\n<strong>Banco do Brasil<\/strong><br \/>\n<strong> Ag\u00eancia: 1257-2<\/strong><br \/>\n<strong> C\/C: 73396-2<\/strong><\/p>\n<p>&nbsp;<\/p>\n<p style=\"text-align: left;\">Ap\u00f3s o pagamento, enviar comprovante do dep\u00f3sito escaneado junto com a ficha de inscri\u00e7\u00e3o preenchida para o seguinte e-mail:<strong> seminariodelinguasufrrj@gmail.com<\/strong><\/p>\n<p style=\"margin-left: 40px;\"><img decoding=\"async\" style=\"line-height: 1.6em; width: 16px; height: 16px;\" src=\"http:\/\/eventos.ufrrj.br\/seminariodelinguas\/files\/2013\/07\/asterisk.png\" alt=\"\" \/><span style=\"line-height: 1.6em;\">\u00a0<\/span><a href=\"http:\/\/eventos.ufrrj.br\/seminariodelinguas\/files\/2013\/07\/Inscricao-aluno-graduacao.doc\" target=\"_blank\">Ficha de Inscri\u00e7\u00e3o para aluno de gradua\u00e7\u00e3o\u00a0<\/a><\/p>\n<p style=\"margin-left: 40px;\"><img decoding=\"async\" style=\"font-size: 13px; width: 16px; height: 16px;\" src=\"http:\/\/eventos.ufrrj.br\/seminariodelinguas\/files\/2013\/07\/asterisk.png\" alt=\"\" \/>\u00a0<a href=\"http:\/\/eventos.ufrrj.br\/seminariodelinguas\/files\/2013\/07\/Inscricao-professor-ou-pos-graduacao.doc\" target=\"_blank\">Ficha de Inscri\u00e7\u00e3o\u00a0para professor ou aluno de p\u00f3s-gradua\u00e7\u00e3o<\/a><\/p>\n<p style=\"margin-left: 40px;\">\n","protected":false},"excerpt":{"rendered":"<p>No per\u00edodo de 17 de agosto a 27 de setembro de 2015, mediante preenchimento de ficha pr\u00f3pria e pagamento da taxa correspondente, [&hellip;]<\/p>\n","protected":false},"author":1,"featured_media":0,"parent":0,"menu_order":0,"comment_status":"open","ping_status":"open","template":"","meta":{"_acf_changed":false,"footnotes":""},"tags":[],"class_list":["post-5","page","type-page","status-publish","hentry"],"acf":[],"_links":{"self":[{"href":"https:\/\/eventos.ufrrj.br\/seminariodelinguas\/wp-json\/wp\/v2\/pages\/5","targetHints":{"allow":["GET"]}}],"collection":[{"href":"https:\/\/eventos.ufrrj.br\/seminariodelinguas\/wp-json\/wp\/v2\/pages"}],"about":[{"href":"https:\/\/eventos.ufrrj.br\/seminariodelinguas\/wp-json\/wp\/v2\/types\/page"}],"author":[{"embeddable":true,"href":"https:\/\/eventos.ufrrj.br\/seminariodelinguas\/wp-json\/wp\/v2\/users\/1"}],"replies":[{"embeddable":true,"href":"https:\/\/eventos.ufrrj.br\/seminariodelinguas\/wp-json\/wp\/v2\/comments?post=5"}],"version-history":[{"count":23,"href":"https:\/\/eventos.ufrrj.br\/seminariodelinguas\/wp-json\/wp\/v2\/pages\/5\/revisions"}],"predecessor-version":[{"id":155,"href":"https:\/\/eventos.ufrrj.br\/seminariodelinguas\/wp-json\/wp\/v2\/pages\/5\/revisions\/155"}],"wp:attachment":[{"href":"https:\/\/eventos.ufrrj.br\/seminariodelinguas\/wp-json\/wp\/v2\/media?parent=5"}],"wp:term":[{"taxonomy":"post_tag","embeddable":true,"href":"https:\/\/eventos.ufrrj.br\/seminariodelinguas\/wp-json\/wp\/v2\/tags?post=5"}],"curies":[{"name":"wp","href":"https:\/\/api.w.org\/{rel}","templated":true}]}}