{"id":17,"date":"2013-07-08T17:51:55","date_gmt":"2013-07-08T17:51:55","guid":{"rendered":"http:\/\/eventos.ufrrj.br\/seminariodelinguas\/?page_id=17"},"modified":"2015-08-24T12:12:25","modified_gmt":"2015-08-24T12:12:25","slug":"propostas-de-comunicacao","status":"publish","type":"page","link":"https:\/\/eventos.ufrrj.br\/seminariodelinguas\/propostas-de-comunicacao\/","title":{"rendered":"PROPOSTAS DE COMUNICA\u00c7\u00c3O"},"content":{"rendered":"<p>Para <em>Comunica\u00e7\u00e3o<\/em> ser\u00e3o aceitos somente trabalhos de alunos de p\u00f3s-gradua\u00e7\u00e3o ou professores.\u00a0 O proponente dever\u00e1 preencher a ficha de inscri\u00e7\u00e3o espec\u00edfica e encaminh\u00e1-la para o e-mail <strong>seminariodelinguasufrrj@gmail.com<\/strong>. Tamb\u00e9m dever\u00e1 ser anexado \u00e0 mensagem o resumo da comunica\u00e7\u00e3o, contendo objetivos, quadro te\u00f3rico-metodol\u00f3gico, hip\u00f3teses e resultados em linhas gerais. O resumo dever\u00e1 ser redigido de acordo com as seguintes especifica\u00e7\u00f5es:<\/p>\n<ul style=\"margin-left: 40px;\">\n<li>Formato de arquivo: &#8220;doc&#8221;<\/li>\n<li>Fonte: Times New Roman, tamanho 12.<\/li>\n<li>Papel tamanho A4.<\/li>\n<li>Margem superior e inferior com 2,5 cm.<\/li>\n<li>Margem esquerda e direita com 3 cm.<\/li>\n<li>Espa\u00e7amento entre linhas: 1,5.<\/li>\n<li>T\u00edtulo da Comunica\u00e7\u00e3o:\u00a0 centralizado e em negrito<\/li>\n<li>Na segunda linha abaixo do t\u00edtulo, \u00e0 direita, sem negrito: nome completo do(s) autor(es) com o \u00faltimo sobrenome em caixa alta<\/li>\n<li>Na primeira linha abaixo do nome do(s) autor(es), \u00e0 direita: nome da institui\u00e7\u00e3o por extenso (sem sigla)<\/li>\n<li>Na segunda linha abaixo do nome da institui\u00e7\u00e3o:\u00a0 texto do resumo sem adentrar par\u00e1grafo e com alinhamento justificado<\/li>\n<li>Limite de palavras do texto do resumo: m\u00ednimo 200, m\u00e1ximo 300.<\/li>\n<\/ul>\n<p>&nbsp;<\/p>\n<p>Os organizadores do evento ficar\u00e3o encarregados de repassar aos pareceristas de cada eixo tem\u00e1tico os resumos para serem avaliados.\u00a0 Caso a comunica\u00e7\u00e3o seja aprovada, o proponente receber\u00e1 e-mail, confirmando a data e o hor\u00e1rio da apresenta\u00e7\u00e3o.<\/p>\n<p>&nbsp;<\/p>\n<p style=\"text-align: center;\"><strong>NORMAS PARA A PUBLICA\u00c7\u00c3O DE TRABALHOS INSCRITOS EM COMUNICA\u00c7\u00c3O<\/strong><\/p>\n<p>Caso o(s) proponente(s) da comunica\u00e7\u00e3o deseje(m) public\u00e1-la em livro digital da Edur (Editora da Universidade Federal Rural do Rio de Janeiro) com ISBN, dever\u00e1(\u00e3o) enviar o texto completo at\u00e9 30 dias ap\u00f3s o evento, para o e-mail: <strong>seminariodelinguasufrrj@gmail.com<\/strong>. Textos de comunica\u00e7\u00f5es n\u00e3o apresentadas ou enviados fora do prazo n\u00e3o ser\u00e3o aceitos. Abaixo seguem as normas.<\/p>\n<p>&nbsp;<\/p>\n<ol style=\"margin-left: 40px;\">\n<li>O texto completo do trabalho dever\u00e1 ter formato de artigo, com problem\u00e1tica anunciada e desenvolvida, conclus\u00f5es e refer\u00eancias bibliogr\u00e1ficas, estruturado em torno de 8 (oito) a 12 (doze) p\u00e1ginas, excetuando-se as refer\u00eancias e os anexos.<\/li>\n<\/ol>\n<p>&nbsp;<\/p>\n<ol style=\"margin-left: 40px;\" start=\"2\">\n<li>O t\u00edtulo deve ser centralizado, em negrito e caixa alta.<\/li>\n<\/ol>\n<p>&nbsp;<\/p>\n<ol style=\"margin-left: 40px;\" start=\"3\">\n<li>Na segunda linha abaixo do t\u00edtulo, \u00e0 direita, sem negrito, deve aparecer o(s) nome(s) completo(s) do(s) autor(es), mas somente o \u00faltimo sobrenome em caixa alta.<\/li>\n<\/ol>\n<p>&nbsp;<\/p>\n<ol style=\"margin-left: 40px;\" start=\"4\">\n<li>Na linha abaixo do(s) nome(s) do(s) autor(es), \u00e0 direita, deve aparecer o nome da institui\u00e7\u00e3o por extenso (sem sigla), em caixa baixa.<\/li>\n<\/ol>\n<p>&nbsp;<\/p>\n<ol style=\"margin-left: 40px;\" start=\"5\">\n<li>Na linha abaixo do nome da institui\u00e7\u00e3o, deve constar o e-mail do(s) autor(es).<\/li>\n<\/ol>\n<p>&nbsp;<\/p>\n<ol style=\"margin-left: 40px;\" start=\"6\">\n<li>O resumo, que precede o texto do artigo, deve ser redigido sem adentrar par\u00e1grafo e antecedido pela palavra <strong>Resumo<\/strong> seguida de dois-pontos, em negrito e caixa baixa, alinhada \u00e0 esquerda, na segunda linha abaixo do e-mail do(s) autor(es). O texto do resumo, sem negrito, deve come\u00e7ar imediatamente ap\u00f3s os dois-pontos e ter, no m\u00ednimo, 200 e, no m\u00e1ximo, 300 palavras. No corpo do texto deve aparecer o seguinte: objetivos; quadro te\u00f3rico-metodol\u00f3gico; hip\u00f3teses; resultados em linhas gerais. Duas linhas abaixo do resumo, inserir <strong>Palavras-chave<\/strong> em negrito e caixa baixa, sem adentramento e seguido de dois-pontos. Ap\u00f3s os dois-pontos, inserir de tr\u00eas a cinco palavras-chave, separadas por ponto e v\u00edrgula.<\/li>\n<\/ol>\n<p>&nbsp;<\/p>\n<ol style=\"margin-left: 40px;\" start=\"7\">\n<li>Na segunda linha abaixo de <strong>Palavras-chave<\/strong>, deve come\u00e7ar o texto do artigo.<\/li>\n<\/ol>\n<p>&nbsp;<\/p>\n<ol style=\"margin-left: 40px;\" start=\"8\">\n<li>Digita\u00e7\u00e3o e formata\u00e7\u00e3o do artigo:<\/li>\n<\/ol>\n<p>&nbsp;<\/p>\n<ul style=\"margin-left: 40px;\">\n<li>Formato de arquivo: &#8220;doc&#8221; ou &#8220;pdf&#8221;.<\/li>\n<li>Fonte: Times New Roman, tamanho 12.<\/li>\n<li>Papel tamanho A4.<\/li>\n<li>Margem superior e inferior com 2,5 cm.<\/li>\n<li>Margem esquerda e direita com 3 cm.<\/li>\n<li>Espa\u00e7amento entre linhas: 1,5.<\/li>\n<li>Alinhamento: justificado.<\/li>\n<li>P\u00e1ginas numeradas a partir da segunda (no alto, \u00e0 direita).<\/li>\n<li>Subt\u00edtulos: em negrito e caixa baixa, alinhado \u00e0 esquerda, sem adentramento, com numera\u00e7\u00e3o progressiva.<\/li>\n<li>O nome do arquivo com o texto completo da comunica\u00e7\u00e3o a ser enviado deve conter o primeiro e o \u00faltimo nome do autor e as primeiras palavras do t\u00edtulo do texto. Ex.: Para um arquivo que contenha o texto \u201cOs cl\u00edticos de terceira pessoa e as estrat\u00e9gias para sua substitui\u00e7\u00e3o\u201d, de autoria de Joaquim Jos\u00e9 da Silva Xavier, o nome do arquivo dever\u00e1 ser <em>joaquimxaviercliticos<\/em>.<\/li>\n<\/ul>\n<p>&nbsp;<\/p>\n<ol style=\"margin-left: 40px;\" start=\"9\">\n<li>O texto deve ser in\u00e9dito no Brasil at\u00e9 a sua apresenta\u00e7\u00e3o no semin\u00e1rio.<\/li>\n<\/ol>\n<p>&nbsp;<\/p>\n<ol style=\"margin-left: 40px;\" start=\"10\">\n<li>As cita\u00e7\u00f5es com at\u00e9 tr\u00eas linhas devem vir \u201centre aspas\u201d no corpo do texto; cita\u00e7\u00f5es com mais de tr\u00eas linhas devem vir com um recuo de 4 cm \u00e0 esquerda, fonte 10 e espa\u00e7amento simples.<\/li>\n<\/ol>\n<p>&nbsp;<\/p>\n<ol style=\"margin-left: 40px;\" start=\"11\">\n<li>Ilustra\u00e7\u00f5es, gr\u00e1ficos e tabelas dever\u00e3o vir inseridos no corpo do texto, com as respectivas legendas centralizadas; devem ser numerados e a fonte a ser utilizada \u00e9 <em>Times <\/em><a href=\"http:\/\/www.gelne.org.br\/normas_submissao.php\"><em>New<\/em><\/a><em> Roman<\/em> 10 e negrito para o t\u00edtulo.<\/li>\n<\/ol>\n<p>&nbsp;<\/p>\n<ol style=\"margin-left: 40px;\" start=\"12\">\n<li>As notas de rodap\u00e9 devem figurar necessariamente ao p\u00e9 da(s) p\u00e1gina(s) acompanhadas de seus \u00edndices num\u00e9ricos.<\/li>\n<\/ol>\n<p>&nbsp;<\/p>\n<ol style=\"margin-left: 40px;\" start=\"13\">\n<li>As refer\u00eancias devem ficar localizadas ao final do texto, contendo exclusivamente as obras citadas, de acordo com a ABNT.<\/li>\n<\/ol>\n<p>&nbsp;<\/p>\n<p><strong>Observa\u00e7\u00e3o: <\/strong>Os trabalhos que n\u00e3o atenderem \u00e0s normas de formata\u00e7\u00e3o acima especificadas ser\u00e3o automaticamente eliminados.<\/p>\n<p>&nbsp;<\/p>\n<ol style=\"margin-left: 40px;\" start=\"14\">\n<li>O material aceito para publica\u00e7\u00e3o ser\u00e1 utilizado em sua vers\u00e3o original, ou seja, o arquivo enviado n\u00e3o \u00e9 pass\u00edvel de substitui\u00e7\u00e3o e\/ou modifica\u00e7\u00f5es posteriores. A revis\u00e3o do trabalho \u00e9 de responsabilidade do(s) autor(es).<\/li>\n<\/ol>\n<p>&nbsp;<\/p>\n<ol style=\"margin-left: 40px;\" start=\"15\">\n<li>As <em>Comunica\u00e7\u00f5es<\/em> aprovadas ter\u00e3o seus resumos impressos no Caderno de Resumos. Os textos completos, enviados at\u00e9 o \u00faltimo dia do evento e em conformidade com as normas acima, ser\u00e3o publicados em forma de livro no <em>site<\/em> da Edur com ISBN.<\/li>\n<\/ol>\n<p>&nbsp;<\/p>\n","protected":false},"excerpt":{"rendered":"<p>Para Comunica\u00e7\u00e3o ser\u00e3o aceitos somente trabalhos de alunos de p\u00f3s-gradua\u00e7\u00e3o ou professores.\u00a0 O proponente dever\u00e1 preencher a ficha de inscri\u00e7\u00e3o espec\u00edfica e [&hellip;]<\/p>\n","protected":false},"author":1,"featured_media":0,"parent":0,"menu_order":0,"comment_status":"open","ping_status":"open","template":"","meta":{"_acf_changed":false,"footnotes":""},"tags":[],"class_list":["post-17","page","type-page","status-publish","hentry"],"acf":[],"_links":{"self":[{"href":"https:\/\/eventos.ufrrj.br\/seminariodelinguas\/wp-json\/wp\/v2\/pages\/17","targetHints":{"allow":["GET"]}}],"collection":[{"href":"https:\/\/eventos.ufrrj.br\/seminariodelinguas\/wp-json\/wp\/v2\/pages"}],"about":[{"href":"https:\/\/eventos.ufrrj.br\/seminariodelinguas\/wp-json\/wp\/v2\/types\/page"}],"author":[{"embeddable":true,"href":"https:\/\/eventos.ufrrj.br\/seminariodelinguas\/wp-json\/wp\/v2\/users\/1"}],"replies":[{"embeddable":true,"href":"https:\/\/eventos.ufrrj.br\/seminariodelinguas\/wp-json\/wp\/v2\/comments?post=17"}],"version-history":[{"count":25,"href":"https:\/\/eventos.ufrrj.br\/seminariodelinguas\/wp-json\/wp\/v2\/pages\/17\/revisions"}],"predecessor-version":[{"id":152,"href":"https:\/\/eventos.ufrrj.br\/seminariodelinguas\/wp-json\/wp\/v2\/pages\/17\/revisions\/152"}],"wp:attachment":[{"href":"https:\/\/eventos.ufrrj.br\/seminariodelinguas\/wp-json\/wp\/v2\/media?parent=17"}],"wp:term":[{"taxonomy":"post_tag","embeddable":true,"href":"https:\/\/eventos.ufrrj.br\/seminariodelinguas\/wp-json\/wp\/v2\/tags?post=17"}],"curies":[{"name":"wp","href":"https:\/\/api.w.org\/{rel}","templated":true}]}}