{"id":20,"date":"2013-12-23T12:21:08","date_gmt":"2013-12-23T12:21:08","guid":{"rendered":"http:\/\/eventos.ufrrj.br\/semea\/?page_id=20"},"modified":"2014-01-31T15:52:29","modified_gmt":"2014-01-31T15:52:29","slug":"normas-resumo","status":"publish","type":"page","link":"https:\/\/eventos.ufrrj.br\/semea\/normas-resumo\/","title":{"rendered":"Normas Resumo"},"content":{"rendered":"<h2 align=\"center\">\n\t&nbsp;<br \/>\n<\/h2>\n<h2 align=\"center\">\n\t<span>ATEN&Ccedil;&Atilde;O: informa&ccedil;&otilde;es sobre apresenta&ccedil;&atilde;o de trabalhos &#8211;&nbsp;<a href=\"http:\/\/eventos.ufrrj.br\/semea\/files\/2014\/01\/INFORMA\u00c7\u00d5ES-PARA-APRESENTA\u00c7\u00c3O-DE-P\u00d4STER.pdf\">[clique aqui para fazer dowload]<\/a><\/span><br \/>\n<\/h2>\n<h2 align=\"center\">\n\t&nbsp;<br \/>\n<\/h2>\n<h2 align=\"center\">\n\t<span style=\"color:#A52A2A\"><strong>PRAZO PARA ENVIO DE RESUMO PRORROGADO AT&Eacute; O DIA 24 DE JANEIRO<\/strong><\/span><br \/>\n<\/h2>\n<p align=\"center\">\n\t&nbsp;\n<\/p>\n<p align=\"center\">\n\t<strong>IV Semana de Educa&ccedil;&atilde;o Ambiental <\/strong>\n<\/p>\n<p align=\"center\">\n\tDiversidade e Sustentabilidade: a forma&ccedil;&atilde;o de educadores ambientais em perspectiva\n<\/p>\n<p align=\"center\">\n\t&nbsp;\n<\/p>\n<p align=\"center\">\n\t<strong>CHAMADA PARA PUBLICA&Ccedil;&Atilde;O DE TRABALHOS NA IV SEMEA &#8211; <\/strong>\n<\/p>\n<p>\n\tA apresenta&ccedil;&atilde;o de trabalhos no evento tem o objetivo de fortalecer o di&aacute;logo entre a diversidade de experi&ecirc;ncias na educa&ccedil;&atilde;o ambiental. Ser&atilde;o aceitos trabalhos de origem cient&iacute;fica, de extens&atilde;o, relatos de experi&ecirc;ncias ou atividades de grupos.\n<\/p>\n<p>\n\tConvidamos todas e todos a trazer seus conhecimentos para compartilharmos e construirmos nossos saberes e olhares m&uacute;ltiplos das atividades que se inserem na proposta da educa&ccedil;&atilde;o ambiental.\n<\/p>\n<p>\n\t&nbsp;\n<\/p>\n<p align=\"center\">\n\t<strong>NORMAS PARA SUBMISS&Atilde;O DE RESUMOS<\/strong>\n<\/p>\n<p>\n\tCada autor poder&aacute; submeter at&eacute; dois trabalhos. Os trabalhos ser&atilde;o no formato de Resumo Expandido com <u>limite m&aacute;ximo de duas p&aacute;ginas<\/u> (incluindo refer&ecirc;ncias bibliogr&aacute;ficas) e obedecendo a formata&ccedil;&atilde;o abaixo explicada. No site h&aacute; um modelo com a formata&ccedil;&atilde;o j&aacute; configurada que poder&aacute; ser utilizado pelo autor. <a href=\"http:\/\/eventos.ufrrj.br\/semea\/files\/2013\/12\/Modelo-SEMEA-2014.doc\">(Dowload Modelo Resumo)<\/a>\n<\/p>\n<p>\n\tO resumo&nbsp; dever&aacute; ser enviado para o e-mail <a href=\"mailto:semeasalaverde@yahoo.com.br\">semeasalaverde@yahoo.com.br<\/a> at&eacute; as 23 horas de 20\/01\/2014. Contendo no item assunto as palavras &ldquo;<u>Envio de Resumo<\/u>&rdquo;, juntamente com o resumo em anexo em Word nos formatos .odt ou .doc e no corpo do texto do e-mail especificar o eixo tem&aacute;tico que se refere o trabalho.\n<\/p>\n<p>\n\t&nbsp;\n<\/p>\n<p>\n\t&nbsp;\n<\/p>\n<p>\n\tFORMATA&Ccedil;&Atilde;O\n<\/p>\n<p>\n\t&nbsp;&nbsp;&nbsp;&nbsp;&nbsp;&nbsp;&nbsp;&nbsp; Os trabalhos dever&atilde;o ser redigidos nos formatos:\n<\/p>\n<p>\n\t&nbsp;&nbsp;&nbsp;&nbsp;&nbsp;&nbsp;&nbsp;&nbsp;&nbsp;&nbsp;&nbsp;&nbsp;&nbsp;&nbsp;&nbsp;&nbsp;&nbsp;&nbsp; Papel: A4\n<\/p>\n<p>\n\t&nbsp;&nbsp;&nbsp;&nbsp;&nbsp;&nbsp;&nbsp;&nbsp;&nbsp;&nbsp;&nbsp;&nbsp;&nbsp;&nbsp;&nbsp;&nbsp;&nbsp;&nbsp; Espa&ccedil;amento: 1,5 entre linhas\n<\/p>\n<p>\n\t&nbsp;&nbsp;&nbsp;&nbsp;&nbsp;&nbsp;&nbsp;&nbsp;&nbsp;&nbsp;&nbsp;&nbsp;&nbsp;&nbsp;&nbsp;&nbsp;&nbsp;&nbsp; Fonte do texto: Times New Roman, tamanho 12, justificado.\n<\/p>\n<p style=\"margin-left: 70.9pt\">\n\t&nbsp;&nbsp;&nbsp;&nbsp;&nbsp;&nbsp;&nbsp;&nbsp;&nbsp;&nbsp;&nbsp;&nbsp;&nbsp;&nbsp;&nbsp;&nbsp;&nbsp;&nbsp; T&iacute;tulo: Times New Roman, tamanho 14, negrito, caixa alta e centralizado.\n<\/p>\n<p style=\"margin-left: 70.9pt\">\n\tSub-t&iacute;tulos (Introdu&ccedil;&atilde;o, metodologia, resultados e discuss&atilde;o&#8230;): Times New Roman, tamanho 12, Negrito e alinhado a esquerda\n<\/p>\n<p>\n\t&nbsp;&nbsp;&nbsp;&nbsp;&nbsp;&nbsp;&nbsp;&nbsp;&nbsp;&nbsp;&nbsp;&nbsp;&nbsp;&nbsp;&nbsp;&nbsp;&nbsp;&nbsp; Margens: Superior, esquerda, inferior e direita 2 cm.\n<\/p>\n<p>\n\t&nbsp;&nbsp;&nbsp;&nbsp;&nbsp;&nbsp;&nbsp;&nbsp; O texto deve conter abaixo do t&iacute;tulo o(s) nome(s) das(os) autoras(es)&nbsp; separados por ponto e v&iacute;rgula (;) e ser numerados para especificar logo abaixo do nome dos autores a institui&ccedil;&atilde;o, departamento, instituto e e-mail do apresentador (centralizados).\n<\/p>\n<p>\n\tO texto deve conter introdu&ccedil;&atilde;o, metodologia, resultados e discuss&atilde;o, conclus&atilde;o ou considera&ccedil;&otilde;es finais\/parciais, agradecimentos (opcional) refer&ecirc;ncias bibliogr&aacute;ficas (citadas) seguindo as normas da ABNT.\n<\/p>\n<p style=\"margin-left: 36pt\">\n\t&uuml;&nbsp;&nbsp;&nbsp;&nbsp; Por uma quest&atilde;o ambiental, n&atilde;o haver&aacute; publica&ccedil;&atilde;o em cd, ser&atilde;o disponibilizados no site do evento com indexa&ccedil;&atilde;o e ISBN.\n<\/p>\n<p style=\"margin-left: 36pt\">\n\t&uuml;&nbsp;&nbsp;&nbsp;&nbsp;&nbsp; A apresenta&ccedil;&atilde;o ser&aacute; na forma de p&ocirc;ster nas medidas de 1,0 x 0,9m (utilize sua criatividade, n&atilde;o temos restri&ccedil;&otilde;es quanto &agrave; formata&ccedil;&atilde;o e arte do mesmo). O candidato poder&aacute; fixar seu p&ocirc;ster a qualquer momento no dia de sua apresenta&ccedil;&atilde;o, e ficar ao lado do mesmo no per&iacute;odo estipulado para apresenta&ccedil;&atilde;o do mesmo.\n<\/p>\n<p>\n\t&nbsp;\n<\/p>\n<p>\n\t&nbsp;\n<\/p>\n<p>\n\t&nbsp;\n<\/p>\n<p>\n\t&nbsp;\n<\/p>\n<p>\n\t&nbsp;Eixos tem&aacute;ticos:\n<\/p>\n<p style=\"margin-left: 36pt\">\n\t&Oslash;&nbsp;&nbsp;&nbsp;&nbsp; Educa&ccedil;&atilde;o ambiental em contextos escolares;\n<\/p>\n<p style=\"margin-left: 36pt\">\n\t&Oslash;&nbsp;&nbsp;&nbsp;&nbsp; Gest&atilde;o socioambiental e sustentabilidade;\n<\/p>\n<p style=\"margin-left: 36pt\">\n\t&Oslash;&nbsp;&nbsp;&nbsp;&nbsp; Sociedade e ambiente;\n<\/p>\n<p style=\"margin-left: 36pt\">\n\t&Oslash;&nbsp;&nbsp;&nbsp;&nbsp; Agroecologia e educa&ccedil;&atilde;o do campo;\n<\/p>\n<p style=\"margin-left: 36pt\">\n\t&Oslash;&nbsp;&nbsp;&nbsp;&nbsp; Ensino, Pesquisa e &eacute;tica &#8211; quest&atilde;o animal.\n<\/p>\n<p>\n\t&nbsp;\n<\/p>\n<p>\n\t&nbsp;CRONOGRAMA\n<\/p>\n<h2>\n\t&#8211;<span style=\"color:#800000\"><strong> Submiss&atilde;o de Resumos &ndash; at&eacute; dia 24\/01\/2014<\/strong><\/span><br \/>\n<\/h2>\n<p>\n\t&#8211; Resultados dos resumos aprovados &ndash; 27\/01\/2014\n<\/p>\n<p>\n\t&#8211; Defini&ccedil;&atilde;o de data de apresenta&ccedil;&atilde;o &ndash; 27\/01\/2014\n<\/p>\n<p>\n\t&nbsp;\n<\/p>\n<p>\n\tCONTATOS E D&Uacute;VIDAS:\n<\/p>\n<p>\n\t<a href=\"mailto:diogomococa@yahoo.com.br\">diogomococa@yahoo.com.br<\/a>\n<\/p>\n<p>\n\t<a href=\"mailto:semeasalaverde@yahoo.com.br\" style=\"line-height: 1.6em\">semeasalaverde@yahoo.com.br<\/a><\/p>\n","protected":false},"excerpt":{"rendered":"<p>&nbsp; ATEN&Ccedil;&Atilde;O: informa&ccedil;&otilde;es sobre apresenta&ccedil;&atilde;o de trabalhos &#8211;&nbsp;[clique aqui para fazer dowload] &nbsp; PRAZO PARA ENVIO DE RESUMO PRORROGADO AT&Eacute; O DIA [&hellip;]<\/p>\n","protected":false},"author":1,"featured_media":0,"parent":0,"menu_order":0,"comment_status":"open","ping_status":"open","template":"","meta":{"_acf_changed":false,"footnotes":""},"tags":[],"class_list":["post-20","page","type-page","status-publish","hentry"],"acf":[],"yoast_head":"<!-- This site is optimized with the Yoast SEO plugin v27.5 - https:\/\/yoast.com\/product\/yoast-seo-wordpress\/ -->\n<title>Normas Resumo - SEMEA<\/title>\n<meta name=\"robots\" content=\"index, follow, max-snippet:-1, max-image-preview:large, max-video-preview:-1\" \/>\n<link rel=\"canonical\" href=\"https:\/\/eventos.ufrrj.br\/semea\/normas-resumo\/\" \/>\n<meta property=\"og:locale\" content=\"pt_BR\" \/>\n<meta property=\"og:type\" content=\"article\" \/>\n<meta property=\"og:title\" content=\"Normas Resumo - SEMEA\" \/>\n<meta property=\"og:description\" content=\"&nbsp; ATEN&Ccedil;&Atilde;O: informa&ccedil;&otilde;es sobre apresenta&ccedil;&atilde;o de trabalhos &#8211;&nbsp;[clique aqui para fazer dowload] &nbsp; PRAZO PARA ENVIO DE RESUMO PRORROGADO AT&Eacute; O DIA [&hellip;]\" \/>\n<meta property=\"og:url\" content=\"https:\/\/eventos.ufrrj.br\/semea\/normas-resumo\/\" \/>\n<meta property=\"og:site_name\" content=\"SEMEA\" \/>\n<meta property=\"article:modified_time\" content=\"2014-01-31T15:52:29+00:00\" \/>\n<meta name=\"twitter:card\" content=\"summary_large_image\" \/>\n<meta name=\"twitter:label1\" content=\"Est. tempo de leitura\" \/>\n\t<meta name=\"twitter:data1\" content=\"4 minutos\" \/>\n<script type=\"application\/ld+json\" class=\"yoast-schema-graph\">{\"@context\":\"https:\\\/\\\/schema.org\",\"@graph\":[{\"@type\":\"WebPage\",\"@id\":\"https:\\\/\\\/eventos.ufrrj.br\\\/semea\\\/normas-resumo\\\/\",\"url\":\"https:\\\/\\\/eventos.ufrrj.br\\\/semea\\\/normas-resumo\\\/\",\"name\":\"Normas Resumo - SEMEA\",\"isPartOf\":{\"@id\":\"https:\\\/\\\/eventos.ufrrj.br\\\/semea\\\/#website\"},\"datePublished\":\"2013-12-23T12:21:08+00:00\",\"dateModified\":\"2014-01-31T15:52:29+00:00\",\"breadcrumb\":{\"@id\":\"https:\\\/\\\/eventos.ufrrj.br\\\/semea\\\/normas-resumo\\\/#breadcrumb\"},\"inLanguage\":\"pt-BR\",\"potentialAction\":[{\"@type\":\"ReadAction\",\"target\":[\"https:\\\/\\\/eventos.ufrrj.br\\\/semea\\\/normas-resumo\\\/\"]}]},{\"@type\":\"BreadcrumbList\",\"@id\":\"https:\\\/\\\/eventos.ufrrj.br\\\/semea\\\/normas-resumo\\\/#breadcrumb\",\"itemListElement\":[{\"@type\":\"ListItem\",\"position\":1,\"name\":\"In\u00edcio\",\"item\":\"https:\\\/\\\/eventos.ufrrj.br\\\/semea\\\/\"},{\"@type\":\"ListItem\",\"position\":2,\"name\":\"Normas Resumo\"}]},{\"@type\":\"WebSite\",\"@id\":\"https:\\\/\\\/eventos.ufrrj.br\\\/semea\\\/#website\",\"url\":\"https:\\\/\\\/eventos.ufrrj.br\\\/semea\\\/\",\"name\":\"SEMEA\",\"description\":\"S\u00f3 mais um site Eventos da UFRRJ \",\"potentialAction\":[{\"@type\":\"SearchAction\",\"target\":{\"@type\":\"EntryPoint\",\"urlTemplate\":\"https:\\\/\\\/eventos.ufrrj.br\\\/semea\\\/?s={search_term_string}\"},\"query-input\":{\"@type\":\"PropertyValueSpecification\",\"valueRequired\":true,\"valueName\":\"search_term_string\"}}],\"inLanguage\":\"pt-BR\"}]}<\/script>\n<!-- \/ Yoast SEO plugin. -->","yoast_head_json":{"title":"Normas Resumo - SEMEA","robots":{"index":"index","follow":"follow","max-snippet":"max-snippet:-1","max-image-preview":"max-image-preview:large","max-video-preview":"max-video-preview:-1"},"canonical":"https:\/\/eventos.ufrrj.br\/semea\/normas-resumo\/","og_locale":"pt_BR","og_type":"article","og_title":"Normas Resumo - SEMEA","og_description":"&nbsp; ATEN&Ccedil;&Atilde;O: informa&ccedil;&otilde;es sobre apresenta&ccedil;&atilde;o de trabalhos &#8211;&nbsp;[clique aqui para fazer dowload] &nbsp; PRAZO PARA ENVIO DE RESUMO PRORROGADO AT&Eacute; O DIA [&hellip;]","og_url":"https:\/\/eventos.ufrrj.br\/semea\/normas-resumo\/","og_site_name":"SEMEA","article_modified_time":"2014-01-31T15:52:29+00:00","twitter_card":"summary_large_image","twitter_misc":{"Est. tempo de leitura":"4 minutos"},"schema":{"@context":"https:\/\/schema.org","@graph":[{"@type":"WebPage","@id":"https:\/\/eventos.ufrrj.br\/semea\/normas-resumo\/","url":"https:\/\/eventos.ufrrj.br\/semea\/normas-resumo\/","name":"Normas Resumo - SEMEA","isPartOf":{"@id":"https:\/\/eventos.ufrrj.br\/semea\/#website"},"datePublished":"2013-12-23T12:21:08+00:00","dateModified":"2014-01-31T15:52:29+00:00","breadcrumb":{"@id":"https:\/\/eventos.ufrrj.br\/semea\/normas-resumo\/#breadcrumb"},"inLanguage":"pt-BR","potentialAction":[{"@type":"ReadAction","target":["https:\/\/eventos.ufrrj.br\/semea\/normas-resumo\/"]}]},{"@type":"BreadcrumbList","@id":"https:\/\/eventos.ufrrj.br\/semea\/normas-resumo\/#breadcrumb","itemListElement":[{"@type":"ListItem","position":1,"name":"In\u00edcio","item":"https:\/\/eventos.ufrrj.br\/semea\/"},{"@type":"ListItem","position":2,"name":"Normas Resumo"}]},{"@type":"WebSite","@id":"https:\/\/eventos.ufrrj.br\/semea\/#website","url":"https:\/\/eventos.ufrrj.br\/semea\/","name":"SEMEA","description":"S\u00f3 mais um site Eventos da UFRRJ ","potentialAction":[{"@type":"SearchAction","target":{"@type":"EntryPoint","urlTemplate":"https:\/\/eventos.ufrrj.br\/semea\/?s={search_term_string}"},"query-input":{"@type":"PropertyValueSpecification","valueRequired":true,"valueName":"search_term_string"}}],"inLanguage":"pt-BR"}]}},"_links":{"self":[{"href":"https:\/\/eventos.ufrrj.br\/semea\/wp-json\/wp\/v2\/pages\/20","targetHints":{"allow":["GET"]}}],"collection":[{"href":"https:\/\/eventos.ufrrj.br\/semea\/wp-json\/wp\/v2\/pages"}],"about":[{"href":"https:\/\/eventos.ufrrj.br\/semea\/wp-json\/wp\/v2\/types\/page"}],"author":[{"embeddable":true,"href":"https:\/\/eventos.ufrrj.br\/semea\/wp-json\/wp\/v2\/users\/1"}],"replies":[{"embeddable":true,"href":"https:\/\/eventos.ufrrj.br\/semea\/wp-json\/wp\/v2\/comments?post=20"}],"version-history":[{"count":10,"href":"https:\/\/eventos.ufrrj.br\/semea\/wp-json\/wp\/v2\/pages\/20\/revisions"}],"predecessor-version":[{"id":73,"href":"https:\/\/eventos.ufrrj.br\/semea\/wp-json\/wp\/v2\/pages\/20\/revisions\/73"}],"wp:attachment":[{"href":"https:\/\/eventos.ufrrj.br\/semea\/wp-json\/wp\/v2\/media?parent=20"}],"wp:term":[{"taxonomy":"post_tag","embeddable":true,"href":"https:\/\/eventos.ufrrj.br\/semea\/wp-json\/wp\/v2\/tags?post=20"}],"curies":[{"name":"wp","href":"https:\/\/api.w.org\/{rel}","templated":true}]}}