{"id":155,"date":"2026-04-29T21:23:37","date_gmt":"2026-04-29T21:23:37","guid":{"rendered":"https:\/\/eventos.ufrrj.br\/semea\/?page_id=155"},"modified":"2026-04-29T21:23:39","modified_gmt":"2026-04-29T21:23:39","slug":"sobre-2","status":"publish","type":"page","link":"https:\/\/eventos.ufrrj.br\/semea\/sobre-2\/","title":{"rendered":"Sobre"},"content":{"rendered":"\n<h2 class=\"wp-block-heading\"><strong>MESA E CONFER\u00caNCIA DE ABERTURA ACONTECER\u00c3O NO AUDIT\u00d3RIO DO CAIC PAULO DACORSO FILHO<\/strong><\/h2>\n\n\n\n<h2 class=\"wp-block-heading\">ATEN\u00c7\u00c3O: informa\u00e7\u00f5es sobre apresenta\u00e7\u00e3o de trabalhos &#8211; <a href=\"http:\/\/eventos.ufrrj.br\/semea\/files\/2014\/01\/INFORMA\u00c7\u00d5ES-PARA-APRESENTA\u00c7\u00c3O-DE-P\u00d4STER.pdf\">[clique aqui para fazer dowload]<\/a><\/h2>\n\n\n\n<h3 class=\"wp-block-heading\"><strong>&nbsp;ATEN\u00c7\u00c3O:&nbsp;Folder informativo &nbsp;na p\u00e1gina PROGRAMA\u00c7\u00c3O<\/strong><\/h3>\n\n\n\n<h3 class=\"wp-block-heading\"><strong>ATEN\u00c7\u00c3O: Divulgada a lista com os trabalhos selecionados para apresenta\u00e7\u00e3o de poster.<a href=\"http:\/\/eventos.ufrrj.br\/semea\/files\/2014\/01\/TRABALHOS-APROVADOS-PARA-APRESENTA\u00c7\u00c3O-NO-SEMEA-2014.pdf\"> [clique aqui para fazer dowload]<\/a><\/strong><\/h3>\n\n\n\n<p><strong>Em breve informa\u00e7\u00f5es sobre data, hor\u00e1rio e local das apresenta\u00e7\u00f5es.<\/strong><\/p>\n\n\n\n<p><strong>Obrigado<\/strong><\/p>\n\n\n\n<p><strong>Equipe SEMEA<\/strong><\/p>\n\n\n\n<p>Bem Vindos \u00e0 IV Semana de Educa\u00e7\u00e3o Ambiental da Universidade Federal Rural do Rio de Janeiro!<\/p>\n\n\n\n<p>Com a tem\u00e1tica&nbsp;<strong>Diversidade e Sustentabilidade: a forma\u00e7\u00e3o de educadores ambientais em perspectiva, <\/strong>o Grupo de Estudos e Pesquisa em Educa\u00e7\u00e3o Ambiental, Diversidade e Sustentabilidade (GEPEADS\/UFRRJ) e a Sala Verde Centro de Integra\u00e7\u00e3o Socioambiental (CISA\/UFRRJ)&nbsp;objetivam contribuir para a inser\u00e7\u00e3o das discuss\u00f5es socioambientais em contextos escolares, na Gest\u00e3o Socioambiental, Sociedade &amp; Meio ambiente, Agroecolgia e Educa\u00e7\u00e3o do Campo, bem como nas reflex\u00f5es acerca&nbsp;da \u00c9tica na Quest\u00e3o Animal.<\/p>\n\n\n\n<p>\u00c9 com muita satisfa\u00e7\u00e3o que o GEPEADS em sua&nbsp;primeira d\u00e9cada de exist\u00eancia convida a todas e todos a refletirem sobre as quest\u00f5es ambientais contempor\u00e2neas, construindo coletivamente novos saberes e m\u00faltiplos olhares das atividades que se inserem na proposta da educa\u00e7\u00e3o Ambiental.<\/p>\n\n\n\n<p>A IV SEMEA acontecer\u00e1 nos dias 04, 05 e 06 de fevereiro de 2014.<\/p>\n\n\n\n<p>EMAIL PARA CONTATOS:<\/p>\n\n\n\n<p>Inscri\u00e7\u00f5es no evento: cisambiental@yahoo.com.br<\/p>\n\n\n\n<p>Inscri\u00e7\u00f5es de trabalho: semeasalaverde@yahoo.com.br<\/p>\n\n\n\n<p><\/p>\n","protected":false},"excerpt":{"rendered":"<p>MESA E CONFER\u00caNCIA DE ABERTURA ACONTECER\u00c3O NO AUDIT\u00d3RIO DO CAIC PAULO DACORSO FILHO ATEN\u00c7\u00c3O: informa\u00e7\u00f5es sobre apresenta\u00e7\u00e3o de trabalhos &#8211; [clique aqui [&hellip;]<\/p>\n","protected":false},"author":25,"featured_media":0,"parent":0,"menu_order":0,"comment_status":"closed","ping_status":"closed","template":"","meta":{"_acf_changed":false,"footnotes":""},"tags":[],"class_list":["post-155","page","type-page","status-publish","hentry"],"acf":[],"yoast_head":"<!-- This site is optimized with the Yoast SEO plugin v27.5 - https:\/\/yoast.com\/product\/yoast-seo-wordpress\/ -->\n<title>Sobre - SEMEA<\/title>\n<meta name=\"robots\" content=\"index, follow, max-snippet:-1, max-image-preview:large, max-video-preview:-1\" \/>\n<link rel=\"canonical\" href=\"https:\/\/eventos.ufrrj.br\/semea\/sobre-2\/\" \/>\n<meta property=\"og:locale\" content=\"pt_BR\" \/>\n<meta property=\"og:type\" content=\"article\" \/>\n<meta property=\"og:title\" content=\"Sobre - SEMEA\" \/>\n<meta property=\"og:description\" content=\"MESA E CONFER\u00caNCIA DE ABERTURA ACONTECER\u00c3O NO AUDIT\u00d3RIO DO CAIC PAULO DACORSO FILHO ATEN\u00c7\u00c3O: informa\u00e7\u00f5es sobre apresenta\u00e7\u00e3o de trabalhos &#8211; [clique aqui [&hellip;]\" \/>\n<meta property=\"og:url\" content=\"https:\/\/eventos.ufrrj.br\/semea\/sobre-2\/\" \/>\n<meta property=\"og:site_name\" content=\"SEMEA\" \/>\n<meta property=\"article:modified_time\" content=\"2026-04-29T21:23:39+00:00\" \/>\n<meta name=\"twitter:card\" content=\"summary_large_image\" \/>\n<meta name=\"twitter:label1\" content=\"Est. tempo de leitura\" \/>\n\t<meta name=\"twitter:data1\" content=\"2 minutos\" \/>\n<script type=\"application\/ld+json\" class=\"yoast-schema-graph\">{\"@context\":\"https:\\\/\\\/schema.org\",\"@graph\":[{\"@type\":\"WebPage\",\"@id\":\"https:\\\/\\\/eventos.ufrrj.br\\\/semea\\\/sobre-2\\\/\",\"url\":\"https:\\\/\\\/eventos.ufrrj.br\\\/semea\\\/sobre-2\\\/\",\"name\":\"Sobre - SEMEA\",\"isPartOf\":{\"@id\":\"https:\\\/\\\/eventos.ufrrj.br\\\/semea\\\/#website\"},\"datePublished\":\"2026-04-29T21:23:37+00:00\",\"dateModified\":\"2026-04-29T21:23:39+00:00\",\"breadcrumb\":{\"@id\":\"https:\\\/\\\/eventos.ufrrj.br\\\/semea\\\/sobre-2\\\/#breadcrumb\"},\"inLanguage\":\"pt-BR\",\"potentialAction\":[{\"@type\":\"ReadAction\",\"target\":[\"https:\\\/\\\/eventos.ufrrj.br\\\/semea\\\/sobre-2\\\/\"]}]},{\"@type\":\"BreadcrumbList\",\"@id\":\"https:\\\/\\\/eventos.ufrrj.br\\\/semea\\\/sobre-2\\\/#breadcrumb\",\"itemListElement\":[{\"@type\":\"ListItem\",\"position\":1,\"name\":\"In\u00edcio\",\"item\":\"https:\\\/\\\/eventos.ufrrj.br\\\/semea\\\/\"},{\"@type\":\"ListItem\",\"position\":2,\"name\":\"Sobre\"}]},{\"@type\":\"WebSite\",\"@id\":\"https:\\\/\\\/eventos.ufrrj.br\\\/semea\\\/#website\",\"url\":\"https:\\\/\\\/eventos.ufrrj.br\\\/semea\\\/\",\"name\":\"SEMEA\",\"description\":\"S\u00f3 mais um site Eventos da UFRRJ \",\"potentialAction\":[{\"@type\":\"SearchAction\",\"target\":{\"@type\":\"EntryPoint\",\"urlTemplate\":\"https:\\\/\\\/eventos.ufrrj.br\\\/semea\\\/?s={search_term_string}\"},\"query-input\":{\"@type\":\"PropertyValueSpecification\",\"valueRequired\":true,\"valueName\":\"search_term_string\"}}],\"inLanguage\":\"pt-BR\"}]}<\/script>\n<!-- \/ Yoast SEO plugin. -->","yoast_head_json":{"title":"Sobre - SEMEA","robots":{"index":"index","follow":"follow","max-snippet":"max-snippet:-1","max-image-preview":"max-image-preview:large","max-video-preview":"max-video-preview:-1"},"canonical":"https:\/\/eventos.ufrrj.br\/semea\/sobre-2\/","og_locale":"pt_BR","og_type":"article","og_title":"Sobre - SEMEA","og_description":"MESA E CONFER\u00caNCIA DE ABERTURA ACONTECER\u00c3O NO AUDIT\u00d3RIO DO CAIC PAULO DACORSO FILHO ATEN\u00c7\u00c3O: informa\u00e7\u00f5es sobre apresenta\u00e7\u00e3o de trabalhos &#8211; [clique aqui [&hellip;]","og_url":"https:\/\/eventos.ufrrj.br\/semea\/sobre-2\/","og_site_name":"SEMEA","article_modified_time":"2026-04-29T21:23:39+00:00","twitter_card":"summary_large_image","twitter_misc":{"Est. tempo de leitura":"2 minutos"},"schema":{"@context":"https:\/\/schema.org","@graph":[{"@type":"WebPage","@id":"https:\/\/eventos.ufrrj.br\/semea\/sobre-2\/","url":"https:\/\/eventos.ufrrj.br\/semea\/sobre-2\/","name":"Sobre - SEMEA","isPartOf":{"@id":"https:\/\/eventos.ufrrj.br\/semea\/#website"},"datePublished":"2026-04-29T21:23:37+00:00","dateModified":"2026-04-29T21:23:39+00:00","breadcrumb":{"@id":"https:\/\/eventos.ufrrj.br\/semea\/sobre-2\/#breadcrumb"},"inLanguage":"pt-BR","potentialAction":[{"@type":"ReadAction","target":["https:\/\/eventos.ufrrj.br\/semea\/sobre-2\/"]}]},{"@type":"BreadcrumbList","@id":"https:\/\/eventos.ufrrj.br\/semea\/sobre-2\/#breadcrumb","itemListElement":[{"@type":"ListItem","position":1,"name":"In\u00edcio","item":"https:\/\/eventos.ufrrj.br\/semea\/"},{"@type":"ListItem","position":2,"name":"Sobre"}]},{"@type":"WebSite","@id":"https:\/\/eventos.ufrrj.br\/semea\/#website","url":"https:\/\/eventos.ufrrj.br\/semea\/","name":"SEMEA","description":"S\u00f3 mais um site Eventos da UFRRJ ","potentialAction":[{"@type":"SearchAction","target":{"@type":"EntryPoint","urlTemplate":"https:\/\/eventos.ufrrj.br\/semea\/?s={search_term_string}"},"query-input":{"@type":"PropertyValueSpecification","valueRequired":true,"valueName":"search_term_string"}}],"inLanguage":"pt-BR"}]}},"_links":{"self":[{"href":"https:\/\/eventos.ufrrj.br\/semea\/wp-json\/wp\/v2\/pages\/155","targetHints":{"allow":["GET"]}}],"collection":[{"href":"https:\/\/eventos.ufrrj.br\/semea\/wp-json\/wp\/v2\/pages"}],"about":[{"href":"https:\/\/eventos.ufrrj.br\/semea\/wp-json\/wp\/v2\/types\/page"}],"author":[{"embeddable":true,"href":"https:\/\/eventos.ufrrj.br\/semea\/wp-json\/wp\/v2\/users\/25"}],"replies":[{"embeddable":true,"href":"https:\/\/eventos.ufrrj.br\/semea\/wp-json\/wp\/v2\/comments?post=155"}],"version-history":[{"count":1,"href":"https:\/\/eventos.ufrrj.br\/semea\/wp-json\/wp\/v2\/pages\/155\/revisions"}],"predecessor-version":[{"id":157,"href":"https:\/\/eventos.ufrrj.br\/semea\/wp-json\/wp\/v2\/pages\/155\/revisions\/157"}],"wp:attachment":[{"href":"https:\/\/eventos.ufrrj.br\/semea\/wp-json\/wp\/v2\/media?parent=155"}],"wp:term":[{"taxonomy":"post_tag","embeddable":true,"href":"https:\/\/eventos.ufrrj.br\/semea\/wp-json\/wp\/v2\/tags?post=155"}],"curies":[{"name":"wp","href":"https:\/\/api.w.org\/{rel}","templated":true}]}}