{"id":101,"date":"2026-02-28T18:58:50","date_gmt":"2026-02-28T18:58:50","guid":{"rendered":"https:\/\/eventos.ufrrj.br\/semas\/?page_id=101"},"modified":"2026-02-28T18:58:52","modified_gmt":"2026-02-28T18:58:52","slug":"sobre","status":"publish","type":"page","link":"https:\/\/eventos.ufrrj.br\/semas\/sobre\/","title":{"rendered":"Sobre"},"content":{"rendered":"\n<p>Pela primeira vez ocorrer\u00e1 a Semana de Medicina de Animais Silvestres da UFRRJ realizada no Rio de Janeiro voltada pra estudantes e profissionais de medicina veterin\u00e1ria, zootecnia e biologia que tem interesse na \u00e1rea de animais silvestres e ex\u00f3ticos.<\/p>\n\n\n\n<p>O SEMAS ser\u00e1 realizado na Universidade Federal Rural do Rio de Janeiro (UFRRJ) \u2013 Campus de Serop\u00e9dica.<\/p>\n\n\n\n<p>A Semana ser\u00e1 composta por palestras sobre medicina e manejo de animais silvestres durante 4 dias das 8h at\u00e9 as 18h apresentada por renomados palestrantes, com ampla experi\u00eancia na \u00e1rea, os quais foram escolhidos um a um pela comiss\u00e3o organizadora do evento assim como seus respectivos temas a abordar. Al\u00e9m das palestras, ser\u00e3o ministrados minicursos no 5\u00b0 dia do evento.&nbsp;<\/p>\n\n\n\n<p>Em um mundo que cada vez mais apresenta projetos e preocupa\u00e7\u00f5es ecol\u00f3gicas, a forma\u00e7\u00e3o de profissionais mais integrados com as atuais quest\u00f5es de preserva\u00e7\u00e3o do meio ambiente e manejo de sua fauna \u00e9 fundamental.<\/p>\n\n\n\n<p>Gostar\u00edamos de agradecer \u00e0 Pr\u00f3-reitoria de Gradua\u00e7\u00e3o, \u00e0 FAPUR, \u00e0 Pr\u00f3-reitoria de Extens\u00e3o pela oportunidade e apoio para a realiza\u00e7\u00e3o do evento.<br>N\u00e3o menos importante, gostar\u00edamos de agradecer especialmente ao grupo PET Medicina Veterin\u00e1ria, por todo o suporte, apoio e orienta\u00e7\u00e3o em todas as nossas iniciativas e id\u00e9ias.<\/p>\n","protected":false},"excerpt":{"rendered":"<p>Pela primeira vez ocorrer\u00e1 a Semana de Medicina de Animais Silvestres da UFRRJ realizada no Rio de Janeiro voltada pra estudantes e [&hellip;]<\/p>\n","protected":false},"author":25,"featured_media":0,"parent":0,"menu_order":0,"comment_status":"closed","ping_status":"closed","template":"","meta":{"_acf_changed":false,"footnotes":""},"tags":[],"class_list":["post-101","page","type-page","status-publish","hentry"],"acf":[],"yoast_head":"<!-- This site is optimized with the Yoast SEO plugin v27.3 - https:\/\/yoast.com\/product\/yoast-seo-wordpress\/ -->\n<title>Sobre - Semana de Medicina de Animais Silvestres da UFRRJ<\/title>\n<meta name=\"robots\" content=\"index, follow, max-snippet:-1, max-image-preview:large, max-video-preview:-1\" \/>\n<link rel=\"canonical\" href=\"https:\/\/eventos.ufrrj.br\/semas\/sobre\/\" \/>\n<meta property=\"og:locale\" content=\"pt_BR\" \/>\n<meta property=\"og:type\" content=\"article\" \/>\n<meta property=\"og:title\" content=\"Sobre - Semana de Medicina de Animais Silvestres da UFRRJ\" \/>\n<meta property=\"og:description\" content=\"Pela primeira vez ocorrer\u00e1 a Semana de Medicina de Animais Silvestres da UFRRJ realizada no Rio de Janeiro voltada pra estudantes e [&hellip;]\" \/>\n<meta property=\"og:url\" content=\"https:\/\/eventos.ufrrj.br\/semas\/sobre\/\" \/>\n<meta property=\"og:site_name\" content=\"Semana de Medicina de Animais Silvestres da UFRRJ\" \/>\n<meta property=\"article:modified_time\" content=\"2026-02-28T18:58:52+00:00\" \/>\n<meta name=\"twitter:card\" content=\"summary_large_image\" \/>\n<meta name=\"twitter:label1\" content=\"Est. tempo de leitura\" \/>\n\t<meta name=\"twitter:data1\" content=\"2 minutos\" \/>\n<script type=\"application\/ld+json\" class=\"yoast-schema-graph\">{\"@context\":\"https:\\\/\\\/schema.org\",\"@graph\":[{\"@type\":\"WebPage\",\"@id\":\"https:\\\/\\\/eventos.ufrrj.br\\\/semas\\\/sobre\\\/\",\"url\":\"https:\\\/\\\/eventos.ufrrj.br\\\/semas\\\/sobre\\\/\",\"name\":\"Sobre - Semana de Medicina de Animais Silvestres da UFRRJ\",\"isPartOf\":{\"@id\":\"https:\\\/\\\/eventos.ufrrj.br\\\/semas\\\/#website\"},\"datePublished\":\"2026-02-28T18:58:50+00:00\",\"dateModified\":\"2026-02-28T18:58:52+00:00\",\"breadcrumb\":{\"@id\":\"https:\\\/\\\/eventos.ufrrj.br\\\/semas\\\/sobre\\\/#breadcrumb\"},\"inLanguage\":\"pt-BR\",\"potentialAction\":[{\"@type\":\"ReadAction\",\"target\":[\"https:\\\/\\\/eventos.ufrrj.br\\\/semas\\\/sobre\\\/\"]}]},{\"@type\":\"BreadcrumbList\",\"@id\":\"https:\\\/\\\/eventos.ufrrj.br\\\/semas\\\/sobre\\\/#breadcrumb\",\"itemListElement\":[{\"@type\":\"ListItem\",\"position\":1,\"name\":\"In\u00edcio\",\"item\":\"https:\\\/\\\/eventos.ufrrj.br\\\/semas\\\/\"},{\"@type\":\"ListItem\",\"position\":2,\"name\":\"Sobre\"}]},{\"@type\":\"WebSite\",\"@id\":\"https:\\\/\\\/eventos.ufrrj.br\\\/semas\\\/#website\",\"url\":\"https:\\\/\\\/eventos.ufrrj.br\\\/semas\\\/\",\"name\":\"Semana de Medicina de Animais Silvestres da UFRRJ\",\"description\":\"S\u00f3 mais um site Eventos da UFRRJ\",\"potentialAction\":[{\"@type\":\"SearchAction\",\"target\":{\"@type\":\"EntryPoint\",\"urlTemplate\":\"https:\\\/\\\/eventos.ufrrj.br\\\/semas\\\/?s={search_term_string}\"},\"query-input\":{\"@type\":\"PropertyValueSpecification\",\"valueRequired\":true,\"valueName\":\"search_term_string\"}}],\"inLanguage\":\"pt-BR\"}]}<\/script>\n<!-- \/ Yoast SEO plugin. -->","yoast_head_json":{"title":"Sobre - Semana de Medicina de Animais Silvestres da UFRRJ","robots":{"index":"index","follow":"follow","max-snippet":"max-snippet:-1","max-image-preview":"max-image-preview:large","max-video-preview":"max-video-preview:-1"},"canonical":"https:\/\/eventos.ufrrj.br\/semas\/sobre\/","og_locale":"pt_BR","og_type":"article","og_title":"Sobre - Semana de Medicina de Animais Silvestres da UFRRJ","og_description":"Pela primeira vez ocorrer\u00e1 a Semana de Medicina de Animais Silvestres da UFRRJ realizada no Rio de Janeiro voltada pra estudantes e [&hellip;]","og_url":"https:\/\/eventos.ufrrj.br\/semas\/sobre\/","og_site_name":"Semana de Medicina de Animais Silvestres da UFRRJ","article_modified_time":"2026-02-28T18:58:52+00:00","twitter_card":"summary_large_image","twitter_misc":{"Est. tempo de leitura":"2 minutos"},"schema":{"@context":"https:\/\/schema.org","@graph":[{"@type":"WebPage","@id":"https:\/\/eventos.ufrrj.br\/semas\/sobre\/","url":"https:\/\/eventos.ufrrj.br\/semas\/sobre\/","name":"Sobre - Semana de Medicina de Animais Silvestres da UFRRJ","isPartOf":{"@id":"https:\/\/eventos.ufrrj.br\/semas\/#website"},"datePublished":"2026-02-28T18:58:50+00:00","dateModified":"2026-02-28T18:58:52+00:00","breadcrumb":{"@id":"https:\/\/eventos.ufrrj.br\/semas\/sobre\/#breadcrumb"},"inLanguage":"pt-BR","potentialAction":[{"@type":"ReadAction","target":["https:\/\/eventos.ufrrj.br\/semas\/sobre\/"]}]},{"@type":"BreadcrumbList","@id":"https:\/\/eventos.ufrrj.br\/semas\/sobre\/#breadcrumb","itemListElement":[{"@type":"ListItem","position":1,"name":"In\u00edcio","item":"https:\/\/eventos.ufrrj.br\/semas\/"},{"@type":"ListItem","position":2,"name":"Sobre"}]},{"@type":"WebSite","@id":"https:\/\/eventos.ufrrj.br\/semas\/#website","url":"https:\/\/eventos.ufrrj.br\/semas\/","name":"Semana de Medicina de Animais Silvestres da UFRRJ","description":"S\u00f3 mais um site Eventos da UFRRJ","potentialAction":[{"@type":"SearchAction","target":{"@type":"EntryPoint","urlTemplate":"https:\/\/eventos.ufrrj.br\/semas\/?s={search_term_string}"},"query-input":{"@type":"PropertyValueSpecification","valueRequired":true,"valueName":"search_term_string"}}],"inLanguage":"pt-BR"}]}},"_links":{"self":[{"href":"https:\/\/eventos.ufrrj.br\/semas\/wp-json\/wp\/v2\/pages\/101","targetHints":{"allow":["GET"]}}],"collection":[{"href":"https:\/\/eventos.ufrrj.br\/semas\/wp-json\/wp\/v2\/pages"}],"about":[{"href":"https:\/\/eventos.ufrrj.br\/semas\/wp-json\/wp\/v2\/types\/page"}],"author":[{"embeddable":true,"href":"https:\/\/eventos.ufrrj.br\/semas\/wp-json\/wp\/v2\/users\/25"}],"replies":[{"embeddable":true,"href":"https:\/\/eventos.ufrrj.br\/semas\/wp-json\/wp\/v2\/comments?post=101"}],"version-history":[{"count":1,"href":"https:\/\/eventos.ufrrj.br\/semas\/wp-json\/wp\/v2\/pages\/101\/revisions"}],"predecessor-version":[{"id":102,"href":"https:\/\/eventos.ufrrj.br\/semas\/wp-json\/wp\/v2\/pages\/101\/revisions\/102"}],"wp:attachment":[{"href":"https:\/\/eventos.ufrrj.br\/semas\/wp-json\/wp\/v2\/media?parent=101"}],"wp:term":[{"taxonomy":"post_tag","embeddable":true,"href":"https:\/\/eventos.ufrrj.br\/semas\/wp-json\/wp\/v2\/tags?post=101"}],"curies":[{"name":"wp","href":"https:\/\/api.w.org\/{rel}","templated":true}]}}