{"id":97,"date":"2017-05-24T00:01:28","date_gmt":"2017-05-24T03:01:28","guid":{"rendered":"http:\/\/eventos.ufrrj.br\/sef\/?page_id=97"},"modified":"2024-09-12T15:32:21","modified_gmt":"2024-09-12T18:32:21","slug":"apresentacao","status":"publish","type":"page","link":"https:\/\/eventos.ufrrj.br\/sef\/apresentacao\/","title":{"rendered":"Apresenta\u00e7\u00e3o"},"content":{"rendered":"<p>Com o tema \u201cSistematiza\u00e7\u00e3o de pesquisas para o desenvolvimento do estado do Rio de Janeiro\u201d, o I Semin\u00e1rio de Estudos sobre o estado do Rio de Janeiro (I SEERJ) e o III Semin\u00e1rio de Economia Fluminense (III SEF) t\u00eam como objetivo reunir a comunidade t\u00e9cnico-cient\u00edfica das institui\u00e7\u00f5es de ensino e pesquisa localizadas no territ\u00f3rio fluminense.<\/p>\n<p>Os semin\u00e1rios acontecer\u00e3o concomitantemente entre os dias 25 a 27 de novembro no <a href=\"https:\/\/maps.app.goo.gl\/N344CgsR1V9boJXx8\">Centro Federal de Educa\u00e7\u00e3o Tecnol\u00f3gica Celso Suckow da Fonseca (CEFET\/RJ)<\/a>. Nestes dias, ser\u00e3o realizadas mesas especiais compostas por especialistas convidados e sess\u00f5es tem\u00e1ticas organizadas com base em trabalhos selecionados pela comiss\u00e3o cientifica. Com isso, ser\u00e1 poss\u00edvel promover debates com a sociedade civil sobre os desafios impostos ao desenvolvimento socioecon\u00f4mico, cultural, pol\u00edtico e ambiental do estado do Rio de Janeiro.<\/p>\n<p>O I SEERJ \u00e9 realizado pelo FRIPERJ, conjunto das institui\u00e7\u00f5es p\u00fablicas de ensino superior sediadas no estado do Rio de Janeiro, representadas pelos seus respectivos Reitores. Em sua terceira edi\u00e7\u00e3o, o SEF \u00e9 uma iniciativa do Programa de P\u00f3s-gradua\u00e7\u00e3o em Economia Regional e Desenvolvimento da Universidade Federal Rural do Rio de Janeiro. A consolida\u00e7\u00e3o de um programa de pesquisa permanente sobre o estado do Rio de Janeiro e suas regi\u00f5es ampliar\u00e1 a intera\u00e7\u00e3o entre as Institui\u00e7\u00f5es do FRIPERJ e a realidade fluminense.<\/p>\n<p>Os resumos expandidos aprovados pelo Comit\u00ea Cient\u00edfico ser\u00e3o publicados em Anais do evento, com ISBN, ainda em 2024. Os autores dos trabalhos selecionados ser\u00e3o convidados a submeter os artigos completos para publica\u00e7\u00e3o em dossi\u00eas tem\u00e1ticos dos peri\u00f3dicos Cadernos do Desenvolvimento Fluminense (<a href=\"https:\/\/www.e-publicacoes.uerj.br\/cdf\">https:\/\/www.e-publicacoes.uerj.br\/cdf<\/a>) e Boletim do Observat\u00f3rio Ambiental (<a href=\"https:\/\/editoraessentia.iff.edu.br\/index.php\/boletim\">https:\/\/editoraessentia.iff.edu.br\/index.php\/boletim<\/a>).<\/p>\n","protected":false},"excerpt":{"rendered":"<p>Com o tema \u201cSistematiza\u00e7\u00e3o de pesquisas para o desenvolvimento do estado do Rio de Janeiro\u201d, o I Semin\u00e1rio de Estudos <a class=\"read-more\" href=\"https:\/\/eventos.ufrrj.br\/sef\/apresentacao\/ \">&#8230; <i class=\"fa fa-long-arrow-right\"><\/i><\/a><\/p>\n","protected":false},"author":33,"featured_media":0,"parent":0,"menu_order":0,"comment_status":"closed","ping_status":"closed","template":"","meta":{"footnotes":""},"class_list":["post-97","page","type-page","status-publish","hentry"],"_links":{"self":[{"href":"https:\/\/eventos.ufrrj.br\/sef\/wp-json\/wp\/v2\/pages\/97","targetHints":{"allow":["GET"]}}],"collection":[{"href":"https:\/\/eventos.ufrrj.br\/sef\/wp-json\/wp\/v2\/pages"}],"about":[{"href":"https:\/\/eventos.ufrrj.br\/sef\/wp-json\/wp\/v2\/types\/page"}],"author":[{"embeddable":true,"href":"https:\/\/eventos.ufrrj.br\/sef\/wp-json\/wp\/v2\/users\/33"}],"replies":[{"embeddable":true,"href":"https:\/\/eventos.ufrrj.br\/sef\/wp-json\/wp\/v2\/comments?post=97"}],"version-history":[{"count":19,"href":"https:\/\/eventos.ufrrj.br\/sef\/wp-json\/wp\/v2\/pages\/97\/revisions"}],"predecessor-version":[{"id":643,"href":"https:\/\/eventos.ufrrj.br\/sef\/wp-json\/wp\/v2\/pages\/97\/revisions\/643"}],"wp:attachment":[{"href":"https:\/\/eventos.ufrrj.br\/sef\/wp-json\/wp\/v2\/media?parent=97"}],"curies":[{"name":"wp","href":"https:\/\/api.w.org\/{rel}","templated":true}]}}