{"id":70,"date":"2017-05-23T15:29:13","date_gmt":"2017-05-23T18:29:13","guid":{"rendered":"http:\/\/eventos.ufrrj.br\/sef\/?page_id=70"},"modified":"2024-11-06T00:11:05","modified_gmt":"2024-11-06T03:11:05","slug":"comissao","status":"publish","type":"page","link":"https:\/\/eventos.ufrrj.br\/sef\/comissao\/","title":{"rendered":"Comiss\u00e3o"},"content":{"rendered":"<p><b>COMISS\u00c3O ORGANIZADORA<\/b><\/p>\n<p><span style=\"font-weight: 400\">A organiza\u00e7\u00e3o do&nbsp; <b>I Semin\u00e1rio de Estudos sobre o Estado do Rio de Janeiro (I SEERJ) e <\/b><\/span><b>III Semin\u00e1rio de Economia Fluminense (III SEF) <\/b><span style=\"font-weight: 400\">compete ao <\/span><b>Friperj <\/b><span style=\"font-weight: 400\">e \u00e0s suas institui\u00e7\u00f5es associadas, com o apoio dos pesquisadores:<\/span><\/p>\n<p><span style=\"font-weight: 400\">Joilson Cabral (UFRRJ)<\/span><\/p>\n<p><span style=\"font-weight: 400\">Andr\u00e9 Gardel (UNIRIO)<\/span><\/p>\n<p><span style=\"font-weight: 400\">Jos\u00e9 Augusto Ferreira da Silva (IFF)<\/span><\/p>\n<p><span style=\"font-weight: 400\">Juliana Ben\u00edcio (IFRJ)<\/span><\/p>\n<p>Maria Helena Versiani (UFRRJ)<\/p>\n<p><span style=\"font-weight: 400\">Maria Viviana de Freitas Cabral (UFRRJ)<\/span><\/p>\n<p><span style=\"font-weight: 400\">Mauro Osorio (UFRJ)<\/span><\/p>\n<p><span style=\"font-weight: 400\">Wania Mesquita (UENF)<\/span><\/p>\n<p><span style=\"font-weight: 400\">Henrique Rabelo (IERJ)<\/span><\/p>\n<p><span style=\"font-weight: 400\">Wanderson C\u00e9sar dos Santos (UFRRJ)<\/span><\/p>\n<p><\/p>\n\n\n<p><strong>COMIT\u00ca T\u00c9CNICO-CIENT\u00cdFICO<\/strong><\/p>\n\n\n\n<p>O Comit\u00ea T\u00e9cnico-Cient\u00edfico \u00e9 composto pelos pesquisadores integrantes do Projeto Acad\u00eamico do Friperj e especialistas convidados pela Comiss\u00e3o Organizadora:<\/p>\n\n\n\n<p>Andr\u00e9 Gardel (UNIRIO)<\/p>\n\n\n\n<p>Claudia Maria Travassos (CEBES)<\/p>\n\n\n\n<p>Daniel Hirata (UFF)<\/p>\n\n\n\n<p>Diego Carvalho (CEFET)<\/p>\n\n\n\n<p>Eduardo Duprat (SEPLAG)<\/p>\n\n\n\n<p>Faber Paganoto (CPII)<\/p>\n\n\n\n<p>Floriano Oliveira (UERJ)<\/p>\n\n\n\n<p>Gabriel de Pinna Mendez (IFF)<\/p>\n\n\n\n<p>Gabriela Rizzo (UFRRJ)<\/p>\n\n\n\n<p>Gabrielle de Souza Frade (CPII)<\/p>\n\n\n\n<p>Ism\u00eania Martins (UFF)<\/p>\n\n\n\n<p>Jo\u00e3o Trajano de Lima Sento-S\u00e9 (UERJ)<\/p>\n\n\n\n<p>Jos\u00e9 Augusto Ferreira da Silva (IFF)<\/p>\n\n\n\n<p>Juliana Ben\u00edcio (IFRJ)<\/p>\n\n\n\n<p>L\u00edgia Bahia (UFRJ)<\/p>\n\n\n\n<p>Luc\u00edlia Augusta Lino (UERJ)<\/p>\n\n\n\n<p>Maria Helena Versiani (UFRRJ)<\/p>\n\n\n\n<p>Maria Viviana de Freitas Cabral (UFRRJ)<\/p>\n\n\n\n<p>Marieta de Moraes Ferreira (UFRJ)<\/p>\n\n\n\n<p>Mario Dal Poz (UERJ)<\/p>\n\n\n\n<p>Mauro Osorio (UFRJ)<\/p>\n\n\n\n<p>Paulo Knauss (UFF)<\/p>\n\n\n\n<p>Waldeck Carneiro (UFF)<\/p>\n\n\n\n<p>Wania Mesquita (UENF)<\/p>\n","protected":false},"excerpt":{"rendered":"<p>COMISS\u00c3O ORGANIZADORA A organiza\u00e7\u00e3o do&nbsp; I Semin\u00e1rio de Estudos sobre o Estado do Rio de Janeiro (I SEERJ) e III <a class=\"read-more\" href=\"https:\/\/eventos.ufrrj.br\/sef\/comissao\/ \">&#8230; <i class=\"fa fa-long-arrow-right\"><\/i><\/a><\/p>\n","protected":false},"author":33,"featured_media":0,"parent":0,"menu_order":0,"comment_status":"closed","ping_status":"closed","template":"","meta":{"footnotes":""},"class_list":["post-70","page","type-page","status-publish","hentry"],"_links":{"self":[{"href":"https:\/\/eventos.ufrrj.br\/sef\/wp-json\/wp\/v2\/pages\/70","targetHints":{"allow":["GET"]}}],"collection":[{"href":"https:\/\/eventos.ufrrj.br\/sef\/wp-json\/wp\/v2\/pages"}],"about":[{"href":"https:\/\/eventos.ufrrj.br\/sef\/wp-json\/wp\/v2\/types\/page"}],"author":[{"embeddable":true,"href":"https:\/\/eventos.ufrrj.br\/sef\/wp-json\/wp\/v2\/users\/33"}],"replies":[{"embeddable":true,"href":"https:\/\/eventos.ufrrj.br\/sef\/wp-json\/wp\/v2\/comments?post=70"}],"version-history":[{"count":18,"href":"https:\/\/eventos.ufrrj.br\/sef\/wp-json\/wp\/v2\/pages\/70\/revisions"}],"predecessor-version":[{"id":678,"href":"https:\/\/eventos.ufrrj.br\/sef\/wp-json\/wp\/v2\/pages\/70\/revisions\/678"}],"wp:attachment":[{"href":"https:\/\/eventos.ufrrj.br\/sef\/wp-json\/wp\/v2\/media?parent=70"}],"curies":[{"name":"wp","href":"https:\/\/api.w.org\/{rel}","templated":true}]}}