{"id":52,"date":"2017-05-23T15:21:56","date_gmt":"2017-05-23T18:21:56","guid":{"rendered":"http:\/\/eventos.ufrrj.br\/sef\/?page_id=52"},"modified":"2024-08-08T15:31:36","modified_gmt":"2024-08-08T18:31:36","slug":"inscricao","status":"publish","type":"page","link":"https:\/\/eventos.ufrrj.br\/sef\/inscricao\/","title":{"rendered":"Inscri\u00e7\u00e3o"},"content":{"rendered":"<h4>As inscri\u00e7\u00f5es poder\u00e3o ser realizadas <a href=\"https:\/\/forms.gle\/2V361kZqViTDNBsY9\"><span style=\"text-decoration: underline\"><strong>neste link<\/strong><\/span><\/a>.<\/h4>\n<h4>Para submiss\u00e3o de trabalho, acesse <span style=\"text-decoration: underline\"><strong><a href=\"https:\/\/eventos.ufrrj.br\/sef\/submissao\/\">este link<\/a>.<\/strong><\/span>\u00a0<\/h4>\n<h4><strong>Obs.:<\/strong> Os certificados ser\u00e3o enviados para os e-mails cadastrados com o nome descrito na inscri\u00e7\u00e3o.<\/h4>\n\n\n<p><\/p>\n","protected":false},"excerpt":{"rendered":"<p>As inscri\u00e7\u00f5es poder\u00e3o ser realizadas neste link. Para submiss\u00e3o de trabalho, acesse este link.\u00a0 Obs.: Os certificados ser\u00e3o enviados para <a class=\"read-more\" href=\"https:\/\/eventos.ufrrj.br\/sef\/inscricao\/ \">&#8230; <i class=\"fa fa-long-arrow-right\"><\/i><\/a><\/p>\n","protected":false},"author":33,"featured_media":0,"parent":0,"menu_order":0,"comment_status":"closed","ping_status":"closed","template":"","meta":{"footnotes":""},"class_list":["post-52","page","type-page","status-publish","hentry"],"_links":{"self":[{"href":"https:\/\/eventos.ufrrj.br\/sef\/wp-json\/wp\/v2\/pages\/52","targetHints":{"allow":["GET"]}}],"collection":[{"href":"https:\/\/eventos.ufrrj.br\/sef\/wp-json\/wp\/v2\/pages"}],"about":[{"href":"https:\/\/eventos.ufrrj.br\/sef\/wp-json\/wp\/v2\/types\/page"}],"author":[{"embeddable":true,"href":"https:\/\/eventos.ufrrj.br\/sef\/wp-json\/wp\/v2\/users\/33"}],"replies":[{"embeddable":true,"href":"https:\/\/eventos.ufrrj.br\/sef\/wp-json\/wp\/v2\/comments?post=52"}],"version-history":[{"count":18,"href":"https:\/\/eventos.ufrrj.br\/sef\/wp-json\/wp\/v2\/pages\/52\/revisions"}],"predecessor-version":[{"id":566,"href":"https:\/\/eventos.ufrrj.br\/sef\/wp-json\/wp\/v2\/pages\/52\/revisions\/566"}],"wp:attachment":[{"href":"https:\/\/eventos.ufrrj.br\/sef\/wp-json\/wp\/v2\/media?parent=52"}],"curies":[{"name":"wp","href":"https:\/\/api.w.org\/{rel}","templated":true}]}}