{"id":50,"date":"2017-05-23T15:20:16","date_gmt":"2017-05-23T18:20:16","guid":{"rendered":"http:\/\/eventos.ufrrj.br\/sef\/?page_id=50"},"modified":"2024-11-19T17:05:03","modified_gmt":"2024-11-19T20:05:03","slug":"programacao","status":"publish","type":"page","link":"https:\/\/eventos.ufrrj.br\/sef\/programacao\/","title":{"rendered":"Programa\u00e7\u00e3o"},"content":{"rendered":"\n<figure class=\"wp-block-image size-full is-resized\"><a href=\"http:\/\/eventos.ufrrj.br\/sef\/files\/2024\/11\/Programacao_FINAL.pdf\" target=\"_blank\" rel=\"noopener\"><img loading=\"lazy\" decoding=\"async\" src=\"https:\/\/eventos.ufrrj.br\/sef\/files\/2024\/11\/2.jpg\" alt=\"\" class=\"wp-image-693\" width=\"840\" height=\"472\" srcset=\"https:\/\/eventos.ufrrj.br\/sef\/files\/2024\/11\/2.jpg 900w, https:\/\/eventos.ufrrj.br\/sef\/files\/2024\/11\/2-300x169.jpg 300w, https:\/\/eventos.ufrrj.br\/sef\/files\/2024\/11\/2-768x432.jpg 768w\" sizes=\"auto, (max-width: 840px) 100vw, 840px\" \/><\/a><\/figure>\n\n\n\n<p><strong>SESS\u00d5ES TEM\u00c1TICAS<\/strong><\/p>\n\n\n\n<p>As sess\u00f5es tem\u00e1ticas dos semin\u00e1rios s\u00e3o uma parte essencial das atividades para a promo\u00e7\u00e3o dos debates entre membros\/pesquisadores com interesses tem\u00e1ticos comuns; se det\u00eam sobre \u00e1reas identificadas como priorit\u00e1rias para as discuss\u00f5es t\u00e9cnico-cient\u00edficas que visam o desenvolvimento socioecon\u00f4mico e ambiental do estado do Rio de Janeiro.<\/p>\n\n\n\n<p><strong>Abaixo, clique no seu tema de interesse e verifique dia, hor\u00e1rio e sala:<\/strong><\/p>\n\n\n\n<ul class=\"wp-block-list\"><li><a href=\"https:\/\/eventos.ufrrj.br\/sef\/limites-e-impasses-atuais-da-politica-de-saude-no-estado-do-rio-de-janeiro\/\">Limites e Impasses Atuais da Pol\u00edtica de Sa\u00fade no Estado do Rio de Janeiro<\/a>&nbsp;<\/li><li><a href=\"https:\/\/eventos.ufrrj.br\/sef\/politica-educacionais\/\">Pol\u00edticas Educacionais<\/a><\/li><li><a href=\"https:\/\/eventos.ufrrj.br\/sef\/estrutura-produtiva-fluminense\/\">Estrutura Produtiva Fluminense&nbsp;<\/a><\/li><li><a href=\"https:\/\/eventos.ufrrj.br\/sef\/configuracao-territorial\/\">Configura\u00e7\u00e3o Territorial<\/a><\/li><li><a href=\"https:\/\/eventos.ufrrj.br\/sef\/seguranca-publica\/\">Seguran\u00e7a P\u00fablica<\/a><\/li><li><a href=\"https:\/\/eventos.ufrrj.br\/sef\/ambiente-mudancas-climaticas-e-transicao-energetica\/\">Ambiente, Mudan\u00e7as Clim\u00e1ticas e Transi\u00e7\u00e3o Energ\u00e9tica<\/a><\/li><li><a href=\"https:\/\/eventos.ufrrj.br\/sef\/Cultura-e-Conhecimento-como-Praticas-de-Liberdade\/\">Cultura e Conhecimento como Pr\u00e1ticas de Liberdade&nbsp;<\/a><\/li><li><a rel=\"noreferrer noopener\" href=\"https:\/\/eventos.ufrrj.br\/sef\/infraestrutura-e-logistica\/\" target=\"_blank\">Infraestrutura e Log\u00edstica<\/a>&nbsp;<\/li><li><a href=\"https:\/\/eventos.ufrrj.br\/sef\/mobilidade-urbana\/\">Mobilidade Urbana<\/a>&nbsp;<\/li><li><a href=\"https:\/\/eventos.ufrrj.br\/sef\/crise-institucional-fluminense\/\">Crise Institucional Fluminens<\/a><a rel=\"noreferrer noopener\" href=\"https:\/\/eventos.ufrrj.br\/sef\/crise-institucional-fluminense\/\" target=\"_blank\">e<\/a>&nbsp;<\/li><li><a href=\"https:\/\/eventos.ufrrj.br\/sef\/relacoes-etnico-raciais-e-de-genero\/\">Rela\u00e7\u00f5es \u00c9tnico-Raciais e de G\u00eanero<\/a><\/li><li><a href=\"https:\/\/eventos.ufrrj.br\/sef\/memoria-historia-e-os-desafios-do-presente-do-estado-do-rio-de-janeiro\/\">Mem\u00f3ria, Hist\u00f3ria e os desafios do presente do Estado do Rio de Janeiro<\/a>&nbsp;<\/li><\/ul>\n","protected":false},"excerpt":{"rendered":"<p>SESS\u00d5ES TEM\u00c1TICAS As sess\u00f5es tem\u00e1ticas dos semin\u00e1rios s\u00e3o uma parte essencial das atividades para a promo\u00e7\u00e3o dos debates entre membros\/pesquisadores <a class=\"read-more\" href=\"https:\/\/eventos.ufrrj.br\/sef\/programacao\/ \">&#8230; <i class=\"fa fa-long-arrow-right\"><\/i><\/a><\/p>\n","protected":false},"author":33,"featured_media":0,"parent":0,"menu_order":0,"comment_status":"closed","ping_status":"closed","template":"","meta":{"footnotes":""},"class_list":["post-50","page","type-page","status-publish","hentry"],"_links":{"self":[{"href":"https:\/\/eventos.ufrrj.br\/sef\/wp-json\/wp\/v2\/pages\/50","targetHints":{"allow":["GET"]}}],"collection":[{"href":"https:\/\/eventos.ufrrj.br\/sef\/wp-json\/wp\/v2\/pages"}],"about":[{"href":"https:\/\/eventos.ufrrj.br\/sef\/wp-json\/wp\/v2\/types\/page"}],"author":[{"embeddable":true,"href":"https:\/\/eventos.ufrrj.br\/sef\/wp-json\/wp\/v2\/users\/33"}],"replies":[{"embeddable":true,"href":"https:\/\/eventos.ufrrj.br\/sef\/wp-json\/wp\/v2\/comments?post=50"}],"version-history":[{"count":48,"href":"https:\/\/eventos.ufrrj.br\/sef\/wp-json\/wp\/v2\/pages\/50\/revisions"}],"predecessor-version":[{"id":821,"href":"https:\/\/eventos.ufrrj.br\/sef\/wp-json\/wp\/v2\/pages\/50\/revisions\/821"}],"wp:attachment":[{"href":"https:\/\/eventos.ufrrj.br\/sef\/wp-json\/wp\/v2\/media?parent=50"}],"curies":[{"name":"wp","href":"https:\/\/api.w.org\/{rel}","templated":true}]}}