{"id":420,"date":"2024-07-16T09:52:14","date_gmt":"2024-07-16T12:52:14","guid":{"rendered":"https:\/\/eventos.ufrrj.br\/sef\/?page_id=420"},"modified":"2024-11-19T16:31:35","modified_gmt":"2024-11-19T19:31:35","slug":"memoria-historia-e-os-desafios-do-presente-do-estado-do-rio-de-janeiro","status":"publish","type":"page","link":"https:\/\/eventos.ufrrj.br\/sef\/memoria-historia-e-os-desafios-do-presente-do-estado-do-rio-de-janeiro\/","title":{"rendered":"Mem\u00f3ria, Hist\u00f3ria e os desafios do presente do Estado do Rio de Janeiro"},"content":{"rendered":"\n<p>O presente simp\u00f3sio abranger\u00e1 quest\u00f5es pol\u00edticas, socioecon\u00f4micas e culturais que, a partir da reflex\u00e3o hist\u00f3rica, lancem luzes sobre os desafios do presente e as perspectivas para o futuro da regi\u00e3o Fluminense.<\/p>\n\n\n\n<p class=\"has-text-align-center\"><br><strong>25\/11\/2024 | Segunda-feira<\/strong><br>14:30 \u00e0s 16:30 \u2192 Sala E-513<br>Coordena\u00e7\u00e3o: <strong>Ism\u00eania Martins e Paulo Knauss<\/strong><\/p>\n\n\n\n<p><a rel=\"noreferrer noopener\" href=\"https:\/\/drive.google.com\/file\/d\/1WVhbqD6PoTftjn9PPRmGFkot7Borg6sd\/view\" target=\"_blank\"><strong>\u201cAS FORTIFICA\u00c7\u00d5ES DO RIO DE JANEIRO ENTRE PASSADO, PRESENTE E FUTURO: ARTEFATOS E HISTORICIDADES\u201d <\/strong><\/a><br>Luiza Nascimento de Oliveira da Silva<br><a rel=\"noreferrer noopener\" href=\"https:\/\/drive.google.com\/file\/d\/1gopo2zzWQLKXhQgmejl0zKInQuBjIJOf\/view\" target=\"_blank\"><br><strong>\u201cFINANCIAMENTO DA CONSERVA\u00c7\u00c3O DO PATRIM\u00d4NIO CULTURAL FLUMINENSE E TRANSFER\u00caNCIA DO DIREITO DE CONSTRUIR (TDC): DESAFIOS PARA SUA VIABILIDADE\u201d <\/strong><\/a><br>Edmar Augusto Santos de Araujo Junior<br><br><a rel=\"noreferrer noopener\" href=\"https:\/\/drive.google.com\/file\/d\/1VYh3WC6jrnfhWSvf4S6-ZWBS8I1AMYXZ\/view\" target=\"_blank\"><strong>\u201cOS ARQUIVOS P\u00daBLICOS NO ESTADO DO RIO DE JANEIRO E A TRANSPAR\u00caNCIA ADMINISTRATIVA: UM ESPET\u00c1CULO EM DESENCONTRO\u201d<\/strong><\/a><br>Beatriz Kushnir<br><br><a rel=\"noreferrer noopener\" href=\"https:\/\/drive.google.com\/file\/d\/1oPU-3-xlkWs50EdzMcTRAr0wZhEpP_vw\/view\" target=\"_blank\"><strong>\u201cA ESCRITA DA HIST\u00d3RIA REGIONAL E OS USOS DO PASSADO. HIST\u00d3RIA, MEM\u00d3RIA E AMARALISMO (D\u00c9C. 1930-1950)\u201d <\/strong><\/a><br>Rui Aniceto Nascimento Fernandes<\/p>\n\n\n\n<p class=\"has-text-align-center\"><br><strong>25\/11\/2024 | Segunda-feira<\/strong><br>16:30 \u00e0s 18:30 \u2192 Sala E-513<br>Coordena\u00e7\u00e3o: <strong>Ism\u00eania Martins e Paulo Knauss<\/strong><\/p>\n\n\n\n<p><a rel=\"noreferrer noopener\" href=\"https:\/\/drive.google.com\/file\/d\/1ERD75rb6dLJwzUbn72OnnujafXSnTEAd\/view\" target=\"_blank\"><strong>\u201cO VALE DO PARA\u00cdBA FLUMINENSE OITOCENTISTA E A CRESCENTE PRESEN\u00c7A M\u00c9DICA NO RASTRO DO CAF\u00c9\u201d<\/strong><\/a><br>Anne Thereza de Almeida Proen\u00e7a<br><br><a rel=\"noreferrer noopener\" href=\"https:\/\/docs.google.com\/document\/d\/1fxxjQxyD01Ca2XbuB-IwIVHTCn6KUa_b\/edit\" target=\"_blank\"><strong>\u201cRIO DE JANEIRO 1808 -1832: TRANSFER\u00caNCIA DA CORTE, CLASSE SENHORIAL E ESCRAVISMO\u201d<\/strong><\/a><br>Gustavo Henrique de Lima Campos e F\u00e1bio Antonio de Campos<br><br><a rel=\"noreferrer noopener\" href=\"https:\/\/drive.google.com\/file\/d\/12Gz8z338IAXIW7eZ3z5PX5X--ivla7dv\/view\" target=\"_blank\"><strong>\u201cTRILHOS DO ESQUECIMENTO: A ESTRADA DE FERRO CAMPOS-CARANGOLA E A G\u00caNESE DO MUNIC\u00cdPIO DE ITAPERUNA-RJ\u201d <\/strong><\/a><br>Rog\u00e9rio Ribeiro Fernandes, Breno de Souza Hon\u00f3rio, Danilo do Almo Ribeiro Ricardo Pereira, Isabela Teixeira do Nascimento e Matheus Lopes Borges<br><strong><br><a rel=\"noreferrer noopener\" href=\"https:\/\/drive.google.com\/file\/d\/187d-9v3mpkhOuD9QubvPUvVw3S2Q9gFL\/view\" target=\"_blank\">\u201cO PAPEL DAS VILAS DE COM\u00c9RCIO DO REC\u00d4NCAVO DO RIO DE JANEIRO NA ECONOMIA CAFEEIRA NO S\u00c9CULO XIX\u201d<\/a> <\/strong><br>Carlito Lopes de Oliveira Junior<br><\/p>\n\n\n\n<p class=\"has-text-align-center\"><br><strong>27\/11\/2024 | Quarta-feira<\/strong><br>14:30 \u00e0s 16:30 \u2192 Sala E-513<br>Coordena\u00e7\u00e3o: <strong>Ism\u00eania Martins e Marieta de Moraes Ferreira<\/strong><\/p>\n\n\n\n<p><a rel=\"noreferrer noopener\" href=\"https:\/\/drive.google.com\/file\/d\/1KGA7UEH9OKiEEz3auEHbNDH5CwSgjrXJ\/view\" target=\"_blank\"><strong>\u201cA COMPANHIA PROGRESSO INDUSTRIAL DO BRASIL. O PROGRESSO, A ORDEM E O HIGIENISMO NA CONSTITUI\u00c7\u00c3O DA COMMUNITAS CAPITALISTA BANGUENSE (1888-1919)\u201d <\/strong><\/a><br>Paulo Cesar dos Reis <br><br><a rel=\"noreferrer noopener\" href=\"https:\/\/drive.google.com\/file\/d\/1ADnDq6BW4Aqg38I_yOPDpq1KWhpdYe3C\/view\" target=\"_blank\"><strong>\u201cENTRE O CONCRETO E O ABSTRATO: UMA AN\u00c1LISE SOBRE AS IMAGENS REPRESENTATIVAS DE NITER\u00d3I NO PER\u00cdODO DE 1964 A 1996\u201d <\/strong><\/a><br>Gabriel Soares da Costa<br><br><a rel=\"noreferrer noopener\" href=\"https:\/\/drive.google.com\/file\/d\/102Z5rCAwmfr4CRmnAhKLduetgVWgoMCZ\/view\" target=\"_blank\"><strong>\u201cA BELLE \u00c9POQUE SUBURBANA: EXPERI\u00caNCIAS DA MODERNIDADE NO SUB\u00daRBIO CARIOCA ATRAV\u00c9S DE PER\u00cdODICOS (1902-1922)\u201d <\/strong><\/a><br>Vitor Guilherme Gon\u00e7alves Bispo de Almeida<br><br><a rel=\"noreferrer noopener\" href=\"https:\/\/drive.google.com\/file\/d\/1pGUOxHb4qgYEX4lyPYa4dc6EvKPa0a5b\/view\" target=\"_blank\"><strong>\u201cA OBRA DA AVENIDA PRESIDENTE VARGAS E O MODO DE REPRESENTA\u00c7\u00c3O DA CIDADE\u201d <\/strong><\/a><br>Rebecca Bassi de Castro Lima, Rebecca Bassi de Castro Lima e Gabriel Dutra Campos<br><\/p>\n\n\n\n<p class=\"has-text-align-center\"><br><strong>27\/11\/2024 | Quarta-feira<\/strong><br>16:30 \u00e0s 18:30 \u2192 Sala E-513<br>Coordena\u00e7\u00e3o: <strong>Ism\u00eania Martins e Marieta de Moraes Ferreira<\/strong><\/p>\n\n\n\n<p><strong><a href=\"https:\/\/drive.google.com\/file\/d\/1jkJVJs_SDkmrBdpH2EZgtcC_NkLvjg5X\/view\" target=\"_blank\" rel=\"noreferrer noopener\">\u201cPARA AL\u00c9M DA FORMALIZA\u00c7\u00c3O: A IMPORT\u00c2NCIA DO TRABALHO HIST\u00d3RICO NA VALORIZA\u00c7\u00c3O DO CAF\u00c9 DA IG DA REGI\u00c3O SERRANA DO ESTADO DO RIO DE JANEIRO\u201d<\/a> <\/strong><br>Gabriel Almeida Fraz\u00e3o e Adem\u00e1rio Iris da Silva Jr<br><br><a href=\"https:\/\/drive.google.com\/file\/d\/1-bvrSIJIt9TzViUqHcJpTuLcxJeX8p6X\/view\" target=\"_blank\" rel=\"noreferrer noopener\"><strong>\u201cRENDA B\u00c1SICA MARICAENSE: PERCURSO HIST\u00d3RICO E DESAFIOS CONTEMPOR\u00c2NEOS\u201d <\/strong><\/a><br>Jimmy Medeiros, Rodrigo Quintanilha de Souza, Patrick Linhares Dias e Gabriel da Silva Vencionek<br><br><a href=\"https:\/\/drive.google.com\/file\/d\/1FFQa8KCyVc65_XgiqZ9YS-ketEr1tnyV\/view\" target=\"_blank\" rel=\"noreferrer noopener\"><strong>\u201cTERRAS DEVOLUTAS E INSTITUI\u00c7\u00d5ES FUNDI\u00c1RIAS FLUMINENSES (1890\u20132020): UMA HIST\u00d3RIA DE DESCONTINUIDADES\u201d<\/strong><\/a><br>\u00c1lvaro Mendes Ferreira<br><a href=\"https:\/\/drive.google.com\/file\/d\/1UHgnT4cmRUgcNsVCHRPpRmkMKm6Is196\/view\" target=\"_blank\" rel=\"noreferrer noopener\"><strong><br>\u201cA CONSOLIDA\u00c7\u00c3O ATRAV\u00c9S DAS DISPUTAS PELAS REPRESENTA\u00c7\u00d5ES SOCIAIS DA FAVELA\u201d <\/strong><\/a><br>Miguel Bustamante Fernandes Nazareth<br><br><\/p>\n","protected":false},"excerpt":{"rendered":"<p>O presente simp\u00f3sio abranger\u00e1 quest\u00f5es pol\u00edticas, socioecon\u00f4micas e culturais que, a partir da reflex\u00e3o hist\u00f3rica, lancem luzes sobre os desafios <a class=\"read-more\" href=\"https:\/\/eventos.ufrrj.br\/sef\/memoria-historia-e-os-desafios-do-presente-do-estado-do-rio-de-janeiro\/ \">&#8230; <i class=\"fa fa-long-arrow-right\"><\/i><\/a><\/p>\n","protected":false},"author":54,"featured_media":0,"parent":0,"menu_order":0,"comment_status":"closed","ping_status":"closed","template":"","meta":{"footnotes":""},"class_list":["post-420","page","type-page","status-publish","hentry"],"_links":{"self":[{"href":"https:\/\/eventos.ufrrj.br\/sef\/wp-json\/wp\/v2\/pages\/420","targetHints":{"allow":["GET"]}}],"collection":[{"href":"https:\/\/eventos.ufrrj.br\/sef\/wp-json\/wp\/v2\/pages"}],"about":[{"href":"https:\/\/eventos.ufrrj.br\/sef\/wp-json\/wp\/v2\/types\/page"}],"author":[{"embeddable":true,"href":"https:\/\/eventos.ufrrj.br\/sef\/wp-json\/wp\/v2\/users\/54"}],"replies":[{"embeddable":true,"href":"https:\/\/eventos.ufrrj.br\/sef\/wp-json\/wp\/v2\/comments?post=420"}],"version-history":[{"count":8,"href":"https:\/\/eventos.ufrrj.br\/sef\/wp-json\/wp\/v2\/pages\/420\/revisions"}],"predecessor-version":[{"id":798,"href":"https:\/\/eventos.ufrrj.br\/sef\/wp-json\/wp\/v2\/pages\/420\/revisions\/798"}],"wp:attachment":[{"href":"https:\/\/eventos.ufrrj.br\/sef\/wp-json\/wp\/v2\/media?parent=420"}],"curies":[{"name":"wp","href":"https:\/\/api.w.org\/{rel}","templated":true}]}}