{"id":410,"date":"2024-07-16T09:47:30","date_gmt":"2024-07-16T12:47:30","guid":{"rendered":"https:\/\/eventos.ufrrj.br\/sef\/?page_id=410"},"modified":"2024-11-19T16:29:29","modified_gmt":"2024-11-19T19:29:29","slug":"cultura-e-conhecimento-como-praticas-de-liberdade","status":"publish","type":"page","link":"https:\/\/eventos.ufrrj.br\/sef\/cultura-e-conhecimento-como-praticas-de-liberdade\/","title":{"rendered":"Cultura e Conhecimento como pr\u00e1ticas de liberdade"},"content":{"rendered":"\n<p>As manifesta\u00e7\u00f5es culturais do Rio de Janeiro est\u00e3o nos modos de viver, na arte, nos museus, arquivos, bibliotecas, saberes em movimento vivo pelas ruas, comunidades, terreiros, rinc\u00f5es diversos. Como sujeitos que fazem a hist\u00f3ria e a reescrevem a cada dia. Cultura como cultivo da terra, das almas, dos corpos, do imagin\u00e1rio. Natureza-cultura que preserva e revitaliza a fauna e a flora, que interliga entidades, encantados, ervas, ritmos, melodias. Culturas populares, de massa, cultas, \u00e9tnicas. Comunidades ind\u00edgenas e quilombolas, folguedos, academias, galeras. Samba de caboclo, Folia de Reis, Jongo da Serrinha, Escolas de samba, baile funk, baile charme do viaduto, batalhas dos slams, shows na praia, esquinas, salas de teatro, cinema, tendas, barrac\u00f5es. Um Rio <em>artivista<\/em> que pulsa e se revigora, poroso \u00e0s ancestralidades, \u00e0 vida presente, construindo solidariedades resistentes, enfrentando os c\u00edrculos viciosos dos poderes e corrup\u00e7\u00f5es, que n\u00e3o abrem m\u00e3o do dirigismo cultural e cient\u00edfico. O repert\u00f3rio fluminense est\u00e1 na pluralidade das express\u00f5es culturais e das formas de produ\u00e7\u00e3o de conhecimento. Dignificar as suas viv\u00eancias libertadoras requer, n\u00e3o s\u00f3 respeit\u00e1-las, mas garantir condi\u00e7\u00f5es concretas de sua frui\u00e7\u00e3o e sustentabilidade.<\/p>\n\n\n\n<p class=\"has-text-align-center\"><br><strong>26\/11\/2024 | Ter\u00e7a-feira<\/strong><br>14:30 \u00e0s 16:30 \u2192 Sala E-515<br>Coordena\u00e7\u00e3o: <strong>Andr\u00e9 Gardel e Maria Helena Versiani<\/strong><\/p>\n\n\n\n<p><strong><a rel=\"noreferrer noopener\" href=\"https:\/\/drive.google.com\/file\/d\/1lJVF6TOBlOsL4B2RJQBXzPNyCoRb3TKc\/view\" target=\"_blank\">\u201cECONOMIA DO CARNAVAL DO RIO\u201d<\/a> <\/strong><br>Rafaela Bastos e Marcel Grillo Balassiano<br><br><a rel=\"noreferrer noopener\" href=\"https:\/\/drive.google.com\/file\/d\/1soRrd5Vm4qEkNMFv_gxiK59CsmiuHY3C\/view\" target=\"_blank\"><strong>\u201cCULTURA E CONHECIMENTO: ESTRUTURANDO CAMINHOS PARA A SEGURAN\u00c7A ALIMENTAR\u201d <\/strong><\/a><br>Marcelle Candido Cordeiro, Andreza de Lima Souza, Luan Santos, Lino Guimar\u00e3es Marujo e Vin\u00edcius Pican\u00e7o Rodrigues<br><br><a rel=\"noreferrer noopener\" href=\"https:\/\/drive.google.com\/file\/d\/1fxja0IPUIapv6gXEwJcwDXI_KCfpKYzv\/view\" target=\"_blank\"><strong>\u201cLEI ESTADUAL DE INCENTIVO \u00c0 CULTURA: ANALISANDO O FOMENTO \u00c0 ECONOMIA CRIATIVA NO \u00c2MBITO DA SOCIEDADE FLUMINENSE\u201d <\/strong><\/a><br>Bruno Jeronymo Mac\u00eado da Silva<br><br><a rel=\"noreferrer noopener\" href=\"https:\/\/drive.google.com\/file\/d\/1IfDzAVIzsnAY_WgoX1AhgvE3zcWy057Z\/view\" target=\"_blank\"><strong>\u201cPOL\u00cdTICAS CULTURAIS E DE MEM\u00d3RIA PARA A CAPOEIRA NO MUNIC\u00cdPIO DE DUQUE DE CAXIAS &#8211; RJ\u201d<\/strong><\/a><br>Marcelo Cardoso da Costa, Gabriel da Silva Vidal Cid, Alexandre dos Santos Marques, Ant\u00f4nio Augusto Braz e Lu\u00eds Carlos Terras Maciel<br><strong><br><a rel=\"noreferrer noopener\" href=\"https:\/\/drive.google.com\/file\/d\/1ssdngpeR8itVEt_f5lDzKnW9T-L9WT-e\/view\" target=\"_blank\">\u201cRIO DE JANEIRO: PATRIM\u00d4NIO CULTURAL, MEM\u00d3RIA E REPARA\u00c7\u00c3O\u201d <\/a><\/strong><br>Ana Paula Alves Fernandes e Gabriel da Silva Vidal Cid<\/p>\n\n\n\n<p class=\"has-text-align-center\"><br><strong>26\/11\/2024 | Ter\u00e7a-feira<\/strong><br>16:30 \u00e0s 18:30 \u2192 Sala E-515<br>Coordena\u00e7\u00e3o: <strong>Andr\u00e9 Gardel e Maria Helena Versiani<\/strong><\/p>\n\n\n\n<p><a href=\"https:\/\/drive.google.com\/file\/d\/1yfVglaqrkHm4qYC3EOgyTBqdSHH1nLFx\/view\" target=\"_blank\" rel=\"noreferrer noopener\"><strong>\u201cREFLEX\u00d5ES ENTRE AS FORMA\u00c7\u00d5ES ART\u00cdSTICAS NOS CURSOS DE PEDAGOGIA E AS ARTES DA BAIXADA FLUMINENSE\u201d <\/strong><\/a><br>Massuel dos Reis Bermardi<br><br><a href=\"https:\/\/drive.google.com\/file\/d\/1K4AhsMHMmH2MX2CsC9cXHGBK_bZ86RMy\/view\" target=\"_blank\" rel=\"noreferrer noopener\"><strong>\u201cOS PENTECOSTAIS E AS SOCIABILIDADES REFORMULADAS: V\u00cdNCULOS, COMUNIDADES E TERRIT\u00d3RIOS TRANSFORMADOS PELO CRESCIMENTO DOS FI\u00c9IS EVANG\u00c9LICOS.\u201d <\/strong><\/a><br>Bruna Tavares da Costa<br><br><a href=\"https:\/\/drive.google.com\/file\/d\/1q_xQHCBmpaBz9zT2wcLJXLXMA7FeHVjg\/view\" target=\"_blank\" rel=\"noreferrer noopener\"><strong>\u201cDI\u00c1LOGOS COM MACHADO DE ASSIS: UMA PROPOSTA DE LEITURA PARA O ALIENISTA\u201d <\/strong><\/a><br>Rafaelli Barros Avila<br><br><a rel=\"noreferrer noopener\" href=\"https:\/\/drive.google.com\/file\/d\/1aYLRA01TNTlU4INLjvMWpfvU7M1pc4ul\/view\" target=\"_blank\"><strong>\u201cCONVIV\u00caNCIA INTER-RELIGIOSA: INTOLER\u00c2NCIA, ATENTADO, RACISMO RELIGIOSO E RESIST\u00caNCIA NAS VOZES DOS PARTICIPANTES DA XVII CAMINHADA PELA LIBERDADE RELIGIOSA NO RIO DE JANEIRO\u201d<\/strong><\/a><br>Paulo Henrique Prado da Silva e Nat\u00e1lia Rodrigues Code\u00e7o Ribeiro<br><a rel=\"noreferrer noopener\" href=\"https:\/\/drive.google.com\/file\/d\/1Z9rLxzjhgEkHilmvhmaRdypbzkb9dwKk\/view\" target=\"_blank\"><br><\/a><strong><a rel=\"noreferrer noopener\" href=\"https:\/\/drive.google.com\/file\/d\/1Z9rLxzjhgEkHilmvhmaRdypbzkb9dwKk\/view\" target=\"_blank\">\u201cTRADI\u00c7\u00c3O DE VIOL\u00caNCIA NO TERRIT\u00d3RIO FICCIONAL DE \u201cPARADA DE DEUS\u201d\u201d<\/a><\/strong><br>Rog\u00e9rio Ribeiro Fernandes, \u00c2ngelo Agostini Vincis e Luiza Ribeiro das Gra\u00e7as M\u00fcller<br><br><\/p>\n\n\n\n<p class=\"has-text-align-center\"><\/p>\n\n\n\n<p><\/p>\n","protected":false},"excerpt":{"rendered":"<p>As manifesta\u00e7\u00f5es culturais do Rio de Janeiro est\u00e3o nos modos de viver, na arte, nos museus, arquivos, bibliotecas, saberes em <a class=\"read-more\" href=\"https:\/\/eventos.ufrrj.br\/sef\/cultura-e-conhecimento-como-praticas-de-liberdade\/ \">&#8230; <i class=\"fa fa-long-arrow-right\"><\/i><\/a><\/p>\n","protected":false},"author":54,"featured_media":0,"parent":0,"menu_order":0,"comment_status":"closed","ping_status":"closed","template":"","meta":{"footnotes":""},"class_list":["post-410","page","type-page","status-publish","hentry"],"_links":{"self":[{"href":"https:\/\/eventos.ufrrj.br\/sef\/wp-json\/wp\/v2\/pages\/410","targetHints":{"allow":["GET"]}}],"collection":[{"href":"https:\/\/eventos.ufrrj.br\/sef\/wp-json\/wp\/v2\/pages"}],"about":[{"href":"https:\/\/eventos.ufrrj.br\/sef\/wp-json\/wp\/v2\/types\/page"}],"author":[{"embeddable":true,"href":"https:\/\/eventos.ufrrj.br\/sef\/wp-json\/wp\/v2\/users\/54"}],"replies":[{"embeddable":true,"href":"https:\/\/eventos.ufrrj.br\/sef\/wp-json\/wp\/v2\/comments?post=410"}],"version-history":[{"count":5,"href":"https:\/\/eventos.ufrrj.br\/sef\/wp-json\/wp\/v2\/pages\/410\/revisions"}],"predecessor-version":[{"id":789,"href":"https:\/\/eventos.ufrrj.br\/sef\/wp-json\/wp\/v2\/pages\/410\/revisions\/789"}],"wp:attachment":[{"href":"https:\/\/eventos.ufrrj.br\/sef\/wp-json\/wp\/v2\/media?parent=410"}],"curies":[{"name":"wp","href":"https:\/\/api.w.org\/{rel}","templated":true}]}}