{"id":408,"date":"2024-07-16T09:46:48","date_gmt":"2024-07-16T12:46:48","guid":{"rendered":"https:\/\/eventos.ufrrj.br\/sef\/?page_id=408"},"modified":"2024-11-21T08:32:44","modified_gmt":"2024-11-21T11:32:44","slug":"ambiente-mudancas-climaticas-e-transicao-energetica","status":"publish","type":"page","link":"https:\/\/eventos.ufrrj.br\/sef\/ambiente-mudancas-climaticas-e-transicao-energetica\/","title":{"rendered":"Ambiente, Mudan\u00e7as Clim\u00e1ticas e Transi\u00e7\u00e3o Energ\u00e9tica"},"content":{"rendered":"\n<p>O Relat\u00f3rio da Organiza\u00e7\u00e3o das Na\u00e7\u00f5es Unidas (ONU), (COP-27), revela que ser\u00e3o necess\u00e1rias cerca de US$ 2 trilh\u00f5es anuais, at\u00e9 2030, para ajudar os pa\u00edses em desenvolvimento a reduzir suas emiss\u00f5es e prevenir perdas e danos sociais e econ\u00f4micos provenientes da crise clim\u00e1tica, visando objetivos de mitiga\u00e7\u00e3o e adapta\u00e7\u00e3o. Em face dos riscos relacionados \u00e0 seguran\u00e7a energ\u00e9tica e dos desafios impostos pelas mudan\u00e7as clim\u00e1ticas, a busca de novas alternativas energ\u00e9ticas e a promo\u00e7\u00e3o de uma transi\u00e7\u00e3o energ\u00e9tica, \u00e9 uma necessidade primordial. Nessa sess\u00e3o tem\u00e1tica busca-se promover debates sobre as necessidades, urgentes, de busca de solu\u00e7\u00f5es, para o esgotamento das reservas f\u00edsicas dos combust\u00edveis f\u00f3sseis e a necessidade de fontes mais limpas de energia e a redu\u00e7\u00e3o das emiss\u00f5es de carbono (CO2), resultantes da queima de combust\u00edveis f\u00f3sseis que s\u00e3o respons\u00e1veis pelo aquecimento global e consequentemente as altera\u00e7\u00f5es clim\u00e1ticas. Discutir-se as pol\u00edticas e a\u00e7\u00f5es para transi\u00e7\u00e3o energ\u00e9tica; modelagem de cen\u00e1rios; regulamenta\u00e7\u00f5es do setor energ\u00e9tico no Brasil; biomassa e o seu papel na transi\u00e7\u00e3o energ\u00e9tica; pol\u00edticas de descarboniza\u00e7\u00e3o; hidrog\u00eanio verde e o Complexo Portu\u00e1rio do A\u00e7u; sistemas de governan\u00e7a para promo\u00e7\u00e3o da sustentabilidade ambiental; produ\u00e7\u00e3o agroecol\u00f3gica; gest\u00e3o das \u00e1guas; gest\u00e3o dos res\u00edduos s\u00f3lidos;&nbsp; gest\u00e3o das cidades; qualidade de vida e bem-estar e redu\u00e7\u00e3o da pobreza e gera\u00e7\u00e3o de emprego e renda, para o desenvolvimento socioecon\u00f4mico e ambiental do estado do Rio de Janeiro, entre outros temas correlatos.<\/p>\n\n\n\n<p class=\"has-text-align-center\"><br><strong>26\/11\/2024 | Ter\u00e7a-feira<\/strong><br>14:30 \u00e0s 16:30 \u2192 Sala E-516<\/p>\n\n\n\n<p><a rel=\"noreferrer noopener\" href=\"https:\/\/drive.google.com\/file\/d\/1CO-Ud7K90IkDryI5lgcsoJsurpAyn1lr\/view\" target=\"_blank\"><\/a>&#8220;<strong><a rel=\"noreferrer noopener\" href=\"https:\/\/drive.google.com\/file\/d\/1CO-Ud7K90IkDryI5lgcsoJsurpAyn1lr\/view\" target=\"_blank\">ADAPTA\u00c7\u00c3O COSTEIRA NO RIO DE JANEIRO: DESAFIOS E OPORTUNIDADES<\/a>&#8220;<br><\/strong>Ricardo Manuel Afonso Dias da Cruz e Sousa<br><br><strong>&#8220;<a rel=\"noreferrer noopener\" href=\"https:\/\/drive.google.com\/file\/d\/1ikmWzCfb3i_Ql1at83sHdmLwBl6XPpLT\/view\" target=\"_blank\">GEST\u00c3O DE RES\u00cdDUOS S\u00d3LIDOS DE UM MUNIC\u00cdPIO DO NORTE FLUMINENSE E SUA RELA\u00c7\u00c3O COM AS COOPERATIVAS DE RECICLAGEM<\/a>&#8220;<\/strong><br>Rog\u00e9rio Almeida Ribeiro de Castro e Ana Julia Manh\u00e3es Pessanha<br><br><strong>&#8220;<a rel=\"noreferrer noopener\" href=\"https:\/\/drive.google.com\/file\/d\/1fU0SeY5_rPom3v64QokLiexbwPIoOcq6\/view\" target=\"_blank\">PR\u00c1TICAS SINTR\u00d3PICAS PERMACULTURAIS: ESTRAT\u00c9GIAS REGENERATIVAS PARA CONSERVA\u00c7\u00c3O DAS \u00c1GUAS E DA NATUREZA NO NORTE FLUMENENSE \u00c0 LUZ DA AGENDA 2030<\/a>&#8220;<\/strong><br>Maria In\u00eas Paes Ferreira<br><br><strong>&#8220;<a rel=\"noreferrer noopener\" href=\"https:\/\/drive.google.com\/file\/d\/1QJdnZV2mHjrk0Hako0axbJewbOlpgI_Q\/view\" target=\"_blank\">ENTRE LUCROS E IMPACTOS: A L\u00d3GICA DO POLUIDOR-PAGADOR NO LICENCIAMENTO AMBIENTAL DE PETR\u00d3LEO E G\u00c1S E A PETRODEPEND\u00caNCIA DO NORTE FLUMINENSE<\/a>&#8220;<\/strong><br>Sibele Souza Rodrigues<\/p>\n\n\n\n<p class=\"has-text-align-center\"><br><strong>26\/11\/2024 | Ter\u00e7a-feira<\/strong><br>16:30 \u00e0s 18:30 \u2192 Sala E-516<\/p>\n\n\n\n<p><strong>&#8220;<a rel=\"noreferrer noopener\" href=\"https:\/\/drive.google.com\/file\/d\/1eg8z-F5z-7WxI1t-lsKR2vyeOILZLxAY\/view\" target=\"_blank\">MEDIDAS DE ADAPTA\u00c7\u00c3O E MITIGA\u00c7\u00c3O DAS ALTERA\u00c7\u00d5ES CLIM\u00c1TICAS EM UMA METR\u00d3POLE SULAMERICANA<\/a>&#8220;<\/strong><br>Eduardo Frederico Cabral de Oliveira<br><br>&#8220;<strong><a href=\"https:\/\/drive.google.com\/file\/d\/17UIZs4_Pv_qCSgxGzV88coXuO5K25BfN\/view\" data-type=\"URL\" data-id=\"https:\/\/drive.google.com\/file\/d\/17UIZs4_Pv_qCSgxGzV88coXuO5K25BfN\/view\">ALAVANCAS DE POL\u00cdTICAS P\u00daBLICAS DE GEST\u00c3O URBANA PARA A TRANSI\u00c7\u00c3O <\/a><a rel=\"noreferrer noopener\" href=\"https:\/\/drive.google.com\/file\/d\/17UIZs4_Pv_qCSgxGzV88coXuO5K25BfN\/view\" data-type=\"URL\" data-id=\"https:\/\/drive.google.com\/file\/d\/17UIZs4_Pv_qCSgxGzV88coXuO5K25BfN\/view\" target=\"_blank\">PARA A ECONOMIA CIRCULAR NO CONLESTE<\/a>&#8220;<\/strong><br>Marcos Paulo Marques Ara\u00fajo<br><br><a rel=\"noreferrer noopener\" href=\"https:\/\/drive.google.com\/file\/d\/1rG-_bTxH6ESDZBilm3M_c19zsb_CQ8X5\/view\" target=\"_blank\"><strong>&#8220;INDICADORES DE GEST\u00c3O DE RISCOS DE DESASTRES: CONTRIBUI\u00c7\u00c3O DO CENTRO DE ESTUDOS E PESQUISAS EM DEFESA CIVIL PARA FORMULA\u00c7\u00c3O DE POL\u00cdTICAS P\u00daBLICAS&#8221;<\/strong><\/a><br>Marco Antonio Basques Sobrinho, Marcos Paulo Dias da Silva, Leandro de Souza Camargo, Marcelo Luciano Vieira e S\u00e9rgio Ov\u00eddio Wermelinger Goulart<br><br><strong>&#8220;<a rel=\"noreferrer noopener\" href=\"https:\/\/drive.google.com\/file\/d\/1QfUadS8R13SJ1-C80WkEllJOlPCTVWm-\/view\" target=\"_blank\">PROBLEMATIZANDO A TRANSI\u00c7\u00c3O ENERG\u00c9TICA NO RIO DE JANEIRO: O PAPEL DO ESTADO E DAS CORPORA\u00c7\u00d5ES<\/a>&#8220;<\/strong><br>Vanuza da Silva Pereira Ney e Maria do Socorro Bezerra de Lima<\/p>\n\n\n\n<p class=\"has-text-align-center\"><br><strong>27\/11\/2024 | Quarta-feira<\/strong><br>14:30 \u00e0s 16:30 \u2192 Sala E-516<\/p>\n\n\n\n<p><strong>&#8220;<a rel=\"noreferrer noopener\" href=\"https:\/\/drive.google.com\/file\/d\/1Q5W9-HGxDYJ9fy962QSS5dUSUphTObhc\/view\" target=\"_blank\">A DIVERSIDADE BIOCULTURAL NA CIDADE DO RIO DE JANEIRO: PRAIA DE COPACABANA, COL\u00d4NIA DE PESCADORES Z-13 E GEST\u00c3O AMBIENTAL<\/a>&#8220;<\/strong><br>Guilherme Cruz de Mendon\u00e7a e Carla Medeiros Solidade dos Santos<br><br>&#8220;<strong><a rel=\"noreferrer noopener\" href=\"https:\/\/drive.google.com\/file\/d\/1cz1ULRRwpQ2TqALt1-DwsuV8x4stIfzq\/view\" target=\"_blank\">A EDUCA\u00c7\u00c3O PROFISSIONAL T\u00c9CNICA DE N\u00cdVEL M\u00c9DIO NO TERRIT\u00d3RIO FLUMINENSE E O ENFRENTAMENTO DA CRISE ECOL\u00d3GICA<\/a>&#8220;<\/strong><br>P\u00e1ulea Zaquini Monteiro Lima e Fernanda Cosme da Costa<br><br><strong>&#8220;<a href=\"https:\/\/drive.google.com\/file\/d\/1kKaBSe0WntKyKTUb4PevQbxzgsghA76X\/view\" data-type=\"URL\" data-id=\"https:\/\/drive.google.com\/file\/d\/1kKaBSe0WntKyKTUb4PevQbxzgsghA76X\/view\">PROPOSI\u00c7\u00c3O DE POL\u00cdTICAS P\u00daBLICAS PARA O DESENVOLVIMENTO DA PESCA<br>ART<\/a><a rel=\"noreferrer noopener\" href=\"https:\/\/drive.google.com\/file\/d\/1kKaBSe0WntKyKTUb4PevQbxzgsghA76X\/view\" data-type=\"URL\" data-id=\"https:\/\/drive.google.com\/file\/d\/1kKaBSe0WntKyKTUb4PevQbxzgsghA76X\/view\" target=\"_blank\">ESANAL MAR\u00cdTIMA NO NORTE FLUMINENSE<\/a>&#8220;<\/strong><br>L\u00eddia Silveira Arantes, Carlos Alberto Vieira de Carvalho Junior e Marianna Salles Falc\u00e3o<br><br><strong>&#8220;<a rel=\"noreferrer noopener\" href=\"https:\/\/drive.google.com\/file\/d\/1KDa9bU1ywhufMYDWoLliy0R79cBAGG-t\/view\" target=\"_blank\">H\u00c1 ESPA\u00c7O PARA A PESCA ARTESANAL NA GEST\u00c3O DE RECURSOS H\u00cdDRICOS?<\/a>&#8220;<\/strong><br>Maria Eug\u00eania Ferreira Totti e Nat\u00e1lia Ribeiro Barbosa<\/p>\n","protected":false},"excerpt":{"rendered":"<p>O Relat\u00f3rio da Organiza\u00e7\u00e3o das Na\u00e7\u00f5es Unidas (ONU), (COP-27), revela que ser\u00e3o necess\u00e1rias cerca de US$ 2 trilh\u00f5es anuais, at\u00e9 <a class=\"read-more\" href=\"https:\/\/eventos.ufrrj.br\/sef\/ambiente-mudancas-climaticas-e-transicao-energetica\/ \">&#8230; <i class=\"fa fa-long-arrow-right\"><\/i><\/a><\/p>\n","protected":false},"author":54,"featured_media":0,"parent":0,"menu_order":0,"comment_status":"closed","ping_status":"closed","template":"","meta":{"footnotes":""},"class_list":["post-408","page","type-page","status-publish","hentry"],"_links":{"self":[{"href":"https:\/\/eventos.ufrrj.br\/sef\/wp-json\/wp\/v2\/pages\/408","targetHints":{"allow":["GET"]}}],"collection":[{"href":"https:\/\/eventos.ufrrj.br\/sef\/wp-json\/wp\/v2\/pages"}],"about":[{"href":"https:\/\/eventos.ufrrj.br\/sef\/wp-json\/wp\/v2\/types\/page"}],"author":[{"embeddable":true,"href":"https:\/\/eventos.ufrrj.br\/sef\/wp-json\/wp\/v2\/users\/54"}],"replies":[{"embeddable":true,"href":"https:\/\/eventos.ufrrj.br\/sef\/wp-json\/wp\/v2\/comments?post=408"}],"version-history":[{"count":7,"href":"https:\/\/eventos.ufrrj.br\/sef\/wp-json\/wp\/v2\/pages\/408\/revisions"}],"predecessor-version":[{"id":823,"href":"https:\/\/eventos.ufrrj.br\/sef\/wp-json\/wp\/v2\/pages\/408\/revisions\/823"}],"wp:attachment":[{"href":"https:\/\/eventos.ufrrj.br\/sef\/wp-json\/wp\/v2\/media?parent=408"}],"curies":[{"name":"wp","href":"https:\/\/api.w.org\/{rel}","templated":true}]}}