{"id":406,"date":"2024-07-16T09:44:41","date_gmt":"2024-07-16T12:44:41","guid":{"rendered":"https:\/\/eventos.ufrrj.br\/sef\/?page_id=406"},"modified":"2024-11-22T13:50:37","modified_gmt":"2024-11-22T16:50:37","slug":"seguranca-publica","status":"publish","type":"page","link":"https:\/\/eventos.ufrrj.br\/sef\/seguranca-publica\/","title":{"rendered":"Seguran\u00e7a P\u00fablica"},"content":{"rendered":"\n<p>O Estado do Rio de Janeiro possui graves e urgentes problemas associados ao campo da seguran\u00e7a p\u00fablica. A malha urbana \u00e9 pontuada pelas divis\u00f5es, tens\u00f5es e conflitos associados \u00e0 l\u00f3gica do controle territorial armado de fac\u00e7\u00f5es do tr\u00e1fico de drogas e mil\u00edcias, al\u00e9m da influ\u00eancia do jogo do bicho. As formas de enfrentamento dessa particularidade fluminense baseiam-se em opera\u00e7\u00f5es policiais, que j\u00e1 se mostraram historicamente t\u00e3o ineficazes quanto letais, sobretudo para a popula\u00e7\u00e3o pobre, negra e moradora de favelas e periferias. Neste contexto em que as iniciativas estatais nesta \u00e1rea aprofundam os problemas, a seguran\u00e7a p\u00fablica infelizmente se torna um tema transversal e com consequ\u00eancias econ\u00f4micas, sociais, pol\u00edticas e institucionais para a regi\u00e3o. A sess\u00e3o tem\u00e1tica acolher\u00e1 e discutir\u00e1 trabalhos que procurem estabelecer diagn\u00f3sticos e propostas na \u00e1rea, sempre que poss\u00edvel contemplando as din\u00e2micas das diferentes regi\u00f5es do estado.<br><\/p>\n\n\n\n<p class=\"has-text-align-center\"><br><strong>27\/11\/2024 | Quarta-feira<\/strong><br>14:30 \u00e0s 16:30 \u2192 Sala E-515<br>Coordena\u00e7\u00e3o:<strong> Jo\u00e3o Trajano de Lima Sento-S\u00e9 e Carolina Christoph Grillo<\/strong><\/p>\n\n\n\n<p><a href=\"https:\/\/drive.google.com\/file\/d\/1CaMajFDI13KT83l2hKG4GDVvYog--Vxe\/view\" target=\"_blank\" rel=\"noreferrer noopener\"><strong>\u201cA SITUA\u00c7\u00c3O GEOGR\u00c1FICA DOS TIROTEIOS NA UNIDADE ESCOLAR DE SENADOR CAMAR\u00c1\u201d<\/strong><\/a><br>Val\u00e9rea da Silva Bezerra<br><strong><br><a href=\"https:\/\/drive.google.com\/file\/d\/1YlCl8pu55Ja2s9V53xzKZQTz5zGkYMp7\/view\" target=\"_blank\" rel=\"noreferrer noopener\">\u201c&#8221;LEGITIMIDADE DO MATAR\u201d: UMA AN\u00c1LISE DOS INQU\u00c9RITOS DE LETALIDADE E VITIMIZA\u00c7\u00c3O POLICIAL NO RIO DE JANEIRO\u201d<\/a><\/strong><br>Doriam Borges e Eduardo Ramos<br><br><strong><a href=\"https:\/\/drive.google.com\/file\/d\/1U5JqrU7nOefkXAVnjHdnRB1nU54L_Riw\/view\" target=\"_blank\" rel=\"noreferrer noopener\">\u201cCHAGAS FREITAS E SUA INFLU\u00caNCIA NA FUS\u00c3O DA CONSOLIDA\u00c7\u00c3O DO ATUAL ESTADO DO RIO DE JANEIRO (1979-1983): A \u00c1REA SEGURAN\u00c7A P\u00daBLICA NO CASO DA PM\/RJ CRIADA EM 1975\u201d <\/a><br><\/strong>Danielle Damasceno dos Santos<br><br><a href=\"https:\/\/docs.google.com\/document\/d\/1xCEBggzdBBxLpwc-0Tm_bcpfjSoF_poa\/edit\" target=\"_blank\" rel=\"noreferrer noopener\"><strong>\u201cCI\u00caNCIA, TECNOLOGIA E INOVA\u00c7\u00c3O NO ENFRENTAMENTO \u00c0 (IN)SEGURAN\u00c7A P\u00daBLICA: O EXEMPLO DA FAPERJ\u201d <\/strong><\/a><br>Marcelo de Souza Corenza e Guilherme de Oliveira Santos<br><a href=\"https:\/\/drive.google.com\/file\/d\/1EHE6CRd8yPu2eyACoPB5FGt3nO07E9q8\/view\" target=\"_blank\" rel=\"noreferrer noopener\"><strong><br>\u201cVIOL\u00caNCIA POL\u00cdTICA NA REGI\u00c3O METROPOLITANA DO RIO DE JANEIRO E NA BA\u00cdA DA ILHA GRANDE\u201d<\/strong><\/a><br>Andr\u00e9 Luiz de Jesus Rodrigues<br><\/p>\n\n\n\n<p><br><\/p>\n","protected":false},"excerpt":{"rendered":"<p>O Estado do Rio de Janeiro possui graves e urgentes problemas associados ao campo da seguran\u00e7a p\u00fablica. A malha urbana <a class=\"read-more\" href=\"https:\/\/eventos.ufrrj.br\/sef\/seguranca-publica\/ \">&#8230; <i class=\"fa fa-long-arrow-right\"><\/i><\/a><\/p>\n","protected":false},"author":54,"featured_media":0,"parent":0,"menu_order":0,"comment_status":"closed","ping_status":"closed","template":"","meta":{"footnotes":""},"class_list":["post-406","page","type-page","status-publish","hentry"],"_links":{"self":[{"href":"https:\/\/eventos.ufrrj.br\/sef\/wp-json\/wp\/v2\/pages\/406","targetHints":{"allow":["GET"]}}],"collection":[{"href":"https:\/\/eventos.ufrrj.br\/sef\/wp-json\/wp\/v2\/pages"}],"about":[{"href":"https:\/\/eventos.ufrrj.br\/sef\/wp-json\/wp\/v2\/types\/page"}],"author":[{"embeddable":true,"href":"https:\/\/eventos.ufrrj.br\/sef\/wp-json\/wp\/v2\/users\/54"}],"replies":[{"embeddable":true,"href":"https:\/\/eventos.ufrrj.br\/sef\/wp-json\/wp\/v2\/comments?post=406"}],"version-history":[{"count":5,"href":"https:\/\/eventos.ufrrj.br\/sef\/wp-json\/wp\/v2\/pages\/406\/revisions"}],"predecessor-version":[{"id":825,"href":"https:\/\/eventos.ufrrj.br\/sef\/wp-json\/wp\/v2\/pages\/406\/revisions\/825"}],"wp:attachment":[{"href":"https:\/\/eventos.ufrrj.br\/sef\/wp-json\/wp\/v2\/media?parent=406"}],"curies":[{"name":"wp","href":"https:\/\/api.w.org\/{rel}","templated":true}]}}