{"id":404,"date":"2024-07-16T09:43:47","date_gmt":"2024-07-16T12:43:47","guid":{"rendered":"https:\/\/eventos.ufrrj.br\/sef\/?page_id=404"},"modified":"2024-11-21T08:42:05","modified_gmt":"2024-11-21T11:42:05","slug":"configuracao-territorial","status":"publish","type":"page","link":"https:\/\/eventos.ufrrj.br\/sef\/configuracao-territorial\/","title":{"rendered":"Configura\u00e7\u00e3o Territorial"},"content":{"rendered":"\n<p>A regi\u00e3o \u00e9 o produto de uma regionaliza\u00e7\u00e3o, ou seja, resulta da classifica\u00e7\u00e3o do espa\u00e7o geogr\u00e1fico segundo algum crit\u00e9rio ou conjunto deles, a fim de viabilizar an\u00e1lises e, entre outras coisas, subsidiar o planejamento p\u00fablico. O estado do Rio de Janeiro, cuja configura\u00e7\u00e3o territorial deriva da fus\u00e3o dos antigos estados da Guanabara e do Rio de Janeiro, em 1975, possui atualmente uma divis\u00e3o oficial de seu territ\u00f3rio em 8 regi\u00f5es de governo. Tal regionaliza\u00e7\u00e3o data de 1987, mas as 26 emancipa\u00e7\u00f5es municipais ocorridas desde ent\u00e3o impuseram in\u00fameras transforma\u00e7\u00f5es aos seus limites. Este eixo tem\u00e1tico espera reunir trabalhos que problematizem a atual divis\u00e3o pol\u00edtico-administrativa do estado do Rio de Janeiro. Quais os seus fundamentos? A que interesses atendem? Quais incongru\u00eancias podem ser percebidas? Que altera\u00e7\u00f5es podem ser propostas?<\/p>\n\n\n\n<p class=\"has-text-align-center\"><br><strong>26\/11\/2024 | Ter\u00e7a-feira<\/strong><br>14:30 \u00e0s 16:30 \u2192 Sala E-513<br>Coordena\u00e7\u00e3o: <strong>Faber Paganoto e Gabrielle de Souza Frade<\/strong><\/p>\n\n\n\n<p><a href=\"https:\/\/drive.google.com\/file\/d\/1lpU81QaxlCuCKt0OvuHXJ76zFa_x7pQs\/view\" target=\"_blank\" rel=\"noreferrer noopener\"><strong>\u201cDESIGUALDADE S\u00d3CIOESPACIAL E (RE) CONFIGURA\u00c7\u00c3O DA RMRJ\u201d<\/strong><\/a><br>Kelson Vieira Senra<br><br><a href=\"https:\/\/drive.google.com\/file\/d\/1NAhIQ9SpQkSnJfomxVYBzArDfkS1l8T2\/view\" target=\"_blank\" rel=\"noreferrer noopener\"><strong>\u201cDESENVOLVIMENTO REGIONAL E INTELIG\u00caNCIA TERRITORIAL: POR UMA NOVA REGIONALIZA\u00c7\u00c3O DO ESTADO DO RIO DE JANEIRO\u201d<\/strong><\/a><br>Claudio Antonio Gon\u00e7alves Egler, Marcos Thimoteo Dominguez e Leandro Galheigo Damaceno<br><br><strong><a href=\"https:\/\/drive.google.com\/file\/d\/1TCLGghE7Umbyu1jURspNb23Yd-yHesbH\/view\" target=\"_blank\" rel=\"noreferrer noopener\">\u201cPOL\u00cdTICA NACIONAL DE DESENVOLVIMENTO TERRITORIAL: DESMONTE, RETOMADA E DESAFIOS PARA O ESTADO DO RIO DE JANEIRO\u201d<\/a><\/strong><br>Victor Tinoco<\/p>\n\n\n\n<p class=\"has-text-align-center\"><br><strong>26\/11\/2024 | <strong>Ter\u00e7a<\/strong>-feira<\/strong><br>16:30 \u00e0s 18:30 \u2192 Sala E-513<br>Coordena\u00e7\u00e3o: <strong>Faber Paganoto e Gabrielle de Souza Frade<\/strong><\/p>\n\n\n\n<p><strong><a href=\"https:\/\/drive.google.com\/file\/d\/1OtX5Juy4H5cvr7bHEBzjpaMUZWrCEoYd\/view\" target=\"_blank\" rel=\"noreferrer noopener\">\u201cPOL\u00cdTICAS P\u00daBLICAS DE HABITA\u00c7\u00c3O SOCIAL EM CIDADES DO NORTE FLUMINENSE 2000-2022&#8243;<\/a><\/strong><br>Filliph Machado Santos da Silva<br><br><strong><a href=\"https:\/\/drive.google.com\/file\/d\/1sinnt7ZyUAMtiRkC2lh_b_cEIwj4R1NU\/view\" target=\"_blank\" rel=\"noreferrer noopener\">\u201cPOLIHH\u2019s POL\u00cdGONOS ISOLADOS HABITACIONAIS HORIZONTAIS E SEGREGA\u00c7\u00c3O SOCIOESPACIAL EM CAMPOS DOS GOYTACAZES\/RJ\u201d<\/a><\/strong><br>Felipe Torres de Freitas Gomes e Fabiana Generoso Izaga<br><br><strong><a href=\"https:\/\/drive.google.com\/file\/d\/1cr4rIC-Z2dFwMqN8L_edFYhAz-Pou5OY\/view\" target=\"_blank\" rel=\"noreferrer noopener\">\u201cCRIMINALIDADE, REGI\u00c3O E TERRIT\u00d3RIO NA PROV\u00cdNCIA DO RIO DE JANEIRO: UM ESTUDO SOBRE a REFORMA COMARCAL de 1833 E A ELITE POL\u00ccTICA DO NORTE FLUMINENSE (1822-1871)\u201d<\/a><\/strong><br>Claudia Cristina Azeredo Atallah<br><br><strong><a href=\"https:\/\/drive.google.com\/file\/d\/1JhfX7bRAHqS5zBmuP_cpEXdPFcV-8vxr\/view\" target=\"_blank\" rel=\"noreferrer noopener\">\u201cREESTRUTURA\u00c7\u00c3O URBANA EM CAMPOS DOS GOYTACAZES: NOVAS FORMAS, VELHOS PROCESSOS\u201d<\/a><\/strong><br>Gabrielle de Souza Frade<\/p>\n\n\n\n<p class=\"has-text-align-center\"><br><strong>27\/11\/2024 | Quarta-feira<\/strong><br>16:30 \u00e0s 18:30 \u2192 Sala E-515<br>Coordena\u00e7\u00e3o: <strong>Faber Paganoto e Gabrielle de Souza Frade<\/strong><\/p>\n\n\n\n<p><strong><a href=\"https:\/\/drive.google.com\/file\/d\/16U8PGJjl86-Zb8bCsiVQf-TjicvLMtOk\/view\" target=\"_blank\" rel=\"noreferrer noopener\">\u201cBUROCRACIA INSTITUCIONAL PARA REGULARIZA\u00c7\u00c3O FUNDI\u00c1RIA DE COMUNIDADES QUILOMBOLAS NO ESTADO DO RIO DE JANEIRO: O CASO DA ILHA DA MARAMBAIA, RJ\u201d<br><\/a><\/strong>Jairo Pimentel Brand\u00e3o e Maria do Socorro Bezerra de Lima<br><br><strong><a href=\"https:\/\/drive.google.com\/file\/d\/1d8nhGMhI1IQ5jCGq7KlsJRJriy7gQx2S\/view\" target=\"_blank\" rel=\"noreferrer noopener\">\u201cCOLABORA\u00c7\u00c3O DO COLEGIADO BIG PARA O DESENVOLVIMENTO TERRITORIAL SUSTENT\u00c1VEL\u201d<\/a><\/strong><br>Igor Friedrich Hochstatter, Lamounier Erthal Villela, Edmir Amanaj\u00e1s Celestino e \u00c1lvaro Augusto Veloso Theodoro<br><br><strong><a href=\"https:\/\/drive.google.com\/file\/d\/1xdBNKIBRDOLY7MhwJBKSLYICBlEUOpn4\/view\" target=\"_blank\" rel=\"noreferrer noopener\">\u201cCINTUR\u00d5ES DE POBREZA NO ESTADO DO RIO DE JANEIRO: UMA AN\u00c1LISE DA POBREZA ATRAV\u00c9S DA ECONOMETRIA ESPACIAL\u201d<\/a><\/strong><br>Alex dos Santos Valle<br><br><strong><a href=\"https:\/\/drive.google.com\/file\/d\/1O0ByOQ2zdU-nTiCQb-esyjxw80-N1mwk\/view\" target=\"_blank\" rel=\"noreferrer noopener\">\u201cA DIN\u00c2MICA LOCACIONAL DO EMPREGO NO SEGMENTO UPSTREAM DA CADEIA PRODUTIVA DE PETR\u00d3LEO E G\u00c1S NATURAL NO BRASIL: AN\u00c1LISE EVOLUTIVA DO QUOCIENTE LOCACIONAL E DO COEFICIENTE DE REDISTRIBUI\u00c7\u00c3O\u201d<\/a><\/strong><br>Robson Santos Dias<\/p>\n","protected":false},"excerpt":{"rendered":"<p>A regi\u00e3o \u00e9 o produto de uma regionaliza\u00e7\u00e3o, ou seja, resulta da classifica\u00e7\u00e3o do espa\u00e7o geogr\u00e1fico segundo algum crit\u00e9rio ou <a class=\"read-more\" href=\"https:\/\/eventos.ufrrj.br\/sef\/configuracao-territorial\/ \">&#8230; <i class=\"fa fa-long-arrow-right\"><\/i><\/a><\/p>\n","protected":false},"author":54,"featured_media":0,"parent":0,"menu_order":0,"comment_status":"closed","ping_status":"closed","template":"","meta":{"footnotes":""},"class_list":["post-404","page","type-page","status-publish","hentry"],"_links":{"self":[{"href":"https:\/\/eventos.ufrrj.br\/sef\/wp-json\/wp\/v2\/pages\/404","targetHints":{"allow":["GET"]}}],"collection":[{"href":"https:\/\/eventos.ufrrj.br\/sef\/wp-json\/wp\/v2\/pages"}],"about":[{"href":"https:\/\/eventos.ufrrj.br\/sef\/wp-json\/wp\/v2\/types\/page"}],"author":[{"embeddable":true,"href":"https:\/\/eventos.ufrrj.br\/sef\/wp-json\/wp\/v2\/users\/54"}],"replies":[{"embeddable":true,"href":"https:\/\/eventos.ufrrj.br\/sef\/wp-json\/wp\/v2\/comments?post=404"}],"version-history":[{"count":7,"href":"https:\/\/eventos.ufrrj.br\/sef\/wp-json\/wp\/v2\/pages\/404\/revisions"}],"predecessor-version":[{"id":824,"href":"https:\/\/eventos.ufrrj.br\/sef\/wp-json\/wp\/v2\/pages\/404\/revisions\/824"}],"wp:attachment":[{"href":"https:\/\/eventos.ufrrj.br\/sef\/wp-json\/wp\/v2\/media?parent=404"}],"curies":[{"name":"wp","href":"https:\/\/api.w.org\/{rel}","templated":true}]}}