{"id":402,"date":"2024-07-16T21:52:21","date_gmt":"2024-07-17T00:52:21","guid":{"rendered":"https:\/\/eventos.ufrrj.br\/sef\/?page_id=402"},"modified":"2024-11-19T16:30:48","modified_gmt":"2024-11-19T19:30:48","slug":"limites-e-impasses-atuais-da-politica-de-saude-no-estado-do-rio-de-janeiro","status":"publish","type":"page","link":"https:\/\/eventos.ufrrj.br\/sef\/limites-e-impasses-atuais-da-politica-de-saude-no-estado-do-rio-de-janeiro\/","title":{"rendered":"Limites e impasses atuais da pol\u00edtica de sa\u00fade no estado do Rio de Janeiro"},"content":{"rendered":"\n<p>\u00c9 fundamental construir uma a agenda de pesquisa sobre os desafios e problemas da pol\u00edtica de sa\u00fade no Estado do Rio de Janeiro, que inclua a an\u00e1lise das pol\u00edticas p\u00fablicas existentes, a identifica\u00e7\u00e3o de lacunas e falhas no sistema de sa\u00fade, e a proposi\u00e7\u00e3o de medidas para promover a melhoria da qualidade e da efici\u00eancia dos servi\u00e7os de sa\u00fade oferecidos \u00e0 popula\u00e7\u00e3o.<\/p>\n\n\n\n<p>Por meio de uma abordagem multidisciplinar e participativa, em especial dos diversos institutos e programas de p\u00f3s-gradua\u00e7\u00e3o em sa\u00fade coletiva das universidades fluminenses \u00e9 poss\u00edvel desenvolver estudos e pesquisas que contribuam para a constru\u00e7\u00e3o de um sistema de sa\u00fade mais justo, eficiente e acess\u00edvel a toda a popula\u00e7\u00e3o do Estado do Rio de Janeiro. A pesquisa \u00e9 uma ferramenta poderosa para identificar, compreender e solucionar os desafios e problemas que impactam no desenvolvimento da sa\u00fade p\u00fablica, e deve ser utilizada como um instrumento fundamental na busca por uma sa\u00fade de qualidade para todos os cidad\u00e3os fluminenses.<br><\/p>\n\n\n\n<p class=\"has-text-align-center\"><br><strong>25\/11\/2024 | Segunda-feira<\/strong><br>14:30 \u00e0s 16:30 \u2192 Sala E-515<br>Coordena\u00e7\u00e3o: <strong>Claudia Travassos e Mario Dal Poz<\/strong><\/p>\n\n\n\n<p><a rel=\"noreferrer noopener\" href=\"https:\/\/drive.google.com\/file\/d\/1t6Squ1Mkg_gkDxcfnRxpQ_vakkxiXgVH\/view\" target=\"_blank\"><strong>\u201cDOEN\u00c7A DE CHAGAS NO RIO DE JANEIRO \u2013 UMA ABORDAGEM \u00c0 LUZ DOS DETERMINANTES SOCIAIS DE SA\u00daDE (DSS)\u201d <\/strong><\/a><br>Anna Beatrice Torres dos Santos, Carmelinda Monteiro Costa Afonso e F\u00e1bio da Silva de Azevedo Fortes<br><br><a rel=\"noreferrer noopener\" href=\"https:\/\/drive.google.com\/file\/d\/1eCMjLVkJG_PzHYpPH8_6xfQ4Itqsu2wP\/view\" target=\"_blank\"><strong>\u201cGRAVIDEZ, PARTO E NASCIMENTO NO ESTADO DO RIO, 2021-2022\u201d <\/strong><\/a><br>Maria do Carmo Leal, Sonia Duarte de Azevedo Bittencourt, Mariza Miranda Theme Filha, Silvana Granado Nogueira da Gama e Rosa Maria Soares Madeira Domingues<br><br><strong><a rel=\"noreferrer noopener\" href=\"https:\/\/drive.google.com\/file\/d\/1wz6Pt60q2ipzp0vwhxJb7ywWfwySgy-_\/view\" target=\"_blank\">\u201cATEN\u00c7\u00c3O \u00c0 SA\u00daDE DO TRABALHADOR NA REDE SUS NO ESTADO DO RIO DE JANEIRO\u201d<\/a> <\/strong><br>Claudia Osorio da Silva, Emanuelle de Aguiar Pacheco e Julia de Ara\u00fajo Cruz<br><br><a rel=\"noreferrer noopener\" href=\"https:\/\/drive.google.com\/file\/d\/1RHzK1R96ti5b6x9yXA9ZXzZ_aPptyisd\/view\" target=\"_blank\"><strong>\u201cCRIA\u00c7\u00c3O DE OFICINAS DA MEM\u00d3RIA INTEGRADAS \u00c0 ESTRAT\u00c9GIA DE INFORMA\u00c7\u00c3O, PREVEN\u00c7\u00c3O E DETEC\u00c7\u00c3O PRECOCE DA DOEN\u00c7A DE ALZHEIMER NOS CENTROS DE REFER\u00caNCIA EM ATEN\u00c7\u00c3O \u00c0 PESSOA IDOSA DA SECRETARIA DE ESTADO DA JUVENTUDE E ENVELHECIMENTO SAUD\u00c1VEL\u201d <\/strong><\/a><br>Otelo Corr\u00eaa dos Santos Filho, Glaucia Peixoto Dunley e Lucia Helena de Pinho Freitas Fran\u00e7a<\/p>\n\n\n\n<p class=\"has-text-align-center\"><br><strong>25\/11\/2024 | Segunda-feira<\/strong><br>16:30 \u00e0s 18:30 \u2192 Sala E-515<br>Coordena\u00e7\u00e3o: <strong>Ligia Bahia e Mario Dal Poz<\/strong><\/p>\n\n\n\n<p><strong><a href=\"https:\/\/drive.google.com\/file\/d\/1-fLShNKYkayudTjAnkTN1u8gc0NXDUU3\/view\" target=\"_blank\" rel=\"noreferrer noopener\">\u201cBALAN\u00c7O SOBRE OS SERVI\u00c7OS DE SA\u00daDE NA REGI\u00c3O METROPOLITANA DO RIO DE JANEIRO: ATEN\u00c7\u00c3O PRIM\u00c1RIA, URG\u00caNCIAS E HOSPITAIS\u201d<\/a><\/strong><br>Gilson J\u00e1come dos Reis, Mariana Vercesi de Albuquerque e Luciana Dias de Lima<br><br><a rel=\"noreferrer noopener\" href=\"https:\/\/drive.google.com\/file\/d\/1s8Ub-T8GrPMFVZ70p09P4wHnWYe7uGXI\/view\" target=\"_blank\"><strong>\u201cREGIONALIZA\u00c7\u00c3O, COMISS\u00c3O INTERGESTORES REGIONAL (CIR) E CONS\u00d3RCIO INTERMUNICIPAL DE SA\u00daDE (CIS): A EXPERI\u00caNCIA DA REGI\u00c3O METROPOLITANA DO ESTADO DO RIO DE JANEIRO, DE 2009 A 2022\u201d<\/strong><\/a><br>Patricia Vanda dos Santos Rocha e M\u00e1rcia Silveira Ney<\/p>\n\n\n\n<p><a href=\"https:\/\/drive.google.com\/file\/d\/1AzfIva5cliydKbHnFXa0DyauYDAUmjdm\/view\" target=\"_blank\" rel=\"noreferrer noopener\"><strong>\u201cEFICI\u00caNCIA NA ALOCA\u00c7\u00c3O DE RECURSOS NAS UNIDADES DE SA\u00daDE DO RIO DE JANEIRO\u201d<\/strong><\/a><br>D\u00e9rcio Santiago da Silva J\u00fanior, Fabiano Gomes de Oliveira, Iandara de Moura Silva, Renato Cony Ser\u00f3dio e Adriana Castelli<br><br><strong><a href=\"https:\/\/drive.google.com\/file\/d\/1ieWJVzmem_X4qvwBCA11dxGa3hKt-g5M\/view\" target=\"_blank\" rel=\"noreferrer noopener\">\u201cSISTEMAS DE INFORMA\u00c7\u00c3O NA GEST\u00c3O DE RECURSOS HUMANOS EM SA\u00daDE DA SECRETARIA DE ESTADO DE SA\u00daDE DO RIO DE JANEIRO\u201d<\/a><\/strong><br>Marilene Ribeiro da Silva e Mario Roberto Dal Poz<br><br><a rel=\"noreferrer noopener\" href=\"https:\/\/docs.google.com\/document\/d\/1HLIQ8y8pFS9vX5OcO18RpVUx7kF8JQkE\/edit\" target=\"_blank\"><strong>\u201cALOCA\u00c7\u00c3O DE RECURSOS FEDERAIS POR EMENDAS PARLAMENTARES PARA A ATEN\u00c7\u00c3O PRIM\u00c1RIA \u00c0 SA\u00daDE: O CASO DA REGI\u00c3O DE SA\u00daDE METROPOLITANA I\/RJ\u201d<\/strong><\/a><br>Andr\u00e9 Schimidt da Silva, Luciana Dias de Lima, Tatiana Wargas de Faria Baptista, Henrique Sant`Anna Dias e Carla Louren\u00e7o Tavares de Andrade<\/p>\n\n\n\n<p><br><br><\/p>\n","protected":false},"excerpt":{"rendered":"<p>\u00c9 fundamental construir uma a agenda de pesquisa sobre os desafios e problemas da pol\u00edtica de sa\u00fade no Estado do <a class=\"read-more\" href=\"https:\/\/eventos.ufrrj.br\/sef\/limites-e-impasses-atuais-da-politica-de-saude-no-estado-do-rio-de-janeiro\/ \">&#8230; <i class=\"fa fa-long-arrow-right\"><\/i><\/a><\/p>\n","protected":false},"author":54,"featured_media":0,"parent":0,"menu_order":0,"comment_status":"closed","ping_status":"closed","template":"","meta":{"footnotes":""},"class_list":["post-402","page","type-page","status-publish","hentry"],"_links":{"self":[{"href":"https:\/\/eventos.ufrrj.br\/sef\/wp-json\/wp\/v2\/pages\/402","targetHints":{"allow":["GET"]}}],"collection":[{"href":"https:\/\/eventos.ufrrj.br\/sef\/wp-json\/wp\/v2\/pages"}],"about":[{"href":"https:\/\/eventos.ufrrj.br\/sef\/wp-json\/wp\/v2\/types\/page"}],"author":[{"embeddable":true,"href":"https:\/\/eventos.ufrrj.br\/sef\/wp-json\/wp\/v2\/users\/54"}],"replies":[{"embeddable":true,"href":"https:\/\/eventos.ufrrj.br\/sef\/wp-json\/wp\/v2\/comments?post=402"}],"version-history":[{"count":8,"href":"https:\/\/eventos.ufrrj.br\/sef\/wp-json\/wp\/v2\/pages\/402\/revisions"}],"predecessor-version":[{"id":796,"href":"https:\/\/eventos.ufrrj.br\/sef\/wp-json\/wp\/v2\/pages\/402\/revisions\/796"}],"wp:attachment":[{"href":"https:\/\/eventos.ufrrj.br\/sef\/wp-json\/wp\/v2\/media?parent=402"}],"curies":[{"name":"wp","href":"https:\/\/api.w.org\/{rel}","templated":true}]}}