{"id":400,"date":"2024-07-16T09:41:51","date_gmt":"2024-07-16T12:41:51","guid":{"rendered":"https:\/\/eventos.ufrrj.br\/sef\/?page_id=400"},"modified":"2024-11-19T16:44:29","modified_gmt":"2024-11-19T19:44:29","slug":"estrutura-produtiva-fluminense","status":"publish","type":"page","link":"https:\/\/eventos.ufrrj.br\/sef\/estrutura-produtiva-fluminense\/","title":{"rendered":"Estrutura Produtiva Fluminense"},"content":{"rendered":"\n<p>Desde 1919, o estado do Rio de Janeiro vem perdendo relev\u00e2ncia econ\u00f4mica, tornando-se a segunda economia nacional. A partir dos anos de 1960 esta perda de relev\u00e2ncia se agrava e o estado entra em uma crise estrutural sendo o ente federativo que apresentou maior perda de participa\u00e7\u00e3o relativa no PIB nacional. Uma das causas apontadas para este esvaziamento econ\u00f4mico \u00e9 o estado possuir uma estrutura produtiva pouco densa se mostrando fr\u00e1gil e incompleta, dependente da conjuntura nacional e de importa\u00e7\u00f5es de outros estados e do resto do mundo. Neste sentido, este eixo tem\u00e1tico espera receber trabalhos que realizem an\u00e1lises dos encadeamentos produtivos do estado do Rio de Janeiro de forma intrarregional, com outros estados, com a economia nacional, com outros pa\u00edses e cadeias globais de valor de modo a contribuir com a ruptura de estrutura produtiva oca existente na economia fluminense.<br><\/p>\n\n\n\n<p class=\"has-text-align-center\"><br><strong>25\/11\/2024 | Segunda-feira<\/strong><br>14:30 \u00e0s 16:30 \u2192 Sala E-516<br>Coordena\u00e7\u00e3o: <strong>Joilson Cabral<\/strong><\/p>\n\n\n\n<p><a rel=\"noreferrer noopener\" href=\"https:\/\/drive.google.com\/file\/d\/19LeL9ZO2FFZUlOeNi8YtuIFL6eb69BsR\/view\" target=\"_blank\"><strong>\u201cUM MODELO CALCUL\u00c1VEL DE EQUIL\u00cdBRIO GERAL PARA A ECONOMIA DO MAR DO ESTADO DO RIO DE JANEIRO\u201d <\/strong><\/a><br>Jorge Cl\u00e1udio Cavalcante de Oliveira Lima e Thauan Santos<br><br><a rel=\"noreferrer noopener\" href=\"https:\/\/drive.google.com\/file\/d\/108hSjlXcEIeeD3sEcvnKVWapb7yDHfam\/view\" target=\"_blank\"><strong>\u201cESTRUTURA PRODUTIVA FLUMINENSE COMPARADA ENTRE 1996 E 2019 E A NECESS\u00c1RIA RETOMADA DO PLANEJAMENTO\u201d <\/strong><\/a><br>Helcio de Medeiros Junior<br><br><a rel=\"noreferrer noopener\" href=\"https:\/\/drive.google.com\/file\/d\/1i3ocbmFMDKXRTYc8hW2Qq_2P4AFtPhQv\/view\" target=\"_blank\"><strong>\u201cAN\u00c1LISE DA ESTRUTURA PRODUTIVA DA ECONOMIA DO MAR DO ESTADO DO RIO DE JANEIRO: UMA ABORDAGEM A PARTIR DA MATRIZ INSUMO-PRODUTO\u201d<\/strong><\/a><br>Paulo Vitor dos Santos Lima, Joilson de Assis Cabral, Thauan Santos, Matheus de Andrade Santos e Jorge Lima<br><br><a rel=\"noreferrer noopener\" href=\"https:\/\/drive.google.com\/file\/d\/1T82DPKcFGz9BcjakPJ7rCXTwVWdHaQpK\/view\" target=\"_blank\"><strong>\u201cBASES DE CONHECIMENTO DAS MESORREGI\u00d5ES DO ERJ: UMA NOVA PERSPECTIVA NA COMPREENS\u00c3O DA ESTRUTURA PRODUTIVA\u201d <\/strong><\/a><br>Bianca Louzada Xavier Vasconcellos, Bianca Louzada Xavier Vasconcellos e Renata L\u00e8bre La Rovere<br><\/p>\n\n\n\n<p class=\"has-text-align-center\"><br><strong>25\/11\/2024 | Segunda-feira<\/strong><br>16:30 \u00e0s 18:30 \u2192 Sala E-516<br>Coordena\u00e7\u00e3o: <strong>Joilson Cabral<\/strong><\/p>\n\n\n\n<p><a rel=\"noreferrer noopener\" href=\"https:\/\/drive.google.com\/file\/d\/1RB-9aaJDvSp0iCHckrMgzER4XEIvy1yI\/view\" target=\"_blank\"><strong>\u201cA IMPORT\u00c2NCIA DO POLO GASLUB PARA O DESENVOLVIMENTO REGIONAL DO LESTE METROPOLITANO DO RIO DE JANEIRO\u201d <\/strong><\/a><br>Jacob Binsztok<br><br><strong><a rel=\"noreferrer noopener\" href=\"https:\/\/drive.google.com\/file\/d\/15g_13bkJ5cNsAZ4u6zEgCCrpeb7HVmhP\/view\" target=\"_blank\">\u201cDEPEND\u00caNCIA ECON\u00d4MICA E DESENVOLVIMENTO RURAL: BREVES REFLEX\u00d5ES SOBRE O NORTE FLUMINENSE\u201d<\/a> <\/strong><br>Francis Casagranda Zanella e Jos\u00e9 Alves de Azevedo Neto<br><br><a rel=\"noreferrer noopener\" href=\"https:\/\/drive.google.com\/file\/d\/1O2vI3qM04J9xEYH5MIiuvpfudvrovw42\/view\" target=\"_blank\"><strong>\u201cREPRIMARIZA\u00c7\u00c3O E GRANDES PROJETOS DE INVESTIMENTO NA REGI\u00c3O METROPOLITANA DO RIO DE JANEIRO: O CASO DA TERNIUM BRASIL, ANTIGA TKCSA\u201d <\/strong><\/a><br>Carolinne Paulino Arruda, Johanna Weglinski e Hipolita Siqueira de Oliveira<br><br><a rel=\"noreferrer noopener\" href=\"https:\/\/drive.google.com\/file\/d\/1d0kdZJ28g_tQTS3yxBneyizSChqCr1J4\/view\" target=\"_blank\"><strong>\u201cA ARRECADA\u00c7\u00c3O MUNICIPAL E O CRESCIMENTO ECON\u00d4MICO DOS MUNIC\u00cdPIOS DA BAIXADA FLUMINENSE NO ESTADO DO RIO DE JANEIRO\u201d <\/strong><\/a><br>Lohaynne Cavalcante da Costa, Daniel Rodrigues Cordeiro, Everlam Elias Montibeler, H\u00edcaro Rassele Rodrigues e J\u00falia Bragatto Grob\u00e9rio<br><a rel=\"noreferrer noopener\" href=\"https:\/\/drive.google.com\/file\/d\/1_XkLOBaSEULL4O2i8ZRDJJVxBTLSEPAs\/view\" target=\"_blank\"><br><strong>\u201cCONCENTRA\u00c7\u00c3O ECON\u00d4MICA DAS CAPITAIS DO SUDESTE DO BRASIL\u201d <\/strong><\/a><br>D\u00e9bora Cristiana Andr\u00e9 Nestor Leal, D\u00e9bora Cristiana Andr\u00e9 Nestor Leal, Marcela Lima da Silva, Manoela de Matos Alves Invernici e Joilson Assis Cabral<br><\/p>\n\n\n\n<p class=\"has-text-align-center\"><br><strong>26\/11\/2024 | Ter\u00e7a-feira<\/strong><br>14:30 \u00e0s 16:30 \u2192 Sala E-522<br>Coordena\u00e7\u00e3o: <strong>Maria Viviana de Freitas<\/strong><\/p>\n\n\n\n<p><a rel=\"noreferrer noopener\" href=\"https:\/\/drive.google.com\/file\/d\/1sL9UpXGOd7S7OHD9SERUP4QogamFRC9v\/view\" target=\"_blank\"><strong>\u201cMUITO AL\u00c9M DO SOL E MAR: O POTENCIAL DO TURISMO PEDAG\u00d3GICO PARA O DESENVOLVIMENTO DA ECONOMIA DA CIDADE DE CABO FRIO-RJ\u201d <\/strong><\/a><br>Juciane Mello das Neves e Valeria Lima Guimar\u00e3es<br><br><a rel=\"noreferrer noopener\" href=\"https:\/\/drive.google.com\/file\/d\/11YZorXHu-2fqysOTe2Y-VFsPeWN0xhTd\/view\" target=\"_blank\"><strong>\u201cA DISSEMINA\u00c7\u00c3O DAS TEND\u00caNCIAS DA IND\u00daSTRIA 4.0 E A ATUA\u00c7\u00c3O DA EMBRAPII NO RIO DE JANEIRO\u201d<\/strong><\/a><br>Marta Lucia Azevedo Ferreira, Leandro Bruno Santos e Heitor Soares Mendes<br><br><a rel=\"noreferrer noopener\" href=\"https:\/\/drive.google.com\/file\/d\/1bSgO3tk1LWF_HxzoaHiMqJitia-ZeGg0\/view\" target=\"_blank\"><strong>\u201cA DIN\u00c2MICA DA AGRICULTURA FAMILIAR NO QUADRO DAS MUDAN\u00c7AS ESPACIAIS RECENTES NA REGI\u00c3O NORTE DO ESTADO DO RIO DE JANEIRO\u201d<\/strong><\/a><br>Felipe da Silva Machado<br><br><a href=\"https:\/\/drive.google.com\/file\/d\/1hh_TFGOqxnBPjpcGAfwpaPB2G_KUTY17\/view\"><strong>\u201cAS PR\u00c1TICAS DE FINAN\u00c7AS SOLID\u00c1RIAS COMO VETORES DO DESENVOLVIMENTO E DA JUSTI\u00c7A SOCIAL\u201d<\/strong><\/a><br>Gustavo Henrique Menezes Pereira, Betty Nogueira Rocha e Elisa Alonso Mon\u00e7ores Viana<br><\/p>\n\n\n\n<p class=\"has-text-align-center\"><br><strong>26\/11\/2024 | Ter\u00e7a-feira<\/strong><br>16:30 \u00e0s 18:30 \u2192 Sala E-522<br>Coordena\u00e7\u00e3o: <strong>Maria Viviana de Freitas<\/strong><\/p>\n\n\n\n<p><a rel=\"noreferrer noopener\" href=\"https:\/\/drive.google.com\/file\/d\/1eMNIca5duyJ0EXen7P4U39OZ2uO76GbJ\/view\" target=\"_blank\"><strong>\u201cEMPREGO INDUSTRIAL FLUMINENSE NO PER\u00cdODO 2001-2021\u201d <\/strong><\/a><br>William Souza Passos e Alcimar das Chagas Ribeiro<br><br><a rel=\"noreferrer noopener\" href=\"https:\/\/drive.google.com\/file\/d\/1HA3gmUTGXlUSW1BVXVjRtryLU78ljRhP\/view\" target=\"_blank\"><strong>\u201cAN\u00c1LISE DA DIN\u00c2MICA ECON\u00d4MICA DE NOVA IGUA\u00c7U: CONSTU\u00c7\u00c3O DE UM \u00cdNDICE DE ATIVIDADE ECON\u00d4MICA\u201d<\/strong><\/a><br>Manoela de Matos Alves Invernici, Bruno Oliveira de Ara\u00fajo Nunes, Felipe Nunes Leandro de Morais e Caio Peixoto Chain<br><br><a rel=\"noreferrer noopener\" href=\"https:\/\/drive.google.com\/file\/d\/1MXlP-WYjV4BleP86SCs4FVjH24L8jsg0\/view\" target=\"_blank\"><strong>\u201cESTUDO QUANTITATIVO DAS CARACTER\u00cdSTICAS DO MERCADO FORMAL E INFORMAL DA CADEIA PRODUTIVA DO CAF\u00c9 NAS REGI\u00d5ES SERRANA E ALTO NOROESTE FLUMINENSE\u201d<\/strong><\/a><br>Adem\u00e1rio Iris da Silva Junior, Juliana Ben\u00edcio e Simone Alves<br><br><a rel=\"noreferrer noopener\" href=\"https:\/\/drive.google.com\/file\/d\/1G24lBRg-Fk_M1AhwLNpZEp1eGRYq447L\/view\" target=\"_blank\"><strong>\u201cO VALOR DE UMA UNIVERSIDADE P\u00daBLICA: QUAL \u00c9 O RETORNO DA UERJ \u00c0 SOCIEDADE FLUMINENSE\u201d<\/strong><\/a><br>Bruno Leonardo Barth Sobral e Bruno Cabral Muniz Freire<\/p>\n\n\n\n<p><br><\/p>\n\n\n\n<p><br><\/p>\n\n\n\n<p><br><\/p>\n\n\n\n<p><br><br><\/p>\n","protected":false},"excerpt":{"rendered":"<p>Desde 1919, o estado do Rio de Janeiro vem perdendo relev\u00e2ncia econ\u00f4mica, tornando-se a segunda economia nacional. A partir dos <a class=\"read-more\" href=\"https:\/\/eventos.ufrrj.br\/sef\/estrutura-produtiva-fluminense\/ \">&#8230; <i class=\"fa fa-long-arrow-right\"><\/i><\/a><\/p>\n","protected":false},"author":54,"featured_media":0,"parent":0,"menu_order":0,"comment_status":"closed","ping_status":"closed","template":"","meta":{"footnotes":""},"class_list":["post-400","page","type-page","status-publish","hentry"],"_links":{"self":[{"href":"https:\/\/eventos.ufrrj.br\/sef\/wp-json\/wp\/v2\/pages\/400","targetHints":{"allow":["GET"]}}],"collection":[{"href":"https:\/\/eventos.ufrrj.br\/sef\/wp-json\/wp\/v2\/pages"}],"about":[{"href":"https:\/\/eventos.ufrrj.br\/sef\/wp-json\/wp\/v2\/types\/page"}],"author":[{"embeddable":true,"href":"https:\/\/eventos.ufrrj.br\/sef\/wp-json\/wp\/v2\/users\/54"}],"replies":[{"embeddable":true,"href":"https:\/\/eventos.ufrrj.br\/sef\/wp-json\/wp\/v2\/comments?post=400"}],"version-history":[{"count":6,"href":"https:\/\/eventos.ufrrj.br\/sef\/wp-json\/wp\/v2\/pages\/400\/revisions"}],"predecessor-version":[{"id":791,"href":"https:\/\/eventos.ufrrj.br\/sef\/wp-json\/wp\/v2\/pages\/400\/revisions\/791"}],"wp:attachment":[{"href":"https:\/\/eventos.ufrrj.br\/sef\/wp-json\/wp\/v2\/media?parent=400"}],"curies":[{"name":"wp","href":"https:\/\/api.w.org\/{rel}","templated":true}]}}