{"id":397,"date":"2024-07-16T09:39:48","date_gmt":"2024-07-16T12:39:48","guid":{"rendered":"https:\/\/eventos.ufrrj.br\/sef\/?page_id=397"},"modified":"2024-11-19T16:32:33","modified_gmt":"2024-11-19T19:32:33","slug":"politica-educacionais","status":"publish","type":"page","link":"https:\/\/eventos.ufrrj.br\/sef\/politica-educacionais\/","title":{"rendered":"Pol\u00edticas Educacionais\u00a0"},"content":{"rendered":"\n<p>Os \u00edndices educacionais de um ente federado exp\u00f5em suas caracter\u00edsticas de forma transversal a v\u00e1rios campos das pol\u00edticas p\u00fablicas, estabelecendo um retrato do desenvolvimento humano e econ\u00f4mico atual dos territ\u00f3rios e suas possibilidades futuras. No quadro de crise do Rio de Janeiro, \u00e9 incontorn\u00e1vel enfrentar a discuss\u00e3o sobre a necessidade de elevar a qualidade das redes de ensino p\u00fablicas respons\u00e1veis pela educa\u00e7\u00e3o b\u00e1sica do estado, bem como discutir os resultados apresentados pelo IDEB de nossos munic\u00edpios quando contrapostos aos IDEB\u00b4s das demais regi\u00f5es do Brasil. Al\u00e9m disso, outro desafio que se coloca \u00e9 a implanta\u00e7\u00e3o de um ensino m\u00e9dio potente e transformador, que venha a contribuir para a continuidade dos estudos de nossos jovens e com suas viv\u00eancias em sociedade. Neste sentido, esta sess\u00e3o tem\u00e1tica pretende refletir sobre o \u00edndices educacionais do Estado do Rio de Janeiro, e as discuss\u00f5es emergentes sobre o ensino m\u00e9dio, principalmente com a perspectiva de implanta\u00e7\u00e3o do Novo Ensino M\u00e9dio pelo MEC, observando a necess\u00e1ria avalia\u00e7\u00e3o e atualiza\u00e7\u00e3o do Plano Estadual de Educa\u00e7\u00e3o, cuja discuss\u00e3o retorna \u00e0 pauta, j\u00e1 que se enuncia um novo Plano Nacional de Educa\u00e7\u00e3o, sendo o PNE atual de vig\u00eancia entre 2014 e 2024. Debru\u00e7ar-se sobre a educa\u00e7\u00e3o b\u00e1sica no Rio de Janeiro em seu estado atual, contando com a expertise das institui\u00e7\u00f5es de pesquisa na \u00e1rea, tem como objetivo n\u00e3o s\u00f3 a constru\u00e7\u00e3o de pol\u00edticas p\u00fablicas educacionais, mas a constante oxigena\u00e7\u00e3o de propostas intersetoriais que contam com a escolariza\u00e7\u00e3o como um de seus suportes.<\/p>\n\n\n\n<p class=\"has-text-align-center\"><br><strong>25\/11\/2024 | Segunda-feira<\/strong><br>14:30 \u00e0s 16:30 \u2192 Sala E-520<br>Coordena\u00e7\u00e3o: <strong>Luc\u00edlia Augusta Lino<\/strong><\/p>\n\n\n\n<p><a rel=\"noreferrer noopener\" href=\"https:\/\/drive.google.com\/file\/d\/1bP-JBvqf7tE7iVIoThCOgbCL5rqrDHaZ\/view\" target=\"_blank\"><strong>\u201cA REESTRUTURA\u00c7\u00c3O DA IND\u00daSTRIA DE PETR\u00d3LEO E G\u00c1S NATURAL E O COLAPSO NA FORMA\u00c7\u00c3O DE ENGENHEIROS NO ESTADO DO RIO DE JANEIRO A PARTIR DA CRISE DE 2014\u201d <\/strong><\/a><br>Romeu e Silva Neto, Robson Santos Dias e Leandro Bruno Santos<br><br><strong><a rel=\"noreferrer noopener\" href=\"https:\/\/drive.google.com\/file\/d\/1mx1wvFeVZhqvzP_5mEHX6x3754YGoOmB\/view\" target=\"_blank\">\u201cA PERDA DE ROBUSTEZ DO ESTADO DO RIO DE JANEIRO NA FORMA\u00c7\u00c3O DE TRABALHADORES T\u00c9CNICOS\u201d<\/a> <\/strong><br>Fernanda Cosme da Costa e P\u00e1ulea Zaquini Monteiro Lima<br><br><a rel=\"noreferrer noopener\" href=\"https:\/\/drive.google.com\/file\/d\/1mtCAEB2IpS_SeRWjArKbI9X3MpXonRxf\/view\" target=\"_blank\"><strong>\u201cUM PANORAMA DO CONHECIMENTO TECNOL\u00d3GICO PRODUZIDO NAS INSTITUI\u00c7\u00d5ES P\u00daBLICAS DE ENSINO DO ESTADO DO RIO DE JANEIRO\u201d <\/strong><\/a><br>Rodrigo Siqueira Rodriguez<\/p>\n\n\n\n<p class=\"has-text-align-center\"><br><strong>25\/11\/2024 | Segunda-feira<\/strong><br>16:30 \u00e0s 18:30 \u2192 Sala E-520<br>Coordena\u00e7\u00e3o: <strong>Luc\u00edlia Augusta Lino<\/strong><\/p>\n\n\n\n<p><a rel=\"noreferrer noopener\" href=\"https:\/\/drive.google.com\/file\/d\/1EIq3WK4R-VFKABQ4H8LsLy54r4DusM3g\/view\" target=\"_blank\"><strong>\u201cA REDE FEDERAL DE EDUCA\u00c7\u00c3O PROFISSIONAL, CIENT\u00cdFICA E TECNOL\u00d3GICA E O DESENVOLVIMENTO SOCIOECON\u00d4MICO DO ESTADO DO RIO DE JANEIRO\u201d <\/strong><\/a><br>Jos\u00e9 Augusto Ferreira da Silva e Luiz Augusto Caldas Pereira<br><br><a rel=\"noreferrer noopener\" href=\"https:\/\/drive.google.com\/file\/d\/1iSzFRmnUzCK3WFO7OUxI7Y7OnlgScYFl\/view\" target=\"_blank\"><strong>\u201cAN\u00c1LISE CR\u00cdTICA DA RELA\u00c7\u00c3O ENTRE A OFERTA DE EDUCA\u00c7\u00c3O PROFISSIONAL E TECNOL\u00d3GICA DO CAMPUS IFRJ ENGENHEIRO PAULO DE FRONTIN E OS ARRANJOS PRODUTIVOS LOCAIS DO CENTRO-SUL FLUMINENSE\u201d <\/strong><\/a><br>Rodrigo dos Santos Borges, J\u00e9ssica Jesus de Oliveira Pereira e Manuella Leite Siqueira da Roza<br><br><a rel=\"noreferrer noopener\" href=\"https:\/\/drive.google.com\/file\/d\/1Rwnf9OAqz62H59NYWtPe36-TX_QU1oEi\/view\" target=\"_blank\"><strong>\u201cA PRODU\u00c7\u00c3O DE INOVA\u00c7\u00d5ES NA REDE FEDERAL DE EDUCA\u00c7\u00c3O PROFISSIONAL DO ESTADO DO RIO DE JANEIRO: UM PANORAMA DO PRIMEIRO QUARTO DO S\u00c9CULO XXI\u201d <\/strong><\/a><br>Mauro Sergio Pinheiro dos Santos de Souza<\/p>\n\n\n\n<p class=\"has-text-align-center\"><br><strong><strong>27\/11\/2024 | Quarta-feira<\/strong><br>14:30 \u00e0s 16:30 \u2192 Sala E-520<\/strong><br>Coordena\u00e7\u00e3o: <strong>Gabriela Rizzo<\/strong><\/p>\n\n\n\n<p><strong><a rel=\"noreferrer noopener\" href=\"https:\/\/drive.google.com\/file\/d\/1h102uWm3M92LPvekDFNeIEN01pRStEoL\/view\" target=\"_blank\">\u201cPOL\u00cdTICA NACIONAL DE INDU\u00c7\u00c3O \u00c0 GEST\u00c3O DEMOCR\u00c1TICA NO ESTADO DO RIO DE JANEIRO: O PAPEL DO GRUPO ARTICULADOR DE FORTALECIMENTO DOS CONSELHOS ESCOLARES\u201d<\/a> <\/strong><br>Alba Val\u00e9ria Baensi da Silva<br><br><a rel=\"noreferrer noopener\" href=\"https:\/\/docs.google.com\/document\/d\/1Z0dz5TtnJptqhqXiBk450IT5RaSH1NYn\/edit\" target=\"_blank\"><strong>\u201cA CRISE FISCAL E O (DES)FINANCIAMENTO DA EDUCA\u00c7\u00c3O NA REDE ESTADUAL DE ENSINO DO ESTADO DO RIO DE JANEIRO\u201d <\/strong><\/a><br>F\u00e1bio Araujo de Souza<br><br><a rel=\"noreferrer noopener\" href=\"https:\/\/drive.google.com\/file\/d\/1VaqRewhm8D5jvmaF2iMDDaUvO5MZf9mr\/view\" target=\"_blank\"><strong>\u201cOS DESAFIOS DA GEST\u00c3O UNIVERSIT\u00c1RIA: UMA AN\u00c1LISE DO OR\u00c7AMENTO DA UERJ NO PER\u00cdODO 2012 A 2023\u201d<\/strong><\/a><br>Bruno Leonardo Barth Sobral e Bruno Cabral Muniz Freire<\/p>\n\n\n\n<p class=\"has-text-align-center\"><br><strong>27\/11\/2024 | Quarta-feira<\/strong><br>14:30 \u00e0s 16:30 \u2192 Sala E-518<br>Coordena\u00e7\u00e3o: <strong>Waldeck Carneiro<\/strong><\/p>\n\n\n\n<p><a rel=\"noreferrer noopener\" href=\"https:\/\/drive.google.com\/file\/d\/1KlZV0s6ISQpsAA1nvvUiRLh-efQhh47K\/view\" target=\"_blank\"><strong>\u201cEDUCA\u00c7\u00c3O E MERCADO DE TRABALHO: AN\u00c1LISE DAS EXPECTATIVAS E DA REALIDADE PARA AS JUVENTUDES DIANTE DO NOVO ENSINO M\u00c9DIO\u201d <\/strong><\/a><br>Luiza Barboza Pereira<br><br><a rel=\"noreferrer noopener\" href=\"https:\/\/drive.google.com\/file\/d\/19H1aDPzHc8t7k7N4Rwy9mvpnqBqGd1Jw\/view\" target=\"_blank\"><strong>\u201cA REFORMA DO ENSINO M\u00c9DIO NO CONTEXTO DE POL\u00cdTICAS NEOLIBERAIS: OS REFLEXOS NO ENSINO DA SOCIOLOGIA\u201d <\/strong><\/a><br>K\u00edssila Neves Soares Vitorini<br><br><a rel=\"noreferrer noopener\" href=\"https:\/\/drive.google.com\/file\/d\/1mIIRenhayREe5MDeSSLSwyo-y3n-slfT\/view\" target=\"_blank\"><strong>\u201c\u201cEFEITOS DE LUGAR\u201d E CAPITAL ECON\u00d4MICO NAS DESIGUALDADES DE ACESSO \u00c0 EDUCA\u00c7\u00c3O SUPERIOR NO ESTADO DO RIO DE JANEIRO (2010)\u201d <\/strong><\/a><br>Alexandre Ramos de Azevedo e Hustana Maria Vargas<\/p>\n\n\n\n<p class=\"has-text-align-center\"><br><strong>27\/11\/2024 | Quarta-feira<\/strong><br>16:30 \u00e0s 18:30 \u2192 Sala E-518<br>Coordena\u00e7\u00e3o: <strong>Waldeck Carneiro<\/strong><\/p>\n\n\n\n<p><strong>\u201c<a rel=\"noreferrer noopener\" href=\"https:\/\/drive.google.com\/file\/d\/1I7LPHxuEJslEHmK9XEScDwiyq0lF96s4\/view\" target=\"_blank\">A POL\u00cdTICA DE COTAS NOS CURSOS DE P\u00d3S-GRADUA\u00c7\u00c3O STRICTO SENSU DAS UNIVERSIDADES ESTADUAIS E FEDERAIS DO RIO DE JANEIRO: EXPERI\u00caNCIAS, EFETIVIDADE E DESAFIOS\u201d<\/a><\/strong><br>Shirlena Campos de Souza Amaral, Rafaela Nogueira do Nascimento, Geovana Santana da Silva, Let\u00edcia Gomes Alvarenga e Pauline Aparecida Ildefonso Ferreira da Silva<br><br><strong><a href=\"https:\/\/drive.google.com\/file\/d\/1XdCzl4ZGdMv4L1qpLIh0HuH9NS9bbyIj\/view\" target=\"_blank\" rel=\"noreferrer noopener\">\u201cA PERSEGUI\u00c7\u00c3O CONTRA EDUCADORES NO BRASIL: DADOS PRELIMINARES DO ESTADO DO RIO DE JANEIRO\u201d<\/a> <\/strong><br>Viviane Merlim Moraes , Fernanda Moura e Renata Aquino<br><br><a href=\"https:\/\/drive.google.com\/file\/d\/1gX0Tj3yLQT5sEPV74TZu23RWAzSYmGYo\/view\" target=\"_blank\" rel=\"noreferrer noopener\"><strong>\u201cEDUCA\u00c7\u00c3O OU SOBREVIV\u00caNCIA? O DILEMA DO TRABALHO INFANTIL NO ESTADO DO RIO DE JANEIRO (2019-2022)\u201d <\/strong><\/a><br>Let\u00edcia Tostes Vieira Bolckau e Let\u00edcia Gon\u00e7alves de Mattos<br><br><a href=\"https:\/\/drive.google.com\/file\/d\/1W_4BluP1X5xsYI1MoPayhVxloKZ3BrBj\/view\" target=\"_blank\" rel=\"noreferrer noopener\"><strong>\u201cFORMA\u00c7\u00c3O CONTINUADA DE PROFESSORES (AS) REGENTES PARA A EDUCA\u00c7\u00c3O INCLUSIVA NA REGI\u00c3O DOS LAGOS &#8211; RJ: ALCANCES E LIMITES\u201d <\/strong><\/a><br>Ligiane Pereira de Medeiros<\/p>\n","protected":false},"excerpt":{"rendered":"<p>Os \u00edndices educacionais de um ente federado exp\u00f5em suas caracter\u00edsticas de forma transversal a v\u00e1rios campos das pol\u00edticas p\u00fablicas, estabelecendo <a class=\"read-more\" href=\"https:\/\/eventos.ufrrj.br\/sef\/politica-educacionais\/ \">&#8230; <i class=\"fa fa-long-arrow-right\"><\/i><\/a><\/p>\n","protected":false},"author":54,"featured_media":0,"parent":0,"menu_order":0,"comment_status":"closed","ping_status":"closed","template":"","meta":{"footnotes":""},"class_list":["post-397","page","type-page","status-publish","hentry"],"_links":{"self":[{"href":"https:\/\/eventos.ufrrj.br\/sef\/wp-json\/wp\/v2\/pages\/397","targetHints":{"allow":["GET"]}}],"collection":[{"href":"https:\/\/eventos.ufrrj.br\/sef\/wp-json\/wp\/v2\/pages"}],"about":[{"href":"https:\/\/eventos.ufrrj.br\/sef\/wp-json\/wp\/v2\/types\/page"}],"author":[{"embeddable":true,"href":"https:\/\/eventos.ufrrj.br\/sef\/wp-json\/wp\/v2\/users\/54"}],"replies":[{"embeddable":true,"href":"https:\/\/eventos.ufrrj.br\/sef\/wp-json\/wp\/v2\/comments?post=397"}],"version-history":[{"count":7,"href":"https:\/\/eventos.ufrrj.br\/sef\/wp-json\/wp\/v2\/pages\/397\/revisions"}],"predecessor-version":[{"id":802,"href":"https:\/\/eventos.ufrrj.br\/sef\/wp-json\/wp\/v2\/pages\/397\/revisions\/802"}],"wp:attachment":[{"href":"https:\/\/eventos.ufrrj.br\/sef\/wp-json\/wp\/v2\/media?parent=397"}],"curies":[{"name":"wp","href":"https:\/\/api.w.org\/{rel}","templated":true}]}}