{"id":8,"date":"2013-06-03T17:22:45","date_gmt":"2013-06-03T17:22:45","guid":{"rendered":"http:\/\/eventos.ufrrj.br\/jornadaic\/?page_id=8"},"modified":"2019-08-07T15:40:33","modified_gmt":"2019-08-07T18:40:33","slug":"contato","status":"publish","type":"page","link":"https:\/\/eventos.ufrrj.br\/raic\/contato\/","title":{"rendered":"Contato"},"content":{"rendered":"<p>Prezado(a) autor(a): a Coordena\u00e7\u00e3o Geral solicita que este meio de comunica\u00e7\u00e3o seja usado com parcim\u00f4nia e somente se estritamente necess\u00e1rio. Antes de utiliz\u00e1-lo, por favor verifique se sua d\u00favida est\u00e1 respondida no edital. Mensagens sobre erros na submiss\u00e3o n\u00e3o ser\u00e3o respondidas. Qualquer modifica\u00e7\u00e3o em resumo submetido somente ser\u00e1 poss\u00edvel ap\u00f3s delibera\u00e7\u00e3o da Coordena\u00e7\u00e3o Geral, o que ocorrer\u00e1 na fase de avalia\u00e7\u00e3o das submiss\u00f5es. O autor de toda submiss\u00e3o receber\u00e1 um parecer de avalia\u00e7\u00e3o por e-mail contendo, se for o caso, as instru\u00e7\u00f5es para retifica\u00e7\u00e3o do resumo submetido.<\/p>\n\n<div class=\"wpcf7 no-js\" id=\"wpcf7-f28-o1\" lang=\"\" dir=\"ltr\" data-wpcf7-id=\"28\">\n<div class=\"screen-reader-response\"><p role=\"status\" aria-live=\"polite\" aria-atomic=\"true\"><\/p> <ul><\/ul><\/div>\n<form action=\"\/raic\/wp-json\/wp\/v2\/pages\/8#wpcf7-f28-o1\" method=\"post\" class=\"wpcf7-form init\" aria-label=\"Formul\u00e1rios de contato\" novalidate=\"novalidate\" data-status=\"init\">\n<fieldset class=\"hidden-fields-container\"><input type=\"hidden\" name=\"_wpcf7\" value=\"28\" \/><input type=\"hidden\" name=\"_wpcf7_version\" value=\"6.1.5\" \/><input type=\"hidden\" name=\"_wpcf7_locale\" value=\"\" \/><input type=\"hidden\" name=\"_wpcf7_unit_tag\" value=\"wpcf7-f28-o1\" \/><input type=\"hidden\" name=\"_wpcf7_container_post\" value=\"0\" \/><input type=\"hidden\" name=\"_wpcf7_posted_data_hash\" value=\"\" \/><input type=\"hidden\" name=\"_wpcf7_recaptcha_response\" value=\"\" \/>\n<\/fieldset>\n<p>Seu nome (obrigat\u00f3rio)\n<\/p>\n<p><span class=\"wpcf7-form-control-wrap\" data-name=\"your-name\"><input size=\"40\" maxlength=\"400\" class=\"wpcf7-form-control wpcf7-text wpcf7-validates-as-required\" aria-required=\"true\" aria-invalid=\"false\" value=\"\" type=\"text\" name=\"your-name\" \/><\/span>\n<\/p>\n<p>Seu e-mail (obrigat\u00f3rio)\n<\/p>\n<p><span class=\"wpcf7-form-control-wrap\" data-name=\"your-email\"><input size=\"40\" maxlength=\"400\" class=\"wpcf7-form-control wpcf7-email wpcf7-validates-as-required wpcf7-text wpcf7-validates-as-email\" aria-required=\"true\" aria-invalid=\"false\" value=\"\" type=\"email\" name=\"your-email\" \/><\/span>\n<\/p>\n<p>Assunto\n<\/p>\n<p><span class=\"wpcf7-form-control-wrap\" data-name=\"your-subject\"><input size=\"40\" maxlength=\"400\" class=\"wpcf7-form-control wpcf7-text\" aria-invalid=\"false\" value=\"\" type=\"text\" name=\"your-subject\" \/><\/span>\n<\/p>\n<p>Sua mensagem\n<\/p>\n<p><span class=\"wpcf7-form-control-wrap\" data-name=\"your-message\"><textarea cols=\"40\" rows=\"10\" maxlength=\"2000\" class=\"wpcf7-form-control wpcf7-textarea\" aria-invalid=\"false\" name=\"your-message\"><\/textarea><\/span>\n<\/p>\n<p><input class=\"wpcf7-form-control wpcf7-submit has-spinner\" type=\"submit\" value=\"Enviar\" \/>\n<\/p><div class=\"wpcf7-response-output\" aria-hidden=\"true\"><\/div>\n<\/form>\n<\/div>\n\n","protected":false},"excerpt":{"rendered":"<p>Prezado(a) autor(a): a Coordena\u00e7\u00e3o Geral solicita que este meio de comunica\u00e7\u00e3o seja usado com parcim\u00f4nia e somente se estritamente necess\u00e1rio. <a class=\"read-more\" href=\"https:\/\/eventos.ufrrj.br\/raic\/contato\/ \">&#8230; leia mais<\/a><\/p>\n","protected":false},"author":25,"featured_media":0,"parent":0,"menu_order":0,"comment_status":"closed","ping_status":"closed","template":"","meta":{"_acf_changed":false,"ngg_post_thumbnail":0,"footnotes":""},"class_list":["post-8","page","type-page","status-publish","hentry"],"acf":[],"_links":{"self":[{"href":"https:\/\/eventos.ufrrj.br\/raic\/wp-json\/wp\/v2\/pages\/8","targetHints":{"allow":["GET"]}}],"collection":[{"href":"https:\/\/eventos.ufrrj.br\/raic\/wp-json\/wp\/v2\/pages"}],"about":[{"href":"https:\/\/eventos.ufrrj.br\/raic\/wp-json\/wp\/v2\/types\/page"}],"author":[{"embeddable":true,"href":"https:\/\/eventos.ufrrj.br\/raic\/wp-json\/wp\/v2\/users\/25"}],"replies":[{"embeddable":true,"href":"https:\/\/eventos.ufrrj.br\/raic\/wp-json\/wp\/v2\/comments?post=8"}],"version-history":[{"count":8,"href":"https:\/\/eventos.ufrrj.br\/raic\/wp-json\/wp\/v2\/pages\/8\/revisions"}],"predecessor-version":[{"id":2912,"href":"https:\/\/eventos.ufrrj.br\/raic\/wp-json\/wp\/v2\/pages\/8\/revisions\/2912"}],"wp:attachment":[{"href":"https:\/\/eventos.ufrrj.br\/raic\/wp-json\/wp\/v2\/media?parent=8"}],"curies":[{"name":"wp","href":"https:\/\/api.w.org\/{rel}","templated":true}]}}